{"id":4083,"date":"2017-05-17T08:04:30","date_gmt":"2017-05-17T06:04:30","guid":{"rendered":"http:\/\/www.lassebacklund.fi\/?page_id=4083"},"modified":"2025-10-26T18:26:56","modified_gmt":"2025-10-26T16:26:56","slug":"kvaana-kajs-hemmans-historia","status":"publish","type":"page","link":"https:\/\/www.lassebacklund.fi\/?page_id=4083","title":{"rendered":"Kv\u00e4\u00e4n\u00e5-Kajs hemmans historia"},"content":{"rendered":"<p><span style=\"color: #000080;\">Inga-Lill Sandstr\u00f6m fr\u00e5n Vasa, f\u00f6dd Lillkull i Dagsmark har gjort en grundlig utredning vad som h\u00e4nde med detta hemman:<\/span><\/p>\n<p><strong>Anna Kajsa Rosenback, som <\/strong>kallades Kajsa eller Kajs, \u00f6vertog Rosenback hemmanet Kvarn\u00e5 1\/16 dels mantal nr 3:4 tillsammans med sin man, <strong>Viktor Lillsj\u00f6<\/strong> f. Hannus efter sina f\u00f6r\u00e4ldrar Carl Gustaf och Anna Maja Rosenback. \u00d6vertagandet torde ha skett \u00e5r 1893 och det 3:dje uppbudet p\u00e5 hemmanet erh\u00f6ll de 23.4.1895.<\/p>\n<p>1899 for mannen Viktor till Amerika och dog i Proctor, USA samma \u00e5r den 8 december.<\/p>\n<p>Hemmanet Rosenback Kvarn\u00e5 3:4 fanns i Kvarn\u00e5 med \u00e4gorna utspridda p\u00e5 m\u00e5nga platser i Kvarn\u00e5 och ocks\u00e5 p\u00e5 andra st\u00e4llen i byn. G\u00e5rdstomten fanns p\u00e5 den plats d\u00e4r Ingvar Vesterbacks g\u00e5rd st\u00e5r i dag. Men vid storskiftet tillf\u00f6ll det omr\u00e5det grannen p\u00e5 nr 3:5, Josef Karl Fredriksson Rosenback eller Kvarnfors vars g\u00e5rdstomt stod alldeles n\u00e4ra p\u00e5 den plats d\u00e4r Helge Nyholms g\u00e5rd finns i dag.<\/p>\n<p>B\u00e5da grannarnas g\u00e5rdar brann ned vid en h\u00e4ftig <u>eldsv\u00e5da \u00e5r 1901.<\/u> Det ser ut som om Kajs efter eldsv\u00e5dan skulle ha uppf\u00f6rt en ny boningsbyggnad p\u00e5 ett omr\u00e5de i n\u00e4rheten som tillh\u00f6rde hennes hemman 3:4 och d\u00e4r hon senare vid storskiftet tilldelades mera mark. Den \u00e4r allts\u00e5 den g\u00e5rd d\u00e4r Emil Nybond senare bodde.<\/p>\n<p>Vid storskiftet uppger Kajsa Kvarn\u00e5, som hon d\u00e5 hette, att hon fr\u00e5n &#8221;gamla hemmanet&#8221; flyttar en bastu, ett magasin, tv\u00e5 lider och m\u00f6jligen en ria.<\/p>\n<h4><strong>Kv\u00e4\u00e4n\u00e5-Kajs s\u00e4ljer sitt hemman i tre delar<\/strong><\/h4>\n<p><strong>\u00c5r 1910<\/strong> s\u00e5lde Kv\u00e4\u00e4n\u00e5-Kajs en tredjedel av hemmanet eller 1\/48 dels mantal \u00e5t <strong>Henrik Lindroos. <\/strong>Hon hade ocks\u00e5 den 15 maj 1909 s\u00e5lt ett mindre jordomr\u00e5de \u00e5t Henrik Eriksson Lillsj\u00f6 som i jordeboken skall upptas som en parcell under namnet R\u00f6nnlund.<\/p>\n<p><strong>\u00c5r 1914<\/strong> s\u00e5lde hon lika mycket, allts\u00e5 1\/48 dels mantal \u00e5t <strong>Johan Viktor Lindblad<\/strong>.<\/p>\n<p><strong>\u00c5r 1915, den 30 april<\/strong> s\u00e5lde Kv\u00e4\u00e4n\u00e5-Kajs sista tredjedelen av hemmanet \u00e5t sin son <strong>Viktor Sigfrid. <\/strong>K\u00f6pesumman var 4.000 mark och Viktor Sigfrid finansierade k\u00f6pet med att l\u00e5na 3 700 mark av Josef Bj\u00e5rs fr\u00e5n Storfors. I denna ingick skulder 2.000 mark som han \u00f6vertog. Han skall betala \u00e5t syskonen Josef Henrik och Hulda Maria 562 mk 50 penni \u00e5t envar samt \u00e5t brodern Karl 312 mk 50 penni. Dessutom skall han utge sytning \u00e5t modern. I k\u00f6pet ingick jord, skog, \u00e5byggnader, h\u00e4gnader och \u00e4ngslador. Han skall ansvara f\u00f6r alla utskylder fr\u00e5n denna dag.<\/p>\n<p>Enligt <u>sytningskontraktet<\/u> som \u00e4r skrivet samma dag d\u00e5 <strong>Viktor Sigfrid<\/strong> \u00f6vertar hemmanet skall han \u00e5t modern Kv\u00e4\u00e4n\u00e5-Kajs uppf\u00f6ra och underh\u00e5lla en boningsstuga best\u00e5ende av stuga, kammare och f\u00f6rstuga, \u00e4vensom en spannm\u00e5lsboda och ett mindre f\u00e4hus och foderlada med port emellan samt uppl\u00e5ta, g\u00f6dsla och pl\u00f6ja potatisland och \u00e5kerteg n\u00e4rmast till hemmanets f\u00e4husbyggnad.<\/p>\n<p>F\u00f6rutom sytningsstugan skall Viktor Sigfrid ocks\u00e5 ge normal \u00e5rlig sytning, allt fr\u00e5n r\u00e5g och korn, till str\u00f6mmingar och pj\u00e4xor.<\/p>\n<p>Sonen <strong>Josef Henrik Viktorsson<\/strong> som tidigare farit till Amerika hade 26.2.1912 skickat fullmakt fr\u00e5n St.Louis i Minnesota f\u00f6r sin mor Anna Kajsa Gustafsdotter Rosenback att g\u00f6ra hur hon vill med hemmanet eller hans del.<\/p>\n<p>Hon hade ocks\u00e5 den 15 maj 1909 s\u00e5lt ett mindre jordomr\u00e5de \u00e5t <strong>Henrik Eriksson Lillsj\u00f6<\/strong> som i jordeboken skall upptas som en parcell under namnet R\u00f6nnlund.<\/p>\n<h4><strong>Erland och Hulda Fagerroos tar \u00f6ver Viktor Sigfrids tredjedel<\/strong><\/h4>\n<p>P\u00e5 h\u00f6sten 1916 for <strong>Viktor Sigfrid Rosenback<\/strong> till Amerika och han anl\u00e4nde till Amerika, Ellis Island den 27 november 1916 efter en strapatsfylld resa. Och dagarna f\u00f6re han for eller den 2 november s\u00e5lde han sitt hemman 1\/48 Kvarn\u00e5 del R:no 3:8 av Rosenback och <strong>k\u00f6pare denna g\u00e5ng \u00e4r Erland och Hulda Fagerroos<\/strong>, allts\u00e5 &#8221;Krook Erland&#8221;.<\/p>\n<h4><strong>Juho Viital\u00e4hde tar \u00f6ver<\/strong><\/h4>\n<p>Vad Erland och Hulda Fagerroos betalat f\u00f6r hemmanet framkommer inte i tingsprotokollen, eftersom de inte s\u00f6kte lagfart p\u00e5 hemmansk\u00f6pet utan redan efter 3 m\u00e5nader den 5.2.1917 s\u00e5lde det vidare \u00e5t bondesonen <strong>Juho Viital\u00e4hde <\/strong>fr\u00e5n Stor\u00e5 f\u00f6r 9.000 mark. Tilltr\u00e4det kunde ske genast s\u00e5som hemmanet d\u00e5 befann sig till jord, skog, hus och h\u00e4gnader. Anna Kajsa Gustafsdotter bibeh\u00f6lls vid sina sytningsf\u00f6rm\u00e5ner som kontrakt av 30.4.1915 n\u00e4rmare best\u00e4mmer.<\/p>\n<p>Juho Viital\u00e4hde erh\u00f6ll 1:a uppbudet p\u00e5 hemmanet vid h\u00f6sttinget 1917 \u00a7 23.<\/p>\n<h4><span style=\"color: #000000;\"><strong>Nybond Emel och Manda tar \u00f6ver boningsbyggnaden<\/strong><\/span><\/h4>\n<p>Efter ungef\u00e4r ett \u00e5r, eller den 29.7.1918 s\u00e5lde Juho Viital\u00e4hde ca 3 tunnland mark och boningsbyggnaden \u00e5t <strong>Emil Karlsson och Amanda Karlsdotter Nybond<\/strong> f\u00f6r 10.000 mark. Detta utbr\u00f6ts till en parcell med namnet Vesterlund R:nr 3:29 och arealen 1.84 hektar.<\/p>\n<h4><strong>Paasonen och Kuusinen fr\u00e5n Kristinestad tar \u00f6ver hemmanet<\/strong><\/h4>\n<p>Juho Viital\u00e4hde blev med 16,65 ha mark under namnet Kvarn\u00e5 3:30 om 0,0209 mantal men den 9 september samma \u00e5r, 1918 s\u00e5lde han hemmanet \u00e5t tryckeri\u00e4garen <strong>Kaarlo Paasonen<\/strong> och skogsvakten <strong>Juho<\/strong> <strong>Kuusinen <\/strong>f\u00f6r 20.000 mark + sytning \u00e5t Kv\u00e4\u00e4n\u00e5-Kajs. I k\u00f6pet ingick inte markomr\u00e5det om ca 3 tunnl. som hade s\u00e5lts tillsammans med bostadsbyggnaden.<\/p>\n<p>Fast\u00e4n boningshuset \u00e4r s\u00e5lt s\u00e5 ser det ut i mantalsl\u00e4ngden 1917-19 som att Kajs \u00e4nnu bor d\u00e4r och \u00e4ven hennes son <strong>Karl (Kv\u00e4\u00e4n\u00e5-Kalle)<\/strong> med hustru Signe \u00e4r skrivna d\u00e4r. Kanske det beror p\u00e5 att \u00e4nnu ingen uppf\u00f6rt det sytningshus \u00e5t henne som sytningskontraktet av 1915 best\u00e4mde. Men 18 maj 1919 flyttade Kv\u00e4\u00e4n\u00e5- Kajs till Kristinestad d\u00e4r hon hade k\u00f6pt en g\u00e5rd p\u00e5 Strandgatan.<\/p>\n<h4><strong>Stor\u00e5s fr\u00e5n B\u00f6tom tar \u00f6ver, sedan Nurmela fr\u00e5n Stor\u00e5<\/strong><\/h4>\n<p>Den 12 juni 1920 s\u00e5lde Paasonen och Kuusinen hemmanet Kvarn\u00e5 \u00e5t <strong>Juha Stor\u00e5s fr\u00e5n B\u00f6tom. <\/strong>\u00c4ven nu \u00e4r priset 20.000 mark + sytning \u00e5t Kajs. Och den parcell som tidigare s\u00e5lts ingick ej i k\u00f6pet.<\/p>\n<p>Juha Stor\u00e5s \u00e4r inte l\u00e4nge \u00e4gare till hemmanet f\u00f6r efter 11 dagar den <strong>23 juni 1920<\/strong> s\u00e4ljer han det \u00e5t Nikolai Nurmela fr\u00e5n Stor\u00e5 socken f\u00f6r samma pris och p\u00e5 samma villkor han k\u00f6pte det f\u00f6r. Ocks\u00e5 i hans k\u00f6pebrev finns antecknat att parcellen som Emil Nybond k\u00f6pt inte ing\u00e5r i aff\u00e4ren.<\/p>\n<h4><strong>Nybond Emel och Dragholms Hindrik tar \u00f6ver hemmanet<\/strong><\/h4>\n<p>Ett \u00e5r senare, den 9 juni 1921 s\u00e5lde Nikolai Nurmela hemmanet Kvarn\u00e5 1\/48, h\u00e4lften vardera \u00e5t <strong>Emil Nybond<\/strong> och <strong>Henrik Norrgrann<\/strong> (Dragholms-Hindrik). I k\u00f6pet ing\u00e5r jord, skog, h\u00e4ngnader och \u00e4ngslador + \u00bd riebyggnad. K\u00f6pesumman \u00e4r 19.000 mark + sytning \u00e5t Kajs. Vid vintertinget 1922 under \u00a73 erh\u00f6ll de 1 uppbud p\u00e5 hemmansk\u00f6pet.<\/p>\n<p>I mantalsl\u00e4ngderna fr\u00e5n 1920 \u00e4r nog <strong>Nybond Emel och Manda och sonen Thure<\/strong> antecknade som boende p\u00e5 Vesterlund parcell av Kvarn\u00e5 hemman.<\/p>\n<p><strong>\u00c5r 1921, den 13 augusti<\/strong> uppgjordes en s\u00e5dan \u00f6verenskommelse mellan <strong>Anna Kajsa Rosenback<\/strong> och nuvarande \u00e4garna av hemmanet, <strong>Emil Nybond<\/strong> och <strong>Henrik Vesterlund<\/strong> eller Norrgrann att Anna Kajsa avst\u00e5r fr\u00e5n de i sytningskontraktet tillf\u00f6rordnade husen emot att hemmans\u00e4garna till henne i hennes \u00e5terst\u00e5ende livstid betalar en <strong>\u00e5rlig hyra<\/strong> om 300 mark. Hyran skall i f\u00f6rskott betalas till henne den 1 april och 1 oktober. Den <strong>\u00f6vriga sytningen<\/strong> skall \u00e5rligen erl\u00e4ggas i hennes bostad inom Dagsmark by. Detta behandlades vid vintertinget 1922 som intecknings\u00e4rende \u00a7 15.<\/p>\n<p>Troligen hade Kv\u00e4\u00e4n\u00e5-Kajs d\u00e5 en bostad i Dagsmark, kanske hos dottern Hulda Granlund (Pala-Hulda).<\/p>\n","protected":false},"excerpt":{"rendered":"<p>Inga-Lill Sandstr\u00f6m fr\u00e5n Vasa, f\u00f6dd Lillkull i Dagsmark har gjort en grundlig utredning vad som h\u00e4nde med detta hemman: Anna Kajsa Rosenback, som kallades Kajsa eller Kajs, \u00f6vertog Rosenback hemmanet Kvarn\u00e5 1\/16 dels mantal nr 3:4 tillsammans med sin man, <a class=\"more-link\" href=\"https:\/\/www.lassebacklund.fi\/?page_id=4083\">Forts\u00e4tt l\u00e4sa <span class=\"screen-reader-text\">  Kv\u00e4\u00e4n\u00e5-Kajs hemmans historia<\/span><span class=\"meta-nav\">&rarr;<\/span><\/a><\/p>\n","protected":false},"author":1,"featured_media":0,"parent":4081,"menu_order":0,"comment_status":"closed","ping_status":"closed","template":"","meta":{"footnotes":""},"class_list":["post-4083","page","type-page","status-publish","hentry"],"_links":{"self":[{"href":"https:\/\/www.lassebacklund.fi\/index.php?rest_route=\/wp\/v2\/pages\/4083","targetHints":{"allow":["GET"]}}],"collection":[{"href":"https:\/\/www.lassebacklund.fi\/index.php?rest_route=\/wp\/v2\/pages"}],"about":[{"href":"https:\/\/www.lassebacklund.fi\/index.php?rest_route=\/wp\/v2\/types\/page"}],"author":[{"embeddable":true,"href":"https:\/\/www.lassebacklund.fi\/index.php?rest_route=\/wp\/v2\/users\/1"}],"replies":[{"embeddable":true,"href":"https:\/\/www.lassebacklund.fi\/index.php?rest_route=%2Fwp%2Fv2%2Fcomments&post=4083"}],"version-history":[{"count":7,"href":"https:\/\/www.lassebacklund.fi\/index.php?rest_route=\/wp\/v2\/pages\/4083\/revisions"}],"predecessor-version":[{"id":24967,"href":"https:\/\/www.lassebacklund.fi\/index.php?rest_route=\/wp\/v2\/pages\/4083\/revisions\/24967"}],"up":[{"embeddable":true,"href":"https:\/\/www.lassebacklund.fi\/index.php?rest_route=\/wp\/v2\/pages\/4081"}],"wp:attachment":[{"href":"https:\/\/www.lassebacklund.fi\/index.php?rest_route=%2Fwp%2Fv2%2Fmedia&parent=4083"}],"curies":[{"name":"wp","href":"https:\/\/api.w.org\/{rel}","templated":true}]}}