{"id":3983,"date":"2017-05-09T21:46:46","date_gmt":"2017-05-09T19:46:46","guid":{"rendered":"http:\/\/www.lassebacklund.fi\/?page_id=3983"},"modified":"2017-05-09T21:46:46","modified_gmt":"2017-05-09T19:46:46","slug":"alla-med","status":"publish","type":"page","link":"https:\/\/www.lassebacklund.fi\/?page_id=3983","title":{"rendered":"Alla med!"},"content":{"rendered":"<p><span style=\"color: #000080;\">I tidningen Syd-\u00d6sterbotten fanns den 6 mars ett upprop av en skribent, som kallade sig \u201dMedborgare\u201d. S\u00e5 h\u00e4r skrev denne person:<\/span><\/p>\n<p>Under dessa dagar f\u00f6rsigg\u00e5ngna v\u00e4rnpliktsuppb\u00e5d hava flera tusen m\u00e4n inskrivits i rullorna f\u00f6r att deltaga i landets frihetskamp. Vid dessa uppb\u00e5d har sj\u00e4lvfallet en och annan av laga sk\u00e4l frikallats fr\u00e5n fullg\u00f6rande av sin v\u00e4rnplikt i ledet, bland landets f\u00f6rsvarare kan dessa kroppsligen underm\u00e5liga, av familjef\u00f6rh\u00e5llanden eller av \u00e5lder frikallade hava ingen r\u00e4tt att d\u00e4rigenom anse sig frikallade fr\u00e5n aktivt arbete f\u00f6r landets f\u00f6rsvar. Frihetskampen fordrar icke blott manskap. D\u00e4rtill beh\u00f6vs \u00e4ven ofantliga penningsummor, varav landet f\u00f6r n\u00e4rvarande ingalunda har \u00f6verfl\u00f6d. Bland dem, som av laga sk\u00e4l befriats fr\u00e5n fullg\u00f6rande av v\u00e4rnplikt, finnas m\u00e5nga i ekonomiskt avseende v\u00e4l lottade personer.<\/p>\n<p>Av dessa, vilka icke beh\u00f6va v\u00e5ga liv och blod f\u00f6r v\u00e5rt land, har samh\u00e5llet r\u00e4tt att fordra att de i st\u00e4llet deltogo i f\u00f6rsvaret med avsev\u00e4rda penningebidrag. D\u00e4r tillg\u00e5ngarna s\u00e5dant medgiva, b\u00f6r envar k\u00e4nna sig manad att f\u00f6r fosterlandet offra en g\u00e5va, som r\u00e4knas i flera hundra, ja tusentals mark. Detta \u00e4r i alla fall en ringa g\u00e4rd mot skyldigheten att st\u00e4llet f\u00f6r att st\u00e4lla sig i ledet bland dem, som i handling skola f\u00f6rsvara landets lagliga regering och frig\u00f6ra oss fr\u00e5n huliganernas skr\u00e4ckv\u00e4lde. Men vad du g\u00f6r, g\u00f6r snart. Spara icke till morgondagen vad i dag b\u00f6r g\u00f6ras. G\u00e5 genast till n\u00e4rmaste stab eller intendentur med din offerg\u00e4rd p\u00e5 fosterlandets altare. Eljest \u00e4r du en ov\u00e4rdig son av v\u00e5rt fosterland.<\/p>\n","protected":false},"excerpt":{"rendered":"<p>I tidningen Syd-\u00d6sterbotten fanns den 6 mars ett upprop av en skribent, som kallade sig \u201dMedborgare\u201d. S\u00e5 h\u00e4r skrev denne person: Under dessa dagar f\u00f6rsigg\u00e5ngna v\u00e4rnpliktsuppb\u00e5d hava flera tusen m\u00e4n inskrivits i rullorna f\u00f6r att deltaga i landets frihetskamp. Vid <a class=\"more-link\" href=\"https:\/\/www.lassebacklund.fi\/?page_id=3983\">Forts\u00e4tt l\u00e4sa <span class=\"screen-reader-text\">  Alla med!<\/span><span class=\"meta-nav\">&rarr;<\/span><\/a><\/p>\n","protected":false},"author":1,"featured_media":0,"parent":3747,"menu_order":0,"comment_status":"closed","ping_status":"closed","template":"","meta":{"footnotes":""},"class_list":["post-3983","page","type-page","status-publish","hentry"],"_links":{"self":[{"href":"https:\/\/www.lassebacklund.fi\/index.php?rest_route=\/wp\/v2\/pages\/3983","targetHints":{"allow":["GET"]}}],"collection":[{"href":"https:\/\/www.lassebacklund.fi\/index.php?rest_route=\/wp\/v2\/pages"}],"about":[{"href":"https:\/\/www.lassebacklund.fi\/index.php?rest_route=\/wp\/v2\/types\/page"}],"author":[{"embeddable":true,"href":"https:\/\/www.lassebacklund.fi\/index.php?rest_route=\/wp\/v2\/users\/1"}],"replies":[{"embeddable":true,"href":"https:\/\/www.lassebacklund.fi\/index.php?rest_route=%2Fwp%2Fv2%2Fcomments&post=3983"}],"version-history":[{"count":1,"href":"https:\/\/www.lassebacklund.fi\/index.php?rest_route=\/wp\/v2\/pages\/3983\/revisions"}],"predecessor-version":[{"id":3984,"href":"https:\/\/www.lassebacklund.fi\/index.php?rest_route=\/wp\/v2\/pages\/3983\/revisions\/3984"}],"up":[{"embeddable":true,"href":"https:\/\/www.lassebacklund.fi\/index.php?rest_route=\/wp\/v2\/pages\/3747"}],"wp:attachment":[{"href":"https:\/\/www.lassebacklund.fi\/index.php?rest_route=%2Fwp%2Fv2%2Fmedia&parent=3983"}],"curies":[{"name":"wp","href":"https:\/\/api.w.org\/{rel}","templated":true}]}}