{"id":3918,"date":"2017-05-03T18:33:38","date_gmt":"2017-05-03T16:33:38","guid":{"rendered":"http:\/\/www.lassebacklund.fi\/?page_id=3918"},"modified":"2020-09-09T22:16:09","modified_gmt":"2020-09-09T19:16:09","slug":"westerbacks-gard-pa-lillsjovagen-109","status":"publish","type":"page","link":"https:\/\/www.lassebacklund.fi\/?page_id=3918","title":{"rendered":"Westerbacks g\u00e5rd p\u00e5 Lillsj\u00f6v\u00e4gen 109."},"content":{"rendered":"<p><span style=\"color: #000080;\">Sammanst\u00e4llt av Lasse Backlund 2014. Uppdaterades i maj 2017.<\/span><strong>\u00a0<\/strong><\/p>\n<figure id=\"attachment_3909\" aria-describedby=\"caption-attachment-3909\" style=\"width: 666px\" class=\"wp-caption aligncenter\"><img loading=\"lazy\" decoding=\"async\" class=\"size-full wp-image-3909\" src=\"http:\/\/www.lassebacklund.fi\/wp-content\/uploads\/2017\/05\/1-1.jpg\" alt=\"Westerbacks g\u00e5rd fotograferad h\u00f6sten 2003. \" width=\"666\" height=\"403\" srcset=\"https:\/\/www.lassebacklund.fi\/wp-content\/uploads\/2017\/05\/1-1.jpg 666w, https:\/\/www.lassebacklund.fi\/wp-content\/uploads\/2017\/05\/1-1-300x182.jpg 300w\" sizes=\"auto, (max-width: 666px) 100vw, 666px\" \/><figcaption id=\"caption-attachment-3909\" class=\"wp-caption-text\">Westerbacks g\u00e5rd fotograferad h\u00f6sten 2003.<\/figcaption><\/figure>\n<p>Det h\u00e4r huset byggdes \u00e5r 1935 av Emil Hammarberg (1910-1988) och hans hustru Hulda (f. Nyholm \u00e5r 1902, d. 1963). De fick lagfart p\u00e5 detta hemman som var en del av Kvarnfors hemman \u00e5r 1938. Emil var son till \u201dEmmaas-Josip\u201d, allts\u00e5\u00a0Josef Gustavsson Hammarberg (1873-1950) och Emma Sofia (f. Nyholm \u00e5r 1870). Josef och Emma Hammarberg var b\u00f6nder p\u00e5 Knus hemman i Norrviken. Josef var bror till Erland Hammarberg och de \u00e4r uppv\u00e4xta\u00a0i Storliden p\u00e5 gr\u00e4nsen till B\u00f6tom, men flyttade sedan till Norrviken.<\/p>\n<p>\u00c5r 1931 gifte sig Emil, som kallades \u201dEmmaas-Emel\u201d med Hulda Nyholm som var f\u00f6dd p\u00e5 J\u00e5hanas i Norrviken. Hulda hade flyttat med f\u00f6r\u00e4ldrarna Johan Viktor och Maria till Kvarn\u00e5 i b\u00f6rjan p\u00e5 1920-talet och de tog g\u00e5rden med sig. Hulda var dotter till \u201dNorrvik-Viktor\u201d, allts\u00e5 Viktor Nyholm och Maria som var dotter till \u201dTr\u00e4sk-Kalle\u201d Rosenqvist. Hulda var syster \u00e5t Emil, Leander, Hemming och Evert Nyholm.<\/p>\n<p>Vill du l\u00e4sa mera om Huldas bror Emil, s\u00e5 klicka <a href=\"http:\/\/www.lassebacklund.fi\/?page_id=3864\"><span style=\"color: #000080; text-decoration: underline;\"><strong>H\u00c4R!<\/strong><\/span><\/a>\u00a0Vill du l\u00e4sa mera om Leanders g\u00e5rd, s\u00e5 klicka <a href=\"http:\/\/www.lassebacklund.fi\/?page_id=3898\"><span style=\"text-decoration: underline;\"><span style=\"color: #000080;\"><strong>H\u00c4R!<\/strong><\/span><\/span><\/a><\/p>\n<p>\u00c5r 1945 flyttade Emil och Hulda med sina tre s\u00f6ner till Korsb\u00e4ck, d\u00e4r de hade k\u00f6pt Holmbergs stora bondg\u00e5rd.I februari 1948 s\u00e5lde de tomten p\u00e5 0,87 ha som fick namnet G\u00e4ddfors och alla byggnader i Kvarn\u00e5 \u00e5t \u201dJockaas-Kaal\u201d, allts\u00e5 Karl Henrik Westerback (1897-1976) och hans hustru Hilma (f. Rosenqvist1894-1969). Hilma Westerback och Maria Nyholm var systrar. Sedan juni 1946 hade Karl Henrik och Hilma arrenderat denna g\u00e5rd p\u00e5 en tid av 50 \u00e5r men redan 1948 k\u00f6pte de allts\u00e5 st\u00e4llet.<\/p>\n<figure id=\"attachment_3916\" aria-describedby=\"caption-attachment-3916\" style=\"width: 491px\" class=\"wp-caption aligncenter\"><img loading=\"lazy\" decoding=\"async\" class=\"wp-image-3916\" src=\"http:\/\/www.lassebacklund.fi\/wp-content\/uploads\/2017\/05\/Karl-Henrik-och-Hilma-Westerback.jpg\" alt=\"Karl Henrik och Hilma Westerback\" width=\"491\" height=\"668\" srcset=\"https:\/\/www.lassebacklund.fi\/wp-content\/uploads\/2017\/05\/Karl-Henrik-och-Hilma-Westerback.jpg 943w, https:\/\/www.lassebacklund.fi\/wp-content\/uploads\/2017\/05\/Karl-Henrik-och-Hilma-Westerback-220x300.jpg 220w, https:\/\/www.lassebacklund.fi\/wp-content\/uploads\/2017\/05\/Karl-Henrik-och-Hilma-Westerback-768x1045.jpg 768w, https:\/\/www.lassebacklund.fi\/wp-content\/uploads\/2017\/05\/Karl-Henrik-och-Hilma-Westerback-753x1024.jpg 753w\" sizes=\"auto, (max-width: 491px) 100vw, 491px\" \/><figcaption id=\"caption-attachment-3916\" class=\"wp-caption-text\">\u00c5r 1920 gifte sig Karl Henrik Westerback med Hilma Rosenqvist.<\/figcaption><\/figure>\n<p>Karl Henrik och Hilma flyttade dock inte dit genast utan de bodde kvar i\u00a0sin gamla bondg\u00e5rd, som stod p\u00e5 samma st\u00e4lle d\u00e4r Ingvar Westerbacks hus st\u00e5r idag. Under och efter kriget bodde h\u00e4r evakuerade karelare, bland annat Juho och Ida Malinen med familj bodde h\u00e4r i slutet p\u00e5 1940-talet.<\/p>\n<figure id=\"attachment_10151\" aria-describedby=\"caption-attachment-10151\" style=\"width: 1230px\" class=\"wp-caption aligncenter\"><img loading=\"lazy\" decoding=\"async\" class=\"size-full wp-image-10151\" src=\"http:\/\/www.lassebacklund.fi\/wp-content\/uploads\/2018\/10\/Westerbackas-lillstuga-flygfoto.jpg\" alt=\"\" width=\"1230\" height=\"883\" srcset=\"https:\/\/www.lassebacklund.fi\/wp-content\/uploads\/2018\/10\/Westerbackas-lillstuga-flygfoto.jpg 1230w, https:\/\/www.lassebacklund.fi\/wp-content\/uploads\/2018\/10\/Westerbackas-lillstuga-flygfoto-300x215.jpg 300w, https:\/\/www.lassebacklund.fi\/wp-content\/uploads\/2018\/10\/Westerbackas-lillstuga-flygfoto-768x551.jpg 768w, https:\/\/www.lassebacklund.fi\/wp-content\/uploads\/2018\/10\/Westerbackas-lillstuga-flygfoto-1024x735.jpg 1024w\" sizes=\"auto, (max-width: 1230px) 100vw, 1230px\" \/><figcaption id=\"caption-attachment-10151\" class=\"wp-caption-text\">Westerback Karl Henriks lillstuga. Det var i den h\u00e4r g\u00e5rden de bodde under \u00e5ren 1949 &#8211; 1951, d\u00e5 de rev ner den gamla bondg\u00e5rden och byggde upp den nya som fortfarande st\u00e5r kvar d\u00e4r Westerbackas.<\/figcaption><\/figure>\n<figure id=\"attachment_3910\" aria-describedby=\"caption-attachment-3910\" style=\"width: 722px\" class=\"wp-caption aligncenter\"><img loading=\"lazy\" decoding=\"async\" class=\"size-full wp-image-3910\" src=\"http:\/\/www.lassebacklund.fi\/wp-content\/uploads\/2017\/05\/2-1.jpg\" alt=\"Westerback Karl Henriks hus fotograferat fr\u00e5n v\u00e4gen \u00e5r 2013.\" width=\"722\" height=\"373\" srcset=\"https:\/\/www.lassebacklund.fi\/wp-content\/uploads\/2017\/05\/2-1.jpg 722w, https:\/\/www.lassebacklund.fi\/wp-content\/uploads\/2017\/05\/2-1-300x155.jpg 300w\" sizes=\"auto, (max-width: 722px) 100vw, 722px\" \/><figcaption id=\"caption-attachment-3910\" class=\"wp-caption-text\">Westerback Karl Henriks hus fotograferat fr\u00e5n Lillsj\u00f6v\u00e4gen \u00e5r 2013.<\/figcaption><\/figure>\n<p>I det h\u00e4r huset har allts\u00e5 flera personer bott, senast bonden Karl Henrik Westerback (f. Knus i Korsb\u00e4ck 1897, d. 1976) och hans hustru Hilma Emilia (f. Rosenqvist 1894 i Korsb\u00e4ck, d. 1969). Paret hade 4 s\u00f6ner men endast Ingvar n\u00e5dde vuxen \u00e5lder.<\/p>\n<figure id=\"attachment_3912\" aria-describedby=\"caption-attachment-3912\" style=\"width: 1080px\" class=\"wp-caption aligncenter\"><img loading=\"lazy\" decoding=\"async\" class=\"size-full wp-image-3912\" src=\"http:\/\/www.lassebacklund.fi\/wp-content\/uploads\/2017\/05\/4-1.jpg\" alt=\"Karl Henrik Westerbacks hus h\u00f6sten 2013. Till v\u00e4nster skymtar Emil Nyholm g\u00e5rd.\" width=\"1080\" height=\"569\" srcset=\"https:\/\/www.lassebacklund.fi\/wp-content\/uploads\/2017\/05\/4-1.jpg 1080w, https:\/\/www.lassebacklund.fi\/wp-content\/uploads\/2017\/05\/4-1-300x158.jpg 300w, https:\/\/www.lassebacklund.fi\/wp-content\/uploads\/2017\/05\/4-1-768x405.jpg 768w, https:\/\/www.lassebacklund.fi\/wp-content\/uploads\/2017\/05\/4-1-1024x539.jpg 1024w\" sizes=\"auto, (max-width: 1080px) 100vw, 1080px\" \/><figcaption id=\"caption-attachment-3912\" class=\"wp-caption-text\">Karl Henrik Westerbacks hus h\u00f6sten 2013. Till v\u00e4nster skymtar Emil Nyholm g\u00e5rd.<\/figcaption><\/figure>\n<figure id=\"attachment_3915\" aria-describedby=\"caption-attachment-3915\" style=\"width: 537px\" class=\"wp-caption aligncenter\"><img loading=\"lazy\" decoding=\"async\" class=\" wp-image-3915\" src=\"http:\/\/www.lassebacklund.fi\/wp-content\/uploads\/2017\/05\/Karl-Henrik-och-Hilma-Westerback-p\u00e5-trappan.jpg\" alt=\"Hilma och Karl Henrik.\" width=\"537\" height=\"781\" srcset=\"https:\/\/www.lassebacklund.fi\/wp-content\/uploads\/2017\/05\/Karl-Henrik-och-Hilma-Westerback-p\u00e5-trappan.jpg 914w, https:\/\/www.lassebacklund.fi\/wp-content\/uploads\/2017\/05\/Karl-Henrik-och-Hilma-Westerback-p\u00e5-trappan-206x300.jpg 206w, https:\/\/www.lassebacklund.fi\/wp-content\/uploads\/2017\/05\/Karl-Henrik-och-Hilma-Westerback-p\u00e5-trappan-768x1116.jpg 768w, https:\/\/www.lassebacklund.fi\/wp-content\/uploads\/2017\/05\/Karl-Henrik-och-Hilma-Westerback-p\u00e5-trappan-705x1024.jpg 705w\" sizes=\"auto, (max-width: 537px) 100vw, 537px\" \/><figcaption id=\"caption-attachment-3915\" class=\"wp-caption-text\">Hilma och Karl Henrik.<\/figcaption><\/figure>\n<p>N\u00e4r Ingvar Westerback gifte sig med Evy \u00e5r 1959 flyttade Karl Henrik och Hilma till detta hus och de bodde h\u00e4r s\u00e5 l\u00e4nge de levde. Huset \u00e4r i dag obebott.<\/p>\n<figure id=\"attachment_3911\" aria-describedby=\"caption-attachment-3911\" style=\"width: 760px\" class=\"wp-caption alignnone\"><img loading=\"lazy\" decoding=\"async\" class=\"size-full wp-image-3911\" src=\"http:\/\/www.lassebacklund.fi\/wp-content\/uploads\/2017\/05\/3-1.jpg\" alt=\"P\u00e5 bilden Karl Henriks r\u00f6kbastu d\u00e4r han brukade r\u00f6ka k\u00f6tt. Lill\u00e5n rinner precis bakom k\u00f6ttr\u00f6keriet och p\u00e5 andra sidan syns Malarudden.\" width=\"760\" height=\"570\" srcset=\"https:\/\/www.lassebacklund.fi\/wp-content\/uploads\/2017\/05\/3-1.jpg 760w, https:\/\/www.lassebacklund.fi\/wp-content\/uploads\/2017\/05\/3-1-300x225.jpg 300w\" sizes=\"auto, (max-width: 760px) 100vw, 760px\" \/><figcaption id=\"caption-attachment-3911\" class=\"wp-caption-text\">P\u00e5 bilden Karl Henriks r\u00f6kbastu d\u00e4r han brukade r\u00f6ka k\u00f6tt. Lill\u00e5n rinner precis bakom k\u00f6ttr\u00f6keriet och p\u00e5 andra sidan syns Malarudden.<\/figcaption><\/figure>\n<figure id=\"attachment_3914\" aria-describedby=\"caption-attachment-3914\" style=\"width: 486px\" class=\"wp-caption aligncenter\"><img loading=\"lazy\" decoding=\"async\" class=\" wp-image-3914\" src=\"http:\/\/www.lassebacklund.fi\/wp-content\/uploads\/2017\/05\/Hilma-och-Karl-Henrik-Westerback.jpg\" alt=\"Hilma och Karl Henrik Westerback p\u00e5 trappan.\" width=\"486\" height=\"324\" srcset=\"https:\/\/www.lassebacklund.fi\/wp-content\/uploads\/2017\/05\/Hilma-och-Karl-Henrik-Westerback.jpg 1304w, https:\/\/www.lassebacklund.fi\/wp-content\/uploads\/2017\/05\/Hilma-och-Karl-Henrik-Westerback-300x200.jpg 300w, https:\/\/www.lassebacklund.fi\/wp-content\/uploads\/2017\/05\/Hilma-och-Karl-Henrik-Westerback-768x512.jpg 768w, https:\/\/www.lassebacklund.fi\/wp-content\/uploads\/2017\/05\/Hilma-och-Karl-Henrik-Westerback-1024x683.jpg 1024w\" sizes=\"auto, (max-width: 486px) 100vw, 486px\" \/><figcaption id=\"caption-attachment-3914\" class=\"wp-caption-text\">Hilma och Karl Henrik Westerback p\u00e5 trappan.<\/figcaption><\/figure>\n<figure id=\"attachment_3913\" aria-describedby=\"caption-attachment-3913\" style=\"width: 318px\" class=\"wp-caption aligncenter\"><img loading=\"lazy\" decoding=\"async\" class=\" wp-image-3913\" src=\"http:\/\/www.lassebacklund.fi\/wp-content\/uploads\/2017\/05\/Hammarberg-Emil-i-milit\u00e4ren.jpg\" alt=\"Emil Hammarberg i milit\u00e4ren.\" width=\"318\" height=\"504\" srcset=\"https:\/\/www.lassebacklund.fi\/wp-content\/uploads\/2017\/05\/Hammarberg-Emil-i-milit\u00e4ren.jpg 627w, https:\/\/www.lassebacklund.fi\/wp-content\/uploads\/2017\/05\/Hammarberg-Emil-i-milit\u00e4ren-189x300.jpg 189w\" sizes=\"auto, (max-width: 318px) 100vw, 318px\" \/><figcaption id=\"caption-attachment-3913\" class=\"wp-caption-text\">Emil Hammarberg i milit\u00e4ren.<\/figcaption><\/figure>\n<figure id=\"attachment_3917\" aria-describedby=\"caption-attachment-3917\" style=\"width: 384px\" class=\"wp-caption aligncenter\"><img loading=\"lazy\" decoding=\"async\" class=\"wp-image-3917\" src=\"http:\/\/www.lassebacklund.fi\/wp-content\/uploads\/2017\/05\/Karl-Henrik-Westerback-Jukkaas-Kaal.jpg\" alt=\"Karl Henrik Westerback, Jukkaas-Kaal\" width=\"384\" height=\"570\" srcset=\"https:\/\/www.lassebacklund.fi\/wp-content\/uploads\/2017\/05\/Karl-Henrik-Westerback-Jukkaas-Kaal.jpg 586w, https:\/\/www.lassebacklund.fi\/wp-content\/uploads\/2017\/05\/Karl-Henrik-Westerback-Jukkaas-Kaal-202x300.jpg 202w\" sizes=\"auto, (max-width: 384px) 100vw, 384px\" \/><figcaption id=\"caption-attachment-3917\" class=\"wp-caption-text\">H\u00e4r den unga Karl Henrik Knus, som sedan bytte namn till Westerback.\u00a0\u00c5tminstone i sina gamla hemtrakter kallades han &#8221;Jockaas-Kaal&#8221;.<\/figcaption><\/figure>\n<p>&nbsp;<\/p>\n","protected":false},"excerpt":{"rendered":"<p>Sammanst\u00e4llt av Lasse Backlund 2014. Uppdaterades i maj 2017.\u00a0 Det h\u00e4r huset byggdes \u00e5r 1935 av Emil Hammarberg (1910-1988) och hans hustru Hulda (f. Nyholm \u00e5r 1902, d. 1963). De fick lagfart p\u00e5 detta hemman som var en del av <a class=\"more-link\" href=\"https:\/\/www.lassebacklund.fi\/?page_id=3918\">Forts\u00e4tt l\u00e4sa <span class=\"screen-reader-text\">  Westerbacks g\u00e5rd p\u00e5 Lillsj\u00f6v\u00e4gen 109.<\/span><span class=\"meta-nav\">&rarr;<\/span><\/a><\/p>\n","protected":false},"author":1,"featured_media":0,"parent":78,"menu_order":109,"comment_status":"closed","ping_status":"closed","template":"","meta":{"footnotes":""},"class_list":["post-3918","page","type-page","status-publish","hentry"],"_links":{"self":[{"href":"https:\/\/www.lassebacklund.fi\/index.php?rest_route=\/wp\/v2\/pages\/3918","targetHints":{"allow":["GET"]}}],"collection":[{"href":"https:\/\/www.lassebacklund.fi\/index.php?rest_route=\/wp\/v2\/pages"}],"about":[{"href":"https:\/\/www.lassebacklund.fi\/index.php?rest_route=\/wp\/v2\/types\/page"}],"author":[{"embeddable":true,"href":"https:\/\/www.lassebacklund.fi\/index.php?rest_route=\/wp\/v2\/users\/1"}],"replies":[{"embeddable":true,"href":"https:\/\/www.lassebacklund.fi\/index.php?rest_route=%2Fwp%2Fv2%2Fcomments&post=3918"}],"version-history":[{"count":10,"href":"https:\/\/www.lassebacklund.fi\/index.php?rest_route=\/wp\/v2\/pages\/3918\/revisions"}],"predecessor-version":[{"id":17628,"href":"https:\/\/www.lassebacklund.fi\/index.php?rest_route=\/wp\/v2\/pages\/3918\/revisions\/17628"}],"up":[{"embeddable":true,"href":"https:\/\/www.lassebacklund.fi\/index.php?rest_route=\/wp\/v2\/pages\/78"}],"wp:attachment":[{"href":"https:\/\/www.lassebacklund.fi\/index.php?rest_route=%2Fwp%2Fv2%2Fmedia&parent=3918"}],"curies":[{"name":"wp","href":"https:\/\/api.w.org\/{rel}","templated":true}]}}