{"id":39,"date":"2016-07-12T22:27:16","date_gmt":"2016-07-12T20:27:16","guid":{"rendered":"http:\/\/www.lassebacklund.fi\/wp\/?page_id=39"},"modified":"2026-04-14T20:40:33","modified_gmt":"2026-04-14T17:40:33","slug":"valkommen2","status":"publish","type":"page","link":"https:\/\/www.lassebacklund.fi\/","title":{"rendered":"V\u00e4lkommen"},"content":{"rendered":"<p class=\"wp-heading-1-p\"><span class=\"standard-c\"><span style=\"font-family: 'Helvetica','sans-serif';\">Vad roligt att du hittade sidan med information fr\u00e5n Dagsmark. H\u00e4r kan du bl\u00e4ddra bland gamla foton, tidningsurklipp, historiska dokument och kartor.\u00a0<\/span><\/span><\/p>\n<p class=\"wp-standard-p\"><span class=\"standard-c\"><span style=\"font-family: 'Helvetica','sans-serif';\">V\u00e4lj ett passligt \u00e4mne i menyn h\u00e4r ovan, s\u00e5 hittar du s\u00e4kert n\u00e5gonting som intresserar dig.<\/span><\/span><\/p>\n<p class=\"wp-standard-p\"><span style=\"font-family: 'Helvetica','sans-serif';\">Hemsidan om Dagsmark f\u00f6rb\u00e4ttras och uppdateras regelbundet och om du vill se de senaste uppdateringarna, s\u00e5\u00a0 skall du klicka <a href=\"http:\/\/www.lassebacklund.fi\/?page_id=802\"><strong><span style=\"font-family: 'Helvetica','sans-serif'; color: blue;\">h\u00e4r.<\/span><\/strong><\/a><\/span><\/p>\n<p class=\"wp-standard-p\"><span class=\"standard-c\"><span style=\"font-family: 'Helvetica','sans-serif';\">Mycket n\u00f6je.<\/span><\/span><\/p>\n<figure id=\"attachment_25792\" aria-describedby=\"caption-attachment-25792\" style=\"width: 1386px\" class=\"wp-caption alignnone\"><img loading=\"lazy\" decoding=\"async\" class=\"size-full wp-image-25792\" src=\"https:\/\/www.lassebacklund.fi\/wp-content\/uploads\/2026\/04\/Bild1.jpg\" alt=\"\" width=\"1386\" height=\"1025\" srcset=\"https:\/\/www.lassebacklund.fi\/wp-content\/uploads\/2026\/04\/Bild1.jpg 1386w, https:\/\/www.lassebacklund.fi\/wp-content\/uploads\/2026\/04\/Bild1-300x222.jpg 300w, https:\/\/www.lassebacklund.fi\/wp-content\/uploads\/2026\/04\/Bild1-1024x757.jpg 1024w, https:\/\/www.lassebacklund.fi\/wp-content\/uploads\/2026\/04\/Bild1-768x568.jpg 768w\" sizes=\"auto, (max-width: 1386px) 100vw, 1386px\" \/><figcaption id=\"caption-attachment-25792\" class=\"wp-caption-text\">Den h\u00e4r g\u00e5rden p\u00e5 Skr\u00e4ddarbackan byggde arbetaren Erland och hans hustru Ida Korsb\u00e4ck \u00e5r 1932 och den uppf\u00f6rdes p\u00e5 ett markomr\u00e5de som de \u00e5r 1930 hade k\u00f6pt av Lappfj\u00e4rds kommun. L\u00e4s mera om Ida och hennes g\u00e5rd <a href=\"https:\/\/www.lassebacklund.fi\/?page_id=25795\"><span style=\"color: #000080;\"><strong>H\u00c4R!<\/strong><\/span><\/a><\/figcaption><\/figure>\n<div><\/div>\n","protected":false},"excerpt":{"rendered":"<p>Vad roligt att du hittade sidan med information fr\u00e5n Dagsmark. H\u00e4r kan du bl\u00e4ddra bland gamla foton, tidningsurklipp, historiska dokument och kartor.\u00a0 V\u00e4lj ett passligt \u00e4mne i menyn h\u00e4r ovan, s\u00e5 hittar du s\u00e4kert n\u00e5gonting som intresserar dig. Hemsidan om <a class=\"more-link\" href=\"https:\/\/www.lassebacklund.fi\/\">Forts\u00e4tt l\u00e4sa <span class=\"screen-reader-text\">  V\u00e4lkommen<\/span><span class=\"meta-nav\">&rarr;<\/span><\/a><\/p>\n","protected":false},"author":1,"featured_media":0,"parent":0,"menu_order":0,"comment_status":"closed","ping_status":"closed","template":"","meta":{"footnotes":""},"class_list":["post-39","page","type-page","status-publish","hentry"],"_links":{"self":[{"href":"https:\/\/www.lassebacklund.fi\/index.php?rest_route=\/wp\/v2\/pages\/39","targetHints":{"allow":["GET"]}}],"collection":[{"href":"https:\/\/www.lassebacklund.fi\/index.php?rest_route=\/wp\/v2\/pages"}],"about":[{"href":"https:\/\/www.lassebacklund.fi\/index.php?rest_route=\/wp\/v2\/types\/page"}],"author":[{"embeddable":true,"href":"https:\/\/www.lassebacklund.fi\/index.php?rest_route=\/wp\/v2\/users\/1"}],"replies":[{"embeddable":true,"href":"https:\/\/www.lassebacklund.fi\/index.php?rest_route=%2Fwp%2Fv2%2Fcomments&post=39"}],"version-history":[{"count":90,"href":"https:\/\/www.lassebacklund.fi\/index.php?rest_route=\/wp\/v2\/pages\/39\/revisions"}],"predecessor-version":[{"id":25804,"href":"https:\/\/www.lassebacklund.fi\/index.php?rest_route=\/wp\/v2\/pages\/39\/revisions\/25804"}],"wp:attachment":[{"href":"https:\/\/www.lassebacklund.fi\/index.php?rest_route=%2Fwp%2Fv2%2Fmedia&parent=39"}],"curies":[{"name":"wp","href":"https:\/\/api.w.org\/{rel}","templated":true}]}}