{"id":3898,"date":"2017-05-02T18:24:09","date_gmt":"2017-05-02T16:24:09","guid":{"rendered":"http:\/\/www.lassebacklund.fi\/?page_id=3898"},"modified":"2026-03-02T11:59:40","modified_gmt":"2026-03-02T09:59:40","slug":"nyholm-leander-och-signes-gard-pa-lillsjovagen-101","status":"publish","type":"page","link":"https:\/\/www.lassebacklund.fi\/?page_id=3898","title":{"rendered":"Nyholm Leanders g\u00e5rd p\u00e5 Lillsj\u00f6v\u00e4gen 101"},"content":{"rendered":"<figure id=\"attachment_3889\" aria-describedby=\"caption-attachment-3889\" style=\"width: 1374px\" class=\"wp-caption aligncenter\"><img loading=\"lazy\" decoding=\"async\" class=\"size-full wp-image-3889\" src=\"http:\/\/www.lassebacklund.fi\/wp-content\/uploads\/2017\/05\/1.jpg\" alt=\"Nyholms g\u00e5rd fotograferad fr\u00e5n \u00f6ster \u00e5r 2013.\" width=\"1374\" height=\"729\" srcset=\"https:\/\/www.lassebacklund.fi\/wp-content\/uploads\/2017\/05\/1.jpg 1374w, https:\/\/www.lassebacklund.fi\/wp-content\/uploads\/2017\/05\/1-300x159.jpg 300w, https:\/\/www.lassebacklund.fi\/wp-content\/uploads\/2017\/05\/1-768x407.jpg 768w, https:\/\/www.lassebacklund.fi\/wp-content\/uploads\/2017\/05\/1-1024x543.jpg 1024w\" sizes=\"auto, (max-width: 1374px) 100vw, 1374px\" \/><figcaption id=\"caption-attachment-3889\" class=\"wp-caption-text\">Den h\u00e4r g\u00e5rden stod f\u00f6re storskiftet p\u00e5 J\u00e5hanas i Norrviken men den flyttades till sin nuvarande plats i b\u00f6rjan p\u00e5 1920-talet. Det var bonden <u>Viktor<\/u> Johansson Nyholm (1874-1951) och hustrun <u>Maria <\/u>Karolina (f. Rosenqvist 1873, d. 1943) som flyttade den till Kvarn\u00e5 och samtidigt skarvades den i med flera rum. Nyholms g\u00e5rd p\u00e5 Kvarnfors l\u00e4genhet fotograferad fr\u00e5n \u00f6ster \u00e5r 2013.<\/figcaption><\/figure>\n<p><span style=\"color: #000080;\"><strong>Sammanst\u00e4llt av Lasse Backlund 2013, med hj\u00e4lp av Helge Nyholm.\u00a0<\/strong><\/span><\/p>\n<p>Maria var dotter till \u201dTresk Kalle\u201d allts\u00e5 Karl Rosenqvist (1847-1930) och hon bodde som barn p\u00e5 adressen Korsb\u00e4ckv\u00e4gen 565, som sedan \u00f6vertog av Viktor Bergkvist. \u00c5r 1896 gifte hon sig med Viktor Nyholm och de fick flera barn:<\/p>\n<h6>-Johan Viktor (1898-1910)<\/h6>\n<h6>-Henrik <u>Emil<\/u> (1900-1978). Vill du l\u00e4sa mera om Emil, s\u00e5 klicka <a href=\"http:\/\/www.lassebacklund.fi\/?page_id=3864\"><span style=\"color: #000080; text-decoration: underline;\"><strong>H\u00c4R!<\/strong><\/span><\/a><\/h6>\n<h6>&#8211;<u>Hulda<\/u> Maria (1902-1963) gift 1931 med grannen Emil Hammarberg.<\/h6>\n<h6>-Selim <u>Leander<\/u> (1905-1980) .<\/h6>\n<h6>&#8211;<span style=\"text-decoration: underline;\">Hemming<\/span> Anselm (1907-1990) gift 1934 med Selma Olivia Liljeblad och blev bonde p\u00e5 L\u00e5ng\u00e4ngen.<\/h6>\n<h6>-Evert (1909-1979) gift och flyttade till Canada och dog d\u00e4r.<\/h6>\n<figure id=\"attachment_1449\" aria-describedby=\"caption-attachment-1449\" style=\"width: 1286px\" class=\"wp-caption aligncenter\"><img loading=\"lazy\" decoding=\"async\" class=\"size-full wp-image-1449\" src=\"http:\/\/www.lassebacklund.fi\/wp-content\/uploads\/2016\/10\/Evert-Leander-Hulda-Emil-och-Hemming.-Nere-Viktor-och-Maria-Nyholm..jpg\" alt=\"H\u00e4r sitter Viktor och Maria Nyholm med barnen st\u00e5ende bakom, fr\u00e5n v\u00e4nster Evert, Leander, Hulda, Emil och Hemming. \" width=\"1286\" height=\"897\" srcset=\"https:\/\/www.lassebacklund.fi\/wp-content\/uploads\/2016\/10\/Evert-Leander-Hulda-Emil-och-Hemming.-Nere-Viktor-och-Maria-Nyholm..jpg 1286w, https:\/\/www.lassebacklund.fi\/wp-content\/uploads\/2016\/10\/Evert-Leander-Hulda-Emil-och-Hemming.-Nere-Viktor-och-Maria-Nyholm.-300x209.jpg 300w, https:\/\/www.lassebacklund.fi\/wp-content\/uploads\/2016\/10\/Evert-Leander-Hulda-Emil-och-Hemming.-Nere-Viktor-och-Maria-Nyholm.-768x536.jpg 768w, https:\/\/www.lassebacklund.fi\/wp-content\/uploads\/2016\/10\/Evert-Leander-Hulda-Emil-och-Hemming.-Nere-Viktor-och-Maria-Nyholm.-1024x714.jpg 1024w\" sizes=\"auto, (max-width: 1286px) 100vw, 1286px\" \/><figcaption id=\"caption-attachment-1449\" class=\"wp-caption-text\">Viktor och Maria Nyholm med barnen st\u00e5ende bakom, fr\u00e5n v\u00e4nster Evert, Leander, Hulda, Emil och Hemming.<\/figcaption><\/figure>\n<p><strong>\u00c5r 1910<\/strong> dog Viktors far Johan Nyholm och hans mor Kajsa, f\u00f6dd Agn\u00e4s dog 1922. <strong>\u00c5r 1923<\/strong> \u00f6vertog Viktor och Maria hemmanet Kvarnfors 3:41 i Kvarn\u00e5 och det var d\u00e5 ca 16 ha stort, varav 6 var skog. De flyttade d\u00e5 bondg\u00e5rden fr\u00e5n Norrviken och byggde upp den i Kvarn\u00e5, d\u00e4r den fortfarande st\u00e5r.<\/p>\n<h4><strong>Leander Nyholm tar \u00f6ver<\/strong><\/h4>\n<p>D\u00e5 Viktor och Marias son Leander (1905-1980) \u00e5r 1937 gifte sig med bonddottern Signe (f. Ekberg 1909, d. 1990) fr\u00e5n Sunnantillv\u00e4gen, tog de \u00f6ver b\u00e5de g\u00e5rden och en del av hemmanet Kvarnfors i Kvarn\u00e5. K\u00f6pebrevet skrevs den 9 oktober 1937 och f\u00f6r 10 000 mark plus sytning k\u00f6pte Leander och Signe 2\/3 delar av hemmanet Kvarnfors 3:41. I k\u00f6pet ingick inga bostadsbyggnader, endast 2\/3 av alla andra byggnader och lador. Av skogen ingick Drag\u00e5sskiftet i k\u00f6pet.<\/p>\n<p>Den andra delen, allts\u00e5 1\/3 \u00f6vertogs av m\u00e5gen Emil Hammarberg och hans hustru Hulda f\u00f6r 4 500 mark plus livstids sytning enligt ett skilt kontrakt. Inga byggnader ingick i k\u00f6pet, f\u00f6rutom 1\/3 av uthusen och ladorna. I k\u00f6pet ingick det s\u00e5 kallade utskogsskiftet.\u00a0 \u00c5r 1945, den 1 juli s\u00e5lde Emil och Hulda Hammarberg sin \u00e4gande andel av hemmanet Kvarnfors f\u00f6r 30 000 mark \u00e5t bonden Leander Nyholm. Emil och Hulda k\u00f6pte i samma veva Emil R\u00f6nnblads hemman i Korsb\u00e4ck och de flyttade d\u00e5 dit.<\/p>\n<p>Vill du l\u00e4sa mera om Ekbergs g\u00e5rd p\u00e5 Sunnantillv\u00e4gen och Signes sl\u00e4kt, s\u00e5 klicka <a href=\"http:\/\/www.lassebacklund.fi\/?page_id=2098\"><span style=\"color: #000080; text-decoration: underline;\"><strong>H\u00c4R!<\/strong><\/span><\/a> D\u00e5 Leander tog \u00f6ver hela hemmanet flyttade f\u00f6r\u00e4ldrarna Viktor och Maria till lillstugan, som st\u00e5r n\u00e4rmare Lillsj\u00f6v\u00e4gen. Vill du l\u00e4sa mera om den, skall du klicka <a href=\"http:\/\/www.lassebacklund.fi\/?page_id=1447\"><span style=\"text-decoration: underline;\"><span style=\"color: #000080;\"><strong>H\u00c4R!<\/strong><\/span><\/span><\/a><\/p>\n<figure id=\"attachment_3897\" aria-describedby=\"caption-attachment-3897\" style=\"width: 528px\" class=\"wp-caption aligncenter\"><img loading=\"lazy\" decoding=\"async\" class=\" wp-image-3897\" src=\"http:\/\/www.lassebacklund.fi\/wp-content\/uploads\/2017\/05\/Signe-och-Leanders-tavla.jpg\" alt=\"P\u00e5 tavlan Signe och Leander Nyholm.\" width=\"528\" height=\"411\" srcset=\"https:\/\/www.lassebacklund.fi\/wp-content\/uploads\/2017\/05\/Signe-och-Leanders-tavla.jpg 1677w, https:\/\/www.lassebacklund.fi\/wp-content\/uploads\/2017\/05\/Signe-och-Leanders-tavla-300x234.jpg 300w, https:\/\/www.lassebacklund.fi\/wp-content\/uploads\/2017\/05\/Signe-och-Leanders-tavla-768x598.jpg 768w, https:\/\/www.lassebacklund.fi\/wp-content\/uploads\/2017\/05\/Signe-och-Leanders-tavla-1024x797.jpg 1024w\" sizes=\"auto, (max-width: 528px) 100vw, 528px\" \/><figcaption id=\"caption-attachment-3897\" class=\"wp-caption-text\">Signe och Leander Nyholm.<\/figcaption><\/figure>\n<p>D\u00e5 Signes far Erik Johan Ekberg dog \u00e5r 1951 flyttade modern Fia in i ett rum i Leanders g\u00e5rd och g\u00e5rden p\u00e5 Sunnantillv\u00e4gen s\u00e5ldes \u00e5t familjen \u00c5n\u00e4s.<\/p>\n<p>Leander och Signe Nyholm fick tre barn men endast Helge uppn\u00e5dde vuxen \u00e5lder. Helge (f. 1940) \u00e4r gift med Inger (f. H\u00e4ggqvist \u00e5r 1943 i Oravais, flyttade till Lappfj\u00e4rd 1962) och de \u00e4r sedan \u00e5r 1964 bosatta i Sverige. F\u00f6rst bodde de i Enk\u00f6ping, sedan i V\u00e4sterhaninge s\u00f6der om Stockholm och f\u00f6r tillf\u00e4llet bor de i Kortedala n\u00e4ra G\u00f6teborg. Helge har jobbat som fastighetssk\u00f6tare p\u00e5 HSB i hela 36 \u00e5r tills han gick i pension \u00e5r 2005. Inger arbetade f\u00f6rst som kontorist p\u00e5 Bahco Ventilation men var hemma d\u00e5 barnen Mikael (f.1966) och Stefan (f.1969) var sm\u00e5. Sedan fick hon arbete p\u00e5 Posten som kass\u00f6r p\u00e5 lite olika st\u00e4llen tills hon gick i pension \u00e5r 2008.<\/p>\n<h2><strong>Foton.<\/strong><\/h2>\n<figure id=\"attachment_3891\" aria-describedby=\"caption-attachment-3891\" style=\"width: 637px\" class=\"wp-caption aligncenter\"><img loading=\"lazy\" decoding=\"async\" class=\"size-full wp-image-3891\" src=\"http:\/\/www.lassebacklund.fi\/wp-content\/uploads\/2017\/05\/3.jpg\" alt=\"Huset fotograferat fr\u00e5n s\u00f6der \u00e5r 2013.\" width=\"637\" height=\"373\" srcset=\"https:\/\/www.lassebacklund.fi\/wp-content\/uploads\/2017\/05\/3.jpg 637w, https:\/\/www.lassebacklund.fi\/wp-content\/uploads\/2017\/05\/3-300x176.jpg 300w\" sizes=\"auto, (max-width: 637px) 100vw, 637px\" \/><figcaption id=\"caption-attachment-3891\" class=\"wp-caption-text\">Huset fotograferat fr\u00e5n s\u00f6der \u00e5r 2013.<\/figcaption><\/figure>\n<figure id=\"attachment_3893\" aria-describedby=\"caption-attachment-3893\" style=\"width: 1550px\" class=\"wp-caption aligncenter\"><img loading=\"lazy\" decoding=\"async\" class=\"size-full wp-image-3893\" src=\"http:\/\/www.lassebacklund.fi\/wp-content\/uploads\/2017\/05\/Br\u00f6llop-Emil-o-Hulda-Hammarberg-1931-hos-Leander-Nyholm.jpg\" alt=\"Det \u00e4r sv\u00e5rt att urskilja brudparet Hulda Nyholm och Emil Hammarberg bland alla glada br\u00f6llopsg\u00e4ster \u00e5t 1931. Nyholms g\u00e5rd i bakgrunden.\" width=\"1550\" height=\"969\" srcset=\"https:\/\/www.lassebacklund.fi\/wp-content\/uploads\/2017\/05\/Br\u00f6llop-Emil-o-Hulda-Hammarberg-1931-hos-Leander-Nyholm.jpg 1550w, https:\/\/www.lassebacklund.fi\/wp-content\/uploads\/2017\/05\/Br\u00f6llop-Emil-o-Hulda-Hammarberg-1931-hos-Leander-Nyholm-300x188.jpg 300w, https:\/\/www.lassebacklund.fi\/wp-content\/uploads\/2017\/05\/Br\u00f6llop-Emil-o-Hulda-Hammarberg-1931-hos-Leander-Nyholm-768x480.jpg 768w, https:\/\/www.lassebacklund.fi\/wp-content\/uploads\/2017\/05\/Br\u00f6llop-Emil-o-Hulda-Hammarberg-1931-hos-Leander-Nyholm-1024x640.jpg 1024w\" sizes=\"auto, (max-width: 1550px) 100vw, 1550px\" \/><figcaption id=\"caption-attachment-3893\" class=\"wp-caption-text\">Det \u00e4r sv\u00e5rt att urskilja brudparet Hulda Nyholm och Emil Hammarberg bland alla glada br\u00f6llopsg\u00e4ster \u00e5t 1931. Nyholms g\u00e5rd i bakgrunden.<\/figcaption><\/figure>\n<figure id=\"attachment_3896\" aria-describedby=\"caption-attachment-3896\" style=\"width: 419px\" class=\"wp-caption aligncenter\"><img loading=\"lazy\" decoding=\"async\" class=\" wp-image-3896\" src=\"http:\/\/www.lassebacklund.fi\/wp-content\/uploads\/2017\/05\/Signe-Nyholm-som-baby.jpg\" alt=\"H\u00e4r Signe Ekberg runt \u00e5r 1910. \u00c5r 1937 gifte hon sig med Leander Nyholm.\" width=\"419\" height=\"665\" srcset=\"https:\/\/www.lassebacklund.fi\/wp-content\/uploads\/2017\/05\/Signe-Nyholm-som-baby.jpg 593w, https:\/\/www.lassebacklund.fi\/wp-content\/uploads\/2017\/05\/Signe-Nyholm-som-baby-189x300.jpg 189w\" sizes=\"auto, (max-width: 419px) 100vw, 419px\" \/><figcaption id=\"caption-attachment-3896\" class=\"wp-caption-text\">Signe Ekberg runt \u00e5r 1910. \u00c5r 1937 gifte hon sig med Leander Nyholm.<\/figcaption><\/figure>\n<figure id=\"attachment_3890\" aria-describedby=\"caption-attachment-3890\" style=\"width: 650px\" class=\"wp-caption aligncenter\"><img loading=\"lazy\" decoding=\"async\" class=\"size-full wp-image-3890\" src=\"http:\/\/www.lassebacklund.fi\/wp-content\/uploads\/2017\/05\/2.jpg\" alt=\"Nyholms g\u00e5rd \u00e4r vackert bel\u00e4gen med Lill\u00e5n rinnande nedanf\u00f6r g\u00e5rden.\" width=\"650\" height=\"488\" srcset=\"https:\/\/www.lassebacklund.fi\/wp-content\/uploads\/2017\/05\/2.jpg 650w, https:\/\/www.lassebacklund.fi\/wp-content\/uploads\/2017\/05\/2-300x225.jpg 300w\" sizes=\"auto, (max-width: 650px) 100vw, 650px\" \/><figcaption id=\"caption-attachment-3890\" class=\"wp-caption-text\">Nyholms g\u00e5rd \u00e4r vackert bel\u00e4gen med Lill\u00e5n rinnande nedanf\u00f6r g\u00e5rden.<\/figcaption><\/figure>\n<figure id=\"attachment_3894\" aria-describedby=\"caption-attachment-3894\" style=\"width: 1408px\" class=\"wp-caption aligncenter\"><img loading=\"lazy\" decoding=\"async\" class=\"size-full wp-image-3894\" src=\"http:\/\/www.lassebacklund.fi\/wp-content\/uploads\/2017\/05\/IMG_1181.jpg\" alt=\"Enligt konstn\u00e4ren Rosblom s\u00e5g Nyholms g\u00e5rd ut s\u00e5 h\u00e4r.\" width=\"1408\" height=\"1056\" srcset=\"https:\/\/www.lassebacklund.fi\/wp-content\/uploads\/2017\/05\/IMG_1181.jpg 1408w, https:\/\/www.lassebacklund.fi\/wp-content\/uploads\/2017\/05\/IMG_1181-300x225.jpg 300w, https:\/\/www.lassebacklund.fi\/wp-content\/uploads\/2017\/05\/IMG_1181-768x576.jpg 768w, https:\/\/www.lassebacklund.fi\/wp-content\/uploads\/2017\/05\/IMG_1181-1024x768.jpg 1024w\" sizes=\"auto, (max-width: 1408px) 100vw, 1408px\" \/><figcaption id=\"caption-attachment-3894\" class=\"wp-caption-text\">Enligt konstn\u00e4ren Rosblom s\u00e5g Nyholms g\u00e5rd ut s\u00e5 h\u00e4r.<\/figcaption><\/figure>\n<figure id=\"attachment_3892\" aria-describedby=\"caption-attachment-3892\" style=\"width: 1600px\" class=\"wp-caption aligncenter\"><img loading=\"lazy\" decoding=\"async\" class=\"size-full wp-image-3892\" src=\"http:\/\/www.lassebacklund.fi\/wp-content\/uploads\/2017\/05\/4.jpg\" alt=\"Huset fotograferat fr\u00e5n \u00f6ster \u00e5r 2003. G\u00e5rden anv\u00e4nds i dag endast som fritidsbostad.\" width=\"1600\" height=\"1200\" srcset=\"https:\/\/www.lassebacklund.fi\/wp-content\/uploads\/2017\/05\/4.jpg 1600w, https:\/\/www.lassebacklund.fi\/wp-content\/uploads\/2017\/05\/4-300x225.jpg 300w, https:\/\/www.lassebacklund.fi\/wp-content\/uploads\/2017\/05\/4-768x576.jpg 768w, https:\/\/www.lassebacklund.fi\/wp-content\/uploads\/2017\/05\/4-1024x768.jpg 1024w\" sizes=\"auto, (max-width: 1600px) 100vw, 1600px\" \/><figcaption id=\"caption-attachment-3892\" class=\"wp-caption-text\">Huset fotograferat fr\u00e5n \u00f6ster \u00e5r 2003. G\u00e5rden anv\u00e4nds i dag endast som fritidsbostad.<\/figcaption><\/figure>\n<figure id=\"attachment_3895\" aria-describedby=\"caption-attachment-3895\" style=\"width: 341px\" class=\"wp-caption aligncenter\"><img loading=\"lazy\" decoding=\"async\" class=\"size-full wp-image-3895\" src=\"http:\/\/www.lassebacklund.fi\/wp-content\/uploads\/2017\/05\/Lilla-Signe-mor-Fia-och-ok\u00e4nd-flicka.jpg\" alt=\"H\u00e4r &quot;Rebeck-Fia&quot;, allts\u00e5 Fia Ekberg med dottern Signe. Fotot fr\u00e5n 1910.\" width=\"341\" height=\"778\" srcset=\"https:\/\/www.lassebacklund.fi\/wp-content\/uploads\/2017\/05\/Lilla-Signe-mor-Fia-och-ok\u00e4nd-flicka.jpg 341w, https:\/\/www.lassebacklund.fi\/wp-content\/uploads\/2017\/05\/Lilla-Signe-mor-Fia-och-ok\u00e4nd-flicka-131x300.jpg 131w\" sizes=\"auto, (max-width: 341px) 100vw, 341px\" \/><figcaption id=\"caption-attachment-3895\" class=\"wp-caption-text\">&#8221;Rebeck-Fia&#8221;, allts\u00e5 Fia Ekberg med dottern Signe. Fotot fr\u00e5n 1910.<\/figcaption><\/figure>\n<p>&nbsp;<\/p>\n","protected":false},"excerpt":{"rendered":"<p>Sammanst\u00e4llt av Lasse Backlund 2013, med hj\u00e4lp av Helge Nyholm.\u00a0 Maria var dotter till \u201dTresk Kalle\u201d allts\u00e5 Karl Rosenqvist (1847-1930) och hon bodde som barn p\u00e5 adressen Korsb\u00e4ckv\u00e4gen 565, som sedan \u00f6vertog av Viktor Bergkvist. \u00c5r 1896 gifte hon sig <a class=\"more-link\" href=\"https:\/\/www.lassebacklund.fi\/?page_id=3898\">Forts\u00e4tt l\u00e4sa <span class=\"screen-reader-text\">  Nyholm Leanders g\u00e5rd p\u00e5 Lillsj\u00f6v\u00e4gen 101<\/span><span class=\"meta-nav\">&rarr;<\/span><\/a><\/p>\n","protected":false},"author":1,"featured_media":0,"parent":78,"menu_order":101,"comment_status":"closed","ping_status":"closed","template":"","meta":{"footnotes":""},"class_list":["post-3898","page","type-page","status-publish","hentry"],"_links":{"self":[{"href":"https:\/\/www.lassebacklund.fi\/index.php?rest_route=\/wp\/v2\/pages\/3898","targetHints":{"allow":["GET"]}}],"collection":[{"href":"https:\/\/www.lassebacklund.fi\/index.php?rest_route=\/wp\/v2\/pages"}],"about":[{"href":"https:\/\/www.lassebacklund.fi\/index.php?rest_route=\/wp\/v2\/types\/page"}],"author":[{"embeddable":true,"href":"https:\/\/www.lassebacklund.fi\/index.php?rest_route=\/wp\/v2\/users\/1"}],"replies":[{"embeddable":true,"href":"https:\/\/www.lassebacklund.fi\/index.php?rest_route=%2Fwp%2Fv2%2Fcomments&post=3898"}],"version-history":[{"count":12,"href":"https:\/\/www.lassebacklund.fi\/index.php?rest_route=\/wp\/v2\/pages\/3898\/revisions"}],"predecessor-version":[{"id":25647,"href":"https:\/\/www.lassebacklund.fi\/index.php?rest_route=\/wp\/v2\/pages\/3898\/revisions\/25647"}],"up":[{"embeddable":true,"href":"https:\/\/www.lassebacklund.fi\/index.php?rest_route=\/wp\/v2\/pages\/78"}],"wp:attachment":[{"href":"https:\/\/www.lassebacklund.fi\/index.php?rest_route=%2Fwp%2Fv2%2Fmedia&parent=3898"}],"curies":[{"name":"wp","href":"https:\/\/api.w.org\/{rel}","templated":true}]}}