{"id":3810,"date":"2017-04-25T13:27:53","date_gmt":"2017-04-25T11:27:53","guid":{"rendered":"http:\/\/www.lassebacklund.fi\/?page_id=3810"},"modified":"2017-04-25T13:27:53","modified_gmt":"2017-04-25T11:27:53","slug":"nekrolog-i-syd-osterbotten-8-1-1936","status":"publish","type":"page","link":"https:\/\/www.lassebacklund.fi\/?page_id=3810","title":{"rendered":"Nekrolog i Syd-\u00d6sterbotten 8.1.1936."},"content":{"rendered":"<h4><strong>Viktor Nylund d\u00f6d.<\/strong><\/h4>\n<p>I g\u00e5r p\u00e5 f\u00f6rmiddagen avled i sitt hem i Dagsmark i Lappfj\u00e4rd verkst\u00e4llande direkt\u00f6ren i Ab P\u00e4rus-Fors Oy Viktor Nylund i en \u00e5lder av 61 \u00e5r. Han hade senaste l\u00f6rdag bes\u00f6kt en jordf\u00e4stning i Vasa och under resan \u00e5dragit sig en lunginflammation. En hj\u00e4rtattack gjorde s\u00e5 slut p\u00e5 de starkt nedsatta krafterna.<\/p>\n<p>Viktor Nylund var f\u00f6dd i ett bondehem i Dagsmark. Annan skolbildning \u00e4n den folkskolan hade att bjuda fick han ej. Men med ett mindre vanligt intresse skaffade han sig grundliga insikter p\u00e5 flera omr\u00e5den. Hans h\u00e5g stod till industriell verksamhet och han startade med en liten s\u00e5g i hembyn. F\u00f6r ett tjugotal \u00e5r sedan grundade han Ab P\u00e4rus-Fors Oy, vars verkst\u00e4llande direkt\u00f6r han var till sin d\u00f6d. Firmans elektricitetsverk i P\u00e4rus by i Lappfj\u00e4rd levererar energi till Kristinestad, Lappfj\u00e4rd och Tj\u00f6ck och dess s\u00e5g- och kvarninr\u00e4ttning tillgodoser ett stort behov, icke minst sedan den moderna vetekvarnen f\u00f6r ungef\u00e4r ett \u00e5r sedan kunde s\u00e4ttas ig\u00e5ng. Det var betecknande f\u00f6r Viktor Nylund, att han p\u00e5 studieresor \u2013 ofta till utlandet \u2013 skaffade sig n\u00f6diga insikter, s\u00e5 att han sj\u00e4lv kunde montera alla de maskiner, som erfordrades i den m\u00e5ngsidiga anl\u00e4ggningen.<\/p>\n<p>F\u00f6r allm\u00e4nna och kulturella angel\u00e4genheter var Viktor Nylund mycket intresserad \u2013 i den m\u00e5n hans mycket upptagna tid det till\u00e4t. I l\u00e5nga tider tillh\u00f6rde han f\u00f6rsamlingens kyrkor\u00e5d och kyrkofullm\u00e4ktige, och i direktionen f\u00f6r Lappfj\u00e4rds folkh\u00f6gskola var han under en l\u00e4ngre tid en drivande kraft. F\u00f6r lantbrukets utveckling var han mycket intresserad, och detta intresse omsatte han i praktiken s\u00e5som en f\u00f6reg\u00e5ngsman i sitt eget jordbruk. Han var s\u00e5lunda den f\u00f6rsta i Lappfj\u00e4rd, som inf\u00f6rde AIV-foder i sin hush\u00e5llning. Att kreaturkontrollverksamheten blivit vad den nu \u00e4r i Dagsmark f\u00e5r ocks\u00e5 till st\u00f6rsta delen tillskrivas honom.<\/p>\n<p>Till sin karakt\u00e4r var Viktor Nylund h\u00f6gsint och osj\u00e4lvisk. S\u00e5som arbetsgivare var han aldrig sm\u00e5sint, talrika arbetarfamiljer minnas med tacksamhet den tid av flera tiotal \u00e5r han givit dem levebr\u00f6d. Den som har framg\u00e5ng f\u00e5r \u00e4ven avundsm\u00e4n men att l\u00f6na ont med ont l\u00e5g icke f\u00f6r Viktor Nylund. Han var en pr\u00e4ktig m\u00e4nniska, verksam och duglig, ett f\u00f6red\u00f6me i alla avseenden.<\/p>\n<p>N\u00e4rmast s\u00f6rjande st\u00e5 maka och son. Men f\u00f6rlusten k\u00e4nnes f\u00f6rvisso \u00e4ven tung f\u00f6r hela Dagsmark by, som sett sin initiativrika, h\u00f6gt uppskattade ledare hastigt ryckas bort.<\/p>\n","protected":false},"excerpt":{"rendered":"<p>Viktor Nylund d\u00f6d. I g\u00e5r p\u00e5 f\u00f6rmiddagen avled i sitt hem i Dagsmark i Lappfj\u00e4rd verkst\u00e4llande direkt\u00f6ren i Ab P\u00e4rus-Fors Oy Viktor Nylund i en \u00e5lder av 61 \u00e5r. Han hade senaste l\u00f6rdag bes\u00f6kt en jordf\u00e4stning i Vasa och under <a class=\"more-link\" href=\"https:\/\/www.lassebacklund.fi\/?page_id=3810\">Forts\u00e4tt l\u00e4sa <span class=\"screen-reader-text\">  Nekrolog i Syd-\u00d6sterbotten 8.1.1936.<\/span><span class=\"meta-nav\">&rarr;<\/span><\/a><\/p>\n","protected":false},"author":1,"featured_media":0,"parent":1696,"menu_order":0,"comment_status":"closed","ping_status":"closed","template":"","meta":{"footnotes":""},"class_list":["post-3810","page","type-page","status-publish","hentry"],"_links":{"self":[{"href":"https:\/\/www.lassebacklund.fi\/index.php?rest_route=\/wp\/v2\/pages\/3810","targetHints":{"allow":["GET"]}}],"collection":[{"href":"https:\/\/www.lassebacklund.fi\/index.php?rest_route=\/wp\/v2\/pages"}],"about":[{"href":"https:\/\/www.lassebacklund.fi\/index.php?rest_route=\/wp\/v2\/types\/page"}],"author":[{"embeddable":true,"href":"https:\/\/www.lassebacklund.fi\/index.php?rest_route=\/wp\/v2\/users\/1"}],"replies":[{"embeddable":true,"href":"https:\/\/www.lassebacklund.fi\/index.php?rest_route=%2Fwp%2Fv2%2Fcomments&post=3810"}],"version-history":[{"count":1,"href":"https:\/\/www.lassebacklund.fi\/index.php?rest_route=\/wp\/v2\/pages\/3810\/revisions"}],"predecessor-version":[{"id":3811,"href":"https:\/\/www.lassebacklund.fi\/index.php?rest_route=\/wp\/v2\/pages\/3810\/revisions\/3811"}],"up":[{"embeddable":true,"href":"https:\/\/www.lassebacklund.fi\/index.php?rest_route=\/wp\/v2\/pages\/1696"}],"wp:attachment":[{"href":"https:\/\/www.lassebacklund.fi\/index.php?rest_route=%2Fwp%2Fv2%2Fmedia&parent=3810"}],"curies":[{"name":"wp","href":"https:\/\/api.w.org\/{rel}","templated":true}]}}