{"id":3775,"date":"2017-04-22T10:07:41","date_gmt":"2017-04-22T08:07:41","guid":{"rendered":"http:\/\/www.lassebacklund.fi\/?page_id=3775"},"modified":"2017-05-09T17:47:19","modified_gmt":"2017-05-09T15:47:19","slug":"ryssbrudarna","status":"publish","type":"page","link":"https:\/\/www.lassebacklund.fi\/?page_id=3775","title":{"rendered":"Ryssbrudarna."},"content":{"rendered":"<p><span style=\"color: #000080;\">Artikel i Kask\u00f6 tidning 6.2.1918:<\/span><\/p>\n<p>Ryssdamerna hopsamlades i onsdags <span style=\"color: #000080;\">(30.1.1918)<\/span> fr\u00e5n de olika byarna i N\u00e4rpes av skyddsk\u00e5ren och f\u00f6rdes till h\u00f6gkvarteret i Finnby, d\u00e4r de riktigt fingo g\u00e5 igenom sk\u00e4rseldens kval. De uppgingo till ett femtiotal. F\u00f6rslag framkom fr\u00e5n skyddsk\u00e5risterna att d\u00e5 de sk\u00e4mt ut allmogebefolkningen och den \u00e4rbara odalkvinnan och dragit skam och nesa \u00f6ver hembygden, de borde p\u00e5 n\u00e5got s\u00e4tt br\u00e4nnm\u00e4rkas f\u00f6r framtiden. En del f\u00f6reslog, att ett m\u00e4rke skulle inbr\u00e4nnas i pannan f\u00f6r att de i hela sitt liv skulle f\u00e5 g\u00e5 och b\u00e4ra skamm\u00e4rket. Andra, som icke voro fullt s\u00e5 grymma, f\u00f6reslog att h\u00e5ret skulle kortklippas p\u00e5 dem. N\u00e5d fick g\u00e5 f\u00f6re r\u00e4tt, inget av de f\u00f6reslagna straffen gick i verkst\u00e4llighet. Pastor Nordlund h\u00f6ll ett str\u00e4ngt f\u00f6rmaningstal till dem och p\u00e5minde dem om den outpl\u00e5nliga skam de dragit \u00f6ver hembygden och dess kvinnor.<\/p>\n<p>En del syntes r\u00f6rda och gr\u00e4to \u00f6ver sin sorgliga bel\u00e4genhet. \u00c5ter andra framh\u00e4rdade i trots och utforo i gl\u00e5pord och h\u00e5n.<\/p>\n<p>Liksom \u00f6verallt annanst\u00e4des, har man \u00e4ven i Korsn\u00e4s med avsky bevittnat huru v\u00e5ra kvinnor nedl\u00e5tit sig till umg\u00e4nge med ryssarna. F\u00f6r att giva dessa \u00e4ref\u00f6rg\u00e4tna en v\u00e4lbeh\u00f6vlig n\u00e4pst hopsamlade man dem, sedan milit\u00e4ren avv\u00e4pnats. P\u00e5 allvar f\u00f6reslogs, att man med br\u00e4nnj\u00e4rn skulle st\u00e4mpla dem i pannan f\u00f6r att de under hela sitt liv skulle f\u00e5 b\u00e4ra skamm\u00e4rket. Det beh\u00f6vdes ingripande av f\u00f6rsamlingens kyrkoherde f\u00f6r att f\u00f6rhindra verkst\u00e4llandet av detta n\u00e4stan alltf\u00f6r grymma straff. Efter en str\u00e4ng straffpredikan och l\u00e4mplig upptuktelse sl\u00e4pptes de l\u00f6sa. Allm\u00e4nhetens dom blir i alla fall ett br\u00e4nnm\u00e4rke, som skall f\u00f6lja dem.<\/p>\n<p><a href=\"http:\/\/www.lassebacklund.fi\/?page_id=3747\"><span style=\"text-decoration: underline;\"><span style=\"color: #000080; text-decoration: underline;\">Tillbaka till huvudartikeln.<\/span><\/span><\/a><\/p>\n","protected":false},"excerpt":{"rendered":"<p>Artikel i Kask\u00f6 tidning 6.2.1918: Ryssdamerna hopsamlades i onsdags (30.1.1918) fr\u00e5n de olika byarna i N\u00e4rpes av skyddsk\u00e5ren och f\u00f6rdes till h\u00f6gkvarteret i Finnby, d\u00e4r de riktigt fingo g\u00e5 igenom sk\u00e4rseldens kval. De uppgingo till ett femtiotal. F\u00f6rslag framkom fr\u00e5n <a class=\"more-link\" href=\"https:\/\/www.lassebacklund.fi\/?page_id=3775\">Forts\u00e4tt l\u00e4sa <span class=\"screen-reader-text\">  Ryssbrudarna.<\/span><span class=\"meta-nav\">&rarr;<\/span><\/a><\/p>\n","protected":false},"author":1,"featured_media":0,"parent":3747,"menu_order":0,"comment_status":"closed","ping_status":"closed","template":"","meta":{"footnotes":""},"class_list":["post-3775","page","type-page","status-publish","hentry"],"_links":{"self":[{"href":"https:\/\/www.lassebacklund.fi\/index.php?rest_route=\/wp\/v2\/pages\/3775","targetHints":{"allow":["GET"]}}],"collection":[{"href":"https:\/\/www.lassebacklund.fi\/index.php?rest_route=\/wp\/v2\/pages"}],"about":[{"href":"https:\/\/www.lassebacklund.fi\/index.php?rest_route=\/wp\/v2\/types\/page"}],"author":[{"embeddable":true,"href":"https:\/\/www.lassebacklund.fi\/index.php?rest_route=\/wp\/v2\/users\/1"}],"replies":[{"embeddable":true,"href":"https:\/\/www.lassebacklund.fi\/index.php?rest_route=%2Fwp%2Fv2%2Fcomments&post=3775"}],"version-history":[{"count":2,"href":"https:\/\/www.lassebacklund.fi\/index.php?rest_route=\/wp\/v2\/pages\/3775\/revisions"}],"predecessor-version":[{"id":3972,"href":"https:\/\/www.lassebacklund.fi\/index.php?rest_route=\/wp\/v2\/pages\/3775\/revisions\/3972"}],"up":[{"embeddable":true,"href":"https:\/\/www.lassebacklund.fi\/index.php?rest_route=\/wp\/v2\/pages\/3747"}],"wp:attachment":[{"href":"https:\/\/www.lassebacklund.fi\/index.php?rest_route=%2Fwp%2Fv2%2Fmedia&parent=3775"}],"curies":[{"name":"wp","href":"https:\/\/api.w.org\/{rel}","templated":true}]}}