{"id":374,"date":"2016-09-11T16:52:23","date_gmt":"2016-09-11T14:52:23","guid":{"rendered":"http:\/\/www.lassebacklund.fi\/?page_id=374"},"modified":"2025-07-28T14:34:09","modified_gmt":"2025-07-28T11:34:09","slug":"lillgals-everts-hus-pa-dagsmarkvagen-121","status":"publish","type":"page","link":"https:\/\/www.lassebacklund.fi\/?page_id=374","title":{"rendered":"Lillg\u00e4ls Everts g\u00e5rd p\u00e5 Dagsmarkv\u00e4gen 121"},"content":{"rendered":"<figure id=\"attachment_373\" aria-describedby=\"caption-attachment-373\" style=\"width: 4000px\" class=\"wp-caption aligncenter\"><img loading=\"lazy\" decoding=\"async\" class=\"size-full wp-image-373\" src=\"http:\/\/www.lassebacklund.fi\/wp-content\/uploads\/2016\/09\/Lillg\u00e4ls-Evert.jpg\" alt=\"Lillg\u00e4ls g\u00e5rd fotograferad fr\u00e5n landsv\u00e4gen, allts\u00e5 fr\u00e5n norr.\" width=\"4000\" height=\"3000\" srcset=\"https:\/\/www.lassebacklund.fi\/wp-content\/uploads\/2016\/09\/Lillg\u00e4ls-Evert.jpg 4000w, https:\/\/www.lassebacklund.fi\/wp-content\/uploads\/2016\/09\/Lillg\u00e4ls-Evert-300x225.jpg 300w, https:\/\/www.lassebacklund.fi\/wp-content\/uploads\/2016\/09\/Lillg\u00e4ls-Evert-768x576.jpg 768w, https:\/\/www.lassebacklund.fi\/wp-content\/uploads\/2016\/09\/Lillg\u00e4ls-Evert-1024x768.jpg 1024w\" sizes=\"auto, (max-width: 4000px) 100vw, 4000px\" \/><figcaption id=\"caption-attachment-373\" class=\"wp-caption-text\">Lillg\u00e4ls g\u00e5rd i Storfors fotograferad fr\u00e5n landsv\u00e4gen, allts\u00e5 fr\u00e5n norr.<\/figcaption><\/figure>\n<p><span style=\"color: #000080;\"><strong>Sammanst\u00e4llt av Lasse Backlund \u00e5r 2013.<\/strong><\/span><\/p>\n<h5><strong>G\u00e5rdens historia<\/strong><\/h5>\n<p>Det h\u00e4r huset byggdes av Evert (1905-1993) och Aune Lillg\u00e4ls (1919-1994, f. Samppala i Stor\u00e5) \u00e5r 1952 p\u00e5 ett omr\u00e5de som sedan 1928 har tillh\u00f6rt P\u00e4rus-Fors Ab. Evert arbetade sedan unga \u00e5r som mj\u00f6lnare p\u00e5 P\u00e4rus-Fors och han bodde till en b\u00f6rjan p\u00e5 kraftverksomr\u00e5det, i ett av de 3 bostadshus som stod n\u00e4ra kraftverket. P\u00e5 1960-talet l\u00f6ste han sedan in l\u00e4genheten i Storfors av kraftverksbolaget.<\/p>\n<p>Evert Lillg\u00e4ls var son till bonden Emil Lillg\u00e4ls (1881-1907) och Maria Adelina (1880-1920). Evert var bror till Selim Lillg\u00e4ls(1904-1969).<\/p>\n<p>I slutet av 1920-talet gifte sig Evert med Edla Johanna Vehkalahti fr\u00e5n Haapaj\u00e4rvi (1909-1933) och han fick med henne sonen Unto, som var f\u00f6dd \u00e5r 1929 och dog i Sverige \u00e5r 2020. P\u00e5 1950-talet b\u00f6rjade Unto bygga en g\u00e5rd p\u00e5\u00a0 Dagsmarkv\u00e4gen 40 i Perus, men f\u00f6re den blev f\u00e4rdig s\u00e5lde han den till Karl och Ellen Hultqvist.<\/p>\n<p>\u00c5r 1943, allts\u00e5 10 \u00e5r efter Edlas d\u00f6d, gifte Evert om sig med Aune Samppala (1919-1994). Med hennes fick Evert barnen Kurt (f\u00f6dd 1943, d\u00f6d 2012 i Sverige) och Maj-Lis (f\u00f6dd 1952, d\u00f6d i Lappfj\u00e4rd 2017).<\/p>\n<p>Efter Everts och Aunes d\u00f6d s\u00e5ldes g\u00e5rden \u00e5t de nuvarande \u00e4garna, som anv\u00e4nder den som stadigvarande bostad.<\/p>\n","protected":false},"excerpt":{"rendered":"<p>Sammanst\u00e4llt av Lasse Backlund \u00e5r 2013. G\u00e5rdens historia Det h\u00e4r huset byggdes av Evert (1905-1993) och Aune Lillg\u00e4ls (1919-1994, f. Samppala i Stor\u00e5) \u00e5r 1952 p\u00e5 ett omr\u00e5de som sedan 1928 har tillh\u00f6rt P\u00e4rus-Fors Ab. Evert arbetade sedan unga \u00e5r <a class=\"more-link\" href=\"https:\/\/www.lassebacklund.fi\/?page_id=374\">Forts\u00e4tt l\u00e4sa <span class=\"screen-reader-text\">  Lillg\u00e4ls Everts g\u00e5rd p\u00e5 Dagsmarkv\u00e4gen 121<\/span><span class=\"meta-nav\">&rarr;<\/span><\/a><\/p>\n","protected":false},"author":1,"featured_media":0,"parent":61,"menu_order":121,"comment_status":"closed","ping_status":"closed","template":"","meta":{"footnotes":""},"class_list":["post-374","page","type-page","status-publish","hentry"],"_links":{"self":[{"href":"https:\/\/www.lassebacklund.fi\/index.php?rest_route=\/wp\/v2\/pages\/374","targetHints":{"allow":["GET"]}}],"collection":[{"href":"https:\/\/www.lassebacklund.fi\/index.php?rest_route=\/wp\/v2\/pages"}],"about":[{"href":"https:\/\/www.lassebacklund.fi\/index.php?rest_route=\/wp\/v2\/types\/page"}],"author":[{"embeddable":true,"href":"https:\/\/www.lassebacklund.fi\/index.php?rest_route=\/wp\/v2\/users\/1"}],"replies":[{"embeddable":true,"href":"https:\/\/www.lassebacklund.fi\/index.php?rest_route=%2Fwp%2Fv2%2Fcomments&post=374"}],"version-history":[{"count":8,"href":"https:\/\/www.lassebacklund.fi\/index.php?rest_route=\/wp\/v2\/pages\/374\/revisions"}],"predecessor-version":[{"id":24410,"href":"https:\/\/www.lassebacklund.fi\/index.php?rest_route=\/wp\/v2\/pages\/374\/revisions\/24410"}],"up":[{"embeddable":true,"href":"https:\/\/www.lassebacklund.fi\/index.php?rest_route=\/wp\/v2\/pages\/61"}],"wp:attachment":[{"href":"https:\/\/www.lassebacklund.fi\/index.php?rest_route=%2Fwp%2Fv2%2Fmedia&parent=374"}],"curies":[{"name":"wp","href":"https:\/\/api.w.org\/{rel}","templated":true}]}}