{"id":3732,"date":"2017-04-21T21:11:53","date_gmt":"2017-04-21T19:11:53","guid":{"rendered":"http:\/\/www.lassebacklund.fi\/?page_id=3732"},"modified":"2021-11-11T22:54:33","modified_gmt":"2021-11-11T20:54:33","slug":"tidningsurklipp-fran-1910-talet","status":"publish","type":"page","link":"https:\/\/www.lassebacklund.fi\/?page_id=3732","title":{"rendered":"Tidningsurklipp fr\u00e5n 1910-talet."},"content":{"rendered":"<h6><a class=\"fasc-button fasc-size-medium fasc-type-glossy fasc-rounded-medium\" style=\"background-color: #33809e; color: #ffffff;\" href=\"http:\/\/www.lassebacklund.fi\/?page_id=12945\">1910<\/a><\/h6>\n<h6><a class=\"fasc-button fasc-size-medium fasc-type-glossy fasc-rounded-medium\" style=\"background-color: #33809e; color: #ffffff;\" href=\"https:\/\/www.lassebacklund.fi\/?page_id=20272\">1911<\/a><\/h6>\n<h6><a class=\"fasc-button fasc-size-medium fasc-type-glossy fasc-rounded-medium\" style=\"background-color: #33809e; color: #ffffff;\" href=\"https:\/\/www.lassebacklund.fi\/?page_id=20941\">1913<\/a><\/h6>\n<h6><a class=\"fasc-button fasc-size-medium fasc-type-glossy fasc-rounded-medium\" style=\"background-color: #33809e; color: #ffffff;\" href=\"https:\/\/www.lassebacklund.fi\/?page_id=21347\">1915<\/a><\/h6>\n<h6><a class=\"fasc-button fasc-size-medium fasc-type-glossy fasc-rounded-medium\" style=\"background-color: #33809e; color: #ffffff;\" href=\"https:\/\/www.lassebacklund.fi\/?page_id=21365\">1916<\/a><\/h6>\n<h6><a class=\"fasc-button fasc-size-medium fasc-type-glossy fasc-rounded-medium\" style=\"background-color: #33809e; color: #ffffff;\" href=\"https:\/\/www.lassebacklund.fi\/?page_id=21418\">1918<\/a><\/h6>\n<h6><a class=\"fasc-button fasc-size-medium fasc-type-glossy fasc-rounded-medium\" style=\"background-color: #33809e; color: #ffffff;\" href=\"http:\/\/www.lassebacklund.fi\/?page_id=12816\">1919<\/a><\/h6>\n<p>&nbsp;<\/p>\n<p><span style=\"color: #000080;\">Registertidningen \u00e5r 1914<\/span> skrev att ett maskinandelslag hade bildats i Dagsmark 2.5.1914. Styrelsen bestod av ordf\u00f6rande Viktor Rosenlund och medlemmarna Erland Gr\u00f6nroos, Viktor Viklund med Henrik Klemets som disponent.<\/p>\n<p>&nbsp;<\/p>\n","protected":false},"excerpt":{"rendered":"<p>1910 1911 1913 1915 1916 1918 1919 &nbsp; Registertidningen \u00e5r 1914 skrev att ett maskinandelslag hade bildats i Dagsmark 2.5.1914. Styrelsen bestod av ordf\u00f6rande Viktor Rosenlund och medlemmarna Erland Gr\u00f6nroos, Viktor Viklund med Henrik Klemets som disponent. &nbsp;<\/p>\n","protected":false},"author":1,"featured_media":0,"parent":25,"menu_order":1910,"comment_status":"closed","ping_status":"closed","template":"","meta":{"footnotes":""},"class_list":["post-3732","page","type-page","status-publish","hentry"],"_links":{"self":[{"href":"https:\/\/www.lassebacklund.fi\/index.php?rest_route=\/wp\/v2\/pages\/3732","targetHints":{"allow":["GET"]}}],"collection":[{"href":"https:\/\/www.lassebacklund.fi\/index.php?rest_route=\/wp\/v2\/pages"}],"about":[{"href":"https:\/\/www.lassebacklund.fi\/index.php?rest_route=\/wp\/v2\/types\/page"}],"author":[{"embeddable":true,"href":"https:\/\/www.lassebacklund.fi\/index.php?rest_route=\/wp\/v2\/users\/1"}],"replies":[{"embeddable":true,"href":"https:\/\/www.lassebacklund.fi\/index.php?rest_route=%2Fwp%2Fv2%2Fcomments&post=3732"}],"version-history":[{"count":40,"href":"https:\/\/www.lassebacklund.fi\/index.php?rest_route=\/wp\/v2\/pages\/3732\/revisions"}],"predecessor-version":[{"id":21424,"href":"https:\/\/www.lassebacklund.fi\/index.php?rest_route=\/wp\/v2\/pages\/3732\/revisions\/21424"}],"up":[{"embeddable":true,"href":"https:\/\/www.lassebacklund.fi\/index.php?rest_route=\/wp\/v2\/pages\/25"}],"wp:attachment":[{"href":"https:\/\/www.lassebacklund.fi\/index.php?rest_route=%2Fwp%2Fv2%2Fmedia&parent=3732"}],"curies":[{"name":"wp","href":"https:\/\/api.w.org\/{rel}","templated":true}]}}