{"id":3725,"date":"2017-04-21T18:03:17","date_gmt":"2017-04-21T16:03:17","guid":{"rendered":"http:\/\/www.lassebacklund.fi\/?page_id=3725"},"modified":"2018-07-05T15:21:58","modified_gmt":"2018-07-05T13:21:58","slug":"tidningsartiklar-fran-1930-talet","status":"publish","type":"page","link":"https:\/\/www.lassebacklund.fi\/?page_id=3725","title":{"rendered":"Tidningsartiklar fr\u00e5n \u00e5r 1930."},"content":{"rendered":"<p><span style=\"color: #000080;\">Syd-\u00d6sterbotten 5.2.1930.<\/span><\/p>\n<p><span style=\"color: #000080; font-family: 'Helvetica','sans-serif';\"><span style=\"font-size: medium;\">Kommunalfullm\u00e4ktige i Lappfj\u00e4rd h\u00f6ll sammantr\u00e4de den 30 januari 1930 och tidningen refererade n\u00e5gra beslut:<\/span><\/span><\/p>\n<p><span style=\"font-family: 'Helvetica','sans-serif';\"><span style=\"color: #000000; font-size: medium;\">Av n\u00e4mndem\u00e4nnen gjord anh\u00e5llan att dem tillkommande avl\u00f6ning m\u00e5tte \u00f6kas fr\u00e5n 600 mk till 1,250 mk blev icke av fullm\u00e4ktige bifallen.<\/span><\/span><\/p>\n<p><span style=\"font-family: 'Helvetica','sans-serif';\"><span style=\"color: #000000; font-size: medium;\">Betingade entreprenadkostnader f\u00f6r uppf\u00f6randen av egna byggnader under detta \u00e5r f\u00f6r Korsb\u00e4ck folkskola fmk 274,900 och f\u00f6r H\u00e4rkmeri finska folkskola 214,000 mk godk\u00e4ndes av fullm\u00e4ktige.<\/span><\/span><\/p>\n<p><span style=\"font-family: 'Helvetica','sans-serif';\"><span style=\"color: #000000; font-size: medium;\">Betr\u00e4ffande underh\u00e5llet av enskilda v\u00e4gar och broar i kommunen hade tidigare utsedda kommitterade uppgjort och till fullm\u00e4ktige ingivit f\u00f6rslag, enligt vilket H\u00e4rkmeri v\u00e4gen, fr\u00e5n Tr\u00e4skvik r\u00e4knat, till en halv kilometer skulle \u00f6vertagas av hemmans\u00e4gare i Tr\u00e4skvik, och kommunen sedan i forts\u00e4ttning \u00f6vertager 3 km j\u00e4mte H\u00e4rkmeri \u00e5bro, samt resten av v\u00e4gen underh\u00e5lles av H\u00e4rkmeri skifteslag.<\/span><\/span><\/p>\n<p><span style=\"font-family: 'Helvetica','sans-serif';\"><span style=\"color: #000000; font-size: medium;\">Av Uttermossa v\u00e4gen skulle kommunen \u00f6verta 4 km och resten sk\u00f6tas av Uttermossa skifteslag. V\u00e4gen i Lappfj\u00e4rds by, fr\u00e5n andelshandeln \u00f6ver gamla bron till norra sidan, \u00e4vensom v\u00e4gen p\u00e5 s\u00f6dra sidan byn med s.k. Mitts och P\u00e4rus \u00e5broar skulle \u00f6vertagas av kommunens v\u00e5rd. <\/span><\/span><\/p>\n<p><span style=\"font-family: 'Helvetica','sans-serif';\"><span style=\"color: #000000; font-size: medium;\">F\u00f6r ombyggande av den s.k. Lilla \u00e5bron i Dagsmark f\u00f6reslogs ett bidrag om 8,000 mk.<\/span><\/span><\/p>\n<p><span style=\"font-family: 'Helvetica','sans-serif';\"><span style=\"color: #000000; font-size: medium;\">Besl\u00f6ts anh\u00e5lla om statsanslag av d\u00e4rf\u00f6r avsedda statsmedel f\u00f6r omedelbart anordnande av n\u00f6dhj\u00e4lpsarbete p\u00e5 orten. F\u00f6r att h\u00e4rom ans\u00f6ka valdes J. J. Wadstr\u00f6m och Viktor Nylund. S\u00e5som l\u00e4mpligt n\u00f6dhj\u00e4lpsarbete f\u00f6rorda fullm\u00e4ktige torrl\u00e4ggning av Storsj\u00f6 och Lillsj\u00f6 tr\u00e4sk, om vilkas torrl\u00e4ggning med statsmedel vederb\u00f6rande intressenter i n\u00e4mnda tr\u00e4sk \u00e4ven tidigare anh\u00e5llit.<\/span><\/span><\/p>\n<p><span style=\"color: #000080;\">Syd-\u00d6sterbotten 5.3.1930:<\/span><\/p>\n<p><span style=\"font-family: 'Helvetica','sans-serif';\"><span style=\"color: #000000; font-size: medium;\">Tillbud till eldsv\u00e5da yppade sig i Lappfj\u00e4rds kyrka i s\u00f6ndags. N\u00e5got av v\u00e4rmer\u00f6ren hade lekt, varf\u00f6r vinden blev alldeles fylld med r\u00f6k. N\u00e5gon eld syntes dock lyckligtvis inte till.<\/span><\/span><\/p>\n<p><span style=\"color: #000080;\">Syd-\u00d6sterbotten 22.03.1930:<\/span><\/p>\n<p><span style=\"font-family: 'Helvetica','sans-serif';\"><span style=\"color: #000000; font-size: medium;\"><strong>Eldsv\u00e5da.<\/strong> I tisdags rasade eldsv\u00e5da \u00e5 Lill\u00e5n. Det torra gr\u00e4set \u00e5 marken hade r\u00e5kat i brand och l\u00f6pte vida omkring, bl.a. ant\u00e4ndes 7 tomma lador, som uppbrunno. Den uppkomna skadan uppskattas till omkring 5,000 mark.<\/span><\/span><\/p>\n<p><span style=\"color: #000080;\">Syd-\u00d6sterbotten 2.4.1930:<\/span><\/p>\n<p><span style=\"font-family: 'Helvetica','sans-serif';\"><span style=\"color: #000000; font-size: medium;\">Skyddsk\u00e5rsavdelningen i Dagsmark hade i s\u00f6ndags den 30 mars kl 1.e.m. ordnat prisskjutt\u00e4vling. T\u00e4vlingsstr\u00e4ckan var 300 m mot ringad tavla och 10 skott. Resultaten blev: f\u00f6rsta pris Leander Nyholm, 79 po\u00e4ng, tv\u00e5a var Hemming Nyholm med 63 po\u00e4ng och trea Anselm Lillkull med 62 po\u00e4ng.<\/span><\/span><\/p>\n<p><span style=\"font-family: 'Helvetica','sans-serif';\"><span style=\"color: #000000; font-size: medium;\">P\u00e5 kv\u00e4llen var det skyddsk\u00e5rsfest p\u00e5 ungdomshemmet anordnad. Programmet inleddes med Vasa marsch, sedan h\u00f6ll avdelningschef Artur Storkull h\u00e4lsningstal, l\u00e4rarinnan \u00d6sterholm deklamerade \u201dDe fallna\u201d av J. Hemmer, sedan f\u00f6ljde f\u00f6redrag av l\u00e4rare G. Roos och sedan blev det prisutdelning f\u00f6r skyttarna.<\/span><\/span><\/p>\n<p><span style=\"font-family: 'Helvetica','sans-serif';\"><span style=\"color: #000000; font-size: medium;\">Efter kaffepausen uppl\u00e4ste Frans Storkull fr\u00e5n tidningen &#8221;Skyddsk\u00e5risten&#8221; reflektionen om fredsr\u00f6relsen och skyddsk\u00e5rsr\u00f6relsen av G. Dahlbo. Sist p\u00e5 programmet f\u00f6ljde en sk\u00e4mtsam dialog, varfeter dansen vidtog. Festen var f\u00e5taligt bes\u00f6kt, ordningen var god under hela festen.<\/span><\/span><\/p>\n<p><span style=\"color: #000080;\">Syd-\u00d6sterbotten 14.06.1930.<\/span><\/p>\n<p>Skolornas direktioner har utsett nya l\u00e4rarinnor och i Dagsmark h\u00f6gre folkskola valdes Anna Linnea Teir fr\u00e5n N\u00e4rpes. Till l\u00e4rarinna i Korsb\u00e4ck l\u00e4gre folkskola uts\u00e5gs Linda Sofia Byman och i H\u00e4rkmeri finska folkskola Ano Lydia Ver\u00e4nen.<\/p>\n<p><span style=\"color: #000080;\">Syd-\u00d6sterbotten 9.7.1930.<\/span><\/p>\n<p><span style=\"font-family: 'Helvetica','sans-serif';\"><span style=\"color: #000000; font-size: medium;\"><strong>Avskedsfest<\/strong>. I tisdags senaste vecka hade byssbor i Dagsmark anordnat avskedsfest f\u00f6r herrskapet Sj\u00f6blad med anledning av deras f\u00f6rest\u00e5ende flyttning till Jeppo. Det var talrika skaror, som i den varma sommarkv\u00e4llen kl.8 samlades i b\u00f6nehuset.<\/span><\/span><\/p>\n<p><span style=\"font-family: 'Helvetica','sans-serif';\"><span style=\"color: #000000; font-size: medium;\">L\u00e4rare Sj\u00f6blad h\u00f6ll avskedspredikan, som tacksamt \u00e5h\u00f6rdes av allm\u00e4nheten. Bonde Erik Anders Rosengren framf\u00f6rde i enkla ordalag byssbornas tack till herrskapet Sj\u00f6blad f\u00f6r deras verksamhet i byn under de g\u00e5ngna nio \u00e5ren, b\u00e5de f\u00f6r deras arbete i folkskolans tj\u00e4nst och f\u00f6r deras f\u00f6rkunnande av Guds ord i b\u00f6nehuset. D\u00e4refter \u00f6verr\u00e4cktes till herrskapet Sj\u00f6blad ett prydligt tek\u00f6k samt blommor.<\/span><\/span><\/p>\n<p><span style=\"font-family: 'Helvetica','sans-serif';\"><span style=\"color: #000000; font-size: medium;\">L\u00e4rare Sj\u00f6blad tackade i varma ordalag f\u00f6r hyllningen, erinrande om de vackra stunder man haft under b\u00f6nehusets tak, lyssnande till Guds ords f\u00f6rkunnelse och om de of\u00f6rg\u00e4tliga dagarna vid Evangeliska folkh\u00f6gskolans \u00f6ppnande i Dagsmark, dessa vinterkv\u00e4llar, som flitigt bes\u00f6ktes av byssborna. <\/span><\/span><\/p>\n<p><span style=\"font-family: 'Helvetica','sans-serif';\"><span style=\"color: #000000; font-size: medium;\">Den som inte har upplevt dessa dagar, kan inte ana dess sk\u00f6nhet. Man gl\u00f6mde detta livs jordbundenhet, man var mera d\u00e4r uppe \u00e4n h\u00e4r nere. Denna tids dyrbara g\u00e5vor kan aldrig gkl\u00f6mmas. Minnet \u00e4r outpl\u00e5nligt inristat i m\u00e5ngas hj\u00e4rtan, vilar som guldkorn p\u00e5 hj\u00e4rtats botten, evighetsblommor f\u00f6r en troende sj\u00e4l. De m\u00f6rka moln, som ibland uppstiga, f\u00f6rsvinna som dagg f\u00f6r solen f\u00f6r Guds andliga kunskaps rikedom.<\/span><\/span><\/p>\n<p><span style=\"font-family: 'Helvetica','sans-serif';\"><span style=\"color: #000000; font-size: medium;\">M\u00e5ngas \u00f6gon stod fulla med t\u00e5rar. De, som \u00e4lska Guds ord, samlas s\u00e5 g\u00e4rna f\u00f6r att f\u00e5 m\u00e4tta sin hungrade sj\u00e4l med livets klara ljus, Jesu Kristi n\u00e5deverk. Under den korta tid som rektor Sj\u00f6blad verkat i Dagsmark, har Guds ord ej \u00e5terkommit f\u00e5f\u00e4ngt. Frukter har spirat i sp\u00e5ren av enighetss\u00e5dden.<\/span><\/span><\/p>\n<p><span style=\"font-family: 'Helvetica','sans-serif';\"><span style=\"color: #000000; font-size: medium;\">Till rektorskan Sj\u00f6blad framf\u00f6rdes ett tack fr\u00e5n syf\u00f6reningens sida f\u00f6r hennes ordf\u00f6randeskap inom f\u00f6reningen under de sista \u00e5ren, d\u00e5 denna haft att k\u00e4mpa med stora ekonomiska sv\u00e5righeter.<\/span><\/span><\/p>\n<p><span style=\"font-family: 'Helvetica','sans-serif';\"><span style=\"color: #000000; font-size: medium;\">H\u00e4refter drack man kaffe och sj\u00f6ng gemensamt flera s\u00e5nger. Det drog ut p\u00e5 sm\u00e5timmarna, innan man tog avsked och \u00f6nskade lycka och framg\u00e5ng. Den vackra avskedsfesten kommer att stanna l\u00e4nge i minnet.<\/span><\/span><\/p>\n<p><span style=\"color: #000080;\">Syd-\u00d6sterbotten 2.8.1930:<\/span><\/p>\n<p><strong>Idrottst\u00e4vlingar i Dagsmark.<\/strong><\/p>\n<p>Trots regnigt v\u00e4der hade Lappfj\u00e4rds skyddsk\u00e5rs idrottsm\u00e4n m\u00f6tt talrikt upp till t\u00e4vlan i friidrott om en pokal skyddsk\u00e5rsavdelningarna emellan i Dagsmark senaste s\u00f6ndag. Dagsmark avdelningen med sin hurtiga chef Storkull i spetsen stod f\u00f6r arrangemangen, vilka var synnerligen lyckade.<\/p>\n<p>I l\u00e4nghopp vann Gunnar Gr\u00f6ndal med 5,58 meter och Elmer Rosengren f\u00f6rlorade med endast 1 cm. I diskus vann Valter Lindell med 30,60 meter, i spjutkastning blev han andra med ett kast p\u00e5 41,82 och i kula blev han trea med den l\u00e4ngsta st\u00f6ten p\u00e5 9,96.<\/p>\n<p>Vilho Myllyniemi vann helt v\u00e4ntat 1\u00a0500 meter l\u00f6pning p\u00e5 tiden 4,20 men han blev ocks\u00e5 tv\u00e5a p\u00e5 100 meter, p\u00e5 samma tid som Elmer Rosengren. Tiden var 12,8 sekunder. Ytterligare kan n\u00e4mnas att Gunnar Gr\u00f6ndahl ocks\u00e5 hoppade h\u00f6jd och han blev tv\u00e5a med resultatet 152 cm.<\/p>\n<p><strong>Bilhuligan i Dagsmark.<\/strong><\/p>\n<p>Senaste l\u00f6rdag kv\u00e4ll vid 10-tiden fick man i Dagsmark prov p\u00e5 bilterror i sino prydno. Vi n\u00e4mnda tid kom en lastbils\u00e4gare k\u00f6rande med sin lastbil genom byn. Detta trots att han saknade k\u00f6rkort och dessutom var synbart berusad.<\/p>\n<p>Han stannade utanf\u00f6r handlandens Roseng\u00e5rd f\u00f6r att k\u00f6pa bensin. N\u00e5gon s\u00e5dan fick han dock inte. Roseng\u00e5rd f\u00f6rh\u00e5ll honom, att han inte skall k\u00f6ra utan k\u00f6rkort, samt dessutom berusad, utan han borde ta sig hem, innan han f\u00e5r n\u00e5got m\u00e4nniskoliv p\u00e5 sitt samvete.<\/p>\n<p>N\u00e5, intet annat var att g\u00f6ra \u00e4n att v\u00e4nda hems igen men i den v\u00e4ndningen h\u00f6ll Roseng\u00e5rds plank och grind p\u00e5 att f\u00f6lja med. Sedan bar det av \u00e5t Lappfj\u00e4rd till med 60 kms fart slingrande fr\u00e5n det ena diket till det andra. Om n\u00e5gon hade kommit emot p\u00e5 v\u00e4gen, hade en kollision knappast kunnat undvikas. P\u00e5 det s\u00e4ttet gick det ungef\u00e4r en kilometer, men s\u00e5 kom bilen f\u00f6r lite l\u00e5ngt ut fr\u00e5n v\u00e4gen, s\u00e5 att bara tv\u00e5 hjul var uppe p\u00e5 v\u00e4gen.<\/p>\n<p>Bilen gjorde en dubbelvolt och kom, underbart nog, ner p\u00e5 r\u00e4tt k\u00f6l. Bilen blev r\u00e4tt s\u00e5 sv\u00e5rt ramponerad. \u00c4garen och hans passagerare blev \u00e4nd\u00e5 oskadda. I gl\u00e4djen d\u00e4r\u00f6ver satte de sig p\u00e5 v\u00e4gkanten och b\u00f6rjade ogenerat umg\u00e5s med en medhavd flaska.<\/p>\n<p>-Kan ingenting g\u00f6ras \u00e5t s\u00e5dana som k\u00f6r bil utan k\u00f6rkort i fyllan, fr\u00e5gar n\u00e5gra dagsmarkbor, som hade l\u00e4mnat oss ovanst\u00e5ende uppgifter. Vi till\u00e5ter oss att st\u00e4lla en motfr\u00e5ga: hur skulle det vara att anm\u00e4la om saken \u00e5t l\u00e4nsmannen? Han brukar kunna skaffa dylikt l\u00e4der en l\u00e4mplig sm\u00f6rja.<\/p>\n<p><strong>Hemsk d\u00f6dsolycka p\u00e5 hamnbanan.<\/strong><\/p>\n<p>I onsdags n\u00e5got f\u00f6re kl. 8 p\u00e5 morgonen intr\u00e4ffade i Kristinestad p\u00e5 hamnbanan en hemsk olycka. Arbeterskan Anna Alvina Jansson var p\u00e5 v\u00e4g till lastningsarbete i hamnen och tog v\u00e4gen \u00f6ver j\u00e4rnv\u00e4gsbanken till p\u00e5lkajen. Hon hade s\u00e5 br\u00e5ttom till arbetet att hon inte m\u00e4rkte att ett lokomotiv med 4 vagnar k\u00f6rde in p\u00e5 p\u00e5lkajen med den p\u00e5f\u00f6ljd att hon hamnade under t\u00e5get.<\/p>\n<p>Jansson f\u00f6rdes genast till sjukhuset, d\u00e4r hon fick tre injektioner med avled hon det oaktat genast efter framkomsten. Den f\u00f6rolyckade var f\u00f6dd i Dagsmark 1886. Hon gifte sig med en bonde i \u00d6vermark, blev \u00e4nka 1922 och flyttade till Kristinestad samma \u00e5r. Hon har levat under mycket knappa omst\u00e4ndigheter och efterl\u00e4mnar 3 barn, av vilka det \u00e4ldsta \u00e4r 13 \u00e5r gammalt.<\/p>\n<p><span style=\"color: #000080; font-family: 'Helvetica','sans-serif';\"><span style=\"font-size: medium;\">Anna Alvina Jansson (1886-1930) var dotter till Johan Johansson Fr\u00f6berg (1850-1891) och Anna Greta Johansdotter Lillsj\u00f6 (1850-1927). Hon var gift med bonden Johan Jakobsson Jansson fr\u00e5n \u00d6vermark (1878-1922) och fick med honom 3 barn:<\/span><\/span><\/p>\n<p><span style=\"color: #000080; font-family: 'Helvetica','sans-serif';\"><span style=\"font-size: medium;\">-Lennart Jansson (1917-1988) som gifte sig med Lilja Irene Torkkola fr\u00e5n Stor\u00e5 och de fick en son, bosatt i Kristinestad.<\/span><\/span><\/p>\n<p><span style=\"color: #000080; font-family: 'Helvetica','sans-serif';\"><span style=\"font-size: medium;\">-Rurik Jansson (f. 1918) som var gift med Vera, emigrerade och fick flera barn.<\/span><\/span><\/p>\n<p><span style=\"color: #000080; font-family: 'Helvetica','sans-serif';\"><span style=\"font-size: medium;\">-Linnea Jansson (d. 1921) gift 2 g\u00e5nger och fick flera barn.<\/span><\/span><\/p>\n<p><span style=\"color: #000080;\">Syd-\u00d6sterbotten 15.10.1930:<\/span><\/p>\n<p><strong>Korsb\u00e4ck folkskola invigdes<\/strong> senaste s\u00f6ndag den 12 oktober 1930 med en ansl\u00e5ende h\u00f6gtidlighet. Sedan psalmen \u201dSanningens Ande\u201d sjungits f\u00f6rr\u00e4ttades invigningen av prosten Rancken, som talade om undervisningens n\u00f6dv\u00e4ndighet f\u00f6r det uppv\u00e4xande sl\u00e4ktet och betingelserna f\u00f6r v\u00e4lsignelse i skolarbetet. Byggnadskommitt\u00e9ns ordf\u00f6rande Viktor Nylund, som l\u00e4mnade diverse uppgifter om det nu slutf\u00f6rda skolbyggnadsarbetet, som utf\u00f6rts f\u00f6r en entreprenadsumma av 274,900 mk, \u00f6verl\u00e4mnade de nya skolbyggnaderna till kommunen f\u00f6r dess vidare v\u00e5rd.<\/p>\n<p>Kommunalfullm\u00e4ktiges ordf\u00f6rande J. J. Wadstr\u00f6m, som p\u00e5 kommunens v\u00e4gnar mottog de nu uppf\u00f6rda skolbyggnaderna, f\u00f6r att kommunen som dess egendom vidare v\u00e5rdas och underh\u00e5llas f\u00f6r det syfte de blivit uppf\u00f6rda, uttalade kommunens erk\u00e4nsla och tack till byggnadskommitt\u00e9n f\u00f6r v\u00e4l utf\u00f6rt uppdrag vid \u00f6vervakandet av skolbyggnadsarbetet samt l\u00e4mnade en relation om skolfr\u00e5gans utveckling i Korsb\u00e4ck.<\/p>\n<p>Under 45 \u00e5r, r\u00e4knat fr\u00e5n 1878 d\u00e5 Dagsmark folkskola \u00f6ppnades, har allm\u00e4nheten i Korsb\u00e4ck f\u00f6r sina barns undervisning begagnat sig av Dagsmark folkskola. Genom p\u00e5bjuden l\u00e4roplikt sammanf\u00f6rdes Lillsj\u00f6 och Korsb\u00e4ck byasamh\u00e4llen till ett s\u00e4rskilt skoldistrikt och \u00f6ppnades skolan i Korsb\u00e4ck fr\u00e5n h\u00f6sten 1923 i provisorisk lokal. Skolan, som till en b\u00f6rjan var en skola med f\u00f6rkortad l\u00e4rokurs, omlades 1929 till fullst\u00e4ndig folkskola, som genom den nya skolbyggnaden f\u00e5tt ett eget trevligt hem, varigenom Korsb\u00e4ck skoldistrikt nu kommit till sin fulla naturliga r\u00e4tt.<\/p>\n<p><span style=\"font-family: 'Helvetica','sans-serif';\"><span style=\"color: #000000; font-size: medium;\">\u00a0<span style=\"color: #000080;\">Syd-\u00d6sterbotten 8.11.1930:<\/span><\/span><\/span><\/p>\n<p><strong>P\u00e5 Dagsmark andelsmejeris och andelskassans h\u00f6stst\u00e4mma<\/strong> den 28 oktober behandlades bland annat f\u00f6ljande: Till ordf\u00f6rande f\u00f6r st\u00e4mman uts\u00e5gs Erik Englund och till sekreterare Frans Agn\u00e4s. Genom lottning avgick ur styrelsen f\u00f6r mejeriet Erik Englund och Axel Forslin, men Englund \u00e5tervaldes och i st\u00e4llet f\u00f6r Forslin valdes Johannes Stenlund, samt till suppleant Erland Norrg\u00e5rd.<\/p>\n<p>Som arvode \u00e5t styrelsemedlem f\u00f6r bevistat sammantr\u00e4de best\u00e4mdes 5 mk och f\u00f6r sekreteraren 10 mk. Till revisorer valdes mejerif\u00f6rbundet och som lokala revisorer Emil Backlund och Valdemar Rosengren. Besl\u00f6ts att prenumerera p\u00e5 Lantm\u00e4n och Andelsfolk f\u00f6r \u00e5r 1931 \u00e5t samtliga medlemmar.<\/p>\n<p>Vid mejeriet har under \u00e5rets tre f\u00f6rsta kvartal inv\u00e4gts 516,816 kg mj\u00f6lk, varav tillverkats 21,752 kg sm\u00f6r. Medelmj\u00f6lk\u00e5tg\u00e5ngen till 1 kg sm\u00f6r har varit 23,5. Till leverant\u00f6rerna har utbetalats i pengar 423,553 mk eller i medeltal 82 penni per kg mj\u00f6lk.<\/p>\n<p>P\u00e5 andelskassans st\u00e4mma behandlades f\u00f6ljande: Kallelsen till st\u00e4mman godk\u00e4ndes av de n\u00e4rvarande. Till ordf\u00f6rande uts\u00e5gs Erik Englund och till sekreterare Viktor Bj\u00f6rklund. Inl\u00e5ningsgr\u00e4nsen fastst\u00e4lldes till 600,000 mk och utl\u00e5ning till medlem 20,000 mk och mot inteckning 100,000 mk, och till andelslag 350,000 mk, deposition av en person till h\u00f6gst 50,000 mk.<\/p>\n<p>Till revisorer valdes Emil Backlund och Erik Anders Klemets. I styrelsen avgick Johan Lillkull och Josef Granlund, samt suppleanten Alfred Nordberg men samtliga \u00e5tervaldes.<\/p>\n<p>Av ber\u00e4ttelsen framgick att kassan under \u00e5ret utgivit 44 l\u00e5n med en gemensam summa av 73,910 mark. Magister af H\u00e4llstr\u00f6m fr\u00e5n Lappfj\u00e4rd folkh\u00f6gskola h\u00f6ll ett intressant f\u00f6redrag om jordbrukets r\u00e4ntabilitet, varefter f\u00f6ljde diskussion.<\/p>\n<p>Under pausen bj\u00f6d mejeriet p\u00e5 gratis kaffe. St\u00e4mman var talrikt bes\u00f6kt, vilket visar att intresset f\u00f6r andelsverksamheten p\u00e5 orten \u00e4r ganska stor.<\/p>\n<p><span style=\"color: #000080;\">Syd-\u00d6sterbotten 12.11.1930:<\/span><\/p>\n<p><span style=\"font-family: 'Helvetica','sans-serif';\"><span style=\"color: #000000; font-size: medium;\">Svenska dagen den 6 november h\u00f6gtidligh\u00f6lls i Dagsmark med en talrikt bes\u00f6kt och st\u00e4mningsfull fest p\u00e5 ungdomshemmet. Festen b\u00f6rjade kl. 7 e.m., som inledning sj\u00f6ngs psalmen \u201dV\u00e5r Gud \u00e4r oss en v\u00e4ldig borg\u201d till pianoackompanjemang av l\u00e4raren Einar Lind, som \u00e4ven d\u00e4rp\u00e5 h\u00f6ll festtalet. Sj\u00f6ngs s\u00e5 \u201dModersm\u00e5lets s\u00e5ng\u201d, varp\u00e5 l\u00e4rarinnan Linnea Teir med v\u00e4rme och k\u00e4nsla deklamerade \u201dV\u00e5r svenska stam\u201d av Hjalmar Procop\u00e9.<\/span><\/span><\/p>\n<p><span style=\"font-family: 'Helvetica','sans-serif';\"><span style=\"color: #000000; font-size: medium;\">Efter en kaffepaus sj\u00f6ngs \u201dDu gamla du fria\u201d, sedan l\u00e4ste Gerda Englund en ber\u00e4ttelse \u201dLapp-Jonte\u201d. Sedan upptr\u00e4dde Aina Lillkull och Elna Storkull med en dialog av Alexandra Eriksson, som behandlade nykterhetssp\u00f6rsm\u00e5let i v\u00e5r tid. Festen avsl\u00f6ts med \u201dV\u00e5rt land\u201d.<\/span><\/span><\/p>\n<p><span style=\"color: #000080;\">Syd-\u00d6sterbotten 5.12.1930:<\/span><\/p>\n<p><span style=\"font-family: 'Helvetica','sans-serif';\"><span style=\"color: #000000; font-size: medium;\">Nykterhetsfest hade f\u00f6reningen Framtid i Dagsmark senaste l\u00f6rdag kv\u00e4ll. Festprogrammet inleddes med Modersm\u00e5lets s\u00e5ng, h\u00e4lsningstal h\u00f6lls av f\u00f6reningens ordf\u00f6rande Frans Storkull, deklamation av l\u00e4rarinnan Linnea Teir, S. Kronman spelade p\u00e5 violin n\u00e5gra gamla Lappfj\u00e4rdsmenuetter.<\/span><\/span><\/p>\n<p><span style=\"font-family: 'Helvetica','sans-serif';\"><span style=\"color: #000000; font-size: medium;\">En handskriven tidning, som hette \u201dGnistan\u201d uppl\u00e4ste Julia Lindroos, som \u00e4ven redigerat den. Som sista nummer p\u00e5 programmet f\u00f6revisades en tabl\u00e5 \u201dSoldatens sista syn\u201d. Sist f\u00f6ljde sv\u00e4ngom till god musik. Festen hade nog kunnat vara talrikare bes\u00f6kt \u00e4n fallet var, i synnerhet synes nykterhetsintresset bland de \u00e4ldre vara minimalt, ty fr\u00e5n det h\u00e5llet var n\u00e4rvarande endast en.<\/span><\/span><\/p>\n<p><span style=\"color: #000080;\">Syd-\u00d6sterbotten 13.12.1930:<\/span><\/p>\n<p><span style=\"font-family: 'Helvetica','sans-serif';\"><span style=\"color: #000000; font-size: medium;\">Till kommunalfullm\u00e4ktige i Lappfj\u00e4rd har valts f\u00f6ljande personer: Viktor Rosenstedt, Axel Lilltr\u00e4sk, K. H. Landg\u00e4rds, Erland B\u00e5sk, Sigfrid Rosenholm, J. J. Wadstr\u00f6m, Otto Kronman, Frans Jutila, Karl Knus, Hemming Ellfolk, Johannes Stenlund, Johan Lillkull, Emil Berg, E. J. Bj\u00f6rses, Sigfrid Grannas, Frans Vester, K. Erland Holm, Erland Krook och Viktor Krokb\u00e4ck.<\/span><\/span><\/p>\n<p><span style=\"font-family: 'Helvetica','sans-serif';\"><span style=\"color: #000000; font-size: medium;\">Till suppleanter valdes bland annat Evert Lindqvist, Valdemar Rosengren, Erland Norrg\u00e5rd och Emil Backlund.<\/span><\/span><\/p>\n<p>&nbsp;<\/p>\n<p>&nbsp;<\/p>\n<p>&nbsp;<\/p>\n","protected":false},"excerpt":{"rendered":"<p>Syd-\u00d6sterbotten 5.2.1930. Kommunalfullm\u00e4ktige i Lappfj\u00e4rd h\u00f6ll sammantr\u00e4de den 30 januari 1930 och tidningen refererade n\u00e5gra beslut: Av n\u00e4mndem\u00e4nnen gjord anh\u00e5llan att dem tillkommande avl\u00f6ning m\u00e5tte \u00f6kas fr\u00e5n 600 mk till 1,250 mk blev icke av fullm\u00e4ktige bifallen. Betingade entreprenadkostnader f\u00f6r <a class=\"more-link\" href=\"https:\/\/www.lassebacklund.fi\/?page_id=3725\">Forts\u00e4tt l\u00e4sa <span class=\"screen-reader-text\">  Tidningsartiklar fr\u00e5n \u00e5r 1930.<\/span><span class=\"meta-nav\">&rarr;<\/span><\/a><\/p>\n","protected":false},"author":1,"featured_media":0,"parent":8994,"menu_order":1930,"comment_status":"closed","ping_status":"closed","template":"","meta":{"footnotes":""},"class_list":["post-3725","page","type-page","status-publish","hentry"],"_links":{"self":[{"href":"https:\/\/www.lassebacklund.fi\/index.php?rest_route=\/wp\/v2\/pages\/3725","targetHints":{"allow":["GET"]}}],"collection":[{"href":"https:\/\/www.lassebacklund.fi\/index.php?rest_route=\/wp\/v2\/pages"}],"about":[{"href":"https:\/\/www.lassebacklund.fi\/index.php?rest_route=\/wp\/v2\/types\/page"}],"author":[{"embeddable":true,"href":"https:\/\/www.lassebacklund.fi\/index.php?rest_route=\/wp\/v2\/users\/1"}],"replies":[{"embeddable":true,"href":"https:\/\/www.lassebacklund.fi\/index.php?rest_route=%2Fwp%2Fv2%2Fcomments&post=3725"}],"version-history":[{"count":20,"href":"https:\/\/www.lassebacklund.fi\/index.php?rest_route=\/wp\/v2\/pages\/3725\/revisions"}],"predecessor-version":[{"id":9006,"href":"https:\/\/www.lassebacklund.fi\/index.php?rest_route=\/wp\/v2\/pages\/3725\/revisions\/9006"}],"up":[{"embeddable":true,"href":"https:\/\/www.lassebacklund.fi\/index.php?rest_route=\/wp\/v2\/pages\/8994"}],"wp:attachment":[{"href":"https:\/\/www.lassebacklund.fi\/index.php?rest_route=%2Fwp%2Fv2%2Fmedia&parent=3725"}],"curies":[{"name":"wp","href":"https:\/\/api.w.org\/{rel}","templated":true}]}}