{"id":368,"date":"2016-09-11T16:36:13","date_gmt":"2016-09-11T14:36:13","guid":{"rendered":"http:\/\/www.lassebacklund.fi\/?page_id=368"},"modified":"2026-02-13T14:45:24","modified_gmt":"2026-02-13T12:45:24","slug":"gullmes-gard-pa-dagsmarkvagen-110","status":"publish","type":"page","link":"https:\/\/www.lassebacklund.fi\/?page_id=368","title":{"rendered":"Gullmes g\u00e5rd p\u00e5 Dagsmarkv\u00e4gen 110"},"content":{"rendered":"<figure id=\"attachment_363\" aria-describedby=\"caption-attachment-363\" style=\"width: 597px\" class=\"wp-caption alignnone\"><img loading=\"lazy\" decoding=\"async\" class=\"size-full wp-image-363\" src=\"http:\/\/www.lassebacklund.fi\/wp-content\/uploads\/2016\/09\/1wpbe4a2b94_05_06.jpg\" alt=\"S\u00e5 h\u00e4r ser Gullmes Emils g\u00e5rd ut i dag, fotograferad fr\u00e5n landsv\u00e4gen.\" width=\"597\" height=\"411\" srcset=\"https:\/\/www.lassebacklund.fi\/wp-content\/uploads\/2016\/09\/1wpbe4a2b94_05_06.jpg 597w, https:\/\/www.lassebacklund.fi\/wp-content\/uploads\/2016\/09\/1wpbe4a2b94_05_06-300x207.jpg 300w\" sizes=\"auto, (max-width: 597px) 100vw, 597px\" \/><figcaption id=\"caption-attachment-363\" class=\"wp-caption-text\">Den h\u00e4r g\u00e5rden byggdes omkring 1916 av Josef Bjors el. Bj\u00f6rs och hans hustru Anna Josefina. Den \u00f6vertogs sedan av Emil Gullmes och den \u00e4r fortfarande i den sl\u00e4ktens \u00e4go. Fotot fr\u00e5n 2014 \u00e4r taget fr\u00e5n landsv\u00e4gen.<\/figcaption><\/figure>\n<p><span style=\"color: #000080;\"><strong>Uppgjort av Lasse Backlund \u00e5r 2014. Uppgifterna \u00e4r tagna ur gamla lagfarter och sl\u00e4ktutredningar. Eugen Bj\u00f6rs har bidragit med viktig information.<\/strong><\/span><\/p>\n<figure id=\"attachment_364\" aria-describedby=\"caption-attachment-364\" style=\"width: 600px\" class=\"wp-caption alignnone\"><img loading=\"lazy\" decoding=\"async\" class=\" wp-image-364\" src=\"http:\/\/www.lassebacklund.fi\/wp-content\/uploads\/2016\/09\/2wp6ed23159_05_06.jpg\" alt=\"S\u00e5 h\u00e4r ser Gullmes obebodda g\u00e5rd ut fr\u00e5n norr,\" width=\"600\" height=\"450\" srcset=\"https:\/\/www.lassebacklund.fi\/wp-content\/uploads\/2016\/09\/2wp6ed23159_05_06.jpg 625w, https:\/\/www.lassebacklund.fi\/wp-content\/uploads\/2016\/09\/2wp6ed23159_05_06-300x225.jpg 300w\" sizes=\"auto, (max-width: 600px) 100vw, 600px\" \/><figcaption id=\"caption-attachment-364\" class=\"wp-caption-text\">G\u00e5rden fotograferad fr\u00e5n norr \u00e5r 2014.<\/figcaption><\/figure>\n<h3><strong>G\u00e5rdens och parcellens historia<\/strong><\/h3>\n<p>Den h\u00e4r g\u00e5rden byggdes p\u00e5 det Klemets hemman Landg\u00e4rds, som i tiderna hade tillh\u00f6rt \u201dKlemes Kalle\u201d, allts\u00e5 Karl Erik Klemets (1857-1939) var gift med Josefina (f. Berg i Uttermossa 1856-1947) som kallades Fina. G\u00e5rden hade f\u00f6re det st\u00e5tt nedanf\u00f6r Saatsis g\u00e5rd n\u00e4ra Perus \u00e5bro, mittemot Elis Westerlunds g\u00e5rd. Landg\u00e4rds hemmanet bytte \u00e4gare ett par g\u00e5nger och det \u00f6vertogs \u00e5r 1914 av Erik Pihlaja (f. i Stor\u00e5 1855) och hans hustru Anna Kajsa Eriksdotter (f. i Tj\u00f6ck 1863).<\/p>\n<p><strong>\u00c5r 1915, den 5 juli<\/strong> s\u00e5lde Erik och Anna Kajsa Pihlaja en parcell p\u00e5 ca 2 ha \u00e5t Josef Bjors (f. i Dagsmark 1866). K\u00f6peskillingen utgjorde 750 mark och parcellen fick namnet L\u00e5gmark 1:28.<\/p>\n<p>Josef Josefsson Bj\u00f6rs el. Bjors f\u00f6ddes \u00e5r 1866 och han for \u00e5r 1884 till Amerika tillsammans med Karl Johan eller Ch.Ulfves. Han gifte sig d\u00e4r \u00e5r 1898 i San Jos\u00e9\u00a0 med Anna Josefina Velander, som var f\u00f6dd \u00e5r 1863 i Stockholm. N\u00e4r de \u00e5terv\u00e4nde bodde de en tid i Kristinestad, d\u00e4r sonen Herbert Raimond Velander-Bjors f\u00f6ddes \u00e5r 1906. Herbert Raimond utbildade sig till elektrotekniker och \u00e5r 1931 flyttade han till Heinola och han bodde sedan p\u00e5 flera st\u00e4llen i landet.<\/p>\n<p><strong>\u00c5r 1926<\/strong> stiftades en lag som gjorde att parcell\u00e4garna Josef och Anna Josefina kunde l\u00f6sa in parcellen och bryta ut den fr\u00e5n hemmanet Landg\u00e4rds.<\/p>\n<h4><strong>Emil Gullmes tar \u00f6ver<\/strong><\/h4>\n<p><strong>\u00c5r 1933, i februari<\/strong> avled Josef Bjors och i maj 1936 s\u00e5lde \u00e4nkan Anna Bjors och hennes son Herbert, som vid denna tid bodde i M\u00e4ntt\u00e4,\u00a0 denna L\u00e5gmark fastighet \u00e5t Emil Gullmes (1899-1976) och Alina (f.Kl\u00e5vus 1903). Emil Gullmes arbetade l\u00e5nga tider p\u00e5 P\u00e4rus-Fors Ab.<\/p>\n<figure id=\"attachment_702\" aria-describedby=\"caption-attachment-702\" style=\"width: 1690px\" class=\"wp-caption alignnone\"><img loading=\"lazy\" decoding=\"async\" class=\"size-full wp-image-702\" src=\"https:\/\/www.lassebacklund.fi\/wp-content\/uploads\/2016\/09\/Karta-52-webben.jpg\" alt=\"\" width=\"1690\" height=\"1268\" srcset=\"https:\/\/www.lassebacklund.fi\/wp-content\/uploads\/2016\/09\/Karta-52-webben.jpg 1690w, https:\/\/www.lassebacklund.fi\/wp-content\/uploads\/2016\/09\/Karta-52-webben-300x225.jpg 300w, https:\/\/www.lassebacklund.fi\/wp-content\/uploads\/2016\/09\/Karta-52-webben-768x576.jpg 768w, https:\/\/www.lassebacklund.fi\/wp-content\/uploads\/2016\/09\/Karta-52-webben-1024x768.jpg 1024w\" sizes=\"auto, (max-width: 1690px) 100vw, 1690px\" \/><figcaption id=\"caption-attachment-702\" class=\"wp-caption-text\">P\u00e5 den gamla kartan s\u00e5 ser vi var L\u00e5gmark parcellen l\u00e5g, d\u00e4r Gullmes g\u00e5rd fortfarande st\u00e5r kvar. P\u00e5 Granstr\u00f6ms parcell st\u00e5r &#8221;Ulla Juli&#8221; Rosenlunds f\u00f6rfallna g\u00e5rd i dag.<\/figcaption><\/figure>\n<p>Emil och Alina Gullmes fick 2 barn:<\/p>\n<p>-Hans (f. 1927) som var gift med Irma Lammasniemi och de har en son, som bor i Lappfj\u00e4rd<\/p>\n<p>-Karin (f.1933) som var gift med \u00c5ke Stor\u00e5s och de har tre barn<\/p>\n<p><strong>\u00c5r 1976<\/strong> avled Emil Gullmes och \u00e5r 1992 f\u00f6rr\u00e4ttades partiellt arvsskifte, d\u00e5 det best\u00e4mdes att de b\u00e5da barnen \u00e4rver h\u00e4lften var av l\u00e4genheten L\u00e5gmark 1:28.<\/p>\n<figure id=\"attachment_366\" aria-describedby=\"caption-attachment-366\" style=\"width: 444px\" class=\"wp-caption alignnone\"><img loading=\"lazy\" decoding=\"async\" class=\"wp-image-366\" src=\"http:\/\/www.lassebacklund.fi\/wp-content\/uploads\/2016\/09\/4wp1c2768d9_05_06.jpg\" alt=\"Tr\u00e4d och buskar skymmer snart lillstugan hos Gullmes i Storfors,\" width=\"444\" height=\"334\" \/><figcaption id=\"caption-attachment-366\" class=\"wp-caption-text\">Tr\u00e4d och buskar skymmer snart lillstugan hos Gullmes i Storfors.<\/figcaption><\/figure>\n<p>Hans Gullmes byggde denna lillstuga p\u00e5 g\u00e5rden och bodde h\u00e4r tills han k\u00f6pte Hautaviitas g\u00e5rd i Lappfj\u00e4rd. I den g\u00e5rden bedrev han under flera \u00e5r en elinstallationsfirma. Bostadshuset i Storfors stod tomt i ca 20 \u00e5r tills Hans Gullmes flyttade tillbaka d\u00e5 han avyttrade f\u00f6retaget i Lappfj\u00e4rd.<\/p>\n<figure id=\"attachment_367\" aria-describedby=\"caption-attachment-367\" style=\"width: 536px\" class=\"wp-caption alignnone\"><img loading=\"lazy\" decoding=\"async\" class=\" wp-image-367\" src=\"http:\/\/www.lassebacklund.fi\/wp-content\/uploads\/2016\/09\/Gullmes-Elbyr\u00e5.jpg\" alt=\"Hit till \u00f6vre v\u00e5ningen p\u00e5 Hautaviitas g\u00e5rd n\u00e4ra Stenmanas kroken flyttade Hans Gullmes med sin familj och i nedre v\u00e5ningen verkade hans elinstallationsfirma Gullmes Elbyr\u00e5.\" width=\"536\" height=\"402\" srcset=\"https:\/\/www.lassebacklund.fi\/wp-content\/uploads\/2016\/09\/Gullmes-Elbyr\u00e5.jpg 4000w, https:\/\/www.lassebacklund.fi\/wp-content\/uploads\/2016\/09\/Gullmes-Elbyr\u00e5-300x225.jpg 300w, https:\/\/www.lassebacklund.fi\/wp-content\/uploads\/2016\/09\/Gullmes-Elbyr\u00e5-768x576.jpg 768w, https:\/\/www.lassebacklund.fi\/wp-content\/uploads\/2016\/09\/Gullmes-Elbyr\u00e5-1024x768.jpg 1024w\" sizes=\"auto, (max-width: 536px) 100vw, 536px\" \/><figcaption id=\"caption-attachment-367\" class=\"wp-caption-text\">Hit till \u00f6vre v\u00e5ningen p\u00e5 Hautaviitas g\u00e5rd n\u00e4ra Stenmanas kroken flyttade Hans Gullmes med sin familj och i nedre v\u00e5ningen verkade hans elinstallationsfirma Gullmes Elbyr\u00e5.<\/figcaption><\/figure>\n<p>&nbsp;<\/p>\n","protected":false},"excerpt":{"rendered":"<p>Uppgjort av Lasse Backlund \u00e5r 2014. Uppgifterna \u00e4r tagna ur gamla lagfarter och sl\u00e4ktutredningar. Eugen Bj\u00f6rs har bidragit med viktig information. G\u00e5rdens och parcellens historia Den h\u00e4r g\u00e5rden byggdes p\u00e5 det Klemets hemman Landg\u00e4rds, som i tiderna hade tillh\u00f6rt \u201dKlemes <a class=\"more-link\" href=\"https:\/\/www.lassebacklund.fi\/?page_id=368\">Forts\u00e4tt l\u00e4sa <span class=\"screen-reader-text\">  Gullmes g\u00e5rd p\u00e5 Dagsmarkv\u00e4gen 110<\/span><span class=\"meta-nav\">&rarr;<\/span><\/a><\/p>\n","protected":false},"author":1,"featured_media":0,"parent":61,"menu_order":110,"comment_status":"closed","ping_status":"closed","template":"","meta":{"footnotes":""},"class_list":["post-368","page","type-page","status-publish","hentry"],"_links":{"self":[{"href":"https:\/\/www.lassebacklund.fi\/index.php?rest_route=\/wp\/v2\/pages\/368","targetHints":{"allow":["GET"]}}],"collection":[{"href":"https:\/\/www.lassebacklund.fi\/index.php?rest_route=\/wp\/v2\/pages"}],"about":[{"href":"https:\/\/www.lassebacklund.fi\/index.php?rest_route=\/wp\/v2\/types\/page"}],"author":[{"embeddable":true,"href":"https:\/\/www.lassebacklund.fi\/index.php?rest_route=\/wp\/v2\/users\/1"}],"replies":[{"embeddable":true,"href":"https:\/\/www.lassebacklund.fi\/index.php?rest_route=%2Fwp%2Fv2%2Fcomments&post=368"}],"version-history":[{"count":9,"href":"https:\/\/www.lassebacklund.fi\/index.php?rest_route=\/wp\/v2\/pages\/368\/revisions"}],"predecessor-version":[{"id":25585,"href":"https:\/\/www.lassebacklund.fi\/index.php?rest_route=\/wp\/v2\/pages\/368\/revisions\/25585"}],"up":[{"embeddable":true,"href":"https:\/\/www.lassebacklund.fi\/index.php?rest_route=\/wp\/v2\/pages\/61"}],"wp:attachment":[{"href":"https:\/\/www.lassebacklund.fi\/index.php?rest_route=%2Fwp%2Fv2%2Fmedia&parent=368"}],"curies":[{"name":"wp","href":"https:\/\/api.w.org\/{rel}","templated":true}]}}