{"id":3640,"date":"2017-04-07T18:17:26","date_gmt":"2017-04-07T16:17:26","guid":{"rendered":"http:\/\/www.lassebacklund.fi\/?page_id=3640"},"modified":"2019-11-11T22:45:43","modified_gmt":"2019-11-11T20:45:43","slug":"dagsmark-absoluta-nykterhetsforening","status":"publish","type":"page","link":"https:\/\/www.lassebacklund.fi\/?page_id=3640","title":{"rendered":"Dagsmark Absoluta Nykterhetsf\u00f6rening."},"content":{"rendered":"<p><span style=\"color: #000080;\">Sammanst\u00e4llt av Lasse Backlund i april 2017.<\/span><\/p>\n<p><span style=\"font-family: 'Helvetica','sans-serif';\"><span style=\"color: #000080;\">Kristinestads Tidning 7.4.1900:<\/span> <\/span><\/p>\n<p><span style=\"font-family: 'Helvetica','sans-serif';\"><strong>Nykterhetsarbetet.<\/strong> Senaste s\u00f6ndag h\u00f6ll faktor Ahlroos och Lappfj\u00e4rds nykterhetsf\u00f6renings ordf\u00f6rande Kl\u00e5vus nykterhetsf\u00f6redrag p\u00e5 folkskolan i Dagsmark. Sammankomsten var v\u00e4lbes\u00f6kt av en talrik menighet. F\u00f6redragsh\u00e5llarna framh\u00f6ll p\u00e5 ett klart och \u00f6vertygande s\u00e4tt rusdryckernas f\u00f6rd\u00e4rv och det el\u00e4nde, som dessa drycker \u00e5stadkommit p\u00e5 flera st\u00e4llen.<\/span><\/p>\n<p><span style=\"font-family: 'Helvetica','sans-serif';\">Efter f\u00f6redragens slut ifr\u00e5gasattes att i Dagsmark bilda en nykterhetsf\u00f6rening men de flesta verkade dock \u00f6nska sig bet\u00e4nketid. Emellertid antecknade sig nio personer som medlemmar i den blivande f\u00f6reningen. Allt hopp \u00e4r dock inte ute, att antalet medlemmar inom kort kommer att \u00f6kas.<\/span><\/p>\n<p><span style=\"font-family: 'Helvetica','sans-serif';\">Ett uppriktigt tack uttalas h\u00e4rmed till herrar Ahlroos och Kl\u00e5vus, som v\u00e4lvilligt \u00e5tagit sig besv\u00e4ret att genom sina f\u00f6redrag rikta allm\u00e4nhetens uppm\u00e4rksamhet p\u00e5 nykterhetsstr\u00e4vandena. S\u00e5som ledare f\u00f6r dessa str\u00e4vanden p\u00e5 orten st\u00e5r bonden Viktor Lillkull. Tidningen \u00f6nskar den nybildade f\u00f6reningen all m\u00f6jlig framg\u00e5ng.<\/span><\/p>\n<p><span style=\"color: #000080;\">Enligt en tidningsartikel i Kristinestads tidning 11.4 1900 hade nykterhetsf\u00f6reningens f\u00f6rsta m\u00f6te h\u00e5llits i Dagsmark:<\/span><\/p>\n<p><em>Dagsmark absoluta nykterhetsf\u00f6rening hade i s\u00f6ndags, den 8 april sitt f\u00f6rsta m\u00f6te i en av bonden V. Lillkull \u00e4gande mejeribyggnad, hvilken hr L. iordningst\u00e4llt och gratis uppl\u00e5tit till f\u00f6reningens behof. Programmet bj\u00f6d p\u00e5 tal, f\u00f6redrag och ber\u00e4ttelse samt s\u00e5ng. Vid m\u00f6tet granskades och godk\u00e4ndes ett af hr Ahlroos inl\u00e4mnat f\u00f6rslag till stadgar hvilka genom hr Ahlroos f\u00f6rslag skulle inl\u00e4mnas till Nykterhetens V\u00e4nner i och f\u00f6r stadf\u00e4stelse. H\u00e4refter uts\u00e5gs f\u00f6r f\u00f6reningen bestyrelse hvarvid valda blevo: hr J. H. Andersson ordf\u00f6rande, bonden Viktor Nylund viceordf\u00f6rande, bonden Viktor Lillkull sekreterare och bondedottern Ida L\u00e5ng kass\u00f6r. Medlemsavgiften best\u00e4mdes till 50 penni.<\/em><\/p>\n<p><em>Fyra nya medlemmar inskrevo sig. N\u00e4sta m\u00f6te h\u00e5lles 1-sta dag p\u00e5sk p\u00e5 eftermiddagen i f\u00f6reningens egen lokal.<\/em><\/p>\n<p><span style=\"color: #000080;\">Kristinestads tidning 21.4 1900 hade inf\u00f6rt en ny artikel om nykterhetsf\u00f6reningens andra m\u00f6te i Dagsmark. Det st\u00e5r att det h\u00e5llits i egen lokal men n\u00e4mner inte var denna fanns:<\/span><\/p>\n<p><em>Dagsmark absoluta nykterhetsf\u00f6rening g\u00e5r ganska bra fram\u00e5t. Folket har l\u00e4rt att uppskatta nykterhetens goda betydelse samt att underst\u00f6da och arbeta varmt f\u00f6r den unga f\u00f6reningen, 1:sta dag p\u00e5sk, den 15 dennes, hade f\u00f6reningen sitt andra offentliga m\u00f6te i egen lokal. Programmet bj\u00f6d efter vanligheten p\u00e5 f\u00f6redrag, s\u00e5ng m.m. Flera nya medl\u00e4mmar inskrefvos. I morgon p\u00e5 eftermiddagen sammantr\u00e4der f\u00f6reningen \u00e5ter till m\u00f6te.<\/em><\/p>\n<p><span style=\"color: #000080;\">Kristinestads tidning 16.5 1900:<\/span><\/p>\n<p><em>Ett nykterhetsf\u00f6redrag kommer pastor Georg Laur\u00e9n att h\u00e5lla i s\u00f6ndag \u00e5 Dagsmark absoluta nykterhetsf\u00f6rening hos bonden Viktor Lillkull i Dagsmark, hvartill allm\u00e4nheten \u00e4ger fritt tilltr\u00e4de.<\/em><\/p>\n<p><span style=\"color: #000080;\">Kristinestads tidning 26.5 1900:<\/span><\/p>\n<p><em>Absoluta nykterhetsf\u00f6reningen i Dagsmark hade s\u00f6ndagen den 20 dennes m\u00f6te i egen lokal. M\u00f6tet var bes\u00f6kt af flera hundra personer, s\u00e5 att lokalen ej kunde inrymma alla bes\u00f6kande, utan m\u00e5ste en stor del st\u00e5 utanf\u00f6r. Pastor Laur\u00e9n fr\u00e5n Kristinestad h\u00f6ll ett till hj\u00e4rtat g\u00e5ende nykterhetsf\u00f6redrag. I m\u00e5nget \u00f6ga s\u00e5gos t\u00e5rar. M\u00e5tte vi snart igen f\u00e5 \u00e5h\u00f6ra ett dylikt v\u00e4ckelsef\u00f6redrag. Till representanter f\u00f6r s\u00f6dra \u00d6sterbottens nykterhetsm\u00f6te andra dag pingst i Kristinestad valdes b\u00f6nderne Viktor Nylund och Viktor Lillkull samt f\u00f6reningens ordf\u00f6rande hr H. Andersson. 24 nya medl\u00e4mmar inskrevos i f\u00f6reningen.<\/em><\/p>\n<p><span style=\"color: #000080;\">Kristinestads tidning 14.7 1900:<\/span><\/p>\n<p><em>Nykterhetsarbetet. I s\u00f6ndags eller den 8 dennes \u00e4rnade nykteristerna h\u00e4rst\u00e4des h\u00e5lla ett m\u00f6te men det d\u00e5liga v\u00e4dret och det ringa intresset f\u00f6r den goda saken gjorde, att det blef inhiberat. \u2013 Icke s\u00e5 kallvattengossar! Ni m\u00e5sten omfatta saken med alt edert intresse och all energi, och snart skolen \u2013 I f\u00e5 se, att det goda tr\u00e4det b\u00e4r goda frukter. D\u00e4rf\u00f6r \u201duppskjuten icke till morgonen hvad I kunnen g\u00f6ra i dag.\u201d<\/em><\/p>\n<p><span style=\"color: #000080;\">I januari 1901 bes\u00f6kte V. Ekman fr\u00e5n f\u00f6reningen &#8221;Nykterhetens v\u00e4nner&#8221; \u00d6sterbotten och han h\u00f6ll f\u00f6redrag p\u00e5 flera st\u00e4llen och efter\u00e5t skrev han ett reportage i tidningen Balder, s\u00e5 h\u00e4r skrev han om bes\u00f6ket i Dagsmark:<\/span><\/p>\n<p>I Dagsmark folkskola h\u00f6ll jag ett f\u00f6redrag, H\u00e4r finnes nykterhetsf\u00f6rening sedan ett \u00e5r tillbaka, men den har f\u00f6rt ett tynande lif. Ordf\u00f6randen hade farit till Amerika, sekreteraren fr\u00e5ng\u00e5tt sitt l\u00f6fte och detta har verkat menligt p\u00e5 verksamheten. N\u00e5gra voro dock st\u00e5ndaktiga och lofvade anordna om m\u00f6tens h\u00e5llande under folkskolel\u00e4rarinnan Lina Lindbergs ledning. Bonden Viktor Nylund \u00e4r ordf\u00f6rande. En \u00e4ldre kvinna sade att ~evinnerligen vill jag tillh\u00f6ra Dagsmarks nykterhetsf\u00f6rening.<\/p>\n","protected":false},"excerpt":{"rendered":"<p>Sammanst\u00e4llt av Lasse Backlund i april 2017. Kristinestads Tidning 7.4.1900: Nykterhetsarbetet. Senaste s\u00f6ndag h\u00f6ll faktor Ahlroos och Lappfj\u00e4rds nykterhetsf\u00f6renings ordf\u00f6rande Kl\u00e5vus nykterhetsf\u00f6redrag p\u00e5 folkskolan i Dagsmark. Sammankomsten var v\u00e4lbes\u00f6kt av en talrik menighet. F\u00f6redragsh\u00e5llarna framh\u00f6ll p\u00e5 ett klart och \u00f6vertygande <a class=\"more-link\" href=\"https:\/\/www.lassebacklund.fi\/?page_id=3640\">Forts\u00e4tt l\u00e4sa <span class=\"screen-reader-text\">  Dagsmark Absoluta Nykterhetsf\u00f6rening.<\/span><span class=\"meta-nav\">&rarr;<\/span><\/a><\/p>\n","protected":false},"author":1,"featured_media":0,"parent":1355,"menu_order":0,"comment_status":"closed","ping_status":"closed","template":"","meta":{"footnotes":""},"class_list":["post-3640","page","type-page","status-publish","hentry"],"_links":{"self":[{"href":"https:\/\/www.lassebacklund.fi\/index.php?rest_route=\/wp\/v2\/pages\/3640","targetHints":{"allow":["GET"]}}],"collection":[{"href":"https:\/\/www.lassebacklund.fi\/index.php?rest_route=\/wp\/v2\/pages"}],"about":[{"href":"https:\/\/www.lassebacklund.fi\/index.php?rest_route=\/wp\/v2\/types\/page"}],"author":[{"embeddable":true,"href":"https:\/\/www.lassebacklund.fi\/index.php?rest_route=\/wp\/v2\/users\/1"}],"replies":[{"embeddable":true,"href":"https:\/\/www.lassebacklund.fi\/index.php?rest_route=%2Fwp%2Fv2%2Fcomments&post=3640"}],"version-history":[{"count":4,"href":"https:\/\/www.lassebacklund.fi\/index.php?rest_route=\/wp\/v2\/pages\/3640\/revisions"}],"predecessor-version":[{"id":14863,"href":"https:\/\/www.lassebacklund.fi\/index.php?rest_route=\/wp\/v2\/pages\/3640\/revisions\/14863"}],"up":[{"embeddable":true,"href":"https:\/\/www.lassebacklund.fi\/index.php?rest_route=\/wp\/v2\/pages\/1355"}],"wp:attachment":[{"href":"https:\/\/www.lassebacklund.fi\/index.php?rest_route=%2Fwp%2Fv2%2Fmedia&parent=3640"}],"curies":[{"name":"wp","href":"https:\/\/api.w.org\/{rel}","templated":true}]}}