{"id":3633,"date":"2017-04-07T17:18:05","date_gmt":"2017-04-07T15:18:05","guid":{"rendered":"http:\/\/www.lassebacklund.fi\/?page_id=3633"},"modified":"2017-04-07T17:18:05","modified_gmt":"2017-04-07T15:18:05","slug":"ab-parus-fors-oy-bygger-vetekvarn","status":"publish","type":"page","link":"https:\/\/www.lassebacklund.fi\/?page_id=3633","title":{"rendered":"Ab P\u00e4rus-Fors Oy bygger vetekvarn."},"content":{"rendered":"<p><span style=\"color: #000080;\">Artikel i tidningen Syd-\u00d6sterbotten 13 oktober 1934.<\/span><\/p>\n<h3><strong>Modern vetekvarn bygges i Lappfj\u00e4rd av Ab P\u00e4rus-Fors Oy.<\/strong><\/h3>\n<p><strong>V\u00e4ntas bli f\u00e4rdig i slutet av november.<\/strong><\/p>\n<p>Som k\u00e4nt har veteodlingen de senaste \u00e5ren gjort oanade framsteg i v\u00e5r landsdel. En del kommuner \u00e4ro redan i det n\u00e4rmaste sj\u00e4lvf\u00f6rs\u00f6rjande med avseende \u00e5 detta s\u00e4desslag. I detta nu \u00e4r intresset stort \u00f6verallt f\u00f6r denna odlingsgren.<\/p>\n<p>F\u00f6r att veteodlingen skall f\u00e5 n\u00e5gon st\u00f6rre ekonomisk betydelse f\u00f6r v\u00e5r landsdel fordras emellertid kvarnar, som kunna bereda ett gott mj\u00f6l. S\u00f6dra \u00d6sterbotten \u2013 det b\u00e4sta veteodlingsdistriktet \u2013 har dock hittills saknat en s\u00e5dan kvarn, vilket utgjort ett allvarligt hinder f\u00f6r veteodlingens utveckling. S\u00e5v\u00e4l p\u00e5 gillesm\u00f6ten som privat har denna brist p\u00e5talats. Yttermark och N\u00e4rpes \u00f6stra lantmannagillen ha tillsatt kommitt\u00e9er i saken och av allt att d\u00f6ma komma producenternas \u00f6nskningar att villfaras.<\/p>\n<p>Ab P\u00e4rus-Fors Oy i Lappfj\u00e4rd har s\u00e5lunda redan ig\u00e5ngsatt uppf\u00f6randet av en vetekvarn, som kommer att uppfylla de h\u00f6gsta fordringar. Maskinerna till kvarnen ha ink\u00f6pts fr\u00e5n Sverge och England. Kvarnen torde bli f\u00e4rdig att emottaga m\u00e4ld redan i slutet av november m\u00e5nad. D\u00e5 avverkningen vid kvarnen blir omkring 300 kg i timmen, kan vetekvarnfr\u00e5gan f\u00f6r Lappfj\u00e4rd och angr\u00e4nsande kommuner anses vara l\u00f6st i och med detta f\u00f6retags tillkomst.<\/p>\n<p>Kvarnbolaget kommer att ordna transporter mellan kvarnen och kunderna med lastbil, s\u00e5 att \u00e4ven l\u00e4ngre bort boende odlare bli i tillf\u00e4lle att f\u00f6rmala st\u00f6rre eller mindre vetepartier utan n\u00e5gra h\u00f6ga kostnader.<\/p>\n<p>&nbsp;<\/p>\n","protected":false},"excerpt":{"rendered":"<p>Artikel i tidningen Syd-\u00d6sterbotten 13 oktober 1934. Modern vetekvarn bygges i Lappfj\u00e4rd av Ab P\u00e4rus-Fors Oy. V\u00e4ntas bli f\u00e4rdig i slutet av november. Som k\u00e4nt har veteodlingen de senaste \u00e5ren gjort oanade framsteg i v\u00e5r landsdel. En del kommuner \u00e4ro <a class=\"more-link\" href=\"https:\/\/www.lassebacklund.fi\/?page_id=3633\">Forts\u00e4tt l\u00e4sa <span class=\"screen-reader-text\">  Ab P\u00e4rus-Fors Oy bygger vetekvarn.<\/span><span class=\"meta-nav\">&rarr;<\/span><\/a><\/p>\n","protected":false},"author":1,"featured_media":0,"parent":1332,"menu_order":0,"comment_status":"closed","ping_status":"closed","template":"","meta":{"footnotes":""},"class_list":["post-3633","page","type-page","status-publish","hentry"],"_links":{"self":[{"href":"https:\/\/www.lassebacklund.fi\/index.php?rest_route=\/wp\/v2\/pages\/3633","targetHints":{"allow":["GET"]}}],"collection":[{"href":"https:\/\/www.lassebacklund.fi\/index.php?rest_route=\/wp\/v2\/pages"}],"about":[{"href":"https:\/\/www.lassebacklund.fi\/index.php?rest_route=\/wp\/v2\/types\/page"}],"author":[{"embeddable":true,"href":"https:\/\/www.lassebacklund.fi\/index.php?rest_route=\/wp\/v2\/users\/1"}],"replies":[{"embeddable":true,"href":"https:\/\/www.lassebacklund.fi\/index.php?rest_route=%2Fwp%2Fv2%2Fcomments&post=3633"}],"version-history":[{"count":1,"href":"https:\/\/www.lassebacklund.fi\/index.php?rest_route=\/wp\/v2\/pages\/3633\/revisions"}],"predecessor-version":[{"id":3634,"href":"https:\/\/www.lassebacklund.fi\/index.php?rest_route=\/wp\/v2\/pages\/3633\/revisions\/3634"}],"up":[{"embeddable":true,"href":"https:\/\/www.lassebacklund.fi\/index.php?rest_route=\/wp\/v2\/pages\/1332"}],"wp:attachment":[{"href":"https:\/\/www.lassebacklund.fi\/index.php?rest_route=%2Fwp%2Fv2%2Fmedia&parent=3633"}],"curies":[{"name":"wp","href":"https:\/\/api.w.org\/{rel}","templated":true}]}}