{"id":3629,"date":"2017-04-07T17:04:23","date_gmt":"2017-04-07T15:04:23","guid":{"rendered":"http:\/\/www.lassebacklund.fi\/?page_id=3629"},"modified":"2018-10-30T18:02:54","modified_gmt":"2018-10-30T17:02:54","slug":"hoststamma-1934","status":"publish","type":"page","link":"https:\/\/www.lassebacklund.fi\/?page_id=3629","title":{"rendered":"H\u00f6stst\u00e4mma 1934."},"content":{"rendered":"<p><span style=\"color: #000080; font-family: 'Helvetica','sans-serif';\"><span style=\"font-size: medium;\">Referat i tidningen Syd-\u00d6sterbotten om mejeriets h\u00f6stst\u00e4mma som h\u00f6lls 28 oktober 1934:<\/span><\/span><\/p>\n<p><span style=\"font-family: 'Helvetica','sans-serif';\"><span style=\"color: #000000; font-size: medium;\">Dagsmark andelsmejeri h\u00f6ll ordinarie h\u00f6stst\u00e4mma s\u00f6ndagen den 28 oktober. Till ordf. f\u00f6r st\u00e4mman uts\u00e5gs Emil Backlund och till sekreterare Frans Agn\u00e4s.<\/span><\/span><\/p>\n<p><span style=\"font-family: 'Helvetica','sans-serif';\"><span style=\"color: #000000; font-size: medium;\">Ur den av disponenten V. Bj\u00f6rklund f\u00f6redragna ber\u00e4ttelsen \u00f6ver mejeriets verksamhet under tiden 1\/1 \u2013 30\/9 framgick bl.a. att mj\u00f6lktillf\u00f6rseln katastrofalt nedg\u00e5tt sedan senaste \u00e5r. S\u00e5lunda har till mejeriet inv\u00e4gts 267,628 kg mj\u00f6lk mot 388,641 under motsvarande tid 1933. Orsaken till denna stora nedg\u00e5ng f\u00e5r s\u00f6kas i det l\u00e5ngvariga tryckta l\u00e4get p\u00e5 sm\u00f6rmarknaden, vilket gjort att man mera b\u00f6rjat \u00e4gna sig \u00e5t spannm\u00e5lsodling. Den inv\u00e4gda mj\u00f6lkens medelfetthalt har varit 3,777 % mot 3,664 senaste \u00e5r. Av den till mejeriet f\u00f6rda mj\u00f6lken har tillverkats 11,082,5 kg sm\u00f6r. Till ett kg sm\u00f6r har \u00e5tg\u00e5tt 24,130 kg mj\u00f6lk. Som exportsm\u00f6r har till exportandelslaget Enigheten f\u00f6rs\u00e5lts 10,046 kg sm\u00f6r f\u00f6r ett medelpris av 18 mk 86 pi. Resten ha s\u00e5lts i minut till ett medelpris av 20 mk 72 pi. L\u00e4gsta sm\u00f6rpriset noterades i januari till 16:11 och h\u00f6gsta i sept. till 23:-. F\u00f6r f\u00f6rs\u00e5lda produkter har influtit 211,475:15 och till leverant\u00f6rer har i likvider utbetalats 147,690:25 (1933 utbetalades i likvider 236,707:-)<\/span><\/span><\/p>\n<p><span style=\"font-family: 'Helvetica','sans-serif';\"><span style=\"color: #000000; font-size: medium;\">De i tur avg\u00e5ende styrelseledam\u00f6terna V. Rosengren och J. Granlund samt suppleanten E. A. Roseng\u00e5rd \u00e5tervaldes. Till revisorer \u00e5tervaldes Mejerif\u00f6rbundet Enigheten, E. Lind och J. Lillkull, \u00e4vensom suppleanterna V. Nyroos och Erl. Norrg\u00e5rd.<\/span><\/span><\/p>\n<p><span style=\"font-family: 'Helvetica','sans-serif';\"><span style=\"color: #000000; font-size: medium;\">Liksom f\u00f6rut besl\u00f6ts att mejeriet deltager med h\u00e4lften i prenumerationspriset p\u00e5 tidskriften Lantm\u00e4n och Andelsfolk.<\/span><\/span><\/p>\n<p><span style=\"font-family: 'Helvetica','sans-serif';\"><span style=\"color: #000000; font-size: medium;\">Efter f\u00f6rhandlingarna togs paus, varunder st\u00e4mmobes\u00f6karna bj\u00f6dos p\u00e5 kaffe.<\/span><\/span><\/p>\n<p><span style=\"font-family: 'Helvetica','sans-serif';\"><span style=\"color: #000000; font-size: medium;\">Efter pausen h\u00f6ll handl. J. Spolander fr\u00e5n Kristinestad ett intressant f\u00f6redrag om h\u00e4sten, dess sk\u00f6tsel och sjukdomar. S\u00e4rskilt ber\u00f6rde f\u00f6redragaren den i v\u00e5ra trakter mycket spridda sjukdomen kvickdrag.<\/span><\/span><\/p>\n<p><span style=\"font-family: 'Helvetica','sans-serif';\"><span style=\"color: #000000; font-size: medium;\">Efter f\u00f6redraget bj\u00f6ds igen p\u00e5 sm\u00f6rg\u00e5s och kaffe, varp\u00e5 Andelskassans h\u00f6stst\u00e4mma vidtog.<\/span><\/span><\/p>\n<p>&nbsp;<\/p>\n","protected":false},"excerpt":{"rendered":"<p>Referat i tidningen Syd-\u00d6sterbotten om mejeriets h\u00f6stst\u00e4mma som h\u00f6lls 28 oktober 1934: Dagsmark andelsmejeri h\u00f6ll ordinarie h\u00f6stst\u00e4mma s\u00f6ndagen den 28 oktober. Till ordf. f\u00f6r st\u00e4mman uts\u00e5gs Emil Backlund och till sekreterare Frans Agn\u00e4s. Ur den av disponenten V. Bj\u00f6rklund f\u00f6redragna <a class=\"more-link\" href=\"https:\/\/www.lassebacklund.fi\/?page_id=3629\">Forts\u00e4tt l\u00e4sa <span class=\"screen-reader-text\">  H\u00f6stst\u00e4mma 1934.<\/span><span class=\"meta-nav\">&rarr;<\/span><\/a><\/p>\n","protected":false},"author":1,"featured_media":0,"parent":1332,"menu_order":1934,"comment_status":"closed","ping_status":"closed","template":"","meta":{"footnotes":""},"class_list":["post-3629","page","type-page","status-publish","hentry"],"_links":{"self":[{"href":"https:\/\/www.lassebacklund.fi\/index.php?rest_route=\/wp\/v2\/pages\/3629","targetHints":{"allow":["GET"]}}],"collection":[{"href":"https:\/\/www.lassebacklund.fi\/index.php?rest_route=\/wp\/v2\/pages"}],"about":[{"href":"https:\/\/www.lassebacklund.fi\/index.php?rest_route=\/wp\/v2\/types\/page"}],"author":[{"embeddable":true,"href":"https:\/\/www.lassebacklund.fi\/index.php?rest_route=\/wp\/v2\/users\/1"}],"replies":[{"embeddable":true,"href":"https:\/\/www.lassebacklund.fi\/index.php?rest_route=%2Fwp%2Fv2%2Fcomments&post=3629"}],"version-history":[{"count":2,"href":"https:\/\/www.lassebacklund.fi\/index.php?rest_route=\/wp\/v2\/pages\/3629\/revisions"}],"predecessor-version":[{"id":3632,"href":"https:\/\/www.lassebacklund.fi\/index.php?rest_route=\/wp\/v2\/pages\/3629\/revisions\/3632"}],"up":[{"embeddable":true,"href":"https:\/\/www.lassebacklund.fi\/index.php?rest_route=\/wp\/v2\/pages\/1332"}],"wp:attachment":[{"href":"https:\/\/www.lassebacklund.fi\/index.php?rest_route=%2Fwp%2Fv2%2Fmedia&parent=3629"}],"curies":[{"name":"wp","href":"https:\/\/api.w.org\/{rel}","templated":true}]}}