{"id":3621,"date":"2017-04-05T17:51:58","date_gmt":"2017-04-05T15:51:58","guid":{"rendered":"http:\/\/www.lassebacklund.fi\/?page_id=3621"},"modified":"2023-08-11T23:20:17","modified_gmt":"2023-08-11T20:20:17","slug":"lasses-egna-berattelser","status":"publish","type":"page","link":"https:\/\/www.lassebacklund.fi\/?page_id=3621","title":{"rendered":"Lasses egna ber\u00e4ttelser."},"content":{"rendered":"<p>H\u00e4r kommer jag att samla korta eller l\u00e4ngre ber\u00e4ttelser som jag varit med om, men som kan vara av allm\u00e4nt intresse.<\/p>\n<h6><a class=\"fasc-button fasc-size-medium fasc-type-glossy fasc-rounded-medium\" style=\"background-color: #33809e; color: #ffffff;\" href=\"http:\/\/www.lassebacklund.fi\/?page_id=3623\">Den ensamma r\u00f6karen<\/a><\/h6>\n<h6><a class=\"fasc-button fasc-size-medium fasc-type-glossy fasc-rounded-medium\" style=\"background-color: #33809e; color: #ffffff;\" href=\"http:\/\/www.lassebacklund.fi\/?page_id=11787\">Sista turen med Casino Express<\/a><\/h6>\n<h6><a class=\"fasc-button fasc-size-medium fasc-type-glossy fasc-rounded-medium\" style=\"background-color: #33809e; color: #ffffff;\" href=\"http:\/\/www.lassebacklund.fi\/?page_id=14519\">En speciell begravning<\/a><\/h6>\n<h6><a class=\"fasc-button fasc-size-medium fasc-type-glossy fasc-rounded-medium\" style=\"background-color: #33809e; color: #ffffff;\" href=\"http:\/\/www.lassebacklund.fi\/?page_id=15603\">Misst\u00e4nkt f\u00f6r inbrott<\/a><\/h6>\n","protected":false},"excerpt":{"rendered":"<p>H\u00e4r kommer jag att samla korta eller l\u00e4ngre ber\u00e4ttelser som jag varit med om, men som kan vara av allm\u00e4nt intresse. Den ensamma r\u00f6karen Sista turen med Casino Express En speciell begravning Misst\u00e4nkt f\u00f6r inbrott<\/p>\n","protected":false},"author":1,"featured_media":0,"parent":19,"menu_order":20,"comment_status":"closed","ping_status":"closed","template":"","meta":{"footnotes":""},"class_list":["post-3621","page","type-page","status-publish","hentry"],"_links":{"self":[{"href":"https:\/\/www.lassebacklund.fi\/index.php?rest_route=\/wp\/v2\/pages\/3621","targetHints":{"allow":["GET"]}}],"collection":[{"href":"https:\/\/www.lassebacklund.fi\/index.php?rest_route=\/wp\/v2\/pages"}],"about":[{"href":"https:\/\/www.lassebacklund.fi\/index.php?rest_route=\/wp\/v2\/types\/page"}],"author":[{"embeddable":true,"href":"https:\/\/www.lassebacklund.fi\/index.php?rest_route=\/wp\/v2\/users\/1"}],"replies":[{"embeddable":true,"href":"https:\/\/www.lassebacklund.fi\/index.php?rest_route=%2Fwp%2Fv2%2Fcomments&post=3621"}],"version-history":[{"count":10,"href":"https:\/\/www.lassebacklund.fi\/index.php?rest_route=\/wp\/v2\/pages\/3621\/revisions"}],"predecessor-version":[{"id":15613,"href":"https:\/\/www.lassebacklund.fi\/index.php?rest_route=\/wp\/v2\/pages\/3621\/revisions\/15613"}],"up":[{"embeddable":true,"href":"https:\/\/www.lassebacklund.fi\/index.php?rest_route=\/wp\/v2\/pages\/19"}],"wp:attachment":[{"href":"https:\/\/www.lassebacklund.fi\/index.php?rest_route=%2Fwp%2Fv2%2Fmedia&parent=3621"}],"curies":[{"name":"wp","href":"https:\/\/api.w.org\/{rel}","templated":true}]}}