{"id":3480,"date":"2017-03-22T21:02:46","date_gmt":"2017-03-22T20:02:46","guid":{"rendered":"http:\/\/www.lassebacklund.fi\/?page_id=3480"},"modified":"2019-07-24T16:06:51","modified_gmt":"2019-07-24T13:06:51","slug":"stenbyggaren-jukka-myllyniemi","status":"publish","type":"page","link":"https:\/\/www.lassebacklund.fi\/?page_id=3480","title":{"rendered":"Stenbyggaren Jukka Myllyniemi."},"content":{"rendered":"<h3><strong>Jukka har gr\u00e4vt sedan 1967.<\/strong><\/h3>\n<p>Johannes och Sylvia Myllyniemis yngsta son Jukka som \u00e4r l\u00e5ngt \u00f6ver 70 \u00e5r h\u00e5ller fortfarande p\u00e5 med sina gr\u00e4vmaskiner. Och det har han gjort redan i \u00f6ver 50 \u00e5rs tid f\u00f6r han skaffade sin f\u00f6rsta gr\u00e4vmaskin redan \u00e5r 1967 medan han arbetade \u00e5t Televerket. Bland det f\u00f6rsta han gr\u00e4vde var grunden till familjens nya snickeri i Dagsmark. Med maskinen gr\u00e4vde han sedan ner\u00a0Televerkets telefonstolpar och kablar men med tiden b\u00f6rjade han ocks\u00e5 gr\u00e4va \u00e5t andra \u00e4n telefonbolaget. Med \u00e5ren har han ocks\u00e5 skaffat flera gr\u00e4vmaskiner, i dag har han till och med 3-4 stycken i g\u00e5ng.<\/p>\n<p>Jukka \u00e4r f\u00f6dd och uppvuxen p\u00e5 \u00c5backan i Dagsmark. <span style=\"display: inline !important; float: none; background-color: transparent; color: #373737; cursor: text; font-family: 'Helvetica Neue',Helvetica,Arial,sans-serif; font-size: 15px; font-style: normal; font-variant: normal; font-weight: 300; letter-spacing: normal; orphans: 2; text-align: left; text-decoration: none; text-indent: 0px; text-transform: none; -webkit-text-stroke-width: 0px; white-space: normal; word-spacing: 0px;\">Han gifte sig i juni 1965 med Anneli Silfverberg (f. 1946 i Tr\u00e4skvik) men som sedan bodde i Uttermossa. Paret bodde p\u00e5 1960-talet i Idb\u00e4cken f\u00f6re de \u00e5r 1971 byggde hus p\u00e5 Sandan i Lappfj\u00e4rd, d\u00e4r de har bott sedan dess. G\u00e5rden i Idb\u00e4cken s\u00e5lde de i b\u00f6rjan p\u00e5 1970-talet \u00e5t Elis Korsb\u00e4ck.<\/span><\/p>\n<p>Det var Jukkas farfar Oskar Myllyniemi som \u00e5r 1917 flyttade fr\u00e5n Ohriluoma i B\u00f6tom till \u00c5backan och d\u00e4r k\u00f6pte en g\u00e5rd som stod bakom det nuvarande snickeriet. Jukkas far Johannes arbetade som snickare och den r\u00f6relsen togs sedan \u00f6ver av Jukkas \u00e4ldre br\u00f6der Ilpo och Seppo. Seppo slutade med snickrandet f\u00f6r flera \u00e5r sedan medan Ilpo fortfarande h\u00e5ller p\u00e5 och tillverkar sk\u00e5p och garderober.<\/p>\n<p>Trots att Jukka \u00e4r \u00f6ver 70 \u00e5r har han inga planer p\u00e5 att l\u00e4gga av utan han h\u00e5ller p\u00e5 s\u00e5 l\u00e4nge som han orkar och trivs. Jukka har alltid tyckt om att arbeta med naturstenar och p\u00e5 otaliga st\u00e4llen runtom i nejden kan vi se resultatet av hans arbete.<\/p>\n<p>Vill du l\u00e4sa mera om Jukkas sl\u00e4kt och varifr\u00e5n han kommer, s\u00e5 skall du klicka <a href=\"http:\/\/www.lassebacklund.fi\/?page_id=3450\"><span style=\"color: #000080; text-decoration: underline;\"><strong>H\u00c4R!<\/strong><\/span><\/a><\/p>\n<h3><strong>Foton.<\/strong><\/h3>\n<figure id=\"attachment_3476\" aria-describedby=\"caption-attachment-3476\" style=\"width: 421px\" class=\"wp-caption aligncenter\"><img loading=\"lazy\" decoding=\"async\" class=\" wp-image-3476\" src=\"http:\/\/www.lassebacklund.fi\/wp-content\/uploads\/2017\/03\/Jukka-Myllyniemi.jpg\" alt=\"H\u00e4r konfirmanden Jukka Myllyniemi.\" width=\"421\" height=\"642\" srcset=\"https:\/\/www.lassebacklund.fi\/wp-content\/uploads\/2017\/03\/Jukka-Myllyniemi.jpg 999w, https:\/\/www.lassebacklund.fi\/wp-content\/uploads\/2017\/03\/Jukka-Myllyniemi-197x300.jpg 197w, https:\/\/www.lassebacklund.fi\/wp-content\/uploads\/2017\/03\/Jukka-Myllyniemi-768x1172.jpg 768w, https:\/\/www.lassebacklund.fi\/wp-content\/uploads\/2017\/03\/Jukka-Myllyniemi-671x1024.jpg 671w\" sizes=\"auto, (max-width: 421px) 100vw, 421px\" \/><figcaption id=\"caption-attachment-3476\" class=\"wp-caption-text\">H\u00e4r konfirmanden Jukka Myllyniemi.<\/figcaption><\/figure>\n<figure id=\"attachment_11846\" aria-describedby=\"caption-attachment-11846\" style=\"width: 1012px\" class=\"wp-caption aligncenter\"><img loading=\"lazy\" decoding=\"async\" class=\"size-full wp-image-11846\" src=\"http:\/\/www.lassebacklund.fi\/wp-content\/uploads\/2019\/03\/Anneli-och-Jukka-p\u00e5-stadsbroen-ca-1970.jpg\" alt=\"\" width=\"1012\" height=\"1029\" srcset=\"https:\/\/www.lassebacklund.fi\/wp-content\/uploads\/2019\/03\/Anneli-och-Jukka-p\u00e5-stadsbroen-ca-1970.jpg 1012w, https:\/\/www.lassebacklund.fi\/wp-content\/uploads\/2019\/03\/Anneli-och-Jukka-p\u00e5-stadsbroen-ca-1970-295x300.jpg 295w, https:\/\/www.lassebacklund.fi\/wp-content\/uploads\/2019\/03\/Anneli-och-Jukka-p\u00e5-stadsbroen-ca-1970-768x781.jpg 768w, https:\/\/www.lassebacklund.fi\/wp-content\/uploads\/2019\/03\/Anneli-och-Jukka-p\u00e5-stadsbroen-ca-1970-1007x1024.jpg 1007w\" sizes=\"auto, (max-width: 1012px) 100vw, 1012px\" \/><figcaption id=\"caption-attachment-11846\" class=\"wp-caption-text\">Anneli och Jukka Myllyniemi p\u00e5 stadsbron i Kristinestad i b\u00f6rjan p\u00e5 1970-talet, d\u00e5 de hade varit gifta i 5 \u00e5r. Anneli \u00e4r f\u00f6dd vid Sindersj\u00f6n i Tr\u00e4skvik men flyttade som 12-\u00e5ring till Norr\u00e4ndan i Uttermossa.<\/figcaption><\/figure>\n<figure id=\"attachment_3474\" aria-describedby=\"caption-attachment-3474\" style=\"width: 594px\" class=\"wp-caption aligncenter\"><img loading=\"lazy\" decoding=\"async\" class=\" wp-image-3474\" src=\"http:\/\/www.lassebacklund.fi\/wp-content\/uploads\/2017\/03\/Jukka-141013-Stasshus.jpg\" alt=\"Genom att anv\u00e4nda gamla kilade stenar som grund lyckades byggaren Pihlajaniemi f\u00e5 detta hus i R\u00e5dhusparken att se \u00e4ldre ut vad det \u00e4r. Det var ju Jukka Myllyniemi som gjorde sj\u00e4lva jobbet.\" width=\"594\" height=\"446\" srcset=\"https:\/\/www.lassebacklund.fi\/wp-content\/uploads\/2017\/03\/Jukka-141013-Stasshus.jpg 1200w, https:\/\/www.lassebacklund.fi\/wp-content\/uploads\/2017\/03\/Jukka-141013-Stasshus-300x225.jpg 300w, https:\/\/www.lassebacklund.fi\/wp-content\/uploads\/2017\/03\/Jukka-141013-Stasshus-768x576.jpg 768w, https:\/\/www.lassebacklund.fi\/wp-content\/uploads\/2017\/03\/Jukka-141013-Stasshus-1024x768.jpg 1024w\" sizes=\"auto, (max-width: 594px) 100vw, 594px\" \/><figcaption id=\"caption-attachment-3474\" class=\"wp-caption-text\">Genom att anv\u00e4nda gamla kilade stenar som grund lyckades byggaren Pihlajaniemi f\u00e5 detta hus i R\u00e5dhusparken att se \u00e4ldre ut \u00e4n vad det \u00e4r. Det var ju Jukka Myllyniemi som gjorde sj\u00e4lva jobbet.<\/figcaption><\/figure>\n<figure id=\"attachment_3472\" aria-describedby=\"caption-attachment-3472\" style=\"width: 602px\" class=\"wp-caption aligncenter\"><img loading=\"lazy\" decoding=\"async\" class=\" wp-image-3472\" src=\"http:\/\/www.lassebacklund.fi\/wp-content\/uploads\/2017\/03\/Jukka-141013-Jukka-framf\u00f6r-maskiner.jpg\" alt=\"S\u00e5 h\u00e4r &quot;b\u00e5s\u00e5t \u00e5 or\u00e4idit&quot; kan det se ut d\u00e5 Jukka p\u00e5b\u00f6rjar ett st\u00f6rre arbete. H\u00f6sten 2014 h\u00f6ll han p\u00e5 med tv\u00e5 gr\u00e4vmaskiner utanf\u00f6r nuvarande Jungmans restaurang vid Sj\u00f6gatan.\" width=\"602\" height=\"452\" srcset=\"https:\/\/www.lassebacklund.fi\/wp-content\/uploads\/2017\/03\/Jukka-141013-Jukka-framf\u00f6r-maskiner.jpg 1600w, https:\/\/www.lassebacklund.fi\/wp-content\/uploads\/2017\/03\/Jukka-141013-Jukka-framf\u00f6r-maskiner-300x225.jpg 300w, https:\/\/www.lassebacklund.fi\/wp-content\/uploads\/2017\/03\/Jukka-141013-Jukka-framf\u00f6r-maskiner-768x576.jpg 768w, https:\/\/www.lassebacklund.fi\/wp-content\/uploads\/2017\/03\/Jukka-141013-Jukka-framf\u00f6r-maskiner-1024x768.jpg 1024w\" sizes=\"auto, (max-width: 602px) 100vw, 602px\" \/><figcaption id=\"caption-attachment-3472\" class=\"wp-caption-text\">S\u00e5 h\u00e4r &#8221;b\u00e5s\u00e5t \u00e5 or\u00e4idit&#8221; kan det se ut d\u00e5 Jukka p\u00e5b\u00f6rjar ett st\u00f6rre arbete. H\u00f6sten 2014 h\u00f6ll han p\u00e5 med tv\u00e5 gr\u00e4vmaskiner utanf\u00f6r nuvarande Jungmans restaurang vid Sj\u00f6gatan.<\/figcaption><\/figure>\n<figure id=\"attachment_3479\" aria-describedby=\"caption-attachment-3479\" style=\"width: 604px\" class=\"wp-caption aligncenter\"><img loading=\"lazy\" decoding=\"async\" class=\" wp-image-3479\" src=\"http:\/\/www.lassebacklund.fi\/wp-content\/uploads\/2017\/03\/Jukka-vid-stenkajen.jpg\" alt=\"Bygget av den nya stenkajen l\u00e4ngs Sj\u00f6gatan var ju inget en mans arbete, trots att det ser s\u00e5 ut p\u00e5 detta foto. H\u00e4r h\u00e5ller Jukka p\u00e5 att f\u00e4sta stolparna som skall b\u00e4ra upp tr\u00e4bryggan.\" width=\"604\" height=\"453\" srcset=\"https:\/\/www.lassebacklund.fi\/wp-content\/uploads\/2017\/03\/Jukka-vid-stenkajen.jpg 3264w, https:\/\/www.lassebacklund.fi\/wp-content\/uploads\/2017\/03\/Jukka-vid-stenkajen-300x225.jpg 300w, https:\/\/www.lassebacklund.fi\/wp-content\/uploads\/2017\/03\/Jukka-vid-stenkajen-768x576.jpg 768w, https:\/\/www.lassebacklund.fi\/wp-content\/uploads\/2017\/03\/Jukka-vid-stenkajen-1024x768.jpg 1024w\" sizes=\"auto, (max-width: 604px) 100vw, 604px\" \/><figcaption id=\"caption-attachment-3479\" class=\"wp-caption-text\">Bygget av den nya stenkajen l\u00e4ngs Sj\u00f6gatan var ju inget en mans arbete, trots att det ser s\u00e5 ut p\u00e5 detta foto. H\u00e4r h\u00e5ller Jukka p\u00e5 att f\u00e4sta stolparna som skall b\u00e4ra upp tr\u00e4bryggan.<\/figcaption><\/figure>\n<figure id=\"attachment_3486\" aria-describedby=\"caption-attachment-3486\" style=\"width: 3264px\" class=\"wp-caption aligncenter\"><img loading=\"lazy\" decoding=\"async\" class=\"size-full wp-image-3486\" src=\"http:\/\/www.lassebacklund.fi\/wp-content\/uploads\/2017\/03\/Jukka-Strandpromenadblues-en-s\u00f6ndagmorgon-1.jpg\" alt=\"En ensam trubadur tyckte att den nya kajen i Kristinestad var en ypperlig plats f\u00f6r lite blues en tidig s\u00f6ndagsmorgon 2016.\" width=\"3264\" height=\"2448\" srcset=\"https:\/\/www.lassebacklund.fi\/wp-content\/uploads\/2017\/03\/Jukka-Strandpromenadblues-en-s\u00f6ndagmorgon-1.jpg 3264w, https:\/\/www.lassebacklund.fi\/wp-content\/uploads\/2017\/03\/Jukka-Strandpromenadblues-en-s\u00f6ndagmorgon-1-300x225.jpg 300w, https:\/\/www.lassebacklund.fi\/wp-content\/uploads\/2017\/03\/Jukka-Strandpromenadblues-en-s\u00f6ndagmorgon-1-768x576.jpg 768w, https:\/\/www.lassebacklund.fi\/wp-content\/uploads\/2017\/03\/Jukka-Strandpromenadblues-en-s\u00f6ndagmorgon-1-1024x768.jpg 1024w\" sizes=\"auto, (max-width: 3264px) 100vw, 3264px\" \/><figcaption id=\"caption-attachment-3486\" class=\"wp-caption-text\">En ensam trubadur tyckte att den nya kajen i Kristinestad var en ypperlig plats f\u00f6r lite blues en tidig s\u00f6ndagsmorgon 2016.<\/figcaption><\/figure>\n<figure id=\"attachment_3478\" aria-describedby=\"caption-attachment-3478\" style=\"width: 646px\" class=\"wp-caption aligncenter\"><img loading=\"lazy\" decoding=\"async\" class=\" wp-image-3478\" src=\"http:\/\/www.lassebacklund.fi\/wp-content\/uploads\/2017\/03\/Jukka-stenar-utanf\u00f6r-Backlundas.jpg\" alt=\"H\u00e5r har modellen tagits av en romersk amfiteater, d\u00e4r publiken skall kunna sitta och titta p\u00e5 teater och sk\u00e5despel. Fotot fr\u00e5n Backlunds egnahemshus i Antila i Kristinestad.\" width=\"646\" height=\"485\" srcset=\"https:\/\/www.lassebacklund.fi\/wp-content\/uploads\/2017\/03\/Jukka-stenar-utanf\u00f6r-Backlundas.jpg 960w, https:\/\/www.lassebacklund.fi\/wp-content\/uploads\/2017\/03\/Jukka-stenar-utanf\u00f6r-Backlundas-300x225.jpg 300w, https:\/\/www.lassebacklund.fi\/wp-content\/uploads\/2017\/03\/Jukka-stenar-utanf\u00f6r-Backlundas-768x576.jpg 768w\" sizes=\"auto, (max-width: 646px) 100vw, 646px\" \/><figcaption id=\"caption-attachment-3478\" class=\"wp-caption-text\">H\u00e4r har modellen tagits av en romersk amfiteater, d\u00e4r publiken skall kunna sitta och titta p\u00e5 gladiatorer, teater och sk\u00e5despel. Fotot fr\u00e5n Backlunds egnahemshus i Antila i Kristinestad. F\u00f6rresten s\u00e5 \u00e4r det K\u00e4ringk\u00e5sk-Samuel som p\u00e5 1850-talet har huggit till dessa stenar, d\u00e5 han byggde Storbron i Dagsmark. Vill du l\u00e4sa mera om den bron, s\u00e5 skall du klicka <a href=\"http:\/\/www.lassebacklund.fi\/?page_id=1501\"><span style=\"color: #000080; text-decoration: underline;\"><strong>H\u00c4R<\/strong><\/span><\/a>!<\/figcaption><\/figure>\n<figure id=\"attachment_3528\" aria-describedby=\"caption-attachment-3528\" style=\"width: 961px\" class=\"wp-caption aligncenter\"><img loading=\"lazy\" decoding=\"async\" class=\"size-full wp-image-3528\" src=\"http:\/\/www.lassebacklund.fi\/wp-content\/uploads\/2017\/03\/Vanhatalo-Mias-foto-1.jpg\" alt=\"H\u00e4r en typisk strandskoning som Jukka \u00e4r m\u00e4stare p\u00e5, denna finns l\u00e4ngs med Inre faret i Kristinestad.\" width=\"961\" height=\"640\" srcset=\"https:\/\/www.lassebacklund.fi\/wp-content\/uploads\/2017\/03\/Vanhatalo-Mias-foto-1.jpg 961w, https:\/\/www.lassebacklund.fi\/wp-content\/uploads\/2017\/03\/Vanhatalo-Mias-foto-1-300x200.jpg 300w, https:\/\/www.lassebacklund.fi\/wp-content\/uploads\/2017\/03\/Vanhatalo-Mias-foto-1-768x511.jpg 768w\" sizes=\"auto, (max-width: 961px) 100vw, 961px\" \/><figcaption id=\"caption-attachment-3528\" class=\"wp-caption-text\">H\u00e4r en typisk strandskoning som Jukka \u00e4r m\u00e4stare p\u00e5, denna finns l\u00e4ngs med Inre faret i Kristinestad.<\/figcaption><\/figure>\n<figure id=\"attachment_3529\" aria-describedby=\"caption-attachment-3529\" style=\"width: 961px\" class=\"wp-caption aligncenter\"><img loading=\"lazy\" decoding=\"async\" class=\"size-full wp-image-3529\" src=\"http:\/\/www.lassebacklund.fi\/wp-content\/uploads\/2017\/03\/Vanhatalo-Mias-foto-2.jpg\" alt=\"Det kr\u00e4vs \u00f6ga och precision f\u00f6r att \u00e5stadkomma dylika kajer av kilade stenar. Fotot \u00e4r fr\u00e5n Inre faret i Kristinestad.\" width=\"961\" height=\"640\" srcset=\"https:\/\/www.lassebacklund.fi\/wp-content\/uploads\/2017\/03\/Vanhatalo-Mias-foto-2.jpg 961w, https:\/\/www.lassebacklund.fi\/wp-content\/uploads\/2017\/03\/Vanhatalo-Mias-foto-2-300x200.jpg 300w, https:\/\/www.lassebacklund.fi\/wp-content\/uploads\/2017\/03\/Vanhatalo-Mias-foto-2-768x511.jpg 768w\" sizes=\"auto, (max-width: 961px) 100vw, 961px\" \/><figcaption id=\"caption-attachment-3529\" class=\"wp-caption-text\">Det kr\u00e4vs \u00f6ga och precision f\u00f6r att \u00e5stadkomma dylika kajer av kilade stenar. Fotot \u00e4r fr\u00e5n Inre faret i Kristinestad.<\/figcaption><\/figure>\n<figure id=\"attachment_3473\" aria-describedby=\"caption-attachment-3473\" style=\"width: 569px\" class=\"wp-caption aligncenter\"><img loading=\"lazy\" decoding=\"async\" class=\" wp-image-3473\" src=\"http:\/\/www.lassebacklund.fi\/wp-content\/uploads\/2017\/03\/Jukka-141013-Jukka-\u00e5r-2010.jpg\" alt=\"Stora stenar skall flyttas och lyftas med gr\u00e4vmaskin men h\u00e4r visar Jukka upp j\u00e4rnspettet som alltid skall anv\u00e4ndas f\u00f6r att f\u00e5 stenarna att ligga r\u00e4tt.\" width=\"569\" height=\"427\" srcset=\"https:\/\/www.lassebacklund.fi\/wp-content\/uploads\/2017\/03\/Jukka-141013-Jukka-\u00e5r-2010.jpg 980w, https:\/\/www.lassebacklund.fi\/wp-content\/uploads\/2017\/03\/Jukka-141013-Jukka-\u00e5r-2010-300x225.jpg 300w, https:\/\/www.lassebacklund.fi\/wp-content\/uploads\/2017\/03\/Jukka-141013-Jukka-\u00e5r-2010-768x576.jpg 768w\" sizes=\"auto, (max-width: 569px) 100vw, 569px\" \/><figcaption id=\"caption-attachment-3473\" class=\"wp-caption-text\">Stora stenar skall flyttas och lyftas med gr\u00e4vmaskin men h\u00e4r visar Jukka upp j\u00e4rnspettet som alltid skall anv\u00e4ndas f\u00f6r att f\u00e5 stenarna att ligga r\u00e4tt. Stenmuren finns p\u00e5 Tj\u00e4rhovsv\u00e4gen i Kristinestad.<\/figcaption><\/figure>\n<figure id=\"attachment_3477\" aria-describedby=\"caption-attachment-3477\" style=\"width: 617px\" class=\"wp-caption aligncenter\"><img loading=\"lazy\" decoding=\"async\" class=\" wp-image-3477\" src=\"http:\/\/www.lassebacklund.fi\/wp-content\/uploads\/2017\/03\/Jukka-och-Leo.jpg\" alt=\"Den lilla pojken p\u00e5 stenmuren ser beundrande p\u00e5 d\u00e5 Jukka flyttar stora stenblock med gr\u00e4vmaskinen.\" width=\"617\" height=\"463\" srcset=\"https:\/\/www.lassebacklund.fi\/wp-content\/uploads\/2017\/03\/Jukka-och-Leo.jpg 3264w, https:\/\/www.lassebacklund.fi\/wp-content\/uploads\/2017\/03\/Jukka-och-Leo-300x225.jpg 300w, https:\/\/www.lassebacklund.fi\/wp-content\/uploads\/2017\/03\/Jukka-och-Leo-768x576.jpg 768w, https:\/\/www.lassebacklund.fi\/wp-content\/uploads\/2017\/03\/Jukka-och-Leo-1024x768.jpg 1024w\" sizes=\"auto, (max-width: 617px) 100vw, 617px\" \/><figcaption id=\"caption-attachment-3477\" class=\"wp-caption-text\">Den lilla pojken p\u00e5 stenmuren ser beundrande p\u00e5 d\u00e5 Jukka flyttar stora stenblock med gr\u00e4vmaskinen.<\/figcaption><\/figure>\n<figure id=\"attachment_13087\" aria-describedby=\"caption-attachment-13087\" style=\"width: 4032px\" class=\"wp-caption alignnone\"><img loading=\"lazy\" decoding=\"async\" class=\"size-full wp-image-13087\" src=\"http:\/\/www.lassebacklund.fi\/wp-content\/uploads\/2019\/07\/Stenen.jpg\" alt=\"\" width=\"4032\" height=\"3024\" srcset=\"https:\/\/www.lassebacklund.fi\/wp-content\/uploads\/2019\/07\/Stenen.jpg 4032w, https:\/\/www.lassebacklund.fi\/wp-content\/uploads\/2019\/07\/Stenen-300x225.jpg 300w, https:\/\/www.lassebacklund.fi\/wp-content\/uploads\/2019\/07\/Stenen-768x576.jpg 768w, https:\/\/www.lassebacklund.fi\/wp-content\/uploads\/2019\/07\/Stenen-1024x768.jpg 1024w\" sizes=\"auto, (max-width: 4032px) 100vw, 4032px\" \/><figcaption id=\"caption-attachment-13087\" class=\"wp-caption-text\">\u00c5r 2018 placerade Jukka denna fina sten p\u00e5 Packhustorget, allts\u00e5 bakom Hotel Alma nere vid strandpromenaden. Den f\u00f6rs\u00e5gs sedan med Kristinestads ursprungliga vapen i metall.<\/figcaption><\/figure>\n<figure id=\"attachment_13334\" aria-describedby=\"caption-attachment-13334\" style=\"width: 4032px\" class=\"wp-caption alignnone\"><img loading=\"lazy\" decoding=\"async\" class=\"size-full wp-image-13334\" src=\"http:\/\/www.lassebacklund.fi\/wp-content\/uploads\/2019\/07\/Jukka-Myllyniemi-vid-Centralbron-i-Lappfj\u00e4rd-2019-1.jpg\" alt=\"\" width=\"4032\" height=\"3024\" srcset=\"https:\/\/www.lassebacklund.fi\/wp-content\/uploads\/2019\/07\/Jukka-Myllyniemi-vid-Centralbron-i-Lappfj\u00e4rd-2019-1.jpg 4032w, https:\/\/www.lassebacklund.fi\/wp-content\/uploads\/2019\/07\/Jukka-Myllyniemi-vid-Centralbron-i-Lappfj\u00e4rd-2019-1-300x225.jpg 300w, https:\/\/www.lassebacklund.fi\/wp-content\/uploads\/2019\/07\/Jukka-Myllyniemi-vid-Centralbron-i-Lappfj\u00e4rd-2019-1-768x576.jpg 768w, https:\/\/www.lassebacklund.fi\/wp-content\/uploads\/2019\/07\/Jukka-Myllyniemi-vid-Centralbron-i-Lappfj\u00e4rd-2019-1-1024x768.jpg 1024w\" sizes=\"auto, (max-width: 4032px) 100vw, 4032px\" \/><figcaption id=\"caption-attachment-13334\" class=\"wp-caption-text\">Sommaren 2019 byggde Jukka Myllyniemi en uteplats vid Centralbron i Lappfj\u00e4rd. Stenarna har kommit fr\u00e5n gr\u00e4vningarna i Holmforsen en bit uppstr\u00f6ms och arbetet utf\u00f6rs i stadens regi. De st\u00f6rsta stenarna lyfts p\u00e5 plats med gr\u00e4vmaskin men det kr\u00e4vs b\u00e5de j\u00e4rnst\u00f6r och handkraft f\u00f6r att f\u00e5 dem att ligga r\u00e4tt.<\/figcaption><\/figure>\n","protected":false},"excerpt":{"rendered":"<p>Jukka har gr\u00e4vt sedan 1967. Johannes och Sylvia Myllyniemis yngsta son Jukka som \u00e4r l\u00e5ngt \u00f6ver 70 \u00e5r h\u00e5ller fortfarande p\u00e5 med sina gr\u00e4vmaskiner. Och det har han gjort redan i \u00f6ver 50 \u00e5rs tid f\u00f6r han skaffade sin f\u00f6rsta <a class=\"more-link\" href=\"https:\/\/www.lassebacklund.fi\/?page_id=3480\">Forts\u00e4tt l\u00e4sa <span class=\"screen-reader-text\">  Stenbyggaren Jukka Myllyniemi.<\/span><span class=\"meta-nav\">&rarr;<\/span><\/a><\/p>\n","protected":false},"author":1,"featured_media":0,"parent":3450,"menu_order":0,"comment_status":"closed","ping_status":"closed","template":"","meta":{"footnotes":""},"class_list":["post-3480","page","type-page","status-publish","hentry"],"_links":{"self":[{"href":"https:\/\/www.lassebacklund.fi\/index.php?rest_route=\/wp\/v2\/pages\/3480","targetHints":{"allow":["GET"]}}],"collection":[{"href":"https:\/\/www.lassebacklund.fi\/index.php?rest_route=\/wp\/v2\/pages"}],"about":[{"href":"https:\/\/www.lassebacklund.fi\/index.php?rest_route=\/wp\/v2\/types\/page"}],"author":[{"embeddable":true,"href":"https:\/\/www.lassebacklund.fi\/index.php?rest_route=\/wp\/v2\/users\/1"}],"replies":[{"embeddable":true,"href":"https:\/\/www.lassebacklund.fi\/index.php?rest_route=%2Fwp%2Fv2%2Fcomments&post=3480"}],"version-history":[{"count":13,"href":"https:\/\/www.lassebacklund.fi\/index.php?rest_route=\/wp\/v2\/pages\/3480\/revisions"}],"predecessor-version":[{"id":13335,"href":"https:\/\/www.lassebacklund.fi\/index.php?rest_route=\/wp\/v2\/pages\/3480\/revisions\/13335"}],"up":[{"embeddable":true,"href":"https:\/\/www.lassebacklund.fi\/index.php?rest_route=\/wp\/v2\/pages\/3450"}],"wp:attachment":[{"href":"https:\/\/www.lassebacklund.fi\/index.php?rest_route=%2Fwp%2Fv2%2Fmedia&parent=3480"}],"curies":[{"name":"wp","href":"https:\/\/api.w.org\/{rel}","templated":true}]}}