{"id":347,"date":"2016-09-10T22:29:58","date_gmt":"2016-09-10T20:29:58","guid":{"rendered":"http:\/\/www.lassebacklund.fi\/?page_id=347"},"modified":"2025-06-15T21:46:58","modified_gmt":"2025-06-15T18:46:58","slug":"emil-och-mathilda-lillsjo-pa-dagsmarkvagen-103","status":"publish","type":"page","link":"https:\/\/www.lassebacklund.fi\/?page_id=347","title":{"rendered":"Emil och Mathilda Lillsj\u00f6 p\u00e5 Dagsmarkv\u00e4gen 103"},"content":{"rendered":"<figure id=\"attachment_24166\" aria-describedby=\"caption-attachment-24166\" style=\"width: 2304px\" class=\"wp-caption alignnone\"><img loading=\"lazy\" decoding=\"async\" class=\"wp-image-24166 size-full\" src=\"https:\/\/www.lassebacklund.fi\/wp-content\/uploads\/2025\/06\/PICT5358.jpg\" alt=\"\" width=\"2304\" height=\"1704\" srcset=\"https:\/\/www.lassebacklund.fi\/wp-content\/uploads\/2025\/06\/PICT5358.jpg 2304w, https:\/\/www.lassebacklund.fi\/wp-content\/uploads\/2025\/06\/PICT5358-300x222.jpg 300w, https:\/\/www.lassebacklund.fi\/wp-content\/uploads\/2025\/06\/PICT5358-1024x757.jpg 1024w, https:\/\/www.lassebacklund.fi\/wp-content\/uploads\/2025\/06\/PICT5358-768x568.jpg 768w, https:\/\/www.lassebacklund.fi\/wp-content\/uploads\/2025\/06\/PICT5358-1536x1136.jpg 1536w, https:\/\/www.lassebacklund.fi\/wp-content\/uploads\/2025\/06\/PICT5358-2048x1515.jpg 2048w\" sizes=\"auto, (max-width: 2304px) 100vw, 2304px\" \/><figcaption id=\"caption-attachment-24166\" class=\"wp-caption-text\">Det h\u00e4r huset i Storfors n\u00e4ra Ragnarsvik byggdes i mitten p\u00e5 1930-talet p\u00e5 sitt nuvarande st\u00e4lle av arbetaren och timmermannen Emil Lillsj\u00f6 och hans hustru Mathilda. En del av stockarna togs fr\u00e5n ett hus som revs p\u00e5 andra sidan \u00e5n men det anv\u00e4ndes ocks\u00e5 en del nytt virke. Medan sj\u00e4lva byggandet p\u00e5gick s\u00e5 bodde familjen i Jakopas lillstuga, som stod mellan Mitts Torstens verkstad och Kronmans g\u00e5rdar i centrala Perus. Huset fotograferat fr\u00e5n landsv\u00e4gen fr\u00e5n v\u00e4ster sommaren 2025.<\/figcaption><\/figure>\n<p><strong><span style=\"color: #333399;\">Sammanst\u00e4llt av Lasse Backlund 2015, med hj\u00e4lp av Emils son B\u00f6rje Lillsj\u00f6.<\/span><\/strong><\/p>\n<h3><strong>Husets historia.<\/strong><\/h3>\n<p>Den h\u00e4r tomten i Storfors h\u00f6rde efter storskiftet 1900-1912 till hemmanet Landg\u00e4rs 1:14 p\u00e5 Klemets hemman. \u00c5r 1931, den 18 april k\u00f6pte Fattign\u00e4mnden i Lappfj\u00e4rds kommun omr\u00e5det av Josef Emil (f.1897) och Aina Emilia (f. i \u00d6vermark 1898-1952) Blomqvist och det fick l\u00e4genhetsnamnet Tallholm 1:43 p\u00e5 Klemets hemman.<\/p>\n<p><strong>\u00c5r 1949, den 11 oktober <\/strong>s\u00e5lde kommunen g\u00e5rdstomten p\u00e5 ca 1 400 kvm med alla byggnader \u00e5t Emil och Matilda Lillsj\u00f6 f\u00f6r 20 000 mark. Tomten som br\u00f6ts ut fr\u00e5n Tallholm l\u00e4genhet fick namnet Sagolin 1:93.<\/p>\n<p>Timmermannen Frans <strong><u>Emil<\/u> Lillsj\u00f6<\/strong> (1898-1970) var son till Edla Karolina Lillsj\u00f6 (1867-1955) och Edla i sin tur var dotter till Erik Henriksson Storsj\u00f6 (1829-1902) och Anna Kajsa Gustavsdotter Lillsj\u00f6 (1823-1906). Emil deltog i inb\u00f6rdeskriget \u00e5r 1918 p\u00e5 de vitas sida.<\/p>\n<p>Emils mor Edla, som ocks\u00e5 kallades \u201dTrell Edla\u201d var syster till Vilhelmina (f.1857) som var mor till \u201dTrell Frans\u201d eller \u201dFili Frans\u201d eller Frans Lillsj\u00f6 (1899-1971) som han hette p\u00e5 riktigt. Namnet \u201dFili\u201d kommer av en Filip som fanns i Lillsj\u00f6 sl\u00e4kten. Edla Lillsj\u00f6 bodde en tid runt \u00e5r 1950 i <a href=\"https:\/\/www.lassebacklund.fi\/?page_id=1864\">Artur Rosengrens g\u00e5rd p\u00e5 Sunnantillv\u00e4gen<\/a> tills hon fick plats p\u00e5 \u00c5ldersro.<\/p>\n<figure id=\"attachment_340\" aria-describedby=\"caption-attachment-340\" style=\"width: 455px\" class=\"wp-caption alignnone\"><img loading=\"lazy\" decoding=\"async\" class=\"size-full wp-image-340\" src=\"http:\/\/www.lassebacklund.fi\/wp-content\/uploads\/2016\/09\/3wpb8f0dc5b_06.png\" alt=\"P\u00e5 bilden Emil och Mathilda Lillsj\u00f6.\" width=\"455\" height=\"313\" srcset=\"https:\/\/www.lassebacklund.fi\/wp-content\/uploads\/2016\/09\/3wpb8f0dc5b_06.png 455w, https:\/\/www.lassebacklund.fi\/wp-content\/uploads\/2016\/09\/3wpb8f0dc5b_06-300x206.png 300w\" sizes=\"auto, (max-width: 455px) 100vw, 455px\" \/><figcaption id=\"caption-attachment-340\" class=\"wp-caption-text\">Emil och Mathilda Lillsj\u00f6.<\/figcaption><\/figure>\n<p><strong>Mathilda<\/strong> (f. Kankaanp\u00e4\u00e4 1908-1984) var dotter till Robert Kankaanp\u00e4\u00e4 fr\u00e5n Korsb\u00e4ck (1855-1919) och Anna Kajsa (f. Nyholm i Lappfj\u00e4rd 1864-1943).<\/p>\n<figure id=\"attachment_341\" aria-describedby=\"caption-attachment-341\" style=\"width: 508px\" class=\"wp-caption alignnone\"><img loading=\"lazy\" decoding=\"async\" class=\"size-full wp-image-341\" src=\"http:\/\/www.lassebacklund.fi\/wp-content\/uploads\/2016\/09\/4wpd3f6621e_05_06.jpg\" alt=\"P\u00e5 bilden hela syskonskaran Kankaanp\u00e4\u00e4. Upp till h\u00f6ger Roberts yngsta dotter Mathilda.\" width=\"508\" height=\"336\" srcset=\"https:\/\/www.lassebacklund.fi\/wp-content\/uploads\/2016\/09\/4wpd3f6621e_05_06.jpg 508w, https:\/\/www.lassebacklund.fi\/wp-content\/uploads\/2016\/09\/4wpd3f6621e_05_06-300x198.jpg 300w\" sizes=\"auto, (max-width: 508px) 100vw, 508px\" \/><figcaption id=\"caption-attachment-341\" class=\"wp-caption-text\">Hela syskonskaran Kankaanp\u00e4\u00e4. Uppe till h\u00f6ger Roberts yngsta dotter Mathilda.<\/figcaption><\/figure>\n<p>Emil och Mathilda Lillsj\u00f6 fick sju barn:<\/p>\n<h6>&#8211;<strong>Alice<\/strong> Anita, gift Hovland f. 26.11.1926 d. Var bosatt i Sundsvall i Sverige.<\/h6>\n<h6>&#8211;<strong>Ruth<\/strong> Gunvor, gift Roos f. 27.3.1928 bosatt i Lappfj\u00e4rd.<\/h6>\n<h6>&#8211;<strong>Egil<\/strong> Gunbert f. 15.4.1929, \u00a0d.23.12.2008 var bosatt i Hallstahammar i Sverige.<\/h6>\n<h6>&#8211;<strong>Gullni<\/strong> Fortuna gift Pettersson, f.15.3.1932 bosatt i Surahammar Sverige.<\/h6>\n<h6>&#8211;<strong>Heimer<\/strong> Rafael f.18.11.1934, bosatt i Hallstavik i Sverige. Avled barnl\u00f6s i Hallstavik \u00e5r 2020.<\/h6>\n<h6>&#8211;<strong>B\u00f6rje<\/strong> Emil f.9.11.1940 bosatt i Surahammar i Sverige.<\/h6>\n<h6>&#8211;<strong>Paul <\/strong>Arnold f.6.1.1943 bosatt i Surahammar i Sverige.<\/h6>\n<figure id=\"attachment_342\" aria-describedby=\"caption-attachment-342\" style=\"width: 628px\" class=\"wp-caption alignnone\"><img loading=\"lazy\" decoding=\"async\" class=\"size-full wp-image-342\" src=\"http:\/\/www.lassebacklund.fi\/wp-content\/uploads\/2016\/09\/5wp88c4891c_06.jpg\" alt=\"P\u00e5 bilden Edlas-Emils och Mathildas alla barn, fotot fr\u00e5n \u00e5r 2000. Damerna fr\u00e5n v\u00e4nster \u00e4r Ruth, Alice och Gullni. Herrarna \u00e4r Egil, Paul, Heimer och l\u00e4ngst till h\u00f6ger B\u00f6rje.\" width=\"628\" height=\"399\" srcset=\"https:\/\/www.lassebacklund.fi\/wp-content\/uploads\/2016\/09\/5wp88c4891c_06.jpg 628w, https:\/\/www.lassebacklund.fi\/wp-content\/uploads\/2016\/09\/5wp88c4891c_06-300x191.jpg 300w\" sizes=\"auto, (max-width: 628px) 100vw, 628px\" \/><figcaption id=\"caption-attachment-342\" class=\"wp-caption-text\">&#8221;Edlas Emils&#8221; och Mathildas alla barn, fotot fr\u00e5n \u00e5r 2000. Damerna fr\u00e5n v\u00e4nster \u00e4r Ruth, Alice och Gullni. Herrarna \u00e4r Egil, Paul, Heimer och l\u00e4ngst till h\u00f6ger B\u00f6rje.<\/figcaption><\/figure>\n<figure id=\"attachment_16362\" aria-describedby=\"caption-attachment-16362\" style=\"width: 937px\" class=\"wp-caption alignnone\"><img loading=\"lazy\" decoding=\"async\" class=\" wp-image-16362\" src=\"http:\/\/www.lassebacklund.fi\/wp-content\/uploads\/2020\/05\/Lillsj\u00f6-Heimer-2.jpg\" alt=\"\" width=\"937\" height=\"1250\" srcset=\"https:\/\/www.lassebacklund.fi\/wp-content\/uploads\/2020\/05\/Lillsj\u00f6-Heimer-2.jpg 1512w, https:\/\/www.lassebacklund.fi\/wp-content\/uploads\/2020\/05\/Lillsj\u00f6-Heimer-2-225x300.jpg 225w, https:\/\/www.lassebacklund.fi\/wp-content\/uploads\/2020\/05\/Lillsj\u00f6-Heimer-2-768x1024.jpg 768w, https:\/\/www.lassebacklund.fi\/wp-content\/uploads\/2020\/05\/Lillsj\u00f6-Heimer-2-1152x1536.jpg 1152w\" sizes=\"auto, (max-width: 937px) 100vw, 937px\" \/><figcaption id=\"caption-attachment-16362\" class=\"wp-caption-text\">Emil och Tildas son Heimer, som f\u00f6ddes 1934, flyttade till Sverige 1957, bodde en tid i Dalarna f\u00f6r att sedan flytta till Hallstavik, d\u00e4r han bodde livet ut. Heimer var f\u00f6rlovad med Gunvor Vidberg fr\u00e5n Nystad. Heimer dog barnl\u00f6s \u00e5r 2020.<\/figcaption><\/figure>\n<figure id=\"attachment_14199\" aria-describedby=\"caption-attachment-14199\" style=\"width: 2165px\" class=\"wp-caption alignnone\"><img loading=\"lazy\" decoding=\"async\" class=\"size-full wp-image-14199\" src=\"http:\/\/www.lassebacklund.fi\/wp-content\/uploads\/2019\/09\/I-mitten-Heimer-och-Gunvor-Lillsj\u00f6.jpg\" alt=\"\" width=\"2165\" height=\"1491\" srcset=\"https:\/\/www.lassebacklund.fi\/wp-content\/uploads\/2019\/09\/I-mitten-Heimer-och-Gunvor-Lillsj\u00f6.jpg 2165w, https:\/\/www.lassebacklund.fi\/wp-content\/uploads\/2019\/09\/I-mitten-Heimer-och-Gunvor-Lillsj\u00f6-300x207.jpg 300w, https:\/\/www.lassebacklund.fi\/wp-content\/uploads\/2019\/09\/I-mitten-Heimer-och-Gunvor-Lillsj\u00f6-768x529.jpg 768w, https:\/\/www.lassebacklund.fi\/wp-content\/uploads\/2019\/09\/I-mitten-Heimer-och-Gunvor-Lillsj\u00f6-1024x705.jpg 1024w\" sizes=\"auto, (max-width: 2165px) 100vw, 2165px\" \/><figcaption id=\"caption-attachment-14199\" class=\"wp-caption-text\">I mitten Heimer Lillsj\u00f6 och Gunvor Vidberg. De tv\u00e5 andra \u00e4r ok\u00e4nda.<\/figcaption><\/figure>\n<figure id=\"attachment_343\" aria-describedby=\"caption-attachment-343\" style=\"width: 597px\" class=\"wp-caption alignnone\"><img loading=\"lazy\" decoding=\"async\" class=\"size-full wp-image-343\" src=\"http:\/\/www.lassebacklund.fi\/wp-content\/uploads\/2016\/09\/6wp1cb9f492_05_06.jpg\" alt=\"Det h\u00e4r lilla huset p\u00e5 g\u00e5rden var i tiderna en smedja som stod p\u00e5 Storfors S\u00e5gs omr\u00e5de, troligen byggd p\u00e5 den tiden d\u00e5 P\u00e4rusfors var verksamt h\u00e4r.\" width=\"597\" height=\"289\" srcset=\"https:\/\/www.lassebacklund.fi\/wp-content\/uploads\/2016\/09\/6wp1cb9f492_05_06.jpg 597w, https:\/\/www.lassebacklund.fi\/wp-content\/uploads\/2016\/09\/6wp1cb9f492_05_06-300x145.jpg 300w\" sizes=\"auto, (max-width: 597px) 100vw, 597px\" \/><figcaption id=\"caption-attachment-343\" class=\"wp-caption-text\">Det h\u00e4r lilla huset p\u00e5 g\u00e5rden var i tiderna en smedja som stod p\u00e5 Storfors S\u00e5gs omr\u00e5de, troligen byggd p\u00e5 den tiden d\u00e5 P\u00e4rusfors var verksamt h\u00e4r.<\/figcaption><\/figure>\n<p>\u00c5r 1998 k\u00f6pte grannen Erkki M\u00e4kitalo g\u00e5rden men Emils och Mathildas dotter Ruth bodde d\u00e4r \u00e4nda till \u00e5r 2014 d\u00e5 hon flyttade till Lappfj\u00e4rd. Erkki s\u00e5lde d\u00e5 g\u00e5rden \u00e5t familjen Honko, som grundligt renoverade huset. De bedrev en tid \u00f6vernattningsverksamhet i huset tills de s\u00e5lde det \u00e5t f\u00f6ljande \u00e4gare. H\u00e4r nedan flera foton av det renoverade huset, som \u00e4r taget fr\u00e5n Wanha Tupas Facebook-sida.<\/p>\n<figure id=\"attachment_339\" aria-describedby=\"caption-attachment-339\" style=\"width: 366px\" class=\"wp-caption alignnone\"><img loading=\"lazy\" decoding=\"async\" class=\" wp-image-339\" src=\"http:\/\/www.lassebacklund.fi\/wp-content\/uploads\/2016\/09\/2wpbed056a3_06.jpg\" alt=\"H\u00e4r huset fotograferat fr\u00e5n g\u00e5rdssidan, fr\u00e5n \u00f6ster.\" width=\"366\" height=\"356\" srcset=\"https:\/\/www.lassebacklund.fi\/wp-content\/uploads\/2016\/09\/2wpbed056a3_06.jpg 336w, https:\/\/www.lassebacklund.fi\/wp-content\/uploads\/2016\/09\/2wpbed056a3_06-300x292.jpg 300w\" sizes=\"auto, (max-width: 366px) 100vw, 366px\" \/><figcaption id=\"caption-attachment-339\" class=\"wp-caption-text\">Den 24 september 1951 utbr\u00f6t i brand hos Emil och Mathilda Lillsj\u00f6 men byggnaden gick att \u00e5terst\u00e4lla efter branden. Huset fotograferat fr\u00e5n g\u00e5rdssidan, fr\u00e5n \u00f6ster.<\/figcaption><\/figure>\n<p>Vill du l\u00e4sa mera om de nya \u00e4garna och deras bondg\u00e5rdsturism, s\u00e5 klicka <a href=\"http:\/\/www.wanhatupa.fi\/\"><strong><u>h\u00e4r!<\/u><\/strong><\/a><\/p>\n<figure id=\"attachment_344\" aria-describedby=\"caption-attachment-344\" style=\"width: 605px\" class=\"wp-caption alignnone\"><img loading=\"lazy\" decoding=\"async\" class=\"wp-image-344 size-full\" src=\"http:\/\/www.lassebacklund.fi\/wp-content\/uploads\/2016\/09\/7wp085575d3_05_06.jpg\" alt=\"H\u00e4r n\u00e5gra bilder som visar hur vackert Lillsj\u00f6-Emils hus blev efter renoveringen. \" width=\"605\" height=\"454\" srcset=\"https:\/\/www.lassebacklund.fi\/wp-content\/uploads\/2016\/09\/7wp085575d3_05_06.jpg 605w, https:\/\/www.lassebacklund.fi\/wp-content\/uploads\/2016\/09\/7wp085575d3_05_06-300x225.jpg 300w\" sizes=\"auto, (max-width: 605px) 100vw, 605px\" \/><figcaption id=\"caption-attachment-344\" class=\"wp-caption-text\">Det ser inbjudande ut d\u00e5 man ser hur vackert Lillsj\u00f6-Emils hus blev efter renoveringen.<\/figcaption><\/figure>\n<figure id=\"attachment_24165\" aria-describedby=\"caption-attachment-24165\" style=\"width: 2304px\" class=\"wp-caption alignnone\"><img loading=\"lazy\" decoding=\"async\" class=\"wp-image-24165 size-full\" src=\"https:\/\/www.lassebacklund.fi\/wp-content\/uploads\/2025\/06\/PICT5359.jpg\" alt=\"\" width=\"2304\" height=\"1704\" srcset=\"https:\/\/www.lassebacklund.fi\/wp-content\/uploads\/2025\/06\/PICT5359.jpg 2304w, https:\/\/www.lassebacklund.fi\/wp-content\/uploads\/2025\/06\/PICT5359-300x222.jpg 300w, https:\/\/www.lassebacklund.fi\/wp-content\/uploads\/2025\/06\/PICT5359-1024x757.jpg 1024w, https:\/\/www.lassebacklund.fi\/wp-content\/uploads\/2025\/06\/PICT5359-768x568.jpg 768w, https:\/\/www.lassebacklund.fi\/wp-content\/uploads\/2025\/06\/PICT5359-1536x1136.jpg 1536w, https:\/\/www.lassebacklund.fi\/wp-content\/uploads\/2025\/06\/PICT5359-2048x1515.jpg 2048w\" sizes=\"auto, (max-width: 2304px) 100vw, 2304px\" \/><figcaption id=\"caption-attachment-24165\" class=\"wp-caption-text\">Emil som kallades &#8221;Edlas Emel&#8221; skulle k\u00e4nna sig n\u00f6jd om han s\u00e5g hur vackert hans hus blev efter renoveringen. Lasses foto fr\u00e5n sommaren 2025.<\/figcaption><\/figure>\n<figure id=\"attachment_346\" aria-describedby=\"caption-attachment-346\" style=\"width: 578px\" class=\"wp-caption alignnone\"><img loading=\"lazy\" decoding=\"async\" class=\"wp-image-346 size-full\" src=\"http:\/\/www.lassebacklund.fi\/wp-content\/uploads\/2016\/09\/10wpc0a827b0_06.jpg\" alt=\"En vacker mormorsstuga som ligger n\u00e4ra den vackra Storforsen med de fiskrika vattnen.\" width=\"578\" height=\"433\" srcset=\"https:\/\/www.lassebacklund.fi\/wp-content\/uploads\/2016\/09\/10wpc0a827b0_06.jpg 578w, https:\/\/www.lassebacklund.fi\/wp-content\/uploads\/2016\/09\/10wpc0a827b0_06-300x225.jpg 300w\" sizes=\"auto, (max-width: 578px) 100vw, 578px\" \/><figcaption id=\"caption-attachment-346\" class=\"wp-caption-text\">En riktig mormorsstuga som ligger n\u00e4ra den vackra Storforsen med de fiskrika vattnen i Lappfj\u00e4rds \u00e5.<\/figcaption><\/figure>\n<figure id=\"attachment_338\" aria-describedby=\"caption-attachment-338\" style=\"width: 547px\" class=\"wp-caption alignnone\"><img loading=\"lazy\" decoding=\"async\" class=\" wp-image-338\" src=\"http:\/\/www.lassebacklund.fi\/wp-content\/uploads\/2016\/09\/1wp12dd4617_06.jpg\" alt=\"H\u00e4r huset fotograferat fr\u00e5n landsv\u00e4gen fr\u00e5n v\u00e4ster. \" width=\"547\" height=\"543\" srcset=\"https:\/\/www.lassebacklund.fi\/wp-content\/uploads\/2016\/09\/1wp12dd4617_06.jpg 400w, https:\/\/www.lassebacklund.fi\/wp-content\/uploads\/2016\/09\/1wp12dd4617_06-150x150.jpg 150w, https:\/\/www.lassebacklund.fi\/wp-content\/uploads\/2016\/09\/1wp12dd4617_06-300x298.jpg 300w\" sizes=\"auto, (max-width: 547px) 100vw, 547px\" \/><figcaption id=\"caption-attachment-338\" class=\"wp-caption-text\">Huset fotograferat fr\u00e5n landsv\u00e4gen f\u00f6r n\u00e5gra \u00e5r sedan.<\/figcaption><\/figure>\n","protected":false},"excerpt":{"rendered":"<p>Sammanst\u00e4llt av Lasse Backlund 2015, med hj\u00e4lp av Emils son B\u00f6rje Lillsj\u00f6. Husets historia. Den h\u00e4r tomten i Storfors h\u00f6rde efter storskiftet 1900-1912 till hemmanet Landg\u00e4rs 1:14 p\u00e5 Klemets hemman. \u00c5r 1931, den 18 april k\u00f6pte Fattign\u00e4mnden i Lappfj\u00e4rds kommun <a class=\"more-link\" href=\"https:\/\/www.lassebacklund.fi\/?page_id=347\">Forts\u00e4tt l\u00e4sa <span class=\"screen-reader-text\">  Emil och Mathilda Lillsj\u00f6 p\u00e5 Dagsmarkv\u00e4gen 103<\/span><span class=\"meta-nav\">&rarr;<\/span><\/a><\/p>\n","protected":false},"author":1,"featured_media":0,"parent":61,"menu_order":103,"comment_status":"closed","ping_status":"closed","template":"","meta":{"footnotes":""},"class_list":["post-347","page","type-page","status-publish","hentry"],"_links":{"self":[{"href":"https:\/\/www.lassebacklund.fi\/index.php?rest_route=\/wp\/v2\/pages\/347","targetHints":{"allow":["GET"]}}],"collection":[{"href":"https:\/\/www.lassebacklund.fi\/index.php?rest_route=\/wp\/v2\/pages"}],"about":[{"href":"https:\/\/www.lassebacklund.fi\/index.php?rest_route=\/wp\/v2\/types\/page"}],"author":[{"embeddable":true,"href":"https:\/\/www.lassebacklund.fi\/index.php?rest_route=\/wp\/v2\/users\/1"}],"replies":[{"embeddable":true,"href":"https:\/\/www.lassebacklund.fi\/index.php?rest_route=%2Fwp%2Fv2%2Fcomments&post=347"}],"version-history":[{"count":10,"href":"https:\/\/www.lassebacklund.fi\/index.php?rest_route=\/wp\/v2\/pages\/347\/revisions"}],"predecessor-version":[{"id":24167,"href":"https:\/\/www.lassebacklund.fi\/index.php?rest_route=\/wp\/v2\/pages\/347\/revisions\/24167"}],"up":[{"embeddable":true,"href":"https:\/\/www.lassebacklund.fi\/index.php?rest_route=\/wp\/v2\/pages\/61"}],"wp:attachment":[{"href":"https:\/\/www.lassebacklund.fi\/index.php?rest_route=%2Fwp%2Fv2%2Fmedia&parent=347"}],"curies":[{"name":"wp","href":"https:\/\/api.w.org\/{rel}","templated":true}]}}