{"id":315,"date":"2016-09-07T21:58:05","date_gmt":"2016-09-07T19:58:05","guid":{"rendered":"http:\/\/www.lassebacklund.fi\/?page_id=315"},"modified":"2024-08-20T21:50:09","modified_gmt":"2024-08-20T18:50:09","slug":"anderssons-hus-pa-bygranden-10","status":"publish","type":"page","link":"https:\/\/www.lassebacklund.fi\/?page_id=315","title":{"rendered":"Andersons hus p\u00e5 Bygr\u00e4nden 10"},"content":{"rendered":"<figure id=\"attachment_301\" aria-describedby=\"caption-attachment-301\" style=\"width: 638px\" class=\"wp-caption alignnone\"><img loading=\"lazy\" decoding=\"async\" class=\"size-full wp-image-301\" src=\"http:\/\/www.lassebacklund.fi\/wp-content\/uploads\/2016\/09\/1wp09db60ce_06.png\" alt=\"Anderssons g\u00e5rd fotograferad fr\u00e5n s\u00f6der. Nelsons aff\u00e4r syns till v\u00e4nster.\" width=\"638\" height=\"276\" srcset=\"https:\/\/www.lassebacklund.fi\/wp-content\/uploads\/2016\/09\/1wp09db60ce_06.png 638w, https:\/\/www.lassebacklund.fi\/wp-content\/uploads\/2016\/09\/1wp09db60ce_06-300x130.png 300w\" sizes=\"auto, (max-width: 638px) 100vw, 638px\" \/><figcaption id=\"caption-attachment-301\" class=\"wp-caption-text\">Det h\u00e4r huset med sin speciella arkitektur har kallats f\u00f6r \u201dAndersonas\u201d fast det var Valter och Lisen Roseng\u00e5rd som byggde det under \u00e5ren 1946-1949. Sj\u00e4lva byggandet stod Valters far Erik Anders Roseng\u00e5rd och Broberg Erik Anders f\u00f6r. Andersons g\u00e5rd fotograferad fr\u00e5n s\u00f6der. Nelsons aff\u00e4r syns till v\u00e4nster.<\/figcaption><\/figure>\n<p><strong><span style=\"color: #000080;\">Sammanst\u00e4llt av Lasse Backlund 2014, med hj\u00e4lp och en del foton av John Hammarberg.<\/span><\/strong><\/p>\n<h3><strong>Husets historia<\/strong><\/h3>\n<p>Den h\u00e4r tomten p\u00e5 l\u00e4genhet Brog\u00e5rd \u00e4r bel\u00e4gen invid brof\u00e4stet och \u00e4gdes i tiderna av &#8221;Koll handlarin&#8221;, n\u00e4mligen handlanden J. H. Storkull och den h\u00f6rde till hans hemman Gr\u00f6nvall. Handlande Storkulls son Eskil Ahlmark s\u00e5lde 1946 tomten Brog\u00e5rd \u00e5t Valter Roseng\u00e5rd och hans hustru Lisen och Valter b\u00f6rjade d\u00e5 bygga ett garage f\u00f6r sina lastbilar.<\/p>\n<h4><strong>Valter och Lisen Roseng\u00e5rd tar \u00f6ver tomten och bygger g\u00e5rden<\/strong><\/h4>\n<p>Det var genast efter det senaste kriget som den f\u00f6rsta delen av denna byggnad uppf\u00f6rdes p\u00e5 Brog\u00e5rd l\u00e4genhet nr 4:109. Nedre v\u00e5ningen byggdes f\u00f6rst, bara som garage f\u00f6r Valter Roseng\u00e5rds lastbilar och \u00f6vre v\u00e5ningen byggdes 48-49 och blev deras bostad.<\/p>\n<figure id=\"attachment_302\" aria-describedby=\"caption-attachment-302\" style=\"width: 381px\" class=\"wp-caption alignnone\"><img loading=\"lazy\" decoding=\"async\" class=\"size-full wp-image-302\" src=\"http:\/\/www.lassebacklund.fi\/wp-content\/uploads\/2016\/09\/2wp0f829274_05_06.jpg\" alt=\"P\u00e5 bilden chauff\u00f6ren Valter Roseng\u00e5rd, n\u00e4stan visande var hans garage skall byggas.\" width=\"381\" height=\"545\" srcset=\"https:\/\/www.lassebacklund.fi\/wp-content\/uploads\/2016\/09\/2wp0f829274_05_06.jpg 381w, https:\/\/www.lassebacklund.fi\/wp-content\/uploads\/2016\/09\/2wp0f829274_05_06-210x300.jpg 210w\" sizes=\"auto, (max-width: 381px) 100vw, 381px\" \/><figcaption id=\"caption-attachment-302\" class=\"wp-caption-text\">Chauff\u00f6ren Valter Roseng\u00e5rd, n\u00e4stan visande var hans garage skall byggas. Till v\u00e4nster syns magasinet hos handlande Erik Anderson.<\/figcaption><\/figure>\n<figure id=\"attachment_303\" aria-describedby=\"caption-attachment-303\" style=\"width: 597px\" class=\"wp-caption alignnone\"><img loading=\"lazy\" decoding=\"async\" class=\"size-full wp-image-303\" src=\"http:\/\/www.lassebacklund.fi\/wp-content\/uploads\/2016\/09\/3wpcc450888_05_06.jpg\" alt=\"P\u00e5 den h\u00e4r bilden fr\u00e5n 1946-47 sitter Beda Westerback tillsammans med systersonen Bo Skogman p\u00e5 bror\u00e4cket. Till v\u00e4nster p\u00e5 bilden syns Valters garagebyggnad och till h\u00f6ger Dagsmark Andelsmejeri.\" width=\"597\" height=\"331\" srcset=\"https:\/\/www.lassebacklund.fi\/wp-content\/uploads\/2016\/09\/3wpcc450888_05_06.jpg 597w, https:\/\/www.lassebacklund.fi\/wp-content\/uploads\/2016\/09\/3wpcc450888_05_06-300x166.jpg 300w\" sizes=\"auto, (max-width: 597px) 100vw, 597px\" \/><figcaption id=\"caption-attachment-303\" class=\"wp-caption-text\">P\u00e5 den h\u00e4r bilden fr\u00e5n 1946-47 sitter <a href=\"http:\/\/www.lassebacklund.fi\/?page_id=676\">Beda Westerback<\/a> tillsammans med systersonen Bo Skogman p\u00e5 bror\u00e4cket. Till v\u00e4nster p\u00e5 bilden syns Valters garagebyggnad och till h\u00f6ger <a href=\"http:\/\/www.lassebacklund.fi\/?page_id=1332\">Dagsmark Andelsmejeri.<\/a><\/figcaption><\/figure>\n<p>Valter Roseng\u00e5rd (1916-1973) v\u00e4xte upp p\u00e5 Brobackan och han var son till <a href=\"http:\/\/www.lassebacklund.fi\/?page_id=887\">handlaren Erik Anders Roseng\u00e5rd<\/a> (f. Lillkull 1887-1950) och dennes tredje hustru Alvina (f. Klemets 1894-1979). Valter var gift med Lisen (f. Sundholm i N\u00e4rpes 1919, d\u00f6d 1985).<\/p>\n<p>F\u00f6re Valter och Lisen byggde det h\u00e4r huset bodde de i ett annat speciellt hus, n\u00e4mligen i kaf\u00e9huset som \u00a0Valter hade k\u00f6pt av Sigrid Lindberg \u00e5r 1943. D\u00e4r bedrev han <a href=\"http:\/\/www.lassebacklund.fi\/?page_id=543\">kaf\u00e9r\u00f6relsen<\/a> fram till 1948 d\u00e5 han s\u00e5lde alltsammans \u00e5t handlanden <a href=\"http:\/\/www.lassebacklund.fi\/?page_id=298\">Nils Nelson.<\/a><\/p>\n<p>Valter hade \u00e5tminstone tv\u00e5 lastbilar i trafik, han hade ju flera br\u00f6der som arbetade som chauff\u00f6rer \u00e5t honom, bland annat Gunnar och Nils. Brodern Algot k\u00f6rde ocks\u00e5 \u00e5t Valter och det h\u00e4r b\u00f6rjade han med redan f\u00f6re han fick k\u00f6rkort. Det h\u00e4r framh\u00f6ll han till och med n\u00e4r han skulle ta bussk\u00f6rkort och tydligen hade det \u00f6nskv\u00e4rd effekt eftersom Algot k\u00f6rde buss s\u00e5 gott som hela livet. F\u00f6r det mesta var det virke som transporterades och flera Dagsmarkbor var engagerade i dessa transporter.<\/p>\n<figure id=\"attachment_304\" aria-describedby=\"caption-attachment-304\" style=\"width: 432px\" class=\"wp-caption alignnone\"><img loading=\"lazy\" decoding=\"async\" class=\"size-full wp-image-304\" src=\"http:\/\/www.lassebacklund.fi\/wp-content\/uploads\/2016\/09\/5wpcd3c63c5_06.png\" alt=\"I bottenv\u00e5ningen fanns garaget som rymde tv\u00e5 bilar, garaged\u00f6rrarna fanns i den v\u00e4stra gaveln. I \u00f6vre v\u00e5ningen fanns bostaden.\" width=\"432\" height=\"290\" srcset=\"https:\/\/www.lassebacklund.fi\/wp-content\/uploads\/2016\/09\/5wpcd3c63c5_06.png 432w, https:\/\/www.lassebacklund.fi\/wp-content\/uploads\/2016\/09\/5wpcd3c63c5_06-300x201.png 300w\" sizes=\"auto, (max-width: 432px) 100vw, 432px\" \/><figcaption id=\"caption-attachment-304\" class=\"wp-caption-text\">I bottenv\u00e5ningen fanns garaget som rymde tv\u00e5 bilar, garaged\u00f6rrarna fanns i den v\u00e4stra gaveln. I \u00f6vre v\u00e5ningen fanns bostaden.<\/figcaption><\/figure>\n<figure id=\"attachment_305\" aria-describedby=\"caption-attachment-305\" style=\"width: 439px\" class=\"wp-caption alignnone\"><img loading=\"lazy\" decoding=\"async\" class=\"size-full wp-image-305\" src=\"http:\/\/www.lassebacklund.fi\/wp-content\/uploads\/2016\/09\/6wp5dab3ad0_06.png\" alt=\"Man kan ju sitta i tr\u00e4dg\u00e5rden medan tv\u00e4tten torkar. Till v\u00e4nster Valters syster Margit Roseng\u00e5rd, som gifte sig med Dahlb\u00e4ck fr\u00e5n \u00d6vermark. I mitten sitter Lisen Roseng\u00e5rd och till h\u00f6ger Valters halvsyster Signe, gift Granlund.\" width=\"439\" height=\"283\" srcset=\"https:\/\/www.lassebacklund.fi\/wp-content\/uploads\/2016\/09\/6wp5dab3ad0_06.png 439w, https:\/\/www.lassebacklund.fi\/wp-content\/uploads\/2016\/09\/6wp5dab3ad0_06-300x193.png 300w\" sizes=\"auto, (max-width: 439px) 100vw, 439px\" \/><figcaption id=\"caption-attachment-305\" class=\"wp-caption-text\">Man kan ju sitta i tr\u00e4dg\u00e5rden medan tv\u00e4tten torkar. Till v\u00e4nster Valters syster Margit Roseng\u00e5rd, som gifte sig med Dahlb\u00e4ck fr\u00e5n \u00d6vermark. I mitten sitter Lisen Roseng\u00e5rd och till h\u00f6ger Valters halvsyster Signe, gift Granlund.<\/figcaption><\/figure>\n<figure id=\"attachment_306\" aria-describedby=\"caption-attachment-306\" style=\"width: 605px\" class=\"wp-caption alignnone\"><img loading=\"lazy\" decoding=\"async\" class=\"wp-image-306 size-full\" src=\"http:\/\/www.lassebacklund.fi\/wp-content\/uploads\/2016\/09\/7wp35ad5346_06.png\" alt=\"Rosblom var en k\u00e4nd konstn\u00e4r som m\u00e5lade flera g\u00e5rdar i Dagsmark. P\u00e5 den ursprungliga tavlan fanns de tv\u00e5 garaged\u00f6rrarna med men hade efter\u00e5t m\u00e5lat dit f\u00f6nstren. Selma Andersson tyckte om tr\u00e4dg\u00e5rdsarbetet och s\u00e5 l\u00e4nge hon orkade var den mycket v\u00e4lsk\u00f6tt med hagtornsh\u00e4ckar, cembratallar, syrener och liljor i alla m\u00f6jliga f\u00e4rger.\" width=\"605\" height=\"343\" srcset=\"https:\/\/www.lassebacklund.fi\/wp-content\/uploads\/2016\/09\/7wp35ad5346_06.png 605w, https:\/\/www.lassebacklund.fi\/wp-content\/uploads\/2016\/09\/7wp35ad5346_06-300x170.png 300w\" sizes=\"auto, (max-width: 605px) 100vw, 605px\" \/><figcaption id=\"caption-attachment-306\" class=\"wp-caption-text\">Rosblom var en k\u00e4nd konstn\u00e4r som m\u00e5lade flera g\u00e5rdar i Dagsmark. P\u00e5 den ursprungliga tavlan fanns det tv\u00e5 garaged\u00f6rrarna med men han hade efter\u00e5t m\u00e5lat dit f\u00f6nstren. Selma Andersson tyckte om tr\u00e4dg\u00e5rdsarbetet och s\u00e5 l\u00e4nge hon orkade var den mycket v\u00e4lsk\u00f6tt med hagtornsh\u00e4ckar, cembratallar, syrener och liljor i alla m\u00f6jliga f\u00e4rger.<\/figcaption><\/figure>\n<h3><strong>Erik och Selma Anderson tar \u00f6ver<\/strong><\/h3>\n<p><strong>\u00c5r 1953, i april<\/strong> s\u00e5lde Valter detta hus \u00e5t f\u00f6re detta handlaren Erik Anderson (f. Helsing i Lotlax, V\u00f6r\u00e5 1888-1969, hans mor hette Brita Helsing, f. 1850, d. 1941). Erik Anderson var gift med Selma (f. Klemets, senare L\u00e5ngfors 1889-1975, dotter till <a href=\"http:\/\/www.lassebacklund.fi\/?page_id=401\">Johan Henrik och Anna Kajsa Klemets<\/a>). De hade \u00e5r 1945, i augusti gjort ett inb\u00f6rdes testamente d\u00e4r den \u00f6verlevande vid ett d\u00f6dsfall skulle \u00e4rva alla tillg\u00e5ngar.<\/p>\n<figure id=\"attachment_11287\" aria-describedby=\"caption-attachment-11287\" style=\"width: 532px\" class=\"wp-caption alignnone\"><img loading=\"lazy\" decoding=\"async\" class=\" wp-image-11287\" src=\"http:\/\/www.lassebacklund.fi\/wp-content\/uploads\/2019\/02\/Erik-Andersson-i-Amerika.jpg\" alt=\"\" width=\"532\" height=\"769\" srcset=\"https:\/\/www.lassebacklund.fi\/wp-content\/uploads\/2019\/02\/Erik-Andersson-i-Amerika.jpg 1067w, https:\/\/www.lassebacklund.fi\/wp-content\/uploads\/2019\/02\/Erik-Andersson-i-Amerika-208x300.jpg 208w, https:\/\/www.lassebacklund.fi\/wp-content\/uploads\/2019\/02\/Erik-Andersson-i-Amerika-768x1109.jpg 768w, https:\/\/www.lassebacklund.fi\/wp-content\/uploads\/2019\/02\/Erik-Andersson-i-Amerika-709x1024.jpg 709w\" sizes=\"auto, (max-width: 532px) 100vw, 532px\" \/><figcaption id=\"caption-attachment-11287\" class=\"wp-caption-text\">Erik Anderson i Amerika.<\/figcaption><\/figure>\n<p>Valter och Lisen Roseng\u00e5rd flyttade d\u00e5 tillf\u00e4lligt till Dagsmark Andelsmejeri och sedan till Lappfj\u00e4rd, efter det till Kristinestad och i b\u00f6rjan p\u00e5 60-talet till Sverige. Erik och Selma Anderson hade vistats i Hibbing i Amerika och fick d\u00e4r tv\u00e5 barn, Florence (1916-1942) och Jan (1919-1920) \u00a0men de flyttade 1935 till Dagsmark d\u00e4r de tog \u00f6ver <a href=\"http:\/\/www.lassebacklund.fi\/?page_id=298\">J.H. Storkulls aff\u00e4r.<\/a> Den h\u00e4r aff\u00e4ren drev de fram till 1945 d\u00e5 de s\u00e5lde den \u00e5t <a href=\"http:\/\/www.lassebacklund.fi\/?page_id=1417\">Lappfj\u00e4rds Andelshandel<\/a>. Under denna tid hann Valter Roseng\u00e5rd f\u00f6rlova sig med Andersons dotter Florence men hon dog ju \u00e5r 1942.<\/p>\n<figure id=\"attachment_307\" aria-describedby=\"caption-attachment-307\" style=\"width: 455px\" class=\"wp-caption alignnone\"><img loading=\"lazy\" decoding=\"async\" class=\"size-full wp-image-307\" src=\"http:\/\/www.lassebacklund.fi\/wp-content\/uploads\/2016\/09\/8wp57531384_06.png\" alt=\"P\u00e5 detta foto med Handlin och Sparbanken syns Anderssons hus i bakgrunden. Foto: Birger Sonntag.\" width=\"455\" height=\"301\" srcset=\"https:\/\/www.lassebacklund.fi\/wp-content\/uploads\/2016\/09\/8wp57531384_06.png 455w, https:\/\/www.lassebacklund.fi\/wp-content\/uploads\/2016\/09\/8wp57531384_06-300x198.png 300w\" sizes=\"auto, (max-width: 455px) 100vw, 455px\" \/><figcaption id=\"caption-attachment-307\" class=\"wp-caption-text\">P\u00e5 detta foto med <a href=\"http:\/\/www.lassebacklund.fi\/?page_id=253\">Handlin och Sparbanken<\/a> syns Andersons hus i bakgrunden. Foto: Birger Sonntag.<\/figcaption><\/figure>\n<figure id=\"attachment_308\" aria-describedby=\"caption-attachment-308\" style=\"width: 454px\" class=\"wp-caption alignnone\"><img loading=\"lazy\" decoding=\"async\" class=\"size-full wp-image-308\" src=\"http:\/\/www.lassebacklund.fi\/wp-content\/uploads\/2016\/09\/9wp2a11612f_06.png\" alt=\"P\u00e5 detta f\u00e4rgfoto syns Anderssons hus mellan Nelsonas butiken och Handlin.\" width=\"454\" height=\"284\" srcset=\"https:\/\/www.lassebacklund.fi\/wp-content\/uploads\/2016\/09\/9wp2a11612f_06.png 454w, https:\/\/www.lassebacklund.fi\/wp-content\/uploads\/2016\/09\/9wp2a11612f_06-300x188.png 300w\" sizes=\"auto, (max-width: 454px) 100vw, 454px\" \/><figcaption id=\"caption-attachment-308\" class=\"wp-caption-text\">P\u00e5 detta f\u00e4rgfoto syns Andersons hus mellan <a href=\"http:\/\/www.lassebacklund.fi\/?page_id=298\">Nelsonas butiken<\/a> och <a href=\"http:\/\/www.lassebacklund.fi\/?page_id=253\">Handlin<\/a><\/figcaption><\/figure>\n<p>Anderson l\u00e4t d\u00e5 bygga om garaget p\u00e5 bottenv\u00e5ningen till bostad \u00e5t Selmas syster Amanda (1886-1956). Hon hade varit gift med Emil Styris och bodde i Amerika. Amanda var r\u00f6relsehindrad och Erik reste till Amerika och h\u00e4mtade henne till Dagsmark. Amanda bodde i nedre v\u00e5ningen fram till sin d\u00f6d 1956 och efter det flyttade Erik och Selma ner fr\u00e5n \u00f6vre v\u00e5ningen och d\u00e4r bodde de s\u00e5 l\u00e4nge de levde.<\/p>\n<p><strong>\u00c5r 1968, den 22 oktober<\/strong> skrev Selma Anderson ett testamente, d\u00e4r hon best\u00e4mde att efter hennes d\u00f6d skall all tillg\u00e5ngar tillfalla tj\u00e4nstemannen Valter Roseng\u00e5rd, d\u00e5 bosatt i Sverige. Om Valter skulle avlida f\u00f6re henne skulle egendomen tillfalla hans arvingar.<\/p>\n<p><strong>\u00c5r 1969, den 5 januari<\/strong> avled f\u00f6rre handlaren Erik Anderson och enligt inb\u00f6rdes testamentet fr\u00e5n 1945 \u00f6vertog Selma g\u00e5rden och tomten Brog\u00e5rd 4:109.<\/p>\n<p><strong>\u00c5r 1975, den 25 maj<\/strong> avled handlande\u00e4nkan Selma Anderson och enligt testamentet \u00f6vertogs g\u00e5rden p\u00e5 Brog\u00e5rd l\u00e4genhet 4:109 av Valters s\u00f6ner B\u00f6rje, Magnus och Jan-Erik i tre lika stora delar.<\/p>\n<h3><strong>Valter Roseng\u00e5rds s\u00f6ner tar \u00f6ver<\/strong><\/h3>\n<p>Valter Roseng\u00e5rds s\u00f6ner i Sverige fick d\u00e5 denna g\u00e5rd i arv men anv\u00e4nde den endast som semesterbostad.<\/p>\n<p><strong>\u00c5r 1982, den 21 november<\/strong> s\u00e5lde de tre br\u00f6derna Roseng\u00e5rd i Sverige l\u00e4genheten Brog\u00e5rd nr 4:109 \u00e5t de nuvarande \u00e4garna. Samma dag s\u00e5lde modern Lisen sin \u00e4gande l\u00e4genhet Forsstuga 4:154 \u00e5t de nuvarande \u00e4garna. Dessa bodde en tid i den gamla byggnaden medan de byggde ett nytt hus 1983 och den revs sedan f\u00f6ljande \u00e5r.<\/p>\n<figure id=\"attachment_309\" aria-describedby=\"caption-attachment-309\" style=\"width: 605px\" class=\"wp-caption alignnone\"><img loading=\"lazy\" decoding=\"async\" class=\"size-full wp-image-309\" src=\"http:\/\/www.lassebacklund.fi\/wp-content\/uploads\/2016\/09\/10wp40192ed2_06.png\" alt=\"S\u00e5 h\u00e4r s\u00e5g Anderssons hus ut just f\u00f6re det revs.\" width=\"605\" height=\"403\" srcset=\"https:\/\/www.lassebacklund.fi\/wp-content\/uploads\/2016\/09\/10wp40192ed2_06.png 605w, https:\/\/www.lassebacklund.fi\/wp-content\/uploads\/2016\/09\/10wp40192ed2_06-300x200.png 300w\" sizes=\"auto, (max-width: 605px) 100vw, 605px\" \/><figcaption id=\"caption-attachment-309\" class=\"wp-caption-text\">S\u00e5 h\u00e4r s\u00e5g Andersons hus ut just f\u00f6re det revs.<\/figcaption><\/figure>\n<figure id=\"attachment_310\" aria-describedby=\"caption-attachment-310\" style=\"width: 605px\" class=\"wp-caption alignnone\"><img loading=\"lazy\" decoding=\"async\" class=\"size-full wp-image-310\" src=\"http:\/\/www.lassebacklund.fi\/wp-content\/uploads\/2016\/09\/11wp48187820_06.png\" alt=\"\u00c5r 1983 gjordes grunden till det nya huset s\u00f6der om det gamla &quot;Anderssonas&quot;.\" width=\"605\" height=\"386\" srcset=\"https:\/\/www.lassebacklund.fi\/wp-content\/uploads\/2016\/09\/11wp48187820_06.png 605w, https:\/\/www.lassebacklund.fi\/wp-content\/uploads\/2016\/09\/11wp48187820_06-300x191.png 300w\" sizes=\"auto, (max-width: 605px) 100vw, 605px\" \/><figcaption id=\"caption-attachment-310\" class=\"wp-caption-text\">\u00c5r 1983 gjordes grunden till det nya huset s\u00f6der om det gamla &#8221;Andersonas&#8221;.<\/figcaption><\/figure>\n<figure id=\"attachment_311\" aria-describedby=\"caption-attachment-311\" style=\"width: 605px\" class=\"wp-caption alignnone\"><img loading=\"lazy\" decoding=\"async\" class=\"size-full wp-image-311\" src=\"http:\/\/www.lassebacklund.fi\/wp-content\/uploads\/2016\/09\/12wp4fb0345f_06.png\" alt=\"D\u00e5 det nya huset stod f\u00e4rdigt \u00e5r 1984 revs Anderssons gamla hus med hj\u00e4lp av en skogstraktor.\" width=\"605\" height=\"407\" srcset=\"https:\/\/www.lassebacklund.fi\/wp-content\/uploads\/2016\/09\/12wp4fb0345f_06.png 605w, https:\/\/www.lassebacklund.fi\/wp-content\/uploads\/2016\/09\/12wp4fb0345f_06-300x202.png 300w\" sizes=\"auto, (max-width: 605px) 100vw, 605px\" \/><figcaption id=\"caption-attachment-311\" class=\"wp-caption-text\">D\u00e5 det nya huset stod f\u00e4rdigt \u00e5r 1984 revs Andersons gamla hus med hj\u00e4lp av en skogstraktor.<\/figcaption><\/figure>\n<figure id=\"attachment_312\" aria-describedby=\"caption-attachment-312\" style=\"width: 605px\" class=\"wp-caption alignnone\"><img loading=\"lazy\" decoding=\"async\" class=\"size-full wp-image-312\" src=\"http:\/\/www.lassebacklund.fi\/wp-content\/uploads\/2016\/09\/13wpd28a6667_06.png\" alt=\"Rivningsarbetet gick snabbt och i och med detta f\u00f6rsvann ett hus med en speciell arkitektur.\" width=\"605\" height=\"417\" srcset=\"https:\/\/www.lassebacklund.fi\/wp-content\/uploads\/2016\/09\/13wpd28a6667_06.png 605w, https:\/\/www.lassebacklund.fi\/wp-content\/uploads\/2016\/09\/13wpd28a6667_06-300x207.png 300w\" sizes=\"auto, (max-width: 605px) 100vw, 605px\" \/><figcaption id=\"caption-attachment-312\" class=\"wp-caption-text\">Rivningsarbetet gick snabbt och i och med detta f\u00f6rsvann ett hus med en speciell arkitektur.<\/figcaption><\/figure>\n<figure id=\"attachment_314\" aria-describedby=\"caption-attachment-314\" style=\"width: 605px\" class=\"wp-caption alignnone\"><img loading=\"lazy\" decoding=\"async\" class=\"size-full wp-image-314\" src=\"http:\/\/www.lassebacklund.fi\/wp-content\/uploads\/2016\/09\/15wp594a5e4b_06.png\" alt=\"I dag finns inga sp\u00e5r kvar av Anderssons hus och s\u00e5 h\u00e4r ser omr\u00e5det ut fotograferat fr\u00e5n den nya storbron \u00f6ver Lappfj\u00e4rds \u00e5. Det gamla brof\u00e4stet syns nere till v\u00e4nster.\" width=\"605\" height=\"356\" srcset=\"https:\/\/www.lassebacklund.fi\/wp-content\/uploads\/2016\/09\/15wp594a5e4b_06.png 605w, https:\/\/www.lassebacklund.fi\/wp-content\/uploads\/2016\/09\/15wp594a5e4b_06-300x177.png 300w\" sizes=\"auto, (max-width: 605px) 100vw, 605px\" \/><figcaption id=\"caption-attachment-314\" class=\"wp-caption-text\">I dag finns inga sp\u00e5r kvar av Andersons hus och s\u00e5 h\u00e4r ser omr\u00e5det ut fotograferat fr\u00e5n den nya storbron \u00f6ver Lappfj\u00e4rds \u00e5. Det gamla brof\u00e4stet syns nere till v\u00e4nster.<\/figcaption><\/figure>\n<p>&nbsp;<\/p>\n","protected":false},"excerpt":{"rendered":"<p>Sammanst\u00e4llt av Lasse Backlund 2014, med hj\u00e4lp och en del foton av John Hammarberg. Husets historia Den h\u00e4r tomten p\u00e5 l\u00e4genhet Brog\u00e5rd \u00e4r bel\u00e4gen invid brof\u00e4stet och \u00e4gdes i tiderna av &#8221;Koll handlarin&#8221;, n\u00e4mligen handlanden J. H. Storkull och den <a class=\"more-link\" href=\"https:\/\/www.lassebacklund.fi\/?page_id=315\">Forts\u00e4tt l\u00e4sa <span class=\"screen-reader-text\">  Andersons hus p\u00e5 Bygr\u00e4nden 10<\/span><span class=\"meta-nav\">&rarr;<\/span><\/a><\/p>\n","protected":false},"author":1,"featured_media":0,"parent":57,"menu_order":10,"comment_status":"closed","ping_status":"closed","template":"","meta":{"footnotes":""},"class_list":["post-315","page","type-page","status-publish","hentry"],"_links":{"self":[{"href":"https:\/\/www.lassebacklund.fi\/index.php?rest_route=\/wp\/v2\/pages\/315","targetHints":{"allow":["GET"]}}],"collection":[{"href":"https:\/\/www.lassebacklund.fi\/index.php?rest_route=\/wp\/v2\/pages"}],"about":[{"href":"https:\/\/www.lassebacklund.fi\/index.php?rest_route=\/wp\/v2\/types\/page"}],"author":[{"embeddable":true,"href":"https:\/\/www.lassebacklund.fi\/index.php?rest_route=\/wp\/v2\/users\/1"}],"replies":[{"embeddable":true,"href":"https:\/\/www.lassebacklund.fi\/index.php?rest_route=%2Fwp%2Fv2%2Fcomments&post=315"}],"version-history":[{"count":16,"href":"https:\/\/www.lassebacklund.fi\/index.php?rest_route=\/wp\/v2\/pages\/315\/revisions"}],"predecessor-version":[{"id":23113,"href":"https:\/\/www.lassebacklund.fi\/index.php?rest_route=\/wp\/v2\/pages\/315\/revisions\/23113"}],"up":[{"embeddable":true,"href":"https:\/\/www.lassebacklund.fi\/index.php?rest_route=\/wp\/v2\/pages\/57"}],"wp:attachment":[{"href":"https:\/\/www.lassebacklund.fi\/index.php?rest_route=%2Fwp%2Fv2%2Fmedia&parent=315"}],"curies":[{"name":"wp","href":"https:\/\/api.w.org\/{rel}","templated":true}]}}