{"id":2824,"date":"2017-02-15T21:43:41","date_gmt":"2017-02-15T20:43:41","guid":{"rendered":"http:\/\/www.lassebacklund.fi\/?page_id=2824"},"modified":"2023-08-11T23:32:03","modified_gmt":"2023-08-11T20:32:03","slug":"en-larsmass-natt","status":"publish","type":"page","link":"https:\/\/www.lassebacklund.fi\/?page_id=2824","title":{"rendered":"En Larsm\u00e4ss natt."},"content":{"rendered":"<p><strong>En dagsmarkhistoria fr\u00e5n forna tider.<\/strong><\/p>\n<p>Larsm\u00e4ssnatten som infaller 10 augusti troddes i gamla tider vara mycket hemlighetsfull. D\u00e5 hade andar och troll sitt spel. D\u00e5 brunno drakbon och dylikt.<\/p>\n<p>Bland annat ber\u00e4ttas, att en skatt fr\u00e5n f\u00f6rg\u00e5ngna tider skall finnas vid det lilla berget som \u00e4r p\u00e5 \u201dBerg\u00e5sen\u201d, vid v\u00e4gsk\u00e4let som leder till Lillsj\u00f6 i Dagsmark.<\/p>\n<p>F\u00f6r ett sjuttiotal \u00e5r tillbaka, besl\u00f6to tre hurtiga Dagsmarkpojkar f\u00f6rs\u00f6ka sin lycka med den ber\u00f6mda skatten. En m\u00e5nljus och vacker Larsm\u00e4ssnatt gingo de dit redan tidigt p\u00e5 kv\u00e4llen, f\u00f6r att vara d\u00e4r och passa p\u00e5, d\u00e5 elden skulle synas fr\u00e5n den g\u00f6mda skatten. Ingen av de tre pojkarna skulle f\u00e5 tala ett enda ord till de andra, ty d\u00e5, sades det, skulle man ingenting finna av hela drakboet, utan elden skulle slockna strax.<\/p>\n<p>Men till all lycka var en av pojkarna d\u00f6v, s\u00e5 han kom att spela dem sprattet, att de ingenting funno i skogen. Det var l\u00f6rdag kv\u00e4ll den g\u00e5ngen och i den dunkla, m\u00e5nljusa sommarnatten sutto de tre pojkarna i dr\u00f6mmar om lilla v\u00e4nnen. \u2013 S\u00e4kert s\u00e5go de henne vinka och locka bland dimmorna mellan tr\u00e4den. Hj\u00e4rtat blir s\u00e5 underligt k\u00e4nslofullt s\u00e5dana vackra kv\u00e4llar. S\u00e5 blevo pojkarnas hj\u00e4rtan nu, och i minnet upprullades alla hemska sp\u00f6khistorier och s\u00e4gner de h\u00f6rt om Berg\u00e5sen.<\/p>\n<p>B\u00e4st de sutto i andl\u00f6s f\u00f6rv\u00e4ntan, lyste det pl\u00f6tsligt upp ett sken i skogen. S\u00e5 ljust att de gott och v\u00e4l kunnat se en knappn\u00e5l bland l\u00f6ven. Enligt deras \u00f6verenskommelse att ingenting f\u00e5 tala, giver han som f\u00f6rst ser elden, det tillk\u00e4nna med att knuffa den d\u00f6ve som stod n\u00e4rmast honom i sidan. Den d\u00f6ve f\u00f6rstod ingenting och begrep sig ej p\u00e5 det tysta spr\u00e5ket, utan trodde, and den andra helt visst sagt n\u00e5gonting, som han ej h\u00f6rt. D\u00e4rf\u00f6r med detsamma han fick puffen utbrast han: \u201dN\u00e5, kvaa nu d\u00e5?\u201d De b\u00e4gge andra sprungo d\u00e5 redan iv\u00e4g in bland tr\u00e4den f\u00f6r att hinna sig ljuset, d\u00e4r skatten l\u00e5g. Den d\u00f6ve ilade ocks\u00e5 strax efter och ropade s\u00e5 att det ekande i skogen: \u201dKvatt ska ni spring pojkar?\u201d S\u00e5 sprungo de och sprungo allt djupare in i skogen men aldrig funno de skatten. Den var f\u00f6r evigt f\u00f6rsvunnen f\u00f6r de hurtiga hj\u00e4ltarna som ej skytt sp\u00f6ken och drakar utan i sena natten suttit d\u00e4r ensamma och vaktat p\u00e5 skatten.<\/p>\n<p>Nu f\u00f6rtr\u00f6t detta \u201dhela \u2013 dem\u201d h\u00f6geligen och den d\u00f6ve fick sig den skrapan: \u201dHa tu din d\u00f6ivskall kona vuri tyst, \u00e5 haldi tj\u00e4fftan \u00e5 de, s\u00e5 ha vi hitta drakboe, fe vi s\u00e5g precis, kvann e brann. Men strax tu skreik f\u00f6rsvann he mitt f\u00f6 \u00f6gon v\u00e5r\u201d!<\/p>\n<p>Ja, den d\u00f6ve hade v\u00e4l till slut f\u00e5tt sig n\u00e5n duktig trumf av de uppretade storpojkarna, men till all lycka f\u00f6r den d\u00f6ve fingo de just, i det de alla voro i det skarpaste gr\u00e4landet, h\u00f6ra en utomordentligt vacker musik ljuda mellan tr\u00e4dstammarna. Det lj\u00f6d s\u00e5 underbart vackert i den stilla natten. F\u00f6rst blevo de riktigt h\u00e4pna och stodo som f\u00f6rtrollade och lyssna, ty aldrig i v\u00e4rlden hade s\u00e5dana toner f\u00f6rr smekt deras \u00f6ron.<\/p>\n<p>Det var s\u00e5 att en Tr\u00e4skpojke, en riktigt skicklig fiolspeleman just d\u00e5 med detsamma kom g\u00e5ende \u00f6ver Ris\u00e5sen till Tr\u00e4sk, hem fr\u00e5n Lappfj\u00e4rd. S\u00e4kert gick \u00e4ven han i tanken p\u00e5 lilla v\u00e4nnen, varf\u00f6r han fick fram ur fiolen n\u00e5gra k\u00e4nslofullare toner \u00e4n vanligt och p\u00e5 avst\u00e5nd klingade nu hans fiolspel mycket underbart f\u00f6r de tre fantastiska ungdomarna. Uppskr\u00e4mda som de vore f\u00f6rut, blevo de nu d\u00e5 de h\u00f6rde detta riktigt f\u00f6rskr\u00e4ckta.<\/p>\n<p>-\u201dN\u00e4j, sjenn sp\u00f6kas he precis\u201d och s\u00e5 bar det iv\u00e4g f\u00f6r hj\u00e4ltarna \u00f6ver stockar och stenar ned till Dagsmark. Spelljudet f\u00f6rf\u00f6ljde dem n\u00e4stan \u00e4nda hem och till och med den d\u00f6ve h\u00f6rde det.<\/p>\n<p>(skrivet av S. B. 16 augusti 1916)<\/p>\n","protected":false},"excerpt":{"rendered":"<p>En dagsmarkhistoria fr\u00e5n forna tider. Larsm\u00e4ssnatten som infaller 10 augusti troddes i gamla tider vara mycket hemlighetsfull. D\u00e5 hade andar och troll sitt spel. D\u00e5 brunno drakbon och dylikt. Bland annat ber\u00e4ttas, att en skatt fr\u00e5n f\u00f6rg\u00e5ngna tider skall finnas <a class=\"more-link\" href=\"https:\/\/www.lassebacklund.fi\/?page_id=2824\">Forts\u00e4tt l\u00e4sa <span class=\"screen-reader-text\">  En Larsm\u00e4ss natt.<\/span><span class=\"meta-nav\">&rarr;<\/span><\/a><\/p>\n","protected":false},"author":1,"featured_media":0,"parent":19,"menu_order":230,"comment_status":"closed","ping_status":"closed","template":"","meta":{"footnotes":""},"class_list":["post-2824","page","type-page","status-publish","hentry"],"_links":{"self":[{"href":"https:\/\/www.lassebacklund.fi\/index.php?rest_route=\/wp\/v2\/pages\/2824","targetHints":{"allow":["GET"]}}],"collection":[{"href":"https:\/\/www.lassebacklund.fi\/index.php?rest_route=\/wp\/v2\/pages"}],"about":[{"href":"https:\/\/www.lassebacklund.fi\/index.php?rest_route=\/wp\/v2\/types\/page"}],"author":[{"embeddable":true,"href":"https:\/\/www.lassebacklund.fi\/index.php?rest_route=\/wp\/v2\/users\/1"}],"replies":[{"embeddable":true,"href":"https:\/\/www.lassebacklund.fi\/index.php?rest_route=%2Fwp%2Fv2%2Fcomments&post=2824"}],"version-history":[{"count":1,"href":"https:\/\/www.lassebacklund.fi\/index.php?rest_route=\/wp\/v2\/pages\/2824\/revisions"}],"predecessor-version":[{"id":2825,"href":"https:\/\/www.lassebacklund.fi\/index.php?rest_route=\/wp\/v2\/pages\/2824\/revisions\/2825"}],"up":[{"embeddable":true,"href":"https:\/\/www.lassebacklund.fi\/index.php?rest_route=\/wp\/v2\/pages\/19"}],"wp:attachment":[{"href":"https:\/\/www.lassebacklund.fi\/index.php?rest_route=%2Fwp%2Fv2%2Fmedia&parent=2824"}],"curies":[{"name":"wp","href":"https:\/\/api.w.org\/{rel}","templated":true}]}}