{"id":276,"date":"2016-09-07T17:42:13","date_gmt":"2016-09-07T15:42:13","guid":{"rendered":"http:\/\/www.lassebacklund.fi\/?page_id=276"},"modified":"2025-07-10T21:10:52","modified_gmt":"2025-07-10T18:10:52","slug":"algars-hus-pa-bygranden-7","status":"publish","type":"page","link":"https:\/\/www.lassebacklund.fi\/?page_id=276","title":{"rendered":"\u00c5lgars hus p\u00e5 Bygr\u00e4nden 7"},"content":{"rendered":"<figure id=\"attachment_24184\" aria-describedby=\"caption-attachment-24184\" style=\"width: 2176px\" class=\"wp-caption alignnone\"><img loading=\"lazy\" decoding=\"async\" class=\"wp-image-24184 size-full\" src=\"https:\/\/www.lassebacklund.fi\/wp-content\/uploads\/2025\/06\/Algars-ar-2025-2.jpg\" alt=\"\" width=\"2176\" height=\"1307\" srcset=\"https:\/\/www.lassebacklund.fi\/wp-content\/uploads\/2025\/06\/Algars-ar-2025-2.jpg 2176w, https:\/\/www.lassebacklund.fi\/wp-content\/uploads\/2025\/06\/Algars-ar-2025-2-300x180.jpg 300w, https:\/\/www.lassebacklund.fi\/wp-content\/uploads\/2025\/06\/Algars-ar-2025-2-1024x615.jpg 1024w, https:\/\/www.lassebacklund.fi\/wp-content\/uploads\/2025\/06\/Algars-ar-2025-2-768x461.jpg 768w, https:\/\/www.lassebacklund.fi\/wp-content\/uploads\/2025\/06\/Algars-ar-2025-2-1536x923.jpg 1536w, https:\/\/www.lassebacklund.fi\/wp-content\/uploads\/2025\/06\/Algars-ar-2025-2-2048x1230.jpg 2048w\" sizes=\"auto, (max-width: 2176px) 100vw, 2176px\" \/><figcaption id=\"caption-attachment-24184\" class=\"wp-caption-text\">Det h\u00e4r huset byggdes \u00e5r 1960 av Eskil Storkull och det \u00f6vertogs sedan av v\u00e4xthusodlaren och amat\u00f6rarkeologen Lars \u00c5lgars. Fotot taget fr\u00e5n norr \u00e5r 2025.<\/figcaption><\/figure>\n<p><strong><span style=\"color: #000080;\">Sammanst\u00e4llt av Lasse Backlund \u00e5r 2014, med hj\u00e4lp av Lars och Deris \u00c5lgars.<\/span><\/strong><\/p>\n<p>Det h\u00e4r huset byggdes \u00e5r 1960 av Eskil Storkull (1919-1981). Eskil var gift med <span style=\"text-decoration: underline;\">Hilda<\/span> Helena Andersson, f. 1921. Hilda var dotter till \u201dBroback\u201d Frans och Tilda Andersson som bodde i <a href=\"https:\/\/www.lassebacklund.fi\/?page_id=11562\">\u201dLill-Skr\u00e4ddarinas\u201d hus p\u00e5 By\u00e5sv\u00e4gen<\/a> som familjen Rintam\u00e4ki sedan k\u00f6pte och bodde i.<\/p>\n<p>Eskil Storkull var son till handlanden Josef Henrik Storkull (1875-1931) och Maria Adelina L\u00e5ng (1875-1945). Han var yngste bror till Evert, Emil, Gunnar, Anselm, Valter, Alfred och Einar. Eskil och Hilda Helena hade tre barn: Ralf f. 1944, Leif f. 1950 och Christina f. 1953.<\/p>\n<p>Eskil var bonde och aff\u00e4rsman. \u00a0I mitten av 1950- talet byggde han ett aff\u00e4rshus i centrala Dagsmark,<a href=\"https:\/\/www.lassebacklund.fi\/?page_id=253\"> p\u00e5 Bygr\u00e4nden 1<\/a>. Han hyrde ut en butikslokal i s\u00f6dra \u00e4ndan \u00e5t Lappfj\u00e4rds Andelshandel och i den andra \u00e4ndan hade Hildur ett kaf\u00e9. Sj\u00e4lva bodde de i aff\u00e4rshusets andra v\u00e5ning.<\/p>\n<p><strong>\u00c5r 1958 i november<\/strong> s\u00e5lde Eskil Storkull aff\u00e4rshuset \u00e5t Lappfj\u00e4rds Sparbank och banken br\u00f6t d\u00e5 ut l\u00e4genheten Lyckoslanten. Sparbanken flyttade in i Hildurs kaf\u00e9lokal och andelshandelns filial fortsatte i den andra \u00e4ndan. Eskil b\u00f6rjade i samma veva bygga ett bostadshus p\u00e5 samma tomt, som var odlad \u00e5ker d\u00e4r det inte fanns n\u00e5gra byggnader fr\u00e5n tidigare.<\/p>\n<p><strong>\u00c5r 1960, den 11 april<\/strong> bytte familjen Storkull sl\u00e4ktnamnet till Ahlmark. P\u00e5 samma bytte Hilda Helena sitt f\u00f6rnamn till Hildur Helene.<\/p>\n<h3><strong>Lars och Deris tar \u00f6ver<\/strong><\/h3>\n<p>Det h\u00e4r bostadshuset s\u00e5lde han n\u00e4r det blev f\u00e4rdigt \u00e5t Lars och Deris \u00c5lgars. Fina Lindfors (1885-1972), som var syster till Deris \u00c5lgars\u00b4 mormor Maria L\u00e5ng, flyttade till huset 1962 och bodde fram till sin d\u00f6d i tv\u00e5 rum i den norra \u00e4ndan av huset.<\/p>\n<p>Fina Lindfors och Maria L\u00e5ng var d\u00f6ttrar till Anders Lindfors (f. Sarviluoma 1850-1916, i folkmun kallad &#8221;Finn Ant&#8221;) och Vilhelmina Korsb\u00e4ck (1846-1935). Hemmanet Lindfors \u00f6vertogs 1928 av Anders och Wilhelminas son Erland. Erland, som var ogift avled 1960 och deras g\u00e5rd p\u00e5 Korsb\u00e4ckv\u00e4gen 635 \u00f6vertogs d\u00e5 av systern Fina Lindfors. Sj\u00e4lva hemmanet s\u00e5ldes ut i flera delar i snabb takt. D\u00e5 Fina flyttade ner till \u00c5lgars g\u00e5rd i Dagsmark, s\u00e5 s\u00e5ldes g\u00e5rden p\u00e5 auktion \u00e5t Alf och Gertrud Kankaanp\u00e4\u00e4 och i dag \u00e4r det en av deras s\u00f6ner som \u00e4ger den och bor d\u00e4r.<\/p>\n<p>F\u00f6re Lars och Deris k\u00f6pte Storkull Eskils g\u00e5rd s\u00e5 bodde de p\u00e5 Lillsj\u00f6v\u00e4gen 43 i en g\u00e5rd som de byggde 1958. Den tomten k\u00f6pte de av &#8221;K\u00e5rk&#8221; \u00c5ke Lindblad och de byggde ocks\u00e5 ett v\u00e4xthus p\u00e5 tomten. Det h\u00e4r relativt nya huset s\u00e5lde de sedan \u00e5t Levi och Elvi Berg, som bodde d\u00e4r s\u00e5 l\u00e4nge de levde.<\/p>\n<p>Fr\u00e5n b\u00f6rjan var det inte alls meningen att de skulle bygga sitt just d\u00e4r p\u00e5 Lillsj\u00f6v\u00e4gen 43 utan p\u00e5 en tomt mittemot Dragholms, n\u00e4ra korsningen till Ny\u00e5kerst\u00e5. Just n\u00e4r Lars h\u00f6ll p\u00e5 att f\u00f6r hand gr\u00e4va avloppsbrunnar p\u00e5 tomten s\u00e5 r\u00e5kade Gunni Nybond komma f\u00f6rbi. Hon varnade d\u00e5 Lars att det nu och d\u00e5 \u00e4r \u00f6versv\u00e4mningar just d\u00e4r och att han borde v\u00e4lja en annan byggplats. Ocks\u00e5 Huhtala Uno som hade \u00e5krar l\u00e4ngre upp mot Lillsj\u00f6 var av samma \u00e5sikt. Efter detta s\u00e5 gr\u00e4vde Lars upp brunnringarna igen och flyttade dessa till den nya byggplatsen, som han k\u00f6pte av \u00c5ke Lindblad. Fortfarande \u00e4r Lars och Deris tacksamma att Gunni fick dem att byta byggplats. Huhtala Uno fick tv\u00e5 askar Ty\u00f6mies av Lars \u00c5lgars f\u00f6r att han fick honom att flytta byggplatsen.<\/p>\n<p>Lars \u00c5lgars \u00e4r mest k\u00e4nd som amat\u00f6rarkeolog och vill du l\u00e4sa mera om honom och hans sten\u00e5ldersfynd, s\u00e5 klicka <a href=\"http:\/\/www.lassebacklund.fi\/?page_id=733\"><strong><u>h\u00e4r<\/u><\/strong><\/a>!<\/p>\n<h3>Foton.<\/h3>\n<figure id=\"attachment_737\" aria-describedby=\"caption-attachment-737\" style=\"width: 1600px\" class=\"wp-caption alignnone\"><img loading=\"lazy\" decoding=\"async\" class=\"wp-image-737 size-full\" src=\"https:\/\/www.lassebacklund.fi\/wp-content\/uploads\/2016\/09\/\u00c5lgars-Deris-och-Lasse.jpg\" alt=\"S\u00e5 h\u00e4r s\u00e5g \u00c5lgars g\u00e5rd ut \u00e5r 2003, fotograferad fr\u00e5n norr.\" width=\"1600\" height=\"1200\" srcset=\"https:\/\/www.lassebacklund.fi\/wp-content\/uploads\/2016\/09\/\u00c5lgars-Deris-och-Lasse.jpg 1600w, https:\/\/www.lassebacklund.fi\/wp-content\/uploads\/2016\/09\/\u00c5lgars-Deris-och-Lasse-300x225.jpg 300w, https:\/\/www.lassebacklund.fi\/wp-content\/uploads\/2016\/09\/\u00c5lgars-Deris-och-Lasse-768x576.jpg 768w, https:\/\/www.lassebacklund.fi\/wp-content\/uploads\/2016\/09\/\u00c5lgars-Deris-och-Lasse-1024x768.jpg 1024w\" sizes=\"auto, (max-width: 1600px) 100vw, 1600px\" \/><figcaption id=\"caption-attachment-737\" class=\"wp-caption-text\">\u00c5lgars g\u00e5rd fotograferad fr\u00e5n norr \u00e5r 2003.<\/figcaption><\/figure>\n<figure id=\"attachment_738\" aria-describedby=\"caption-attachment-738\" style=\"width: 640px\" class=\"wp-caption alignnone\"><img loading=\"lazy\" decoding=\"async\" class=\"size-full wp-image-738\" src=\"http:\/\/www.lassebacklund.fi\/wp-content\/uploads\/2016\/09\/\u00c5lgars-Lasse-och-Deris.jpg\" alt=\"Till h\u00f6ger \u00c5lgars g\u00e5rd. Huset till v\u00e4nster \u00e4r det hus som Birger och Anna Bj\u00f6rklund byggde p\u00e5 1950-talet.\" width=\"640\" height=\"480\" srcset=\"https:\/\/www.lassebacklund.fi\/wp-content\/uploads\/2016\/09\/\u00c5lgars-Lasse-och-Deris.jpg 640w, https:\/\/www.lassebacklund.fi\/wp-content\/uploads\/2016\/09\/\u00c5lgars-Lasse-och-Deris-300x225.jpg 300w\" sizes=\"auto, (max-width: 640px) 100vw, 640px\" \/><figcaption id=\"caption-attachment-738\" class=\"wp-caption-text\">Till h\u00f6ger \u00c5lgars g\u00e5rd. Huset till v\u00e4nster \u00e4r det hus som Birger och Anna Bj\u00f6rklund byggde p\u00e5 1950-talet.<\/figcaption><\/figure>\n<figure id=\"attachment_739\" aria-describedby=\"caption-attachment-739\" style=\"width: 4000px\" class=\"wp-caption aligncenter\"><img loading=\"lazy\" decoding=\"async\" class=\"size-full wp-image-739\" src=\"http:\/\/www.lassebacklund.fi\/wp-content\/uploads\/2016\/09\/\u00c5lgars-Lasses-hus-fr\u00e5n-\u00f6ster.jpg\" alt=\"S\u00e5 h\u00e4r ser huset ut fr\u00e5n \u00f6ster, fotograferat 2013.\" width=\"4000\" height=\"3000\" srcset=\"https:\/\/www.lassebacklund.fi\/wp-content\/uploads\/2016\/09\/\u00c5lgars-Lasses-hus-fr\u00e5n-\u00f6ster.jpg 4000w, https:\/\/www.lassebacklund.fi\/wp-content\/uploads\/2016\/09\/\u00c5lgars-Lasses-hus-fr\u00e5n-\u00f6ster-300x225.jpg 300w, https:\/\/www.lassebacklund.fi\/wp-content\/uploads\/2016\/09\/\u00c5lgars-Lasses-hus-fr\u00e5n-\u00f6ster-768x576.jpg 768w, https:\/\/www.lassebacklund.fi\/wp-content\/uploads\/2016\/09\/\u00c5lgars-Lasses-hus-fr\u00e5n-\u00f6ster-1024x768.jpg 1024w\" sizes=\"auto, (max-width: 4000px) 100vw, 4000px\" \/><figcaption id=\"caption-attachment-739\" class=\"wp-caption-text\">S\u00e5 h\u00e4r ser huset ut fr\u00e5n \u00f6ster, fotograferat 2013.<\/figcaption><\/figure>\n<figure id=\"attachment_810\" aria-describedby=\"caption-attachment-810\" style=\"width: 1478px\" class=\"wp-caption aligncenter\"><img loading=\"lazy\" decoding=\"async\" class=\"size-full wp-image-810\" src=\"http:\/\/www.lassebacklund.fi\/wp-content\/uploads\/2016\/09\/Artur-L\u00f6vholm-foto-av-Str\u00e4ngbandet-1934.jpg\" alt=\"Str\u00e4ngbandet \u00e5r 1934, fotograferat av Artur L\u00f6vholm.\" width=\"1478\" height=\"991\" srcset=\"https:\/\/www.lassebacklund.fi\/wp-content\/uploads\/2016\/09\/Artur-L\u00f6vholm-foto-av-Str\u00e4ngbandet-1934.jpg 1478w, https:\/\/www.lassebacklund.fi\/wp-content\/uploads\/2016\/09\/Artur-L\u00f6vholm-foto-av-Str\u00e4ngbandet-1934-300x201.jpg 300w, https:\/\/www.lassebacklund.fi\/wp-content\/uploads\/2016\/09\/Artur-L\u00f6vholm-foto-av-Str\u00e4ngbandet-1934-768x515.jpg 768w, https:\/\/www.lassebacklund.fi\/wp-content\/uploads\/2016\/09\/Artur-L\u00f6vholm-foto-av-Str\u00e4ngbandet-1934-1024x687.jpg 1024w\" sizes=\"auto, (max-width: 1478px) 100vw, 1478px\" \/><figcaption id=\"caption-attachment-810\" class=\"wp-caption-text\">Str\u00e4ngbandet \u00e5r 1934, fotograferat av Artur L\u00f6vholm.<\/figcaption><\/figure>\n<p><img loading=\"lazy\" decoding=\"async\" class=\"size-full wp-image-809 aligncenter\" src=\"http:\/\/www.lassebacklund.fi\/wp-content\/uploads\/2016\/09\/9-k\u00e4nda-damer-fr\u00e5n-Korsb\u00e4ck-med-namn.jpg\" alt=\"9 k\u00e4nda damer fr\u00e5n Korsb\u00e4ck med namn\" width=\"1568\" height=\"1192\" srcset=\"https:\/\/www.lassebacklund.fi\/wp-content\/uploads\/2016\/09\/9-k\u00e4nda-damer-fr\u00e5n-Korsb\u00e4ck-med-namn.jpg 1568w, https:\/\/www.lassebacklund.fi\/wp-content\/uploads\/2016\/09\/9-k\u00e4nda-damer-fr\u00e5n-Korsb\u00e4ck-med-namn-300x228.jpg 300w, https:\/\/www.lassebacklund.fi\/wp-content\/uploads\/2016\/09\/9-k\u00e4nda-damer-fr\u00e5n-Korsb\u00e4ck-med-namn-768x584.jpg 768w, https:\/\/www.lassebacklund.fi\/wp-content\/uploads\/2016\/09\/9-k\u00e4nda-damer-fr\u00e5n-Korsb\u00e4ck-med-namn-1024x778.jpg 1024w\" sizes=\"auto, (max-width: 1568px) 100vw, 1568px\" \/><\/p>\n<figure id=\"attachment_811\" aria-describedby=\"caption-attachment-811\" style=\"width: 1591px\" class=\"wp-caption aligncenter\"><img loading=\"lazy\" decoding=\"async\" class=\"size-full wp-image-811\" src=\"http:\/\/www.lassebacklund.fi\/wp-content\/uploads\/2016\/09\/Dagsmark-UF-p\u00e5-Majbotrappan.jpg\" alt=\"Festlig tillst\u00e4llning p\u00e5 det gama Majbo.\" width=\"1591\" height=\"987\" srcset=\"https:\/\/www.lassebacklund.fi\/wp-content\/uploads\/2016\/09\/Dagsmark-UF-p\u00e5-Majbotrappan.jpg 1591w, https:\/\/www.lassebacklund.fi\/wp-content\/uploads\/2016\/09\/Dagsmark-UF-p\u00e5-Majbotrappan-300x186.jpg 300w, https:\/\/www.lassebacklund.fi\/wp-content\/uploads\/2016\/09\/Dagsmark-UF-p\u00e5-Majbotrappan-768x476.jpg 768w, https:\/\/www.lassebacklund.fi\/wp-content\/uploads\/2016\/09\/Dagsmark-UF-p\u00e5-Majbotrappan-1024x635.jpg 1024w\" sizes=\"auto, (max-width: 1591px) 100vw, 1591px\" \/><figcaption id=\"caption-attachment-811\" class=\"wp-caption-text\">Festlig tillst\u00e4llning p\u00e5 det gama Majbo.<\/figcaption><\/figure>\n<figure id=\"attachment_812\" aria-describedby=\"caption-attachment-812\" style=\"width: 1550px\" class=\"wp-caption aligncenter\"><img loading=\"lazy\" decoding=\"async\" class=\"size-full wp-image-812\" src=\"http:\/\/www.lassebacklund.fi\/wp-content\/uploads\/2016\/09\/Emil-o-Hulda-Hammarbergs-br\u00f6llop-1931-hos-Leander-Nyholm.jpg\" alt=\"\u00c5r 1931 gifte sig Hulda Nyholm med Emil Hammarberg och h\u00e4r alla g\u00e4ster f\u00f6rsamlade till gruppfoto hos Leander Nyholm i Kvarn\u00e5.\" width=\"1550\" height=\"969\" srcset=\"https:\/\/www.lassebacklund.fi\/wp-content\/uploads\/2016\/09\/Emil-o-Hulda-Hammarbergs-br\u00f6llop-1931-hos-Leander-Nyholm.jpg 1550w, https:\/\/www.lassebacklund.fi\/wp-content\/uploads\/2016\/09\/Emil-o-Hulda-Hammarbergs-br\u00f6llop-1931-hos-Leander-Nyholm-300x188.jpg 300w, https:\/\/www.lassebacklund.fi\/wp-content\/uploads\/2016\/09\/Emil-o-Hulda-Hammarbergs-br\u00f6llop-1931-hos-Leander-Nyholm-768x480.jpg 768w, https:\/\/www.lassebacklund.fi\/wp-content\/uploads\/2016\/09\/Emil-o-Hulda-Hammarbergs-br\u00f6llop-1931-hos-Leander-Nyholm-1024x640.jpg 1024w\" sizes=\"auto, (max-width: 1550px) 100vw, 1550px\" \/><figcaption id=\"caption-attachment-812\" class=\"wp-caption-text\">\u00c5r 1931 gifte sig Hulda Nyholm med Emil Hammarberg och h\u00e4r alla g\u00e4ster f\u00f6rsamlade till gruppfoto hos Leander Nyholm i Kvarn\u00e5.<\/figcaption><\/figure>\n<figure id=\"attachment_813\" aria-describedby=\"caption-attachment-813\" style=\"width: 1286px\" class=\"wp-caption aligncenter\"><img loading=\"lazy\" decoding=\"async\" class=\"size-full wp-image-813\" src=\"http:\/\/www.lassebacklund.fi\/wp-content\/uploads\/2016\/09\/Evert-Leander-Hulda-Emil-och-Hemming.-Nere-Viktor-och-Maria-Nyholm..jpg\" alt=\"H\u00e4r ett fint familjefoto med Evert, Leander, Hulda, Emil och Hemming Nyholm fr\u00e5n Kvarn\u00e5. Sittande f\u00f6r\u00e4ldrarna Viktor och Maria Nyholm.\" width=\"1286\" height=\"897\" srcset=\"https:\/\/www.lassebacklund.fi\/wp-content\/uploads\/2016\/09\/Evert-Leander-Hulda-Emil-och-Hemming.-Nere-Viktor-och-Maria-Nyholm..jpg 1286w, https:\/\/www.lassebacklund.fi\/wp-content\/uploads\/2016\/09\/Evert-Leander-Hulda-Emil-och-Hemming.-Nere-Viktor-och-Maria-Nyholm.-300x209.jpg 300w, https:\/\/www.lassebacklund.fi\/wp-content\/uploads\/2016\/09\/Evert-Leander-Hulda-Emil-och-Hemming.-Nere-Viktor-och-Maria-Nyholm.-768x536.jpg 768w, https:\/\/www.lassebacklund.fi\/wp-content\/uploads\/2016\/09\/Evert-Leander-Hulda-Emil-och-Hemming.-Nere-Viktor-och-Maria-Nyholm.-1024x714.jpg 1024w\" sizes=\"auto, (max-width: 1286px) 100vw, 1286px\" \/><figcaption id=\"caption-attachment-813\" class=\"wp-caption-text\">H\u00e4r ett fint familjefoto med Evert, Leander, Hulda, Emil och Hemming Nyholm fr\u00e5n Kvarn\u00e5. Sittande f\u00f6r\u00e4ldrarna Viktor och Maria Nyholm.<\/figcaption><\/figure>\n<figure id=\"attachment_814\" aria-describedby=\"caption-attachment-814\" style=\"width: 457px\" class=\"wp-caption aligncenter\"><img loading=\"lazy\" decoding=\"async\" class=\" wp-image-814\" src=\"http:\/\/www.lassebacklund.fi\/wp-content\/uploads\/2016\/09\/Fina-Lindfors-med-blomma.jpg\" alt=\"H\u00e4r Fina Lindfors i unga \u00e5r. Fina var syster till Maria L\u00e5ng, som var gift med B\u00e4ckas-Josip.\" width=\"457\" height=\"759\" srcset=\"https:\/\/www.lassebacklund.fi\/wp-content\/uploads\/2016\/09\/Fina-Lindfors-med-blomma.jpg 667w, https:\/\/www.lassebacklund.fi\/wp-content\/uploads\/2016\/09\/Fina-Lindfors-med-blomma-181x300.jpg 181w, https:\/\/www.lassebacklund.fi\/wp-content\/uploads\/2016\/09\/Fina-Lindfors-med-blomma-616x1024.jpg 616w\" sizes=\"auto, (max-width: 457px) 100vw, 457px\" \/><figcaption id=\"caption-attachment-814\" class=\"wp-caption-text\">Fina Lindfors i unga \u00e5r. Fina var syster till Maria L\u00e5ng, som var gift med B\u00e4ckas Josip.<\/figcaption><\/figure>\n<figure id=\"attachment_816\" aria-describedby=\"caption-attachment-816\" style=\"width: 4000px\" class=\"wp-caption aligncenter\"><img loading=\"lazy\" decoding=\"async\" class=\"size-full wp-image-816\" src=\"http:\/\/www.lassebacklund.fi\/wp-content\/uploads\/2016\/09\/IMG_0127.jpg\" alt=\"Amat\u00f6rarkeologen Lars \u00c5lgars har samlat p\u00e5 stenar under en l\u00e5ng tid och det \u00e4r en mycket stor samling han har i sitt hem.\" width=\"4000\" height=\"3000\" srcset=\"https:\/\/www.lassebacklund.fi\/wp-content\/uploads\/2016\/09\/IMG_0127.jpg 4000w, https:\/\/www.lassebacklund.fi\/wp-content\/uploads\/2016\/09\/IMG_0127-300x225.jpg 300w, https:\/\/www.lassebacklund.fi\/wp-content\/uploads\/2016\/09\/IMG_0127-768x576.jpg 768w, https:\/\/www.lassebacklund.fi\/wp-content\/uploads\/2016\/09\/IMG_0127-1024x768.jpg 1024w\" sizes=\"auto, (max-width: 4000px) 100vw, 4000px\" \/><figcaption id=\"caption-attachment-816\" class=\"wp-caption-text\">Amat\u00f6rarkeologen Lars \u00c5lgars har samlat p\u00e5 stenar under en l\u00e5ng tid och det \u00e4r en mycket stor samling han har i sitt hem.<\/figcaption><\/figure>\n<figure id=\"attachment_817\" aria-describedby=\"caption-attachment-817\" style=\"width: 1647px\" class=\"wp-caption aligncenter\"><img loading=\"lazy\" decoding=\"async\" class=\"size-full wp-image-817\" src=\"http:\/\/www.lassebacklund.fi\/wp-content\/uploads\/2016\/09\/Kompass-ristning-n\u00e4ra-bastuv\u00e4ggen.jpg\" alt=\"Den h\u00e4r inristade kompassen hittade Lars \u00c5lgars p\u00e5 en klippa som var t\u00e4ckt av mossa i n\u00e4rheten av Bastuv\u00e4ggen p\u00e5 B\u00f6tombergen. Foto Mikael Herrg\u00e5rd.\" width=\"1647\" height=\"2362\" srcset=\"https:\/\/www.lassebacklund.fi\/wp-content\/uploads\/2016\/09\/Kompass-ristning-n\u00e4ra-bastuv\u00e4ggen.jpg 1647w, https:\/\/www.lassebacklund.fi\/wp-content\/uploads\/2016\/09\/Kompass-ristning-n\u00e4ra-bastuv\u00e4ggen-209x300.jpg 209w, https:\/\/www.lassebacklund.fi\/wp-content\/uploads\/2016\/09\/Kompass-ristning-n\u00e4ra-bastuv\u00e4ggen-768x1101.jpg 768w, https:\/\/www.lassebacklund.fi\/wp-content\/uploads\/2016\/09\/Kompass-ristning-n\u00e4ra-bastuv\u00e4ggen-714x1024.jpg 714w\" sizes=\"auto, (max-width: 1647px) 100vw, 1647px\" \/><figcaption id=\"caption-attachment-817\" class=\"wp-caption-text\">Den h\u00e4r inristade kompassen hittade Lars \u00c5lgars p\u00e5 en klippa som var t\u00e4ckt av mossa i n\u00e4rheten av Bastuv\u00e4ggen p\u00e5 B\u00f6tombergen. Foto Mikael Herrg\u00e5rd.<\/figcaption><\/figure>\n<figure id=\"attachment_818\" aria-describedby=\"caption-attachment-818\" style=\"width: 577px\" class=\"wp-caption aligncenter\"><img loading=\"lazy\" decoding=\"async\" class=\" wp-image-818\" src=\"http:\/\/www.lassebacklund.fi\/wp-content\/uploads\/2016\/09\/Maria-L\u00e5ng-med-barnen-Frans-och-Hulda-ca-1914.jpg\" alt=\"P\u00e5 fotot som \u00e4r taget ungef\u00e4r 1914 Maria L\u00e5ng tillsammans med barnen Frans och Hulda.\" width=\"577\" height=\"920\" srcset=\"https:\/\/www.lassebacklund.fi\/wp-content\/uploads\/2016\/09\/Maria-L\u00e5ng-med-barnen-Frans-och-Hulda-ca-1914.jpg 1407w, https:\/\/www.lassebacklund.fi\/wp-content\/uploads\/2016\/09\/Maria-L\u00e5ng-med-barnen-Frans-och-Hulda-ca-1914-188x300.jpg 188w, https:\/\/www.lassebacklund.fi\/wp-content\/uploads\/2016\/09\/Maria-L\u00e5ng-med-barnen-Frans-och-Hulda-ca-1914-768x1225.jpg 768w, https:\/\/www.lassebacklund.fi\/wp-content\/uploads\/2016\/09\/Maria-L\u00e5ng-med-barnen-Frans-och-Hulda-ca-1914-642x1024.jpg 642w\" sizes=\"auto, (max-width: 577px) 100vw, 577px\" \/><figcaption id=\"caption-attachment-818\" class=\"wp-caption-text\">P\u00e5 fotot som \u00e4r taget ungef\u00e4r 1914 Maria L\u00e5ng tillsammans med barnen Frans och Hulda.<\/figcaption><\/figure>\n<figure id=\"attachment_819\" aria-describedby=\"caption-attachment-819\" style=\"width: 522px\" class=\"wp-caption aligncenter\"><img loading=\"lazy\" decoding=\"async\" class=\" wp-image-819\" src=\"http:\/\/www.lassebacklund.fi\/wp-content\/uploads\/2016\/09\/Vendla-L\u00e5ng.jpg\" alt=\"Trotj\u00e4narinnan Vendla L\u00e5ng (1859-1936) var faster till Josef L\u00e5ng, han som kallades f\u00f6r &quot;B\u00e4ckas-Josip&quot; och bodde p\u00e5 Brobackan.\" width=\"522\" height=\"765\" srcset=\"https:\/\/www.lassebacklund.fi\/wp-content\/uploads\/2016\/09\/Vendla-L\u00e5ng.jpg 649w, https:\/\/www.lassebacklund.fi\/wp-content\/uploads\/2016\/09\/Vendla-L\u00e5ng-205x300.jpg 205w\" sizes=\"auto, (max-width: 522px) 100vw, 522px\" \/><figcaption id=\"caption-attachment-819\" class=\"wp-caption-text\">Trotj\u00e4narinnan Vendla L\u00e5ng (1859-1936) var faster till Josef L\u00e5ng, han som kallades f\u00f6r &#8221;B\u00e4ckas-Josip&#8221; och bodde p\u00e5 Brobackan.<\/figcaption><\/figure>\n<figure id=\"attachment_820\" aria-describedby=\"caption-attachment-820\" style=\"width: 566px\" class=\"wp-caption aligncenter\"><img loading=\"lazy\" decoding=\"async\" class=\" wp-image-820\" src=\"http:\/\/www.lassebacklund.fi\/wp-content\/uploads\/2016\/09\/\u00c5lgars-Edna-som-ung.jpg\" alt=\"H\u00e4r den unga Edna \u00d6ist (1902-1953) som sedan gifte sig med Frans \u00c5lgars i Korsb\u00e4ck. \" width=\"566\" height=\"841\" srcset=\"https:\/\/www.lassebacklund.fi\/wp-content\/uploads\/2016\/09\/\u00c5lgars-Edna-som-ung.jpg 1183w, https:\/\/www.lassebacklund.fi\/wp-content\/uploads\/2016\/09\/\u00c5lgars-Edna-som-ung-202x300.jpg 202w, https:\/\/www.lassebacklund.fi\/wp-content\/uploads\/2016\/09\/\u00c5lgars-Edna-som-ung-768x1142.jpg 768w, https:\/\/www.lassebacklund.fi\/wp-content\/uploads\/2016\/09\/\u00c5lgars-Edna-som-ung-689x1024.jpg 689w\" sizes=\"auto, (max-width: 566px) 100vw, 566px\" \/><figcaption id=\"caption-attachment-820\" class=\"wp-caption-text\">H\u00e4r den unga Edna \u00d6ist (1902-1953) som sedan gifte sig med Frans \u00c5lgars i Korsb\u00e4ck.<\/figcaption><\/figure>\n<figure id=\"attachment_821\" aria-describedby=\"caption-attachment-821\" style=\"width: 562px\" class=\"wp-caption aligncenter\"><img loading=\"lazy\" decoding=\"async\" class=\" wp-image-821\" src=\"http:\/\/www.lassebacklund.fi\/wp-content\/uploads\/2016\/09\/\u00c5lgars-Frans.jpg\" alt=\"Frans \u00c5lgars (1900-1981) som \u00e5r 1924 gifte sig med l\u00e4rarinnan Edna \u00d6ist.\" width=\"562\" height=\"839\" srcset=\"https:\/\/www.lassebacklund.fi\/wp-content\/uploads\/2016\/09\/\u00c5lgars-Frans.jpg 1111w, https:\/\/www.lassebacklund.fi\/wp-content\/uploads\/2016\/09\/\u00c5lgars-Frans-201x300.jpg 201w, https:\/\/www.lassebacklund.fi\/wp-content\/uploads\/2016\/09\/\u00c5lgars-Frans-768x1148.jpg 768w, https:\/\/www.lassebacklund.fi\/wp-content\/uploads\/2016\/09\/\u00c5lgars-Frans-685x1024.jpg 685w\" sizes=\"auto, (max-width: 562px) 100vw, 562px\" \/><figcaption id=\"caption-attachment-821\" class=\"wp-caption-text\">Frans \u00c5lgars (1900-1981) som \u00e5r 1924 gifte sig med l\u00e4rarinnan Edna \u00d6ist.<\/figcaption><\/figure>\n<figure id=\"attachment_823\" aria-describedby=\"caption-attachment-823\" style=\"width: 4000px\" class=\"wp-caption aligncenter\"><img loading=\"lazy\" decoding=\"async\" class=\"size-full wp-image-823\" src=\"http:\/\/www.lassebacklund.fi\/wp-content\/uploads\/2016\/09\/IMG_0135.jpg\" alt=\"Under \u00e5rens lopp har Lars \u00c5lgars samlat p\u00e5 sig en stor m\u00e4ngd gamla saker. Han har en mycket stor samling gamla klockor och hans samling av flaskor ryms inte ens p\u00e5 5 foton, s\u00e5 h\u00e4r visas bara en del.\" width=\"4000\" height=\"3000\" srcset=\"https:\/\/www.lassebacklund.fi\/wp-content\/uploads\/2016\/09\/IMG_0135.jpg 4000w, https:\/\/www.lassebacklund.fi\/wp-content\/uploads\/2016\/09\/IMG_0135-300x225.jpg 300w, https:\/\/www.lassebacklund.fi\/wp-content\/uploads\/2016\/09\/IMG_0135-768x576.jpg 768w, https:\/\/www.lassebacklund.fi\/wp-content\/uploads\/2016\/09\/IMG_0135-1024x768.jpg 1024w\" sizes=\"auto, (max-width: 4000px) 100vw, 4000px\" \/><figcaption id=\"caption-attachment-823\" class=\"wp-caption-text\">Under \u00e5rens lopp har Lars \u00c5lgars samlat p\u00e5 sig en stor m\u00e4ngd gamla saker. Han har en mycket stor samling gamla klockor och hans samling av flaskor ryms inte ens p\u00e5 5 foton, s\u00e5 h\u00e4r visas bara en del.<\/figcaption><\/figure>\n<figure id=\"attachment_822\" aria-describedby=\"caption-attachment-822\" style=\"width: 721px\" class=\"wp-caption aligncenter\"><img loading=\"lazy\" decoding=\"async\" class=\"size-full wp-image-822\" src=\"http:\/\/www.lassebacklund.fi\/wp-content\/uploads\/2016\/09\/\u00d6jst-Edna-senare-\u00c5lgars.jpg\" alt=\"P\u00e5 bilden Edna \u00d6ist, som \u00e5r 1924 gifte sig med Frans \u00c5lgars.\" width=\"721\" height=\"1203\" srcset=\"https:\/\/www.lassebacklund.fi\/wp-content\/uploads\/2016\/09\/\u00d6jst-Edna-senare-\u00c5lgars.jpg 721w, https:\/\/www.lassebacklund.fi\/wp-content\/uploads\/2016\/09\/\u00d6jst-Edna-senare-\u00c5lgars-180x300.jpg 180w, https:\/\/www.lassebacklund.fi\/wp-content\/uploads\/2016\/09\/\u00d6jst-Edna-senare-\u00c5lgars-614x1024.jpg 614w\" sizes=\"auto, (max-width: 721px) 100vw, 721px\" \/><figcaption id=\"caption-attachment-822\" class=\"wp-caption-text\">Edna \u00d6ist, som \u00e5r 1924 gifte sig med Frans \u00c5lgars.<\/figcaption><\/figure>\n","protected":false},"excerpt":{"rendered":"<p>Sammanst\u00e4llt av Lasse Backlund \u00e5r 2014, med hj\u00e4lp av Lars och Deris \u00c5lgars. Det h\u00e4r huset byggdes \u00e5r 1960 av Eskil Storkull (1919-1981). Eskil var gift med Hilda Helena Andersson, f. 1921. Hilda var dotter till \u201dBroback\u201d Frans och Tilda <a class=\"more-link\" href=\"https:\/\/www.lassebacklund.fi\/?page_id=276\">Forts\u00e4tt l\u00e4sa <span class=\"screen-reader-text\">  \u00c5lgars hus p\u00e5 Bygr\u00e4nden 7<\/span><span class=\"meta-nav\">&rarr;<\/span><\/a><\/p>\n","protected":false},"author":1,"featured_media":0,"parent":57,"menu_order":7,"comment_status":"closed","ping_status":"closed","template":"","meta":{"footnotes":""},"class_list":["post-276","page","type-page","status-publish","hentry"],"_links":{"self":[{"href":"https:\/\/www.lassebacklund.fi\/index.php?rest_route=\/wp\/v2\/pages\/276","targetHints":{"allow":["GET"]}}],"collection":[{"href":"https:\/\/www.lassebacklund.fi\/index.php?rest_route=\/wp\/v2\/pages"}],"about":[{"href":"https:\/\/www.lassebacklund.fi\/index.php?rest_route=\/wp\/v2\/types\/page"}],"author":[{"embeddable":true,"href":"https:\/\/www.lassebacklund.fi\/index.php?rest_route=\/wp\/v2\/users\/1"}],"replies":[{"embeddable":true,"href":"https:\/\/www.lassebacklund.fi\/index.php?rest_route=%2Fwp%2Fv2%2Fcomments&post=276"}],"version-history":[{"count":21,"href":"https:\/\/www.lassebacklund.fi\/index.php?rest_route=\/wp\/v2\/pages\/276\/revisions"}],"predecessor-version":[{"id":24314,"href":"https:\/\/www.lassebacklund.fi\/index.php?rest_route=\/wp\/v2\/pages\/276\/revisions\/24314"}],"up":[{"embeddable":true,"href":"https:\/\/www.lassebacklund.fi\/index.php?rest_route=\/wp\/v2\/pages\/57"}],"wp:attachment":[{"href":"https:\/\/www.lassebacklund.fi\/index.php?rest_route=%2Fwp%2Fv2%2Fmedia&parent=276"}],"curies":[{"name":"wp","href":"https:\/\/api.w.org\/{rel}","templated":true}]}}