{"id":2757,"date":"2017-02-12T22:21:54","date_gmt":"2017-02-12T21:21:54","guid":{"rendered":"http:\/\/www.lassebacklund.fi\/?page_id=2757"},"modified":"2025-10-13T22:24:37","modified_gmt":"2025-10-13T19:24:37","slug":"lena-emelas-eller-sandbackas-gard-pa-dagsmarkvagen-ca-135","status":"publish","type":"page","link":"https:\/\/www.lassebacklund.fi\/?page_id=2757","title":{"rendered":"\u201dLena Emelas\u201d eller Sandbackas g\u00e5rd p\u00e5 Dagsmarkv\u00e4gen ca 135"},"content":{"rendered":"<figure id=\"attachment_2750\" aria-describedby=\"caption-attachment-2750\" style=\"width: 716px\" class=\"wp-caption alignnone\"><img loading=\"lazy\" decoding=\"async\" class=\"size-full wp-image-2750\" src=\"http:\/\/www.lassebacklund.fi\/wp-content\/uploads\/2017\/02\/1-1.jpg\" alt=\"H\u00e4r Sandbackas g\u00e5rd fotograferad fr\u00e5n s\u00f6der. I bakgrunden syns Bertel L\u00e5ngfors g\u00e5rd.\" width=\"716\" height=\"470\" srcset=\"https:\/\/www.lassebacklund.fi\/wp-content\/uploads\/2017\/02\/1-1.jpg 716w, https:\/\/www.lassebacklund.fi\/wp-content\/uploads\/2017\/02\/1-1-300x197.jpg 300w\" sizes=\"auto, (max-width: 716px) 100vw, 716px\" \/><figcaption id=\"caption-attachment-2750\" class=\"wp-caption-text\">Sandbackas g\u00e5rd fotograferad fr\u00e5n s\u00f6der. I bakgrunden syns Bertel L\u00e5ngfors g\u00e5rd. P\u00e5 g\u00e5rden st\u00e5r Egils Volkswagen bubbla, som pojkarna i Klemets\u00e4ndan beundrade f\u00f6r &#8221;an gick ju nestan hondra&#8221;.<\/figcaption><\/figure>\n<p><strong><span style=\"color: #000080;\">Sammanst\u00e4llt av Lasse Backlund 2017, med hj\u00e4lp av Dagny Sandbacka, Leif Sandbacka och Kurt L\u00e5ngfors.<\/span><\/strong><\/p>\n<h3><strong>G\u00e5rdens historia<\/strong><\/h3>\n<p>Det var sytningsmannen Johan Henrik Andersson Lillg\u00e4ls och hans hustru Sofia Bernhardsdotter, som \u00e5r 1908 arrenderade detta \u00e4goomr\u00e5de p\u00e5 lite \u00f6ver 1 ha av b\u00f6nderna Henrik Klemets eller L\u00e5ngfors och dennes son Emil L\u00e5ngfors. P\u00e5 arrendeomr\u00e5det uppf\u00f6rde Lillg\u00e4ls en boningsbyggnad och uthus. \u00c5r 1913, den 4 juli k\u00f6pte Lillg\u00e4ls den arrenderade tomten f\u00f6r 1 000 mark av far och son L\u00e5ngfors. L\u00e4genheten 1:26 som br\u00f6ts ut 1915 fick namnet Gullvik och var p\u00e5 1,2 hektar.<\/p>\n<p><strong>\u00c5r 1923, den 20 april<\/strong> s\u00e5lde makarna Lillg\u00e4ls parcellen Gullvik med boningshus och uthus \u00e5t \u00e4nkan Edla Storkull (1863-1940) som d\u00e5 bodde p\u00e5 Sebasbackan upp mot By\u00e5sen.<\/p>\n<figure id=\"attachment_7654\" aria-describedby=\"caption-attachment-7654\" style=\"width: 489px\" class=\"wp-caption alignnone\"><img loading=\"lazy\" decoding=\"async\" class=\" wp-image-7654\" src=\"http:\/\/www.lassebacklund.fi\/wp-content\/uploads\/2018\/03\/K\u00f6pebrev.jpg\" alt=\"Kopia av k\u00f6pebrevet d\u00e5 Edla Storkull den 20 april 1923 k\u00f6pte Gullvik parcell med alla byggnader.\" width=\"489\" height=\"405\" srcset=\"https:\/\/www.lassebacklund.fi\/wp-content\/uploads\/2018\/03\/K\u00f6pebrev.jpg 1198w, https:\/\/www.lassebacklund.fi\/wp-content\/uploads\/2018\/03\/K\u00f6pebrev-300x248.jpg 300w, https:\/\/www.lassebacklund.fi\/wp-content\/uploads\/2018\/03\/K\u00f6pebrev-768x636.jpg 768w, https:\/\/www.lassebacklund.fi\/wp-content\/uploads\/2018\/03\/K\u00f6pebrev-1024x848.jpg 1024w\" sizes=\"auto, (max-width: 489px) 100vw, 489px\" \/><figcaption id=\"caption-attachment-7654\" class=\"wp-caption-text\">Kopia av k\u00f6pebrevet d\u00e5 backstugusittaren Edla Storkull den 20 april 1923 k\u00f6pte Gullvik parcell med alla byggnader.<\/figcaption><\/figure>\n<p>I dag kan det verka lite oklart var p\u00e5 By\u00e5sen som \u00e4nkan Edla Storkull hade bott men lite hj\u00e4lp f\u00e5r vi av Selma Huhtala som en g\u00e5ng i radion klart och tydligt hade beskrivit var Edlas g\u00e5rd hade st\u00e5tt, s\u00e5 h\u00e4r sade hon: <em>\u201d<\/em><em>\u00c5 en beta fr\u00e5n St\u00e5hl Viktoras neer\u00e5t s\u00e5 va e Lena Edla\u00b4as. Han g\u00e5\u00e5lin staar i Storf\u00e5ss backan nu. \u00c5p aron siidon \u00e5\u00e5 veejin lite meir neer\u00e5\u00e5t s\u00e5 va Lill-K\u00e5nstonas.\u201d\u00a0 <\/em>S\u00e5 enligt Huhtala Selma skulle Edlas g\u00e5rd fr\u00e5n Sebasbackan d\u00e5 ha flyttats till Storfors backan men det \u00e4r oklart vart den boningsbyggnad flyttades som Lillg\u00e4ls hade byggt n\u00e5gra \u00e5r tiderna.<\/p>\n<p>&#8221;Lena&#8221; Edla Storkull som flyttade sin g\u00e5rd till Storfors hade en kort tid varit gift med Erik Anders Fr\u00f6berg (1880-1900) och med honom f\u00e5tt sonen Emil (1898-1983) som senare tog namnet Sandbacka. Erik Anders Fr\u00f6berg var bror till \u201cLena Erland\u201d, allts\u00e5 Erland Rosenback p\u00e5 Brobackan och deras far hette \u201cLena Erik\u201d, allts\u00e5 Erik Fr\u00f6berg (1851-1930).<\/p>\n<p><strong>\u00c5r 1924<\/strong> gifte sig sonen Emil, som kallades \u201dLena Emel\u201d med Hilma Jossandt (1900-1966) fr\u00e5n Lappfj\u00e4rd och f\u00f6ljande \u00e5r bytte de sl\u00e4ktnamn till Sandbacka. \u00c5r 1928 f\u00f6rv\u00e4rvade Emil och Hilma en liten stuga p\u00e5 Flak\u00e5sv\u00e4gen 175, d\u00e4r de bodde \u00e4nda till 1940 d\u00e5 de flyttade till Storfors. \u00c5r 1942, den 3 december s\u00e5lde de stugan vid Flak\u00e5sv\u00e4gen \u00e5t Gunnar och Adele Vidberg f\u00f6r 10 000 mark. Tomten var 800 kvm stor och fick namnet Mossback 6:84 p\u00e5 Hinders hemman i Lappfj\u00e4rd.<\/p>\n<p><strong>\u00c5r 1930, den 28 november<\/strong> s\u00e5lde Edla Storkull g\u00e5rden \u00e5t sonen Emil Sandbacka f\u00f6r 11 000 mark. P\u00e5 g\u00e5rden i Storfors fanns f\u00e4hus med 2 kor och eftersom det lilla hemmanet p\u00e5 lite \u00f6ver ett hektar inte kunde livn\u00e4ra deras stora familj, s\u00e5 arbetade Emil bland annat som skogshuggare.<\/p>\n<figure id=\"attachment_2980\" aria-describedby=\"caption-attachment-2980\" style=\"width: 746px\" class=\"wp-caption aligncenter\"><img loading=\"lazy\" decoding=\"async\" class=\"size-full wp-image-2980\" src=\"http:\/\/www.lassebacklund.fi\/wp-content\/uploads\/2017\/02\/Hilma-Sandbacka-och-mejarkannorna-f\u00f6r-hemsida.jpg\" alt=\"Hilma Sandbacka ser n\u00f6jd ut d\u00e5 mejarkannon, mj\u00f6lkkannon, mj\u00f6lk\u00e4mbaret och mj\u00f6lksilen \u00e4r urtv\u00e4ttade. I bakgrunden syns litet av Valter L\u00e5ngfors g\u00e5rd.\" width=\"746\" height=\"773\" srcset=\"https:\/\/www.lassebacklund.fi\/wp-content\/uploads\/2017\/02\/Hilma-Sandbacka-och-mejarkannorna-f\u00f6r-hemsida.jpg 746w, https:\/\/www.lassebacklund.fi\/wp-content\/uploads\/2017\/02\/Hilma-Sandbacka-och-mejarkannorna-f\u00f6r-hemsida-290x300.jpg 290w\" sizes=\"auto, (max-width: 746px) 100vw, 746px\" \/><figcaption id=\"caption-attachment-2980\" class=\"wp-caption-text\">Hilma Sandbacka ser n\u00f6jd ut d\u00e5 mejarkannon, mj\u00f6lkkannon, mj\u00f6lk\u00e4mbaret och mj\u00f6lksilen \u00e4r urtv\u00e4ttade. I bakgrunden syns litet av Valter L\u00e5ngfors g\u00e5rd.<\/figcaption><\/figure>\n<figure id=\"attachment_2751\" aria-describedby=\"caption-attachment-2751\" style=\"width: 710px\" class=\"wp-caption alignnone\"><img loading=\"lazy\" decoding=\"async\" class=\"size-full wp-image-2751\" src=\"http:\/\/www.lassebacklund.fi\/wp-content\/uploads\/2017\/02\/2-2.jpg\" alt=\"P\u00e5 bilden Emil och Hilma Sandbacka.\" width=\"710\" height=\"444\" srcset=\"https:\/\/www.lassebacklund.fi\/wp-content\/uploads\/2017\/02\/2-2.jpg 710w, https:\/\/www.lassebacklund.fi\/wp-content\/uploads\/2017\/02\/2-2-300x188.jpg 300w\" sizes=\"auto, (max-width: 710px) 100vw, 710px\" \/><figcaption id=\"caption-attachment-2751\" class=\"wp-caption-text\">Emil och Hilma Sandbacka.<\/figcaption><\/figure>\n<h3><strong>Emil och Hilma Sandbacka fick 7 barn:<\/strong><\/h3>\n<p>&#8211;<strong>Torsten<\/strong> (1924-1925).<\/p>\n<p><strong>-Elis<\/strong> Eugen (1925-1988) gift 1947 med Saga Stor\u00e5s fr\u00e5n Tj\u00f6ck (f.1929), barn: 2 s\u00f6ner och 2 d\u00f6ttrar. Elis arbetade som mont\u00f6r, f\u00f6rst p\u00e5 Krimo och sedan p\u00e5 \u00d6sterbottens K\u00f6tt i Kristinestad. I b\u00f6rjan p\u00e5 50-talet byggde Elis och Saga en g\u00e5rd p\u00e5 Sandan i Lappfj\u00e4rd.<\/p>\n<p>&#8211;<strong>Else<\/strong> Hilma (1928-2004) gift 1951 med Sven Holmstr\u00f6m fr\u00e5n N\u00e4rpes. Bosatta i Fagersta i Sverige. Barn: en dotter och tv\u00e5 s\u00f6ner.<\/p>\n<p><strong>-Egil<\/strong> Emil (1929-2005) gift 1954 med Dagny Lillkull (f.1932 p\u00e5 Sunnantillv\u00e4gen). Flyttade i slutet p\u00e5 50-talet till Hudiksvall i Sverige, d\u00e4r han arbetade som skogsvaktare. Barn: en dotter och en son.<\/p>\n<p><strong>-Erik<\/strong> Ingvald (f.1931) gift 1952 med Maj-Lis Smeds (f. 1931), bosatta i Stockholmstrakten i Sverige. Arbetade som monterare. Barn: en dotter och en son.<\/p>\n<p>&#8211;<strong>Alice<\/strong> Anne-Maj (f.1933) gift 1964 med Elis B\u00e4ckman fr\u00e5n Norrn\u00e4s, d\u00e4r de sedan livn\u00e4rde sig som jordbrukare. Barn: en dotter och en son.<\/p>\n<p>-Karl <strong><u>\u00c5ke<\/u> <\/strong>(f. 1935), gift med Carita Blomfeldt (1935-2011). \u00c5ke bodde under en l\u00e5ng tid i Sverige och hade eget f\u00f6retag inom bilm\u00e5larbranschen. \u00c5ke bor numera i Lappfj\u00e4rd.<\/p>\n<p>Trots att Sandbackas bodde i Dagsmark, s\u00e5 gick allihopa i folkskolan i Perus. Avst\u00e5ndet till folkskolan i Dagsmark var betydligt l\u00e4ngre och v\u00e4gen l\u00e4ngs Langj\u00e4\u00e4lon var \u00e5tminstone vintertid kall och igensn\u00f6ad.<\/p>\n<figure id=\"attachment_2752\" aria-describedby=\"caption-attachment-2752\" style=\"width: 759px\" class=\"wp-caption aligncenter\"><img loading=\"lazy\" decoding=\"async\" class=\" wp-image-2752\" src=\"http:\/\/www.lassebacklund.fi\/wp-content\/uploads\/2017\/02\/3-2.jpg\" alt=\"H\u00e4r st\u00e5r Hilma och Emil Sandbacka med barnen Elis l\u00e4ngst till v\u00e4nster. I mitten st\u00e5r Egil och f\u00f6ljande \u00e4r Erik och Else. L\u00e4ngst fram st\u00e5r Alice och \u00c5ke. Fotot fr\u00e5n 1937-38.\" width=\"759\" height=\"539\" srcset=\"https:\/\/www.lassebacklund.fi\/wp-content\/uploads\/2017\/02\/3-2.jpg 3496w, https:\/\/www.lassebacklund.fi\/wp-content\/uploads\/2017\/02\/3-2-300x213.jpg 300w, https:\/\/www.lassebacklund.fi\/wp-content\/uploads\/2017\/02\/3-2-768x545.jpg 768w, https:\/\/www.lassebacklund.fi\/wp-content\/uploads\/2017\/02\/3-2-1024x726.jpg 1024w\" sizes=\"auto, (max-width: 759px) 100vw, 759px\" \/><figcaption id=\"caption-attachment-2752\" class=\"wp-caption-text\">Hilma och Emil Sandbacka med barnen Elis l\u00e4ngst till v\u00e4nster. I mitten st\u00e5r Egil och f\u00f6ljande \u00e4r Erik och Else. L\u00e4ngst fram st\u00e5r Alice och \u00c5ke. Fotot fr\u00e5n 1937-38.<\/figcaption><\/figure>\n<figure id=\"attachment_2753\" aria-describedby=\"caption-attachment-2753\" style=\"width: 750px\" class=\"wp-caption aligncenter\"><img loading=\"lazy\" decoding=\"async\" class=\" wp-image-2753\" src=\"http:\/\/www.lassebacklund.fi\/wp-content\/uploads\/2017\/02\/4-2.jpg\" alt=\"H\u00e4r hela familjen Sandbacka samlad i slutet p\u00e5 1950-talet. I bakre raden fr\u00e5n v\u00e4nster Elis, Egil, Erik och \u00c5ke. Framme sitter fr\u00e5n v\u00e4nster Else, mamma Hilma, pappa Emil och till h\u00f6ger sitter Alice.\" width=\"750\" height=\"532\" srcset=\"https:\/\/www.lassebacklund.fi\/wp-content\/uploads\/2017\/02\/4-2.jpg 3496w, https:\/\/www.lassebacklund.fi\/wp-content\/uploads\/2017\/02\/4-2-300x213.jpg 300w, https:\/\/www.lassebacklund.fi\/wp-content\/uploads\/2017\/02\/4-2-768x545.jpg 768w, https:\/\/www.lassebacklund.fi\/wp-content\/uploads\/2017\/02\/4-2-1024x726.jpg 1024w\" sizes=\"auto, (max-width: 750px) 100vw, 750px\" \/><figcaption id=\"caption-attachment-2753\" class=\"wp-caption-text\">Hela familjen Sandbacka samlad i slutet p\u00e5 1950-talet. I bakre raden fr\u00e5n v\u00e4nster Elis, Egil, Erik och \u00c5ke. Framme sitter fr\u00e5n v\u00e4nster Else, mamma Hilma, pappa Emil och till h\u00f6ger sitter Alice.<\/figcaption><\/figure>\n<p>&nbsp;<\/p>\n<figure id=\"attachment_2754\" aria-describedby=\"caption-attachment-2754\" style=\"width: 802px\" class=\"wp-caption aligncenter\"><img loading=\"lazy\" decoding=\"async\" class=\" wp-image-2754\" src=\"http:\/\/www.lassebacklund.fi\/wp-content\/uploads\/2017\/02\/5-2.jpg\" alt=\"I mitten p\u00e5 1980-talet s\u00e5 k\u00f6pte grannen Kurt L\u00e5ngfors g\u00e5rden med den tillh\u00f6rande tomten av Emil Sandbacka. Han beh\u00f6vde omr\u00e5det f\u00f6r att kunna ut\u00f6ka v\u00e4xthusarealen och han s\u00e5lde sj\u00e4lva huset till M\u00f6rtmark. Foto fr\u00e5n norr av Kurt L\u00e5ngfors.\" width=\"802\" height=\"508\" srcset=\"https:\/\/www.lassebacklund.fi\/wp-content\/uploads\/2017\/02\/5-2.jpg 1055w, https:\/\/www.lassebacklund.fi\/wp-content\/uploads\/2017\/02\/5-2-300x190.jpg 300w, https:\/\/www.lassebacklund.fi\/wp-content\/uploads\/2017\/02\/5-2-768x486.jpg 768w, https:\/\/www.lassebacklund.fi\/wp-content\/uploads\/2017\/02\/5-2-1024x648.jpg 1024w\" sizes=\"auto, (max-width: 802px) 100vw, 802px\" \/><figcaption id=\"caption-attachment-2754\" class=\"wp-caption-text\">I mitten p\u00e5 1980-talet s\u00e5 k\u00f6pte grannen Kurt L\u00e5ngfors g\u00e5rden med den tillh\u00f6rande tomten av Emil Sandbacka. Han beh\u00f6vde omr\u00e5det f\u00f6r att kunna ut\u00f6ka v\u00e4xthusarealen och han s\u00e5lde sj\u00e4lva huset till M\u00f6rtmark. Foto fr\u00e5n norr av Kurt L\u00e5ngfors.<\/figcaption><\/figure>\n<figure id=\"attachment_2755\" aria-describedby=\"caption-attachment-2755\" style=\"width: 803px\" class=\"wp-caption aligncenter\"><img loading=\"lazy\" decoding=\"async\" class=\" wp-image-2755\" src=\"http:\/\/www.lassebacklund.fi\/wp-content\/uploads\/2017\/02\/6-2.jpg\" alt=\"P\u00e5 Kurts foto s\u00e5 syns det att omr\u00e5det b\u00f6rjat v\u00e4xa igen s\u00e5 pass att sj\u00e4lva huset knappt syns.\" width=\"803\" height=\"532\" srcset=\"https:\/\/www.lassebacklund.fi\/wp-content\/uploads\/2017\/02\/6-2.jpg 1052w, https:\/\/www.lassebacklund.fi\/wp-content\/uploads\/2017\/02\/6-2-300x199.jpg 300w, https:\/\/www.lassebacklund.fi\/wp-content\/uploads\/2017\/02\/6-2-768x509.jpg 768w, https:\/\/www.lassebacklund.fi\/wp-content\/uploads\/2017\/02\/6-2-1024x678.jpg 1024w\" sizes=\"auto, (max-width: 803px) 100vw, 803px\" \/><figcaption id=\"caption-attachment-2755\" class=\"wp-caption-text\">P\u00e5 Kurts foto s\u00e5 syns det att omr\u00e5det b\u00f6rjat v\u00e4xa igen s\u00e5 pass att sj\u00e4lva huset knappt syns.<\/figcaption><\/figure>\n<figure id=\"attachment_2756\" aria-describedby=\"caption-attachment-2756\" style=\"width: 338px\" class=\"wp-caption aligncenter\"><img loading=\"lazy\" decoding=\"async\" class=\" wp-image-2756\" src=\"http:\/\/www.lassebacklund.fi\/wp-content\/uploads\/2017\/02\/7-2.jpg\" alt=\"Enligt en husbok fr\u00e5n 1960-talet s\u00e5 skulle Sandbackas hemman varit 2,8 hektar stor och d\u00e4r skulle ha funnits 2 kor.\" width=\"338\" height=\"219\" srcset=\"https:\/\/www.lassebacklund.fi\/wp-content\/uploads\/2017\/02\/7-2.jpg 675w, https:\/\/www.lassebacklund.fi\/wp-content\/uploads\/2017\/02\/7-2-300x194.jpg 300w\" sizes=\"auto, (max-width: 338px) 100vw, 338px\" \/><figcaption id=\"caption-attachment-2756\" class=\"wp-caption-text\">Enligt en husbok fr\u00e5n 1960-talet s\u00e5 skulle Sandbackas hemman varit 2,8 hektar stor och d\u00e4r skulle ha funnits 2 kor,<\/figcaption><\/figure>\n<p>&nbsp;<\/p>\n","protected":false},"excerpt":{"rendered":"<p>Sammanst\u00e4llt av Lasse Backlund 2017, med hj\u00e4lp av Dagny Sandbacka, Leif Sandbacka och Kurt L\u00e5ngfors. G\u00e5rdens historia Det var sytningsmannen Johan Henrik Andersson Lillg\u00e4ls och hans hustru Sofia Bernhardsdotter, som \u00e5r 1908 arrenderade detta \u00e4goomr\u00e5de p\u00e5 lite \u00f6ver 1 ha <a class=\"more-link\" href=\"https:\/\/www.lassebacklund.fi\/?page_id=2757\">Forts\u00e4tt l\u00e4sa <span class=\"screen-reader-text\">  \u201dLena Emelas\u201d eller Sandbackas g\u00e5rd p\u00e5 Dagsmarkv\u00e4gen ca 135<\/span><span class=\"meta-nav\">&rarr;<\/span><\/a><\/p>\n","protected":false},"author":1,"featured_media":0,"parent":61,"menu_order":135,"comment_status":"closed","ping_status":"closed","template":"","meta":{"footnotes":""},"class_list":["post-2757","page","type-page","status-publish","hentry"],"_links":{"self":[{"href":"https:\/\/www.lassebacklund.fi\/index.php?rest_route=\/wp\/v2\/pages\/2757","targetHints":{"allow":["GET"]}}],"collection":[{"href":"https:\/\/www.lassebacklund.fi\/index.php?rest_route=\/wp\/v2\/pages"}],"about":[{"href":"https:\/\/www.lassebacklund.fi\/index.php?rest_route=\/wp\/v2\/types\/page"}],"author":[{"embeddable":true,"href":"https:\/\/www.lassebacklund.fi\/index.php?rest_route=\/wp\/v2\/users\/1"}],"replies":[{"embeddable":true,"href":"https:\/\/www.lassebacklund.fi\/index.php?rest_route=%2Fwp%2Fv2%2Fcomments&post=2757"}],"version-history":[{"count":13,"href":"https:\/\/www.lassebacklund.fi\/index.php?rest_route=\/wp\/v2\/pages\/2757\/revisions"}],"predecessor-version":[{"id":24817,"href":"https:\/\/www.lassebacklund.fi\/index.php?rest_route=\/wp\/v2\/pages\/2757\/revisions\/24817"}],"up":[{"embeddable":true,"href":"https:\/\/www.lassebacklund.fi\/index.php?rest_route=\/wp\/v2\/pages\/61"}],"wp:attachment":[{"href":"https:\/\/www.lassebacklund.fi\/index.php?rest_route=%2Fwp%2Fv2%2Fmedia&parent=2757"}],"curies":[{"name":"wp","href":"https:\/\/api.w.org\/{rel}","templated":true}]}}