{"id":2735,"date":"2017-02-09T22:06:55","date_gmt":"2017-02-09T21:06:55","guid":{"rendered":"http:\/\/www.lassebacklund.fi\/?page_id=2735"},"modified":"2017-02-09T22:11:10","modified_gmt":"2017-02-09T21:11:10","slug":"emigranter-till-australien","status":"publish","type":"page","link":"https:\/\/www.lassebacklund.fi\/?page_id=2735","title":{"rendered":"Emigranter till Australien."},"content":{"rendered":"<p><span style=\"color: #000080;\">Eva Gr\u00f6nlund fr\u00e5n Vasa har gjort f\u00f6ljande dokumentation om Storfossin och hans dotter Amanda Sofia som emigrerade till Australien.<\/span><\/p>\n<h3><strong>Storfossinas till Australien.<\/strong><\/h3>\n<p>Amanda Sofia Johansdotter Storfors f\u00f6ddes i P\u00e5skmark \u00e5r 1866. Hon var dotter till Johan Josef Kaas Storfors \u201dStorfossin\u201d f. 1841 och Edla Carolina Carlsdotter f. 1841. Familjen flyttade till Dagsmark och fadern Johan Josef var mj\u00f6lnare i Storfors. Familjen bodde p\u00e5 b\u00f6nhushemmanet p\u00e5 L\u00e5ng d\u00e4r Amanda Sofia och hennes syskon v\u00e4xte upp. Amanda Sofia hade en syster som hette Maria Matilda f 1870. Hon var gift tv\u00e5 g\u00e5nger och i sitt andra \u00e4ktenskap hette hon Forsg\u00e5rd i efternamn. Amanda Sofia hade ocks\u00e5 tv\u00e5 br\u00f6der som for till Amerika och flera syskon som dog unga.<\/p>\n<p>Amanda Sofia gifte sig som 17 \u00e5rig den 6.4.1883 med mj\u00f6lnaren Josef Vilhelm Malmberg f. 1852 i N\u00e4rpes. Han var d\u00e5 \u00e4gare till Storfors s\u00e5gverk. Den 22 oktober 1883 vid middagstiden brann s\u00e5gen ner. S\u00e5gen var f\u00f6rs\u00e4krad i brandf\u00f6rs\u00e4kringsbolaget Sverige f\u00f6r 6,000 mark. Sj\u00e4lva s\u00e5gen hade enligt tidningspressen en l\u00e4ngre tid varit obegagnad och det tillsattes en utredning f\u00f6r att ta reda p\u00e5 om branden var anlagd.<\/p>\n<p>\u00c5r 1884 begav sig paret Amanda Sofia och Josef Vilhelm Malmberg p\u00e5 den l\u00e5nga resan fr\u00e5n Dagsmark till Nya Zeeland. D\u00e4r bosatte de sig i 6 \u00e5r. Sedan flyttade familjen till Australien 31.12.1899. De bosatte sig f\u00f6rst i Wahgunyah, Corowa.<\/p>\n<p>Amanda Sofia ans\u00f6kte om australiensiskt medborgarskap \u00e5r 1903. Hon uppgav d\u00e5 att hon var gift och hade 6 barn, 3 pojkar och 3 flickor. Maken Josef Vilhelm dog i b\u00f6rjan av 1900-talet. Amanda Sofia flyttade p\u00e5 \u00e4ldre dagar till Melbourne. Hon avled \u00e5r 1936, 70 \u00e5r gammal. I nekrologen om henne ber\u00e4ttas att hon var f\u00f6dd i Dagsmark, Finland. Hon var en v\u00e4lk\u00e4nd person i Wahgunyah och i Corowa. Hon \u00e4r begravd vid Melbourne General Cemetery, Parkville, Victoria, Australia.<\/p>\n<figure id=\"attachment_2691\" aria-describedby=\"caption-attachment-2691\" style=\"width: 548px\" class=\"wp-caption aligncenter\"><img loading=\"lazy\" decoding=\"async\" class=\" wp-image-2691\" src=\"http:\/\/www.lassebacklund.fi\/wp-content\/uploads\/2017\/02\/14-1.jpg\" alt=\"\u00c5r 1916 korrigerade Amanda Sofia sina adressuppgifter fr\u00e5n Dagsmark, Finland, Europe till c\/o Mrs Bray, Culbertson Street, Rutherglen, Vic, Australia. \" width=\"548\" height=\"884\" srcset=\"https:\/\/www.lassebacklund.fi\/wp-content\/uploads\/2017\/02\/14-1.jpg 744w, https:\/\/www.lassebacklund.fi\/wp-content\/uploads\/2017\/02\/14-1-186x300.jpg 186w, https:\/\/www.lassebacklund.fi\/wp-content\/uploads\/2017\/02\/14-1-635x1024.jpg 635w\" sizes=\"auto, (max-width: 548px) 100vw, 548px\" \/><figcaption id=\"caption-attachment-2691\" class=\"wp-caption-text\">\u00c5r 1916 korrigerade Amanda Sofia sina adressuppgifter fr\u00e5n Dagsmark, Finland, Europe till c\/o Mrs Bray, Culbertson Street, Rutherglen, Vic, Australia.<\/figcaption><\/figure>\n<p>Amanda Sofias och Josef Vilhelms dotter Ida Christina Malmberg f\u00f6ddes 1886 i Auckland i Nya Zeeland. Hon gifte 1909 i Corowa i Australien med Robert Stanley Shueard Bray som var son till Robert Bray and Mary Letitia Trease. Paret fick 4 barn. Ida Christina Malmberg begravdes \u00e5r 1966 p\u00e5 Carlyle kyrkog\u00e5rd, Wahgunyah, Victoria i Australien.<\/p>\n<p>Ida Christina Malmberg och Robert Stanley Shueard Brays barn:<\/p>\n<p>Eric Thomas Bray f. 1910, d. 1976<\/p>\n<p>Robert Stanley Keith Bray f. 1912, d. 1929<\/p>\n<p>Vera Alexandra Long Bray f. 1915, d. 1965<\/p>\n<p>Ida Constance Bray f.1918, d. 1972<\/p>\n<p>Amanda Sofias och Josef Vilhelms yngsta son Walter Edward Malmberg f\u00f6ddes i Corowa i New South Wales i Australien \u00e5r 1895. Han var snickare och gick in i arm\u00e9n som 19 \u00e5ring och ansl\u00f6ts till 13: de bataljonen, C Company. Han svor 14.9.1914 eden att tj\u00e4na kungen \u00f6ver australiensiska imperiets arm\u00e9 (Australia Imperial Force) till slutet av kriget och 4 m\u00e5nader efter det. Han gick ombord p\u00e5 HMAT A38 Ulysses fr\u00e5n Melbourne 22 december 1914. Han s\u00e5rades i v\u00e4nster hand och v\u00e5rdades p\u00e5 sjukhus i Alexandria i Syd Afrika och f\u00f6rdes sedan till Manchester i England. Han deltog i f\u00f6rsta v\u00e4rldskriget som chauff\u00f6r i f\u00e4lt i Frankrike. Han skadades i en olycka och v\u00e5rdades p\u00e5 sjukhus i Rouen och flyttades sedan till general Hospital i London. Han hemf\u00f6rlovades 30 januari 1918.<\/p>\n<figure id=\"attachment_2692\" aria-describedby=\"caption-attachment-2692\" style=\"width: 1243px\" class=\"wp-caption aligncenter\"><img loading=\"lazy\" decoding=\"async\" class=\"size-full wp-image-2692\" src=\"http:\/\/www.lassebacklund.fi\/wp-content\/uploads\/2017\/02\/15-1.jpg\" alt=\"Walter Edward avled 28 maj 1919 p\u00e5 Griffith hospital, d\u00e5 24 \u00e5r gammal. Han begravdes p\u00e5 Bagtown Cemetery, New South Wales. Modern Amanda Sofia fick \u00e5r 1923 motta medaljen f\u00f6r sonens insats i f\u00f6rsta v\u00e4rldskriget.\" width=\"1243\" height=\"505\" srcset=\"https:\/\/www.lassebacklund.fi\/wp-content\/uploads\/2017\/02\/15-1.jpg 1243w, https:\/\/www.lassebacklund.fi\/wp-content\/uploads\/2017\/02\/15-1-300x122.jpg 300w, https:\/\/www.lassebacklund.fi\/wp-content\/uploads\/2017\/02\/15-1-768x312.jpg 768w, https:\/\/www.lassebacklund.fi\/wp-content\/uploads\/2017\/02\/15-1-1024x416.jpg 1024w\" sizes=\"auto, (max-width: 1243px) 100vw, 1243px\" \/><figcaption id=\"caption-attachment-2692\" class=\"wp-caption-text\">Walter Edward avled 28 maj 1919 p\u00e5 Griffith hospital, d\u00e5 24 \u00e5r gammal. Han begravdes p\u00e5 Bagtown Cemetery, New South Wales. Modern Amanda Sofia fick \u00e5r 1923 motta medaljen f\u00f6r sonens insats i f\u00f6rsta v\u00e4rldskriget.<\/figcaption><\/figure>\n<p>&nbsp;<\/p>\n","protected":false},"excerpt":{"rendered":"<p>Eva Gr\u00f6nlund fr\u00e5n Vasa har gjort f\u00f6ljande dokumentation om Storfossin och hans dotter Amanda Sofia som emigrerade till Australien. Storfossinas till Australien. Amanda Sofia Johansdotter Storfors f\u00f6ddes i P\u00e5skmark \u00e5r 1866. Hon var dotter till Johan Josef Kaas Storfors \u201dStorfossin\u201d <a class=\"more-link\" href=\"https:\/\/www.lassebacklund.fi\/?page_id=2735\">Forts\u00e4tt l\u00e4sa <span class=\"screen-reader-text\">  Emigranter till Australien.<\/span><span class=\"meta-nav\">&rarr;<\/span><\/a><\/p>\n","protected":false},"author":1,"featured_media":0,"parent":2694,"menu_order":2,"comment_status":"closed","ping_status":"closed","template":"","meta":{"footnotes":""},"class_list":["post-2735","page","type-page","status-publish","hentry"],"_links":{"self":[{"href":"https:\/\/www.lassebacklund.fi\/index.php?rest_route=\/wp\/v2\/pages\/2735","targetHints":{"allow":["GET"]}}],"collection":[{"href":"https:\/\/www.lassebacklund.fi\/index.php?rest_route=\/wp\/v2\/pages"}],"about":[{"href":"https:\/\/www.lassebacklund.fi\/index.php?rest_route=\/wp\/v2\/types\/page"}],"author":[{"embeddable":true,"href":"https:\/\/www.lassebacklund.fi\/index.php?rest_route=\/wp\/v2\/users\/1"}],"replies":[{"embeddable":true,"href":"https:\/\/www.lassebacklund.fi\/index.php?rest_route=%2Fwp%2Fv2%2Fcomments&post=2735"}],"version-history":[{"count":3,"href":"https:\/\/www.lassebacklund.fi\/index.php?rest_route=\/wp\/v2\/pages\/2735\/revisions"}],"predecessor-version":[{"id":2738,"href":"https:\/\/www.lassebacklund.fi\/index.php?rest_route=\/wp\/v2\/pages\/2735\/revisions\/2738"}],"up":[{"embeddable":true,"href":"https:\/\/www.lassebacklund.fi\/index.php?rest_route=\/wp\/v2\/pages\/2694"}],"wp:attachment":[{"href":"https:\/\/www.lassebacklund.fi\/index.php?rest_route=%2Fwp%2Fv2%2Fmedia&parent=2735"}],"curies":[{"name":"wp","href":"https:\/\/api.w.org\/{rel}","templated":true}]}}