{"id":25893,"date":"2026-05-10T23:34:44","date_gmt":"2026-05-10T20:34:44","guid":{"rendered":"https:\/\/www.lassebacklund.fi\/?page_id=25893"},"modified":"2026-05-10T23:34:44","modified_gmt":"2026-05-10T20:34:44","slug":"de-forsta-affarerna-i-dagsmark","status":"publish","type":"page","link":"https:\/\/www.lassebacklund.fi\/?page_id=25893","title":{"rendered":"De f\u00f6rsta aff\u00e4rerna i Dagsmark"},"content":{"rendered":"<p>Enligt ryska kejsarens resolution av den 19 december 1859 blev det m\u00f6jligt att fr\u00e5n f\u00f6ljande \u00e5r idka handel utanf\u00f6r st\u00e4derna, som dittills hade haft monopol p\u00e5 all handel. Fr\u00e5n \u00e5r 1860 blev det allts\u00e5 m\u00f6jligt att idka handel p\u00e5 landet om avst\u00e5ndet till n\u00e4rmaste stad var \u00f6ver 20 km. Det var f\u00f6rst \u00e5r 1879 som det blev fritt att handla var som helst, blott man hade tillst\u00e5nd.<\/p>\n<p>Den f\u00f6rsta att f\u00e5 tillst\u00e5nd, \u00e5r 1876 att \u00f6ppna handel i Dagsmark var Erland Lev\u00e1n fr\u00e5n Kristinestad men han h\u00f6ll p\u00e5 bara en kort tid och det \u00e4r oklart var den butiken fanns. Erland var f\u00f6dd 1828 i Lampis och \u00f6ppnade som 19-\u00e5ring butik i Kristinestad. \u00c5r 1870 hade han butik i Lappfj\u00e4rd, som han dock lade ned efter en tid. Han k\u00f6pte ocks\u00e5 upp spannm\u00e5l f\u00f6r export. Han dog i Kristinestad \u00e5r 1900.<\/p>\n<p>I Lappfj\u00e4rds historia, del II finns det omn\u00e4mnt \u00e5r 1890 en handlande Erik Johansson L\u00e5ng och \u00e5r 1895 finns det i tidningar omn\u00e4mnt att handlande Josef Eriksson Lillkull f\u00e5tt tillst\u00e5nd av guvern\u00f6ren att handla med mindre giftiga \u00e4mnen. Denne skulle ha funnits p\u00e5 Ivar Vesterbacks L\u00e5ng hemman. Ytterligare uppgifter om dessa handlande saknas tillsvidare.<\/p>\n<p>En som d\u00e4remot h\u00f6ll p\u00e5 l\u00e4ngre var Matts Carlsson Yls\u00f6b\u00e4ck, f. 1851 i N\u00e4rpes som \u00f6ppnade butik \u00e5r 1877 i en bondg\u00e5rd som stod vid v\u00e4gkorsningen till Korsb\u00e4ck. Guvern\u00f6ren i Vasa gav honom tillst\u00e5nd redan i mars 1875 att \u00f6ppna en lanthandel. Matts var gift med Maria Augusta Packalen, f. 1854 fr\u00e5n Kristinestad. Troligtvis s\u00e5 bodde Yls\u00f6b\u00e4cks inte h\u00e4r, f\u00f6r Selma Huhtala har ber\u00e4ttat att Yls\u00f6b\u00e4cks bodde utefter Koll-V\u00e4gen p\u00e5 andra sidan \u00e5n.<\/p>\n<p>Varje lanthandlare skulle varje \u00e5r betala en handelsavgift om 100 mark till kronan. Om en handlande hade flera f\u00f6rs\u00e4ljningsst\u00e4llen, s\u00e5 skulle han betala 100 mark f\u00f6r varje, \u00e4ven om de fanns inom samma by. Den nya lantdagen besl\u00f6t \u00e5r 1907 att forts\u00e4tta att driva in denna avgift.<\/p>\n<p>Hur l\u00e4nge Yls\u00f6b\u00e4ck h\u00f6ll p\u00e5 \u00e4r oklart men i &#8221;Finland handelskalender&#8221; fr\u00e5n 1914 s\u00e5 fanns det i Dagsmark endast 2 aff\u00e4rer, n\u00e4mligen J.H. Storkull och Dagsmark Andelshandel.<\/p>\n","protected":false},"excerpt":{"rendered":"<p>Enligt ryska kejsarens resolution av den 19 december 1859 blev det m\u00f6jligt att fr\u00e5n f\u00f6ljande \u00e5r idka handel utanf\u00f6r st\u00e4derna, som dittills hade haft monopol p\u00e5 all handel. Fr\u00e5n \u00e5r 1860 blev det allts\u00e5 m\u00f6jligt att idka handel p\u00e5 landet <a class=\"more-link\" href=\"https:\/\/www.lassebacklund.fi\/?page_id=25893\">Forts\u00e4tt l\u00e4sa <span class=\"screen-reader-text\">  De f\u00f6rsta aff\u00e4rerna i Dagsmark<\/span><span class=\"meta-nav\">&rarr;<\/span><\/a><\/p>\n","protected":false},"author":1,"featured_media":0,"parent":887,"menu_order":10,"comment_status":"closed","ping_status":"closed","template":"","meta":{"footnotes":""},"class_list":["post-25893","page","type-page","status-publish","hentry"],"_links":{"self":[{"href":"https:\/\/www.lassebacklund.fi\/index.php?rest_route=\/wp\/v2\/pages\/25893","targetHints":{"allow":["GET"]}}],"collection":[{"href":"https:\/\/www.lassebacklund.fi\/index.php?rest_route=\/wp\/v2\/pages"}],"about":[{"href":"https:\/\/www.lassebacklund.fi\/index.php?rest_route=\/wp\/v2\/types\/page"}],"author":[{"embeddable":true,"href":"https:\/\/www.lassebacklund.fi\/index.php?rest_route=\/wp\/v2\/users\/1"}],"replies":[{"embeddable":true,"href":"https:\/\/www.lassebacklund.fi\/index.php?rest_route=%2Fwp%2Fv2%2Fcomments&post=25893"}],"version-history":[{"count":1,"href":"https:\/\/www.lassebacklund.fi\/index.php?rest_route=\/wp\/v2\/pages\/25893\/revisions"}],"predecessor-version":[{"id":25894,"href":"https:\/\/www.lassebacklund.fi\/index.php?rest_route=\/wp\/v2\/pages\/25893\/revisions\/25894"}],"up":[{"embeddable":true,"href":"https:\/\/www.lassebacklund.fi\/index.php?rest_route=\/wp\/v2\/pages\/887"}],"wp:attachment":[{"href":"https:\/\/www.lassebacklund.fi\/index.php?rest_route=%2Fwp%2Fv2%2Fmedia&parent=25893"}],"curies":[{"name":"wp","href":"https:\/\/api.w.org\/{rel}","templated":true}]}}