{"id":25795,"date":"2026-04-14T20:05:53","date_gmt":"2026-04-14T17:05:53","guid":{"rendered":"https:\/\/www.lassebacklund.fi\/?page_id=25795"},"modified":"2026-04-14T20:20:34","modified_gmt":"2026-04-14T17:20:34","slug":"korsback-idas-gard-pa-korsbackvagen-483","status":"publish","type":"page","link":"https:\/\/www.lassebacklund.fi\/?page_id=25795","title":{"rendered":"Korsb\u00e4ck Idas g\u00e5rd p\u00e5 Korsb\u00e4ckv\u00e4gen 483"},"content":{"rendered":"<figure id=\"attachment_25792\" aria-describedby=\"caption-attachment-25792\" style=\"width: 1386px\" class=\"wp-caption alignnone\"><img loading=\"lazy\" decoding=\"async\" class=\"size-full wp-image-25792\" src=\"https:\/\/www.lassebacklund.fi\/wp-content\/uploads\/2026\/04\/Bild1.jpg\" alt=\"\" width=\"1386\" height=\"1025\" srcset=\"https:\/\/www.lassebacklund.fi\/wp-content\/uploads\/2026\/04\/Bild1.jpg 1386w, https:\/\/www.lassebacklund.fi\/wp-content\/uploads\/2026\/04\/Bild1-300x222.jpg 300w, https:\/\/www.lassebacklund.fi\/wp-content\/uploads\/2026\/04\/Bild1-1024x757.jpg 1024w, https:\/\/www.lassebacklund.fi\/wp-content\/uploads\/2026\/04\/Bild1-768x568.jpg 768w\" sizes=\"auto, (max-width: 1386px) 100vw, 1386px\" \/><figcaption id=\"caption-attachment-25792\" class=\"wp-caption-text\">Den h\u00e4r g\u00e5rden p\u00e5 Skr\u00e4ddarbackan byggde arbetaren Erland och hans hustru Ida Korsb\u00e4ck \u00e5r 1932 och den uppf\u00f6rdes p\u00e5 ett markomr\u00e5de som de \u00e5r 1930 hade k\u00f6pt av Lappfj\u00e4rds kommun. Fotot taget fr\u00e5n landsv\u00e4gen sommaren 2025.<\/figcaption><\/figure>\n<p><span style=\"color: #000080;\"><strong>Sammanst\u00e4llt av Lasse Backlund i april 2026.<\/strong><\/span><\/p>\n<p>Erland Korsb\u00e4ck (1891\u20131935) var f\u00f6dd <a href=\"https:\/\/www.lassebacklund.fi\/?page_id=25063\">\u201dd\u00e4r Stenlundas\u201d<\/a> och han var son till bonden Karl Korsb\u00e4ck (1850\u20131917) och Wilhelmina (f. Lillkull 1849\u20131927). Erland, som kallades b\u00e5de \u201dG\u00e5sens och Kalleas \u00c4\u00e4land\u201d arbetade fr\u00e5n mars 1915 till september 1916 som f\u00f6rest\u00e5ndare f\u00f6r <a href=\"https:\/\/www.lassebacklund.fi\/?page_id=7102\">Dagsmark andelshandel<\/a> p\u00e5 Sebasbackan. Erland gifte sig f\u00f6rsta g\u00e5ngen \u00e5r 1917 med Hilma Alvina Mannfolk (1890\u20131925) fr\u00e5n Lappfj\u00e4rd. De fick sonen Gunnar Eskil \u00e5r 1917 men han avled just d\u00e5 han skulle fylla ett \u00e5r. Enligt uppgift skulle Hilma Alvina ha d\u00f6tt i barns\u00e4ng \u00e5r 1925. De bodde d\u00e5 i Sundom d\u00e4r Erland arbetade p\u00e5 Kronvik s\u00e5g.<\/p>\n<p><strong>\u00c5r 1927<\/strong> gifte Erland om sig med Ida Ahlberg (1901\u20131980) fr\u00e5n Stenv\u00e4gen i Lappfj\u00e4rd och medan de bodde i Sundom fick de dottern Helga (f.1927) och m\u00f6jligtvis ocks\u00e5 dottern Saga \u00e5r 1928. Ida hade i unga \u00e5r arbetat p\u00e5 Amanda Stenbergs restaurang \u201dKvarnen\u201d i Kristinestad. D\u00e4r r\u00e5kade hon en g\u00e5ng ut f\u00f6r en olycka, d\u00e5 hon blev illa br\u00e4nd av brinnande lyspetroleum och fick best\u00e5ende skador p\u00e5 halsen och p\u00e5 kroppen.<\/p>\n<p><strong>\u00c5r 1930 i januari<\/strong> b\u00f6rjade Erlands bror Johannes Stenlund bygga den nya <a href=\"https:\/\/www.lassebacklund.fi\/?page_id=18246\">folkskolbyggnaden i Korsb\u00e4ck<\/a> och han anlitade flera br\u00f6der som byggare. Erland flyttade d\u00e5 hem fr\u00e5n Sundom och deltog i bygget, som blev klart f\u00f6r invigning i oktober samma \u00e5r.<\/p>\n<p>Den h\u00e4r folkskolan byggdes p\u00e5 \u201dSkaftung Adelinas\u201d Rosenback hemman H\u00e4ggblom p\u00e5 1\/96 dels mtl som kommunen k\u00f6pte p\u00e5 exekutiv auktion f\u00f6r 60 500 mark redan 1923. Enligt ett sytningskontrakt fr\u00e5n 1914 hade Adelinas mor Karolina Gustafsdotter H\u00e4ggblom r\u00e4tt att p\u00e5 livstid f\u00e5 bo kvar i den gamla sytningsstugan. Kommunen beh\u00f6vde inte hela hemmanet, s\u00e5 \u00e5r 1924 s\u00e5lde de en st\u00f6rre andel mark \u00e5t Maria och Erland Granberg.<\/p>\n<figure id=\"attachment_4078\" aria-describedby=\"caption-attachment-4078\" style=\"width: 1328px\" class=\"wp-caption alignnone\"><img loading=\"lazy\" decoding=\"async\" class=\"wp-image-4078 size-full\" src=\"https:\/\/www.lassebacklund.fi\/wp-content\/uploads\/2017\/05\/11-H\u00e4ggblom.jpg\" alt=\"\" width=\"1328\" height=\"859\" srcset=\"https:\/\/www.lassebacklund.fi\/wp-content\/uploads\/2017\/05\/11-H\u00e4ggblom.jpg 1328w, https:\/\/www.lassebacklund.fi\/wp-content\/uploads\/2017\/05\/11-H\u00e4ggblom-300x194.jpg 300w, https:\/\/www.lassebacklund.fi\/wp-content\/uploads\/2017\/05\/11-H\u00e4ggblom-768x497.jpg 768w, https:\/\/www.lassebacklund.fi\/wp-content\/uploads\/2017\/05\/11-H\u00e4ggblom-1024x662.jpg 1024w\" sizes=\"auto, (max-width: 1328px) 100vw, 1328px\" \/><figcaption id=\"caption-attachment-4078\" class=\"wp-caption-text\">Rosenbackhemmanet H\u00e4ggblom 3:11 bildades vid storskiftet 1900-1912 och det str\u00e4ckte sig fr\u00e5n Lill\u00e5n i \u00f6ster till Storsj\u00f6tr\u00e4sk i v\u00e4ster.<\/figcaption><\/figure>\n<p><strong>\u00c5r 1930, den 21 maj<\/strong> f\u00f6ddes sonen Karl, som \u00e5r 1955 gifte sig med Elsi Bj\u00f6rklund och efter det bodde p\u00e5 Sebasbackan i Dagsmark.<\/p>\n<p><strong>\u00c5r 1930, den 9 augusti<\/strong> k\u00f6pte Erland och Ida Korsb\u00e4ck ett omr\u00e5de av Lappfj\u00e4rds kommun f\u00f6r 13\u00a0000 mark. Omr\u00e5det p\u00e5 ca 0,8 ha var en del av hemmanet H\u00e4ggblom som l\u00e5g \u201dvester om v\u00e4gen, som gr\u00e4nsar i s\u00f6der intill Erland Lindqvists r\u00e5, i vester mot Dagsmark Storsj\u00f6, i norr mot Erland Granbergs skifte, som inneh\u00e5ller cirka 0,75 ha med d\u00e4r\u00e5 befintliga \u00e5byggnader. Den f\u00f6rra \u00e4garens mor \u201dSkaftong\u201d Karolina H\u00e4ggblom (1850\u20131938) bodde p\u00e5 omr\u00e5det i en liten stuga n\u00e4ra v\u00e4gen och fick sytning av hemmansdelen. Det h\u00e4r markomr\u00e5det ligger p\u00e5 \u201dSkr\u00e4ddarbackan\u201d eller \u201dS\u00e5gkv\u00e4ns\u00e5sin\u201d och det fick namnet H\u00e4ggback 3:53.<\/p>\n<p><strong>\u00c5r 1931,<\/strong> d\u00e5 Dagsmark Storsj\u00f6tr\u00e4sk skiftades fick Erland Korsb\u00e4ck en st\u00f6rre lott nr 21 nedanf\u00f6r sin g\u00e5rd.<\/p>\n<figure id=\"attachment_25794\" aria-describedby=\"caption-attachment-25794\" style=\"width: 431px\" class=\"wp-caption alignnone\"><img loading=\"lazy\" decoding=\"async\" class=\"size-full wp-image-25794\" src=\"https:\/\/www.lassebacklund.fi\/wp-content\/uploads\/2026\/04\/Lott-nr-21.jpg\" alt=\"\" width=\"431\" height=\"672\" srcset=\"https:\/\/www.lassebacklund.fi\/wp-content\/uploads\/2026\/04\/Lott-nr-21.jpg 431w, https:\/\/www.lassebacklund.fi\/wp-content\/uploads\/2026\/04\/Lott-nr-21-192x300.jpg 192w\" sizes=\"auto, (max-width: 431px) 100vw, 431px\" \/><figcaption id=\"caption-attachment-25794\" class=\"wp-caption-text\">Erland Korsb\u00e4cks lott nr 21 l\u00e5g passligt nedanf\u00f6r hans g\u00e5rd H\u00e4ggback och den var p\u00e5 n\u00e4rmare 8 ha.<\/figcaption><\/figure>\n<p><strong>F\u00f6re \u00e5r 1932<\/strong> hade Erland uppf\u00f6rt den boningsbyggnad som fortfarande st\u00e5r kvar.<\/p>\n<p><strong>\u00c5r 1935, den 4 mars<\/strong> avled Erland Korsb\u00e4ck i lungsot och hustrun Ida blev \u00e4nka med tre mindre barn. Ida livn\u00e4rde sig p\u00e5 sitt lilla jordbruk, som bland annat bestod av en lott i tr\u00e4sket.<\/p>\n<p>Efter kriget, i slutet av 1940-talet flyttade dottern Helga och hennes man Runar Liljedahl till Sverige d\u00e4r de b\u00f6rjade arbeta p\u00e5 Svenska Rayon-bolaget och det gjorde dottern Saga ocks\u00e5. Hon, som kallades \u201dIdas Saga\u201d var gift med \u201dNyback Einar\u201d R\u00f6nngren (1920\u20132006) fr\u00e5n Norrviksv\u00e4gen. Sonen Karl bodde ocks\u00e5 n\u00e5gra \u00e5r i Sverige, f\u00f6re han \u00e5r 1955 gifte sig med \u201dLid Elsi\u201d Bj\u00f6rklund fr\u00e5n Sebasbackan.<\/p>\n<p>Omkring 1950 for ocks\u00e5 Ida Korsb\u00e4ck till Sverige, d\u00e4r hon i ett par \u00e5rs tid bodde hos dottern Helga och hennes man Runar. Under den h\u00e4r tiden bodde Maria Granberg i Idas g\u00e5rd, hon bodde annars i en stor bondg\u00e5rd n\u00e4ra Bergqvistas och Stenlundas. Marias man Erland Granberg vistades i Amerika men d\u00e5 han blev sjuk flyttade han tillbaka till Korsb\u00e4ck, d\u00e4r han n\u00e5got \u00e5r bodde med Maria i deras stora bondg\u00e5rd. Erland dog sedan \u00e5r 1953 och Maria flyttade efter en tid ner till \u201dK\u00e5rk Viktors\u201d Eklunds sytningsstuga i Westeras korsningen.<\/p>\n<p>Efter vistelsen i Sverige bodde Ida Korsb\u00e4ck ensam i g\u00e5rden. Hon var trevlig och social, och var aktivt med i Marthaf\u00f6reningen.<\/p>\n<figure id=\"attachment_25793\" aria-describedby=\"caption-attachment-25793\" style=\"width: 1748px\" class=\"wp-caption alignnone\"><img loading=\"lazy\" decoding=\"async\" class=\"size-full wp-image-25793\" src=\"https:\/\/www.lassebacklund.fi\/wp-content\/uploads\/2026\/04\/Ida-Korsback-fatt-av-Linnea-Ronngren.jpg\" alt=\"\" width=\"1748\" height=\"2347\" srcset=\"https:\/\/www.lassebacklund.fi\/wp-content\/uploads\/2026\/04\/Ida-Korsback-fatt-av-Linnea-Ronngren.jpg 1748w, https:\/\/www.lassebacklund.fi\/wp-content\/uploads\/2026\/04\/Ida-Korsback-fatt-av-Linnea-Ronngren-223x300.jpg 223w, https:\/\/www.lassebacklund.fi\/wp-content\/uploads\/2026\/04\/Ida-Korsback-fatt-av-Linnea-Ronngren-763x1024.jpg 763w, https:\/\/www.lassebacklund.fi\/wp-content\/uploads\/2026\/04\/Ida-Korsback-fatt-av-Linnea-Ronngren-768x1031.jpg 768w, https:\/\/www.lassebacklund.fi\/wp-content\/uploads\/2026\/04\/Ida-Korsback-fatt-av-Linnea-Ronngren-1144x1536.jpg 1144w, https:\/\/www.lassebacklund.fi\/wp-content\/uploads\/2026\/04\/Ida-Korsback-fatt-av-Linnea-Ronngren-1525x2048.jpg 1525w\" sizes=\"auto, (max-width: 1748px) 100vw, 1748px\" \/><figcaption id=\"caption-attachment-25793\" class=\"wp-caption-text\">Ida Korsb\u00e4ck (1901\u20131980) utanf\u00f6r sin g\u00e5rd i Korsb\u00e4ck.<\/figcaption><\/figure>\n<p><strong>\u00c5r 1980, den 25 april<\/strong> avled Ida Korsb\u00e4ck och g\u00e5rden \u00f6vertogs d\u00e5 av dottern Helga Liljedahl, som anv\u00e4nde den som fritidsbostad under sina semestrar i Finland. \u00c5r 2007 flyttade Helga till Korsb\u00e4ck.<\/p>\n<p>Efter Helgas d\u00f6d \u00f6vertogs g\u00e5rden av Helgas systerbarn, som alla bor i Sverige. G\u00e5rden \u00e4r i gott skick och anv\u00e4nds ibland som fritidsbostad.<\/p>\n","protected":false},"excerpt":{"rendered":"<p>Sammanst\u00e4llt av Lasse Backlund i april 2026. Erland Korsb\u00e4ck (1891\u20131935) var f\u00f6dd \u201dd\u00e4r Stenlundas\u201d och han var son till bonden Karl Korsb\u00e4ck (1850\u20131917) och Wilhelmina (f. Lillkull 1849\u20131927). Erland, som kallades b\u00e5de \u201dG\u00e5sens och Kalleas \u00c4\u00e4land\u201d arbetade fr\u00e5n mars 1915 <a class=\"more-link\" href=\"https:\/\/www.lassebacklund.fi\/?page_id=25795\">Forts\u00e4tt l\u00e4sa <span class=\"screen-reader-text\">  Korsb\u00e4ck Idas g\u00e5rd p\u00e5 Korsb\u00e4ckv\u00e4gen 483<\/span><span class=\"meta-nav\">&rarr;<\/span><\/a><\/p>\n","protected":false},"author":1,"featured_media":0,"parent":75,"menu_order":483,"comment_status":"closed","ping_status":"closed","template":"","meta":{"footnotes":""},"class_list":["post-25795","page","type-page","status-publish","hentry"],"_links":{"self":[{"href":"https:\/\/www.lassebacklund.fi\/index.php?rest_route=\/wp\/v2\/pages\/25795","targetHints":{"allow":["GET"]}}],"collection":[{"href":"https:\/\/www.lassebacklund.fi\/index.php?rest_route=\/wp\/v2\/pages"}],"about":[{"href":"https:\/\/www.lassebacklund.fi\/index.php?rest_route=\/wp\/v2\/types\/page"}],"author":[{"embeddable":true,"href":"https:\/\/www.lassebacklund.fi\/index.php?rest_route=\/wp\/v2\/users\/1"}],"replies":[{"embeddable":true,"href":"https:\/\/www.lassebacklund.fi\/index.php?rest_route=%2Fwp%2Fv2%2Fcomments&post=25795"}],"version-history":[{"count":4,"href":"https:\/\/www.lassebacklund.fi\/index.php?rest_route=\/wp\/v2\/pages\/25795\/revisions"}],"predecessor-version":[{"id":25799,"href":"https:\/\/www.lassebacklund.fi\/index.php?rest_route=\/wp\/v2\/pages\/25795\/revisions\/25799"}],"up":[{"embeddable":true,"href":"https:\/\/www.lassebacklund.fi\/index.php?rest_route=\/wp\/v2\/pages\/75"}],"wp:attachment":[{"href":"https:\/\/www.lassebacklund.fi\/index.php?rest_route=%2Fwp%2Fv2%2Fmedia&parent=25795"}],"curies":[{"name":"wp","href":"https:\/\/api.w.org\/{rel}","templated":true}]}}