{"id":25727,"date":"2026-03-23T23:56:13","date_gmt":"2026-03-23T21:56:13","guid":{"rendered":"https:\/\/www.lassebacklund.fi\/?page_id=25727"},"modified":"2026-03-23T23:56:13","modified_gmt":"2026-03-23T21:56:13","slug":"rodgardister-i-lappfjard-fick-sina-domar","status":"publish","type":"page","link":"https:\/\/www.lassebacklund.fi\/?page_id=25727","title":{"rendered":"R\u00f6dgardister i Lappfj\u00e4rd fick sina domar"},"content":{"rendered":"<p><strong><span style=\"color: #000080;\">Syd-\u00d6sterbotten 21 maj 1919:<\/span><\/strong><\/p>\n<h3><strong>Wasa hovr\u00e4tts dom i m\u00e5let mot de upproriska i Lappfj\u00e4rd<\/strong><\/h3>\n<p>H\u00e4radsr\u00e4tten i Lappfj\u00e4rd och Sideby socknars samt Kristinestads landsf\u00f6rsamlings tingslag hade till Wasa hovr\u00e4tts pr\u00f6vning hemst\u00e4llt ett m\u00e5l ang\u00e5ende f\u00f6r uppror tilltalade h\u00e4ktade Otto Sigfrid \u00d6str\u00f6m och inhyses Frans Wilhelm Zakariasson Parman fr\u00e5n Lappfj\u00e4rd by och Lappfj\u00e4rd socken samt skomakaren Johan Alexis Alexisson Junnila fr\u00e5n Jakobstad, \u00e4vensom smeden Severin Augustsson Nystedt fr\u00e5n Tursola by i Sahalahti socken, parcell\u00e4garen Erik Robert Eriksson W\u00f6rlund, arbetarsonen Juho Alfred Johansson Nurmi, arbetaren Frans Erland Ahlberg, parcell\u00e4garen Mickel Wilhelm Fagerlund, arbetaren Johan Samuelsson Nurmi, inhyses Venni Jaakko Johansson Palonen, backstugusittaren Mattias Johansson Vainionp\u00e4\u00e4, inhyses Karl Felix Karlsson Wahlroos, parcell\u00e4garen. Juho Ananias Kujala, bonden Johan Walter Karlsson Kivim\u00e4ki, backstugukarlen Erik Anders Josefsson Storkull eller Mattfolk, inhyses Frans Viktor Wilhelm Karlsson Ivars, Frans Oskar Wilhelmsson Hellman och Josef Wilhelm Eriksson Mattfolk, backstugusittaren Johan Erland Augustson R\u00f6nn, August Sigfrid Augustson Lillsund och Karl Artur Gabrielsson Lassfolk, backstugukarlssonen Artur Sigfrid Hagman eller \u00c5djers och inhyses Johan Emil Sandstr\u00f6m, fr\u00e5n Lappfj\u00e4rd by, samt parcell\u00e4garen Josef Joakim Koskinen och mj\u00f6lnaren Johan Valter Johansson Korpi fr\u00e5n Dagsmark by i Lappfj\u00e4rd socken.<\/p>\n<p>Vid h\u00e4radsr\u00e4tten hade dessa \u00e5talats d\u00e4rf\u00f6r att de enligt ett vid arbetaref\u00f6renings m\u00f6te fattat beslut med hot om v\u00e5ld uppfordrat kronol\u00e4nsmannen i Lappfj\u00e4rd distrikt V\u00e4in\u00f6 Nordlund att avs\u00e4ga sig sin tj\u00e4nstebefattning och fr\u00e5ntagit honom med v\u00e5ld hans vapen, varp\u00e5 de f\u00f6rt honom till arbetarf\u00f6reningens lokal, d\u00e4r han kvarh\u00e5llits till f\u00f6ljande dag. M\u00e4nnen hade behandlat poliskonstapeln Gustav \u00c5djers p\u00e5 samma s\u00e4tt och h\u00e5llit ocks\u00e5 honom f\u00e5ngen.<\/p>\n<p>Den 19 december 1918 hade h\u00e4radsr\u00e4tten avkunnat utslag i m\u00e5let och d\u00e4ri funnit utrett, att de tilltalade slutit sig samman i avsikt att h\u00e4kta kronol\u00e4nsman Nordlund och Gustav \u00c5djers samt hindrat dem att sk\u00f6ta sina tj\u00e4nster \u00e4vensom att \u00f6vriga tilltalade, utom Wahlroos, Kivim\u00e4ki, R\u00f6nn, Lillsund och Sandstr\u00f6m, f\u00e4ngslat Nordlund och \u00c5djers.<\/p>\n<p>D\u00e4rf\u00f6r hade h\u00e4radsr\u00e4tten, j\u00e4mte det n\u00e4mnda personer frik\u00e4nts fr\u00e5n ansvar, d\u00f6mt \u00d6str\u00f6m s\u00e5som anstiftare till uppror och anf\u00f6rare h\u00e5llas fem \u00e5r i tukthus. Junnila s\u00e5som anf\u00f6rare vid uppror att h\u00e5llas fyra \u00e5r i tukthus eller att efter sammanl\u00e4ggning med det av 13:e avdelningen av domstolen f\u00f6r statsf\u00f6rbrytelser honom f\u00f6r h\u00f6gf\u00f6rr\u00e4deri \u00e5d\u00f6mda tio \u00e5rs tukthusstraff i ena bot h\u00e5llas 13 \u00e5r i tukthus och att i tio \u00e5r vara medborgerligt f\u00f6rtroende f\u00f6rlustig. Nystedt, W\u00f6rlund, Johan Nurmi, Fagerlund och Koskinen d\u00f6mdes f\u00f6r delaktighet i upproret att h\u00e5llas envar ett \u00e5r i tukthus. Alfred Nurmi, Ahlberg och Parman d\u00f6mdes att f\u00f6r delaktighet i uppror envar h\u00e5llas sex m\u00e5nader i f\u00e4ngelse. Palonen, Hellman, Mattfolk, Lassfolk och Korpi d\u00f6mdes att f\u00f6r delaktighet i uppror envar h\u00e5llas tv\u00e5 m\u00e5nader i f\u00e4ngelse. Kujala, Vainionp\u00e4\u00e4, Storkull, Ivars och Hagman d\u00f6mdes att f\u00f6r delaktighet i enahanda brott h\u00e5llas envar en m\u00e5nad i f\u00e4ngelse.<\/p>\n<p>Hovr\u00e4tten, som numera avgjort m\u00e5let, har funnit utrett vara, att sedan i november m\u00e5nad 1917 allm\u00e4n strejk utbrutit i landet, hade \u00d6str\u00f6m och Nystedt p\u00e5 uppmaning av Junnila sammankallat m\u00f6te i arbetarf\u00f6reningens hus i Lappfj\u00e4rd f\u00f6r att besluta om \u00e5tg\u00e4rder, som borde vidtas mot kronol\u00e4nsmannen och poliskonstaplarna. Vid sammantr\u00e4det, d\u00e4r samtliga tilltalade deltagit, tillsattes en kommitt\u00e9, best\u00e5ende av \u00d6str\u00f6m, Nystedt, Junnila, Fagerlund, Koskinen, Juho Nurmi och Kivim\u00e4ki att denna kommitt\u00e9 fattat beslut d\u00e4rom, att Nordlund och \u00c5djers skulle ber\u00f6vas sina vapen och uppmanas att l\u00e4mna sina tj\u00e4nster och i h\u00e4ndelse av v\u00e4gran, h\u00e4ktas, vilket beslut underst\u00e4lldes m\u00f6tets pr\u00f6vning och av detsamma omfattats.<\/p>\n<p>Samtliga tilltalade, f\u00f6rutom Frans Wilhelm Parman, Frans Erland Ahlberg, August Sigfrid Lillsund och Johan Emil Sandstr\u00f6m hade j\u00e4mte en m\u00e4ngd andra till m\u00f6tet sammankomna personer \u00e4vensom ryska soldater, av vwilka \u00e5tminstone n\u00e5gra varit bev\u00e4pnade, begett sig till kronol\u00e4nsman Nordlunds och Gustav \u00c5djers bost\u00e4der f\u00f6r att till dessa framf\u00f6ra m\u00f6tets beslut.<\/p>\n<p>Under tiden h\u00f6ll Parman och Ahlberg samtidigt telefoncentralen besatt.<\/p>\n<p>Nordlund och \u00c5djers, sedan de ber\u00f6vats sina vapen, av folkhopen under anf\u00f6rande av \u00d6str\u00f6m, Junnila och Nystedt h\u00e4ktats samt f\u00f6rts till ovann\u00e4mnda arbetarf\u00f6renings hus och d\u00e4r kvarh\u00e5llits under bevakning av bland annat Josef Wilhelm Mattfolk till f\u00f6ljande dags f\u00f6rmiddag.<\/p>\n<p>P\u00e5 grund av detta och med gillande av hovr\u00e4ttens utslag, j\u00e4mte det August Sigfrid Lillsund och Johan Emil Sandstr\u00f6m befriats fr\u00e5n \u00e5talet, pr\u00f6var hovr\u00e4tten r\u00e4ttvist i st\u00f6d av 4 par. 16 kap. strafflagen, j\u00e4mf\u00f6rd med 1 par. i samma kap. och 9 par. 25 kap. strafflagen d\u00f6ma:<\/p>\n<p>Otto Sigfrid \u00d6str\u00f6m, Johan Alexis Junnila och Severin Nystedt att s\u00e5som anstiftare till och anf\u00f6rare vid upproret h\u00e5llas i tukthus, de tv\u00e5 f\u00f6rstn\u00e4mnda fyra \u00e5r och Nystedt tre \u00e5r. Dock skulle fr\u00e5n det \u00d6str\u00f6m \u00e5d\u00f6mda straffet, eftersom han utan eget f\u00f6rv\u00e5llande l\u00e4nge h\u00e5llits i h\u00e4kte, avdras en m\u00e5nad. Det betyder att \u00d6str\u00f6m skulle f\u00f6rsona sin brottslighet med 3 \u00e5rs 11 m\u00e5naders tukthusstraff.<\/p>\n<p>\u00c5t \u00f6verdomstolen f\u00f6r statsf\u00f6rbrytelser \u00f6verl\u00e4mnades att sammanl\u00e4gga det Johan Alexis Junnila nu \u00e5d\u00f6mda straffet med det straff honom f\u00f6r h\u00f6gf\u00f6rr\u00e4deri \u00e5d\u00f6mts av domstolen f\u00f6r statsf\u00f6rbrytelser.<\/p>\n<p>Erik Robert W\u00f6rlund, Josef Joakim Koskinen, Mickel Wilhelm Fagerlund, Johan Nurmi, Johan Valter Kivim\u00e4ki och Josef Wilhelm Mattfolk att s\u00e5som delaktiga i uppror h\u00e5llas i tukthus, de tv\u00e5 f\u00f6rstn\u00e4mnda 1 \u00e5r 6 m\u00e5nader samt Fagerlund, Nurmi, Kivim\u00e4ki och Mattfolk envar ett \u00e5r.<\/p>\n<p>Frans Wilhelm Parman, Juho Alfred Nurmi, Frans Erland Ahlberg, Venni Jaakko Johansson Palonen, Mattias Vainionp\u00e4\u00e4, Karl Felix Wahlroos, Juho Kujala, Erik Anders Storkull, Frans Wiktor Wilhelm Ivars, Frans Oskar Hellman, Johan Erland R\u00f6nn, Karl Artur Lassfolk, Artur Sigfrid Hagman och Johan Valter Korpi att s\u00e5som deltagare i uppror h\u00e5llas i f\u00e4ngelse envar 6 m\u00e5nader. F\u00f6rstn\u00e4mnda Frans Wilhelm Parman, efter sammanl\u00e4ggning av honom nu \u00e5d\u00f6mt straff med det honom av Wasa hovr\u00e4tt den 23 april 1918 f\u00f6r andra resan st\u00f6ld \u00e5d\u00f6mda 1 \u00e5rs 6 m\u00e5naders tukthusstraff, i ena bot underg\u00e5 tukthusstraff i 1 \u00e5r 8 m\u00e5nader samt vara medborgerligt f\u00f6rtroende f\u00f6rlustig i tidigare n\u00e4mnda 3 \u00e5r, dock s\u00e5lunda att fr\u00e5n det s\u00e5lunda sammanlagda straffet skulle avr\u00e4knas vad av det Parman tidigare \u00e5d\u00f6mda straffet redan kunde vara verkst\u00e4llt.<\/p>\n<p>Dessutom \u00e5lades samtliga sakf\u00e4llda att ers\u00e4tta kronol\u00e4nsman Nordlunds och \u00c5djers&#8217; r\u00e4tteg\u00e5ngskostnader samt s\u00e4rskilda vittnesarvoden.<\/p>\n","protected":false},"excerpt":{"rendered":"<p>Syd-\u00d6sterbotten 21 maj 1919: Wasa hovr\u00e4tts dom i m\u00e5let mot de upproriska i Lappfj\u00e4rd H\u00e4radsr\u00e4tten i Lappfj\u00e4rd och Sideby socknars samt Kristinestads landsf\u00f6rsamlings tingslag hade till Wasa hovr\u00e4tts pr\u00f6vning hemst\u00e4llt ett m\u00e5l ang\u00e5ende f\u00f6r uppror tilltalade h\u00e4ktade Otto Sigfrid \u00d6str\u00f6m <a class=\"more-link\" href=\"https:\/\/www.lassebacklund.fi\/?page_id=25727\">Forts\u00e4tt l\u00e4sa <span class=\"screen-reader-text\">  R\u00f6dgardister i Lappfj\u00e4rd fick sina domar<\/span><span class=\"meta-nav\">&rarr;<\/span><\/a><\/p>\n","protected":false},"author":1,"featured_media":0,"parent":17343,"menu_order":10,"comment_status":"closed","ping_status":"closed","template":"","meta":{"footnotes":""},"class_list":["post-25727","page","type-page","status-publish","hentry"],"_links":{"self":[{"href":"https:\/\/www.lassebacklund.fi\/index.php?rest_route=\/wp\/v2\/pages\/25727","targetHints":{"allow":["GET"]}}],"collection":[{"href":"https:\/\/www.lassebacklund.fi\/index.php?rest_route=\/wp\/v2\/pages"}],"about":[{"href":"https:\/\/www.lassebacklund.fi\/index.php?rest_route=\/wp\/v2\/types\/page"}],"author":[{"embeddable":true,"href":"https:\/\/www.lassebacklund.fi\/index.php?rest_route=\/wp\/v2\/users\/1"}],"replies":[{"embeddable":true,"href":"https:\/\/www.lassebacklund.fi\/index.php?rest_route=%2Fwp%2Fv2%2Fcomments&post=25727"}],"version-history":[{"count":1,"href":"https:\/\/www.lassebacklund.fi\/index.php?rest_route=\/wp\/v2\/pages\/25727\/revisions"}],"predecessor-version":[{"id":25728,"href":"https:\/\/www.lassebacklund.fi\/index.php?rest_route=\/wp\/v2\/pages\/25727\/revisions\/25728"}],"up":[{"embeddable":true,"href":"https:\/\/www.lassebacklund.fi\/index.php?rest_route=\/wp\/v2\/pages\/17343"}],"wp:attachment":[{"href":"https:\/\/www.lassebacklund.fi\/index.php?rest_route=%2Fwp%2Fv2%2Fmedia&parent=25727"}],"curies":[{"name":"wp","href":"https:\/\/api.w.org\/{rel}","templated":true}]}}