{"id":2566,"date":"2017-01-19T22:51:35","date_gmt":"2017-01-19T21:51:35","guid":{"rendered":"http:\/\/www.lassebacklund.fi\/?page_id=2566"},"modified":"2017-01-19T22:51:35","modified_gmt":"2017-01-19T21:51:35","slug":"jordfastningen-av-de-forsvunna","status":"publish","type":"page","link":"https:\/\/www.lassebacklund.fi\/?page_id=2566","title":{"rendered":"Jordf\u00e4stningen av de f\u00f6rsvunna."},"content":{"rendered":"<p><span style=\"color: #000080;\">Artikel i tidningen Syd-\u00d6sterbotten 9.7.1940.<\/span><\/p>\n<h3><strong>H\u00f6gtidlig akt i g\u00e5r i Lappfj\u00e4rds kyrka.<\/strong><\/h3>\n<p>I Lappfj\u00e4rd flaggades det p\u00e5 s\u00f6ndagen, men alla flaggorna voro p\u00e5 halvst\u00e5ng. Bygden hade sorg. De av dess tappra s\u00f6ner, som aldrig \u00e5terv\u00e4nt fr\u00e5n vinterns blodiga kamp skulle jordf\u00e4stas denna vackra h\u00f6gsommardag.<\/p>\n<p>Sj\u00e4lva jordf\u00e4stningsakten skulle f\u00f6rsigg\u00e5 vid hj\u00e4ltegraven, men f\u00f6rst samlades man i kyrkan. Frontm\u00e4nnen fr\u00e5n 1918 med sin fana, denna vinters reservister samt skyddsk\u00e5r och lottor hade s\u00e5 gott som mangrant infunnit sig. Dessutom fylldes kyrkan av en talrik menighet, varibland naturligtvis fr\u00e4mst m\u00e4rktes anh\u00f6riga och v\u00e4nner till de stupade.<\/p>\n<p>H\u00f6gtiden b\u00f6rjade med ett orgelsolo, varp\u00e5 psalmen 256 sj\u00f6ngs unisont. Kantor E. Erickson sj\u00f6ng ytterligare ett solonummer, efter vilket pastor A. G. Stjernberg talade \u00f6ver texten: \u201dSom en fader f\u00f6rbarmar sig \u00f6ver sina barn, s\u00e5 f\u00f6rbarmar sig Herren \u00f6ver dem som frukta honom\u201d. Efter det psalmen 663, N\u00e4rmare Gud till Dig avsjungits t\u00e5gade man ut till hj\u00e4ltegraven, d\u00e4r uppst\u00e4llning skedde.<\/p>\n<p>Av psalmen 496 sj\u00f6ngs till en b\u00f6rjan f\u00f6rsta och andra versen. Prosten A. G. Rancken talade s\u00e5 \u00f6ver bibelorden i Joh, ev. 12:24. H\u00e4rp\u00e5 nedlades tre skovlar mull invid vart och ett av de nyuppresta korsen, som upptog namnen Evert H\u00e4ggblom, Alfred \u00d6hman, Anselm Viklund, Artur Mitts, Georg Rosenback, Torsten Gullmes, Bruno Jossandr, Eskil \u00c5lgars, Lennart Kl\u00e5vus och Ragnar Grankvist. Pastor Stjernberg l\u00e4ste s\u00e5 n\u00e5gra psalmverser varp\u00e5 sista versen av psalmen 496 avsj\u00f6ngs.<\/p>\n<p>H\u00e4rp\u00e5 f\u00f6ljde kransnedl\u00e4ggning, fr\u00e4mst av de stupades anh\u00f6riga, umg\u00e4ngesv\u00e4nner och kamrater. D\u00e4refter nedlades en krans fr\u00e5n Lappfj\u00e4rds kommun av Viktor Rosenstedt och Johan Lillkull, varvid den sistn\u00e4mnde talade. Frontkamraternas krans nedlades av Artur Bj\u00f6rses och Hemming \u00c5djers, kransen fr\u00e5n 1918-\u00e5rs frontm\u00e4n av Axel Klockars och K. Erland Holm, skyddsk\u00e5rens och lottornas av Hj\u00f6rdis Landg\u00e4rds, N. Molander och Selim Bj\u00f6rses, vilken sistn\u00e4mnda talade. Ungdomsf\u00f6reningar och LUIK hedrade sina medlemmar med kransar, varp\u00e5 en krans fr\u00e5n Melins kompani nedlades p\u00e5 Evert H\u00e4ggbloms grift. Genom fil.mag. J. R. Af H\u00e4llstr\u00f6m nedlades en krans fr\u00e5n lantbruksklubbens styrelse med klubbkamraternas krans nedlades av Anne-Marie Porander och Tyra Ingves p\u00e5 Eskil \u00c5lgars grift.<\/p>\n<p>Ett anm\u00e4rkningsv\u00e4rt stort antal inbetalningar till olika fonder hade gjorts f\u00f6r att hedra minnet av de bortg\u00e5ngna.<\/p>\n","protected":false},"excerpt":{"rendered":"<p>Artikel i tidningen Syd-\u00d6sterbotten 9.7.1940. H\u00f6gtidlig akt i g\u00e5r i Lappfj\u00e4rds kyrka. I Lappfj\u00e4rd flaggades det p\u00e5 s\u00f6ndagen, men alla flaggorna voro p\u00e5 halvst\u00e5ng. Bygden hade sorg. De av dess tappra s\u00f6ner, som aldrig \u00e5terv\u00e4nt fr\u00e5n vinterns blodiga kamp skulle <a class=\"more-link\" href=\"https:\/\/www.lassebacklund.fi\/?page_id=2566\">Forts\u00e4tt l\u00e4sa <span class=\"screen-reader-text\">  Jordf\u00e4stningen av de f\u00f6rsvunna.<\/span><span class=\"meta-nav\">&rarr;<\/span><\/a><\/p>\n","protected":false},"author":1,"featured_media":0,"parent":1205,"menu_order":0,"comment_status":"closed","ping_status":"closed","template":"","meta":{"footnotes":""},"class_list":["post-2566","page","type-page","status-publish","hentry"],"_links":{"self":[{"href":"https:\/\/www.lassebacklund.fi\/index.php?rest_route=\/wp\/v2\/pages\/2566","targetHints":{"allow":["GET"]}}],"collection":[{"href":"https:\/\/www.lassebacklund.fi\/index.php?rest_route=\/wp\/v2\/pages"}],"about":[{"href":"https:\/\/www.lassebacklund.fi\/index.php?rest_route=\/wp\/v2\/types\/page"}],"author":[{"embeddable":true,"href":"https:\/\/www.lassebacklund.fi\/index.php?rest_route=\/wp\/v2\/users\/1"}],"replies":[{"embeddable":true,"href":"https:\/\/www.lassebacklund.fi\/index.php?rest_route=%2Fwp%2Fv2%2Fcomments&post=2566"}],"version-history":[{"count":1,"href":"https:\/\/www.lassebacklund.fi\/index.php?rest_route=\/wp\/v2\/pages\/2566\/revisions"}],"predecessor-version":[{"id":2567,"href":"https:\/\/www.lassebacklund.fi\/index.php?rest_route=\/wp\/v2\/pages\/2566\/revisions\/2567"}],"up":[{"embeddable":true,"href":"https:\/\/www.lassebacklund.fi\/index.php?rest_route=\/wp\/v2\/pages\/1205"}],"wp:attachment":[{"href":"https:\/\/www.lassebacklund.fi\/index.php?rest_route=%2Fwp%2Fv2%2Fmedia&parent=2566"}],"curies":[{"name":"wp","href":"https:\/\/api.w.org\/{rel}","templated":true}]}}