{"id":25551,"date":"2026-02-12T15:18:17","date_gmt":"2026-02-12T13:18:17","guid":{"rendered":"https:\/\/www.lassebacklund.fi\/?page_id=25551"},"modified":"2026-02-12T15:19:19","modified_gmt":"2026-02-12T13:19:19","slug":"viktor-och-karolinas-forsaljning-av-rosenlund-hemmanet","status":"publish","type":"page","link":"https:\/\/www.lassebacklund.fi\/?page_id=25551","title":{"rendered":"Viktor och Karolinas f\u00f6rs\u00e4ljning av Rosenlund hemmanet"},"content":{"rendered":"<p><span style=\"color: #000080;\"><strong>Sammanst\u00e4llt av Lasse Backlund i februari 2026. Uppgifterna \u00e4r tagna ur lagfarterna fr\u00e5n \u00e5r 1931.<\/strong><\/span><\/p>\n<p><strong>\u00c5r 1930, den 13 december<\/strong> s\u00e5lde hemmans\u00e4garna \u201dSkomakas\u201d Viktor och Karolina Rosenlund sitt stora hemman \u00e5t fem av sina barn. K\u00f6pebrev uppgjordes med alla fem och de bevittnades av Emil och Alma Nyberg fr\u00e5n granng\u00e5rden.<\/p>\n<p>1). \u00c5t ogifta dottern Julia Rosenlund s\u00e5lde de ett skogsomr\u00e5de p\u00e5 0,0020 mtl f\u00f6r 2 000 mark och i k\u00f6pet ingick ocks\u00e5 en ko. I geng\u00e4ld skulle Julia ge sytning i form av en halv famn, sex kvarters l\u00e5ng, kluven och torr ved, vilken senast den 1 oktober b\u00f6r vara hemk\u00f6rd till vedlidret. Efter b\u00e5da s\u00e4ljarnas d\u00f6d skulle h\u00e4lften av sytningshusen och h\u00e4lften av all l\u00f6segendom tillfalla Julia.<\/p>\n<p>2). \u00c5t ogifta dottern Hilma Rosenlund s\u00e5lde de ett skogsomr\u00e5de p\u00e5 0,0021 mtl f\u00f6r 2 000 mark och i k\u00f6pet ingick ocks\u00e5 en ko. I geng\u00e4ld skulle Julia ge sytning i form av en halv famn, sex kvarters l\u00e5ng, kluven och torr ved, vilken senast den 1 oktober b\u00f6r vara hemk\u00f6rd till vedlidret. Efter b\u00e5da s\u00e4ljarnas d\u00f6d skulle h\u00e4lften av sytningshusen och h\u00e4lften av all l\u00f6segendom tillfalla Hilma.<\/p>\n<p>3). \u00c5t dottern Hulda, som var gift med Karl Nyholm i Norrviken s\u00e5lde de ett markomr\u00e5de p\u00e5 0,0034 mtl f\u00f6r 4\u00a0000 mark och i k\u00f6pet ingick ocks\u00e5 en ko. N\u00e5gon sytning beh\u00f6vde Hulda inte ge \u00e5t f\u00f6r\u00e4ldrarna.<\/p>\n<p>4). \u00c5t ogifta och omyndiga sonen Valter Rosenlund s\u00e5lde de mer \u00e4n h\u00e4lften av det resterande hemmanet, totalt 0,0379 mtl. K\u00f6peskillingen utgjorde 45\u00a0000 mark, varav 27\u00a0500 skulle betalas \u00e5t s\u00e4ljarna. Valter skulle betala 2\u00a0500 mark var \u00e5t sina syskon Selma Rosenback, Ida Guss, Julia Rosenlund, Hilma Rosenlund och Leonard Rosenlund. Valter skulle betala 5\u00a0000 mark \u00e5t sin bror Konrad.<\/p>\n<p>I k\u00f6pet ingick f\u00f6rutom halva hemmanet den nya bondg\u00e5rden p\u00e5 s\u00f6dra sidan av \u00e5n med tv\u00e5 f\u00e4hus, en foderlada, ett stall, fyra lider, s\u00e4desmagasin, bad- och bykstuga samt ribyggnad och \u00e4ngslador. Valter fick endast h\u00e4lften av torkrian och smedjan. I k\u00f6pet ingick den yngre h\u00e4sten och en ko, en Mars sl\u00e5ttermaskin, en s\u00e4ng med kl\u00e4der, och h\u00e4lften av alla andra maskiner och k\u00f6rredskap. En k\u00e4rra och en separator ingick inte i aff\u00e4ren.<\/p>\n<p>Valter skulle ge livstids sytning \u00e5t f\u00f6r\u00e4ldrarna enligt ett skilt kontrakt. Folkskoll\u00e4raren Henrik Rosenback uts\u00e5gs att bevaka omyndiga Valters r\u00e4tt vid k\u00f6pet.<\/p>\n<p>5). \u00c5t ogifta och omyndiga sonen Konrad Rosenlund s\u00e5lde de h\u00e4lften av det resterande hemmanet, totalt 0,0379 mtl. K\u00f6peskillingen utgjorde 45\u00a0000 mark, varav 32\u00a0500 skulle betalas \u00e5t s\u00e4ljarna. Konrad skulle betala 2\u00a0500 mark var \u00e5t sina syskon Selma Rosenback, Ida Guss, Julia Rosenlund, Hilma Rosenlund och Leonard Rosenlund.<\/p>\n<p>I k\u00f6pet ingick f\u00f6rutom halva hemmanet ocks\u00e5 bondg\u00e5rden p\u00e5 gamla st\u00e4llet p\u00e5 \u00e5ns norra sida. \u00a0I k\u00f6pet ingick ett f\u00e4hus och ett stall, tre lider, spannm\u00e5lsmagasin, badstuga och en ria j\u00e4mte \u00e4ngslador. Konrad fick endast h\u00e4lften av torkrian och smedjan. I k\u00f6pet ingick de b\u00e5da gamla h\u00e4starna och en ko, en s\u00e4ng med kl\u00e4der, samt h\u00e4lften av alla maskiner och k\u00f6rredskap utom den nya Mars sl\u00e5ttermaskinen, En k\u00e4rra och en separator ingick inte i aff\u00e4ren.<\/p>\n<p>Konrad skulle ge livstids sytning \u00e5t f\u00f6r\u00e4ldrarna enligt ett skilt kontrakt.<\/p>\n<h3><strong>Sytningskontraktet 1930<\/strong><\/h3>\n<p>Samma dag som k\u00f6pebreven, allts\u00e5 den 13 december skrevs ett sytningskontrakt som s\u00e4ljarna och de fem k\u00f6parna undertecknade och som s\u00e4ljarna som s\u00e4kerhet l\u00e4t inteckna i hemmanet.<\/p>\n<p><em><strong>\u201dSedan undertecknade denna dag till v\u00e5ra barn Konrad, Valter, Hilma, Julia och Hulda Nyholm och hennes man Karl Nyholm f\u00f6rs\u00e5lt v\u00e5rt \u00e4gande 0,0833 manatal av Klemets skattehemman N:o 1 i Dagsmark by av Lappfj\u00e4rds socken, har vi av s\u00f6nerna Konrads och Valters, samt d\u00f6ttrarna Hilmas och Julias hemmansdelar f\u00f6rbeh\u00e5llit oss f\u00f6ljande sytningsf\u00f6rm\u00e5ner:<\/strong><\/em><\/p>\n<p><em><strong>1). Undantar vi oss lillstugan 12,6 m l\u00e5ng och 6,3 m bred, best\u00e5ende av tre rum, f\u00f6rstuga och k\u00e4llare under golvet, lillstallet och f\u00e4huset, 4,7 m l\u00e5ngt och 6,5 m brett, ved- och k\u00e4rrlider, vardera 4 m i fyrkant, alla bel\u00e4gna p\u00e5 gamla tomten. Dessa byggnader b\u00f6r ist\u00e5nds\u00e4ttas och underh\u00e5llas i v\u00e5r livstid av b\u00f6nderna Valter och Konrad, men tillfaller efter v\u00e5r d\u00f6d d\u00f6ttrarna Hilma och Julia, som d\u00e5 m\u00e5ste bortskaffa desamma. De b\u00e5da sistn\u00e4mnda erh\u00e5ller \u00e4ven allt, vad vi d\u00e5 \u00e4ga.<\/strong><\/em><\/p>\n<p><em><strong>2). Till sytningsjord undantar vi fr\u00e5n sonen Konrads hemman p\u00e5 gamla tomten \u00e5kern, som befinner sig mellan \u00e5n och v\u00e4gen, samt str\u00e4cker sig fr\u00e5n n\u00e4mnda v\u00e4g i norr till det dike i sydost, vilket g\u00e5r fr\u00e5n \u00e5n till syd\u00f6stra knuten av lillstugan. Dessutom undantar vi p\u00e5 samma st\u00e4lle tomtplats f\u00f6r alla ovann\u00e4mnda hus och nyttjor\u00e4tt tillsammans med bonden av hans g\u00e5rdsplan och v\u00e4gen p\u00e5 norra sidan av manng\u00e5rden \u00e4vensom till brunnen, som i v\u00e5r livstid b\u00f6r underh\u00e5llas av b\u00f6nderna. Efter v\u00e5r d\u00f6d \u00e5terfaller alla dessa f\u00f6rm\u00e5ner till sonen Konrad. I geng\u00e4ld f\u00f6r denna jord b\u00f6r sonen Valter under v\u00e5r livstid l\u00e4mna \u00e5t Konrad nyttjor\u00e4tten till ett jordstycke, motsvarande h\u00e4lften av denna sytningsjord.<\/strong><\/em><\/p>\n<p><em><strong>3). Jord\u00e4garna Konrad och Valter \u00e5ligger vardera att \u00e5rligen senast den 1 oktober till oss eller till v\u00e5rt ombud l\u00e4mna av \u00e5rets gr\u00f6da 2,5 tunnor r\u00e5g, 1,5 tunnor korn, v\u00e4lrensade och ritorkade, 2\u00a0250 kg gott lindh\u00f6, tv\u00e5 skrindar havre- eller kornhalm, halvt hekto salt, 25 kg ungt n\u00f6tk\u00f6tt, 12 kg f\u00e4rsk str\u00f6mming, ett par pj\u00e4xor, 150 mark kontant, 3,5 famnar, 6 kvarters l\u00e5ng, torr och kluven blandved, hemk\u00f6rd i lidret, samt st\u00e4ngsel efter behov. Dessutom f\u00f6rbeh\u00e5ller vi oss ko- och f\u00e5rbete tillsammans med b\u00f6nderna, h\u00e4st till n\u00f6diga resor och nyttjor\u00e4tt till badstugan. Tillika f\u00f6rbeh\u00e5ller vi oss r\u00e4tt att tr\u00f6ska i b\u00f6ndernas ria, ordentlig sk\u00f6tsel och v\u00e5rd till d\u00f6den, samt r\u00e4tt att bo i v\u00e5ra nuvarande hus, tills sytningshusen blir f\u00e4rdiga.<\/strong><\/em><\/p>\n<p><em><strong>4). D\u00f6ttrarna Hilma och Julia b\u00f6r vardera \u00e5rligen fr\u00e5n sina hemmansdelar \u00e5t oss hemk\u00f6ra en halv famn, 6 kvarters l\u00e5ng, torr och kluven blandved.<\/strong><\/em><\/p>\n<p><em><strong>5). Dessa sytningsf\u00f6rm\u00e5ner b\u00f6r of\u00f6rminskade utg\u00e5 \u00e4ven trots att n\u00e5gon av oss avlider.<\/strong><\/em><\/p>\n<p><em><strong>Dagsmark den 13 december 1930.\u201d<\/strong><\/em><\/p>\n<p>Sytningskontraktet undertecknades sedan av alla parter.<\/p>\n","protected":false},"excerpt":{"rendered":"<p>Sammanst\u00e4llt av Lasse Backlund i februari 2026. Uppgifterna \u00e4r tagna ur lagfarterna fr\u00e5n \u00e5r 1931. \u00c5r 1930, den 13 december s\u00e5lde hemmans\u00e4garna \u201dSkomakas\u201d Viktor och Karolina Rosenlund sitt stora hemman \u00e5t fem av sina barn. K\u00f6pebrev uppgjordes med alla fem <a class=\"more-link\" href=\"https:\/\/www.lassebacklund.fi\/?page_id=25551\">Forts\u00e4tt l\u00e4sa <span class=\"screen-reader-text\">  Viktor och Karolinas f\u00f6rs\u00e4ljning av Rosenlund hemmanet<\/span><span class=\"meta-nav\">&rarr;<\/span><\/a><\/p>\n","protected":false},"author":1,"featured_media":0,"parent":11146,"menu_order":5,"comment_status":"closed","ping_status":"closed","template":"","meta":{"footnotes":""},"class_list":["post-25551","page","type-page","status-publish","hentry"],"_links":{"self":[{"href":"https:\/\/www.lassebacklund.fi\/index.php?rest_route=\/wp\/v2\/pages\/25551","targetHints":{"allow":["GET"]}}],"collection":[{"href":"https:\/\/www.lassebacklund.fi\/index.php?rest_route=\/wp\/v2\/pages"}],"about":[{"href":"https:\/\/www.lassebacklund.fi\/index.php?rest_route=\/wp\/v2\/types\/page"}],"author":[{"embeddable":true,"href":"https:\/\/www.lassebacklund.fi\/index.php?rest_route=\/wp\/v2\/users\/1"}],"replies":[{"embeddable":true,"href":"https:\/\/www.lassebacklund.fi\/index.php?rest_route=%2Fwp%2Fv2%2Fcomments&post=25551"}],"version-history":[{"count":2,"href":"https:\/\/www.lassebacklund.fi\/index.php?rest_route=\/wp\/v2\/pages\/25551\/revisions"}],"predecessor-version":[{"id":25553,"href":"https:\/\/www.lassebacklund.fi\/index.php?rest_route=\/wp\/v2\/pages\/25551\/revisions\/25553"}],"up":[{"embeddable":true,"href":"https:\/\/www.lassebacklund.fi\/index.php?rest_route=\/wp\/v2\/pages\/11146"}],"wp:attachment":[{"href":"https:\/\/www.lassebacklund.fi\/index.php?rest_route=%2Fwp%2Fv2%2Fmedia&parent=25551"}],"curies":[{"name":"wp","href":"https:\/\/api.w.org\/{rel}","templated":true}]}}