{"id":25506,"date":"2026-01-24T23:21:55","date_gmt":"2026-01-24T21:21:55","guid":{"rendered":"https:\/\/www.lassebacklund.fi\/?page_id=25506"},"modified":"2026-01-24T23:40:25","modified_gmt":"2026-01-24T21:40:25","slug":"erik-johan-langs-hemman","status":"publish","type":"page","link":"https:\/\/www.lassebacklund.fi\/?page_id=25506","title":{"rendered":"Erik Johan L\u00e5ngs hemman"},"content":{"rendered":"<p><span style=\"color: #000080;\"><strong>Sammanst\u00e4llt av Lasse Backlund i januari 2026. Uppgifterna \u00e4r tagna ur gamla lagfarter.<\/strong><\/span><\/p>\n<p>\u201dK\u00e5rk Erk J\u00e5han\u201d tog \u00f6ver hemmanet efter sin mor \u201dK\u00e5rk Lena\u201d och efter sin far Erik L\u00e5ng som dog \u00e5r 1902. Vid storskiftet 1900\u20131912 blev hemmanet utflyttat fr\u00e5n Brobackan till Palon, som den tiden var k\u00e4nt som en \u00f6dslig och avl\u00e4gsen trakt. Hemmanet blev v\u00e4l placerat p\u00e5 tv\u00e5 olika omr\u00e5den, hemskiftet i Palon och i K\u00e4ll\u00e4ngen i Lillsj\u00f6. Hemmanet p\u00e5 56 ha bestod av 25 ha skog och resten var \u00e4ngar och \u00e5krar. Erik Johan och hans hustru Matilda blev b\u00f6nder p\u00e5 riktigt \u00e5r 1914 d\u00e5 de fick lagfart p\u00e5 L\u00e5nghemmanet.<\/p>\n<p><strong>\u00c5r 1927, den 5 december<\/strong> s\u00e5lde Erik Johan halva hemmanet \u00e5t Anselm och Hulda Peltomaa fr\u00e5n Stor\u00e5 f\u00f6r 100\u00a0000 mark j\u00e4mnt. Parterna kom inte \u00f6verens om n\u00e5gon sytning. Peltomaa br\u00f6t ut det ink\u00f6pta omr\u00e5det och det fick namnet Peltola 4:55 och det var ca 27 ha stort.<\/p>\n<p>Det dr\u00f6jde inte l\u00e4nge f\u00f6rr\u00e4n Peltomaa b\u00f6rja s\u00e4lja ut hemmanshalvan i mindre delar:<\/p>\n<p>1). \u00c5r 1928, den 5 juni s\u00e5lde Peltomaa ett jordomr\u00e5de p\u00e5 ca 2 ha \u00e5t arbetaren Ville Ketola och det fick namnet Peltola 4:65. K\u00f6peskillingen utgjorde 17 000 mark och &#8221;Pala Ville &#8221;Ketola uppf\u00f6rde en mindre boningsstuga p\u00e5 omr\u00e5det och d<a href=\"https:\/\/www.lassebacklund.fi\/?page_id=2547\">en fortfarande st\u00e5r kvar<\/a>.<\/p>\n<p><img loading=\"lazy\" decoding=\"async\" class=\"alignnone size-full wp-image-25508\" src=\"https:\/\/www.lassebacklund.fi\/wp-content\/uploads\/2026\/01\/4-65-Peltola-at-Ketola.jpg\" alt=\"\" width=\"459\" height=\"798\" srcset=\"https:\/\/www.lassebacklund.fi\/wp-content\/uploads\/2026\/01\/4-65-Peltola-at-Ketola.jpg 459w, https:\/\/www.lassebacklund.fi\/wp-content\/uploads\/2026\/01\/4-65-Peltola-at-Ketola-173x300.jpg 173w\" sizes=\"auto, (max-width: 459px) 100vw, 459px\" \/><\/p>\n<p>2). \u00c5r 1928, den 29 december s\u00e5lde ett jordomr\u00e5de p\u00e5 n\u00e4rmare 4 ha \u00e5t bondesonen Karl Hemberg och det fick namnet L\u00e5ngholm 4:66. K\u00f6peskillingen utgjorde 20\u00a0000 mark och p\u00e5 detta omr\u00e5de byggde<a href=\"https:\/\/www.lassebacklund.fi\/?page_id=2590\"> Karl och Hulda sedan sitt boningshus.<\/a><\/p>\n<p><img loading=\"lazy\" decoding=\"async\" class=\"alignnone size-full wp-image-25509\" src=\"https:\/\/www.lassebacklund.fi\/wp-content\/uploads\/2026\/01\/4-66-Langholm-at-Karl-Hemberg.jpg\" alt=\"\" width=\"665\" height=\"922\" srcset=\"https:\/\/www.lassebacklund.fi\/wp-content\/uploads\/2026\/01\/4-66-Langholm-at-Karl-Hemberg.jpg 665w, https:\/\/www.lassebacklund.fi\/wp-content\/uploads\/2026\/01\/4-66-Langholm-at-Karl-Hemberg-216x300.jpg 216w\" sizes=\"auto, (max-width: 665px) 100vw, 665px\" \/><\/p>\n<p>3). \u00c5r 1928, den 29 december s\u00e5lde de ett jordomr\u00e5de p\u00e5 n\u00e4rmare 4 ha \u00e5t bonden Erland och Hulda Krook. K\u00f6peskillingen utgjorde 17\u00a0000 mark, ingen har bott p\u00e5 detta omr\u00e5de, som fick namnet L\u00e5ngg\u00e5rd 4:67.<\/p>\n<p><img loading=\"lazy\" decoding=\"async\" class=\"alignnone size-full wp-image-25510\" src=\"https:\/\/www.lassebacklund.fi\/wp-content\/uploads\/2026\/01\/4-67-Langgard-at-Erland-Krook.jpg\" alt=\"\" width=\"632\" height=\"812\" srcset=\"https:\/\/www.lassebacklund.fi\/wp-content\/uploads\/2026\/01\/4-67-Langgard-at-Erland-Krook.jpg 632w, https:\/\/www.lassebacklund.fi\/wp-content\/uploads\/2026\/01\/4-67-Langgard-at-Erland-Krook-233x300.jpg 233w\" sizes=\"auto, (max-width: 632px) 100vw, 632px\" \/><\/p>\n<p>4). \u00c5r 1929, den 30 april s\u00e5lde Peltomaa ett jordomr\u00e5de p\u00e5 ca 3 ha \u00e5t bondedottern Aili Hemberg. K\u00f6peskillingen utgjorde 13\u00a0000 mark och omr\u00e5det fick namnet Mellang\u00e5rd 4:68 och Aili uppf\u00f6rde ett boningshus p\u00e5 omr\u00e5det och det st\u00e5r fortfarande kvar.<\/p>\n<p><img loading=\"lazy\" decoding=\"async\" class=\"alignnone size-full wp-image-25511\" src=\"https:\/\/www.lassebacklund.fi\/wp-content\/uploads\/2026\/01\/4-68-Mellangard-at-Aili-Hemberg.jpg\" alt=\"\" width=\"735\" height=\"755\" srcset=\"https:\/\/www.lassebacklund.fi\/wp-content\/uploads\/2026\/01\/4-68-Mellangard-at-Aili-Hemberg.jpg 735w, https:\/\/www.lassebacklund.fi\/wp-content\/uploads\/2026\/01\/4-68-Mellangard-at-Aili-Hemberg-292x300.jpg 292w\" sizes=\"auto, (max-width: 735px) 100vw, 735px\" \/><\/p>\n<p>5). \u00c5r 1928, den 29 december s\u00e5lde de ett jord- och skogsomr\u00e5de p\u00e5 ca 4 ha \u00e5t bonden Erland Krook och bondsonen Karl Hemberg. K\u00f6peskillingen utgjorde 15 000 mark och det fick namnet L\u00e5ngback 4:69. Erland Krooks dotter Ingeborg och hennes man Gunnar Lindblad byggde sedan ett boningshus p\u00e5 omr\u00e5det <a href=\"https:\/\/www.lassebacklund.fi\/?page_id=4886\">och det st\u00e5r fortfarande kvar.<\/a><\/p>\n<p><img loading=\"lazy\" decoding=\"async\" class=\"alignnone size-full wp-image-25512\" src=\"https:\/\/www.lassebacklund.fi\/wp-content\/uploads\/2026\/01\/4-69-Langback-at-Erland-Krook.jpg\" alt=\"\" width=\"846\" height=\"628\" srcset=\"https:\/\/www.lassebacklund.fi\/wp-content\/uploads\/2026\/01\/4-69-Langback-at-Erland-Krook.jpg 846w, https:\/\/www.lassebacklund.fi\/wp-content\/uploads\/2026\/01\/4-69-Langback-at-Erland-Krook-300x223.jpg 300w, https:\/\/www.lassebacklund.fi\/wp-content\/uploads\/2026\/01\/4-69-Langback-at-Erland-Krook-768x570.jpg 768w\" sizes=\"auto, (max-width: 846px) 100vw, 846px\" \/><\/p>\n<p>6). \u00c5r 1929, den 6 maj s\u00e5lde Peltomaa ett skogsskifte p\u00e5 ca 10 ha \u00e5t handelsmannen Erik Anders Roseng\u00e5rd och bonden och slaktaren Anselm Lund. K\u00f6peskillingen utgjorde 9\u00a0000 mark och skiftet fick namnet L\u00e5ngskog 4:70.<\/p>\n<p><img loading=\"lazy\" decoding=\"async\" class=\"alignnone size-full wp-image-25513\" src=\"https:\/\/www.lassebacklund.fi\/wp-content\/uploads\/2026\/01\/4-70-Langskog-at-EA-Rosengard-o-Anselm-Lund.jpg\" alt=\"\" width=\"885\" height=\"472\" srcset=\"https:\/\/www.lassebacklund.fi\/wp-content\/uploads\/2026\/01\/4-70-Langskog-at-EA-Rosengard-o-Anselm-Lund.jpg 885w, https:\/\/www.lassebacklund.fi\/wp-content\/uploads\/2026\/01\/4-70-Langskog-at-EA-Rosengard-o-Anselm-Lund-300x160.jpg 300w, https:\/\/www.lassebacklund.fi\/wp-content\/uploads\/2026\/01\/4-70-Langskog-at-EA-Rosengard-o-Anselm-Lund-768x410.jpg 768w\" sizes=\"auto, (max-width: 885px) 100vw, 885px\" \/><\/p>\n<p><strong>\u00c5r 1937 i januari<\/strong> s\u00e5lde Erik Johan och hans hustru Matilda den andra halvan av sitt hemman \u00e5t Armas Varsaviita fr\u00e5n Stor\u00e5. K\u00f6peskillingen utgjorde 169\u00a0000 plus sytning \u00e5t s\u00e4ljarna. I k\u00f6pet ingick den gamla bondg\u00e5rden som hade flyttats fr\u00e5n Brobackan under storskiftet.<\/p>\n<p>Efter denna f\u00f6rs\u00e4ljning flyttade Erik Johan och Matilda till Brobackan, d\u00e4r de k\u00f6pte <a href=\"https:\/\/www.lassebacklund.fi\/?page_id=906\">\u201dMyll\u00e4ris g\u00e5rd\u201d<\/a> av Vilhelm och Elna Norrback.<\/p>\n","protected":false},"excerpt":{"rendered":"<p>Sammanst\u00e4llt av Lasse Backlund i januari 2026. Uppgifterna \u00e4r tagna ur gamla lagfarter. \u201dK\u00e5rk Erk J\u00e5han\u201d tog \u00f6ver hemmanet efter sin mor \u201dK\u00e5rk Lena\u201d och efter sin far Erik L\u00e5ng som dog \u00e5r 1902. Vid storskiftet 1900\u20131912 blev hemmanet utflyttat <a class=\"more-link\" href=\"https:\/\/www.lassebacklund.fi\/?page_id=25506\">Forts\u00e4tt l\u00e4sa <span class=\"screen-reader-text\">  Erik Johan L\u00e5ngs hemman<\/span><span class=\"meta-nav\">&rarr;<\/span><\/a><\/p>\n","protected":false},"author":1,"featured_media":0,"parent":15809,"menu_order":10,"comment_status":"closed","ping_status":"closed","template":"","meta":{"footnotes":""},"class_list":["post-25506","page","type-page","status-publish","hentry"],"_links":{"self":[{"href":"https:\/\/www.lassebacklund.fi\/index.php?rest_route=\/wp\/v2\/pages\/25506","targetHints":{"allow":["GET"]}}],"collection":[{"href":"https:\/\/www.lassebacklund.fi\/index.php?rest_route=\/wp\/v2\/pages"}],"about":[{"href":"https:\/\/www.lassebacklund.fi\/index.php?rest_route=\/wp\/v2\/types\/page"}],"author":[{"embeddable":true,"href":"https:\/\/www.lassebacklund.fi\/index.php?rest_route=\/wp\/v2\/users\/1"}],"replies":[{"embeddable":true,"href":"https:\/\/www.lassebacklund.fi\/index.php?rest_route=%2Fwp%2Fv2%2Fcomments&post=25506"}],"version-history":[{"count":5,"href":"https:\/\/www.lassebacklund.fi\/index.php?rest_route=\/wp\/v2\/pages\/25506\/revisions"}],"predecessor-version":[{"id":25519,"href":"https:\/\/www.lassebacklund.fi\/index.php?rest_route=\/wp\/v2\/pages\/25506\/revisions\/25519"}],"up":[{"embeddable":true,"href":"https:\/\/www.lassebacklund.fi\/index.php?rest_route=\/wp\/v2\/pages\/15809"}],"wp:attachment":[{"href":"https:\/\/www.lassebacklund.fi\/index.php?rest_route=%2Fwp%2Fv2%2Fmedia&parent=25506"}],"curies":[{"name":"wp","href":"https:\/\/api.w.org\/{rel}","templated":true}]}}