{"id":2547,"date":"2017-01-18T15:07:47","date_gmt":"2017-01-18T14:07:47","guid":{"rendered":"http:\/\/www.lassebacklund.fi\/?page_id=2547"},"modified":"2026-01-24T23:32:26","modified_gmt":"2026-01-24T21:32:26","slug":"lehtimakis-gard-i-palon-pa-storavagen-ca-175","status":"publish","type":"page","link":"https:\/\/www.lassebacklund.fi\/?page_id=2547","title":{"rendered":"Lehtim\u00e4kis stuga i Palon p\u00e5 Stor\u00e5v\u00e4gen, ca 175"},"content":{"rendered":"<figure id=\"attachment_2543\" aria-describedby=\"caption-attachment-2543\" style=\"width: 823px\" class=\"wp-caption alignnone\"><img loading=\"lazy\" decoding=\"async\" class=\" wp-image-2543\" src=\"http:\/\/www.lassebacklund.fi\/wp-content\/uploads\/2017\/01\/1-3.jpg\" alt=\"Fotot \u00e4r taget fr\u00e5n v\u00e4ster \u00e5r 2003. I bakgrunden syns familjen Hembergs potatislager och uthus. Till h\u00f6ger utanf\u00f6r bild finns Oskus potatispackeri.\" width=\"823\" height=\"617\" srcset=\"https:\/\/www.lassebacklund.fi\/wp-content\/uploads\/2017\/01\/1-3.jpg 1600w, https:\/\/www.lassebacklund.fi\/wp-content\/uploads\/2017\/01\/1-3-300x225.jpg 300w, https:\/\/www.lassebacklund.fi\/wp-content\/uploads\/2017\/01\/1-3-768x576.jpg 768w, https:\/\/www.lassebacklund.fi\/wp-content\/uploads\/2017\/01\/1-3-1024x768.jpg 1024w\" sizes=\"auto, (max-width: 823px) 100vw, 823px\" \/><figcaption id=\"caption-attachment-2543\" class=\"wp-caption-text\">Fotot \u00e4r taget fr\u00e5n v\u00e4ster \u00e5r 2003. I bakgrunden syns familjen Hembergs potatislager och uthus. Till h\u00f6ger utanf\u00f6r bild finns Oskus potatispackeri.<\/figcaption><\/figure>\n<p><strong><span style=\"color: #000080;\">Sammanst\u00e4llt av Lasse Backlund 2017, med hj\u00e4lp av Sulo Lehtim\u00e4ki, Pauli Mannila och Kaj Hemberg.<\/span><\/strong><\/p>\n<p>Det h\u00e4r huset p\u00e5 Peltola l\u00e4genhet i Palon byggdes h\u00f6gst troligt i slutet av 1920-talet av \u201dPala Ville\u201d allts\u00e5 Frans <u>Vilhelm<\/u> Ketola (f. 1901 i Stor\u00e5) och hans hustru Ida Josefina, f\u00f6dd Granlund 1896. Ville hade gift sig \u00e5r 1924 och flyttat till Dagsmark samma \u00e5r och i maj 1925 k\u00f6pte han en liten stuga och en tomt p\u00e5 0,5 ha av Oskar Myllyniemi p\u00e5 \u00c5backan. Efter ett par \u00e5r s\u00e5lde han den stugan \u00e5t Johannes Klemets och i juli 1928 k\u00f6pte han ett omr\u00e5de p\u00e5 2 ha av Anselm och Hulda Peltomaa i Palon. Paret Peltomaa hade \u00e5r 1927 k\u00f6pt en stor del av \u201dK\u00e5rk Erk J\u00e5hanas\u201d allts\u00e5 Erik Johan L\u00e5ngs hemman i Palon. Paret Peltomaa fr\u00e5n Stor\u00e5 bodde allts\u00e5 inte sj\u00e4lva p\u00e5 den ungef\u00e4r 27 ha stora delen de k\u00f6pte av \u201dK\u00e5rk Erk J\u00e5han\u201d.<\/p>\n<figure id=\"attachment_2546\" aria-describedby=\"caption-attachment-2546\" style=\"width: 397px\" class=\"wp-caption alignnone\"><img loading=\"lazy\" decoding=\"async\" class=\" wp-image-2546\" src=\"http:\/\/www.lassebacklund.fi\/wp-content\/uploads\/2017\/01\/ota259_foto_232-K\u00e5rk-Erik-J\u00e5han.jpg\" alt=\"H\u00e4r &quot;K\u00e5rk-Erik-J\u00e5han&quot; L\u00e5ng fotograferad av Viktor Nylund. Erik Johan bodde i tiderna p\u00e5 det st\u00e4lle d\u00e4r Norrviks bor idag men flyttade efter kriget till Myll\u00e4ris g\u00e5rd n\u00e4ra sportplanen.\" width=\"397\" height=\"588\" srcset=\"https:\/\/www.lassebacklund.fi\/wp-content\/uploads\/2017\/01\/ota259_foto_232-K\u00e5rk-Erik-J\u00e5han.jpg 718w, https:\/\/www.lassebacklund.fi\/wp-content\/uploads\/2017\/01\/ota259_foto_232-K\u00e5rk-Erik-J\u00e5han-202x300.jpg 202w, https:\/\/www.lassebacklund.fi\/wp-content\/uploads\/2017\/01\/ota259_foto_232-K\u00e5rk-Erik-J\u00e5han-691x1024.jpg 691w\" sizes=\"auto, (max-width: 397px) 100vw, 397px\" \/><figcaption id=\"caption-attachment-2546\" class=\"wp-caption-text\">&#8221;K\u00e5rk Erik J\u00e5han&#8221; L\u00e5ng fotograferad av Viktor Nylund. Erik Johan bodde i tiderna p\u00e5 det st\u00e4lle d\u00e4r Norrviks bor idag men flyttade efter kriget till Myll\u00e4ris g\u00e5rd n\u00e4ra sportplanen.<\/figcaption><\/figure>\n<p><strong>\u00c5r 1933, den 1 augusti <\/strong>s\u00e5lde \u201dPala Ville\u201d Ketola g\u00e5rden och omr\u00e5det som hade d\u00f6pts till Peltola \u00e5t Franssi Viljami Niittykoski (f. 1912 i Stor\u00e5) och hans hustru Helmi (f. Teikari 1909 i Stor\u00e5).<\/p>\n<p><strong>\u00c5r 1936, den 17 mars<\/strong> s\u00e5lde paret Niittykoski omr\u00e5det och g\u00e5rden \u00e5t Sameli och Matilda Yliheikkil\u00e4, som f\u00f6re det bodde i den g\u00e5rd p\u00e5 \u00c5bro hemmanet, som sedan skulle bli Mannilas. Sameli som kallades \u201dSamppa\u201d var \u00e4nkling utan barn och han var f\u00f6dd 1878 i Kauhajoki. Han gifte om sig med den fr\u00e5nskilda Matilda Vilhelmina Mannila (f.1874 i Stor\u00e5) som fr\u00e5n tidigare \u00e4ktenskap hade tv\u00e5 s\u00f6ner, den ena var V\u00e4in\u00f6 Mannila. V\u00e4in\u00f6 som var f\u00f6dd 1898 gifte sig \u00e5r 1936 med Elna Hirsim\u00e4ki och de fick m\u00e5nga barn. Samma \u00e5r, allts\u00e5 1936 k\u00f6pte V\u00e4in\u00f6 och Elna Mannila g\u00e5rden p\u00e5 \u00c5bro hemmanet och det \u00e4r fortfarande i den sl\u00e4ktens \u00e4go. Vill du l\u00e4sa mera om Mannilas g\u00e5rd och hemmanet \u00c5bro, s\u00e5 klicka <a href=\"http:\/\/www.lassebacklund.fi\/?page_id=12346\"><span style=\"text-decoration: underline;\"><span style=\"color: #000080;\"><strong>H\u00c4R!<\/strong><\/span><\/span><\/a><\/p>\n<p>Samppa och Tilda tog under en tid hand om Matti, som var brorson till V\u00e4in\u00f6 Mannila. Matti som var f\u00f6dd p\u00e5 20-talet i Stor\u00e5 bodde i Dagsmark tills han var 15-16 \u00e5r gammal, d\u00e5 han flyttade hem tillbaka till Heikkil\u00e4 by i Stor\u00e5. Matti flyttade sedan till Sverige.<\/p>\n<p><strong>I mitten p\u00e5 1940-tale<\/strong>t blev Tilda sjuk och flyttade d\u00e5 till Stor\u00e5, d\u00e4r hon dog 1948. Samppa tillbringade sitt sista \u00e5r p\u00e5 \u00c5ldersro, d\u00e4r han dog 1962.<\/p>\n<figure id=\"attachment_24592\" aria-describedby=\"caption-attachment-24592\" style=\"width: 395px\" class=\"wp-caption alignnone\"><img loading=\"lazy\" decoding=\"async\" class=\"size-full wp-image-24592\" src=\"https:\/\/www.lassebacklund.fi\/wp-content\/uploads\/2025\/09\/19610617-Yli-Heikkilas-losore-pa-auktion.jpg\" alt=\"\" width=\"395\" height=\"225\" srcset=\"https:\/\/www.lassebacklund.fi\/wp-content\/uploads\/2025\/09\/19610617-Yli-Heikkilas-losore-pa-auktion.jpg 395w, https:\/\/www.lassebacklund.fi\/wp-content\/uploads\/2025\/09\/19610617-Yli-Heikkilas-losore-pa-auktion-300x171.jpg 300w\" sizes=\"auto, (max-width: 395px) 100vw, 395px\" \/><figcaption id=\"caption-attachment-24592\" class=\"wp-caption-text\">Fram till sommaren 1961 bodde Samppa ensam i en liten kammare i Lauri Lehtim\u00e4kis stuga, tills han flyttade till kommunalhemmet \u00c5ldersro, d\u00e4r han sedan avled f\u00f6ljande \u00e5r.<\/figcaption><\/figure>\n<p><strong>\u00c5r 1949, den 22 juni<\/strong> s\u00e5lde stugans del\u00e4gare Mannila och Samppa Yliheikkil\u00e4 tomten 4:65 och stugan p\u00e5 auktion. H\u00f6gsta budet p\u00e5 212 000 mark som kunde godk\u00e4nnas gavs av Lauri och Esteri Lehtim\u00e4ki, som f\u00f6re det bodde i \u201dGlas Kajsas\u201d g\u00e5rd n\u00e4ra Storbron, den som Broberg hade byggt i tiderna. De bodde i ena \u00e4ndan och Hilja Taskinen bodde i den andra. De bodde i Glas Kajsas endast en kort tid, f\u00f6re de flyttade till Palon. Lauri och Esteri Lehtim\u00e4ki bodde f\u00f6re det i st\u00e4llarstugan p\u00e5 Nylundas s\u00e5gbacken, som stod mellan s\u00e5gen och Lillkulls g\u00e5rdar p\u00e5 A-sidon.<\/p>\n<p>Lauri Lehtim\u00e4ki var f\u00f6dd i Stor\u00e5 och Lauris far hade flyttat dit fr\u00e5n Korsb\u00e4ck. Lauri gifte sig med Sven Kangasniemis dotter Esteri, som var f\u00f6dd och uppvuxen i nuvarande Korpelas g\u00e5rd i Perus. B\u00e5de Lauri och Esteri arbetade \u00e5t Nylundas och det var d\u00e5 de bodde i st\u00e4llarstugan p\u00e5 s\u00e5gbacken som var tillbyggd med en verkstad. D\u00e4r f\u00f6ddes de tre barnen men endast sonen Sulo levde till vuxen \u00e5lder. Sulo (f. 1941) b\u00f6rjade i den finska skolan som d\u00e5 var inrymd i Pelas Viktors g\u00e5rd n\u00e4ra Lillbron och sedan flyttade den till H\u00e4llbackas g\u00e5rd p\u00e5 \u00c5backan och fr\u00e5n 1953 gick han i den nybyggda finska skolan.<\/p>\n<figure id=\"attachment_2544\" aria-describedby=\"caption-attachment-2544\" style=\"width: 404px\" class=\"wp-caption alignnone\"><img loading=\"lazy\" decoding=\"async\" class=\" wp-image-2544\" src=\"http:\/\/www.lassebacklund.fi\/wp-content\/uploads\/2017\/01\/2-3.jpg\" alt=\"P\u00e5 fotot Esteri, sonen Sulo och Lauri Lehtim\u00e4ki, ca 1945.\" width=\"404\" height=\"539\" srcset=\"https:\/\/www.lassebacklund.fi\/wp-content\/uploads\/2017\/01\/2-3.jpg 767w, https:\/\/www.lassebacklund.fi\/wp-content\/uploads\/2017\/01\/2-3-225x300.jpg 225w\" sizes=\"auto, (max-width: 404px) 100vw, 404px\" \/><figcaption id=\"caption-attachment-2544\" class=\"wp-caption-text\">Esteri, sonen Sulo och Lauri Lehtim\u00e4ki, ca 1945. Esteri som p\u00e5 riktigt hette Esse var f\u00f6dd \u00e5r 1909 och \u00e5r 1938 gifte hon sig med Lauri Lehtim\u00e4ki och \u00e5r 1941 fick de sonen Sulo.<\/figcaption><\/figure>\n<p><strong>P\u00e5 1950-talet<\/strong> d\u00e5 torrl\u00e4ggningen av Dagsmark Storsj\u00f6tr\u00e4sk p\u00e5b\u00f6rjades s\u00e5 fick Lauri arbete som hj\u00e4lpkarl \u00e5t gr\u00e4varna. Han fick ocks\u00e5 pr\u00f6va p\u00e5 att gr\u00e4va med de stora maskinerna och med detta arbete fortsatte han tills han gick i pension. Arbetsf\u00e4ltet var hela Vasadistriktet, s\u00e5 Lauri var borta hela veckorna och kom hem till Dagsmark endast till veckosluten.<\/p>\n<figure id=\"attachment_2545\" aria-describedby=\"caption-attachment-2545\" style=\"width: 684px\" class=\"wp-caption alignnone\"><img loading=\"lazy\" decoding=\"async\" class=\" wp-image-2545\" src=\"http:\/\/www.lassebacklund.fi\/wp-content\/uploads\/2017\/01\/3-3.jpg\" alt=\"P\u00e5 flygfotot fr\u00e5n 1960-talet s\u00e5 ser Lauris g\u00e5rd ganska ensam ut.\" width=\"684\" height=\"493\" srcset=\"https:\/\/www.lassebacklund.fi\/wp-content\/uploads\/2017\/01\/3-3.jpg 1183w, https:\/\/www.lassebacklund.fi\/wp-content\/uploads\/2017\/01\/3-3-300x216.jpg 300w, https:\/\/www.lassebacklund.fi\/wp-content\/uploads\/2017\/01\/3-3-768x554.jpg 768w, https:\/\/www.lassebacklund.fi\/wp-content\/uploads\/2017\/01\/3-3-1024x738.jpg 1024w\" sizes=\"auto, (max-width: 684px) 100vw, 684px\" \/><figcaption id=\"caption-attachment-2545\" class=\"wp-caption-text\">P\u00e5 flygfotot fr\u00e5n 1960-talet s\u00e5 ser Lauris g\u00e5rd ganska ensam ut.<\/figcaption><\/figure>\n<p>I Palon hade de omkring 2 hektar mark runt g\u00e5rden, vilket gjorde att de kunde ha ett par kor och n\u00e5gra f\u00e5r. Lite skog \u00e4gde de ocks\u00e5 p\u00e5 Ris\u00e5sen ovanf\u00f6r Nystad.<\/p>\n<p>Esteri dog \u00e5r 1974 och \u00e5r 1981 flyttade sonen Sulo till Kristinestad. Ett par \u00e5r senare flyttade ocks\u00e5 Lauri dit och stugan och marken s\u00e5ldes \u00e5t r\u00e5grannen Hemberg och den \u00e4r fortfarande i sl\u00e4ktens \u00e4go. P\u00e5 1980-talet var g\u00e5rden uthyrd men har under en l\u00e5ng varit obebodd.<\/p>\n<h3>Foton.<\/h3>\n<figure id=\"attachment_2551\" aria-describedby=\"caption-attachment-2551\" style=\"width: 1496px\" class=\"wp-caption aligncenter\"><img loading=\"lazy\" decoding=\"async\" class=\"size-full wp-image-2551\" src=\"http:\/\/www.lassebacklund.fi\/wp-content\/uploads\/2017\/01\/Mannilas-g\u00e5rd-i-Palon.jpg\" alt=\"P\u00e5 fotot den g\u00e5rd som V\u00e4in\u00f6 och Elna Mannila \u00e5r 1936 k\u00f6pte av V\u00e4in\u00f6s mor Matilda och hennes nya man Samppa Yliheikkil\u00e4. Det var ju &quot;K\u00e5rk&quot; Viktor Eklund som i tiderna p\u00e5b\u00f6rjade byggandet av denna g\u00e5rd men han s\u00e5lde g\u00e5rden och hela hemmanet \u00c5bro f\u00f6re huset blev f\u00e4rdigt.\" width=\"1496\" height=\"621\" srcset=\"https:\/\/www.lassebacklund.fi\/wp-content\/uploads\/2017\/01\/Mannilas-g\u00e5rd-i-Palon.jpg 1496w, https:\/\/www.lassebacklund.fi\/wp-content\/uploads\/2017\/01\/Mannilas-g\u00e5rd-i-Palon-300x125.jpg 300w, https:\/\/www.lassebacklund.fi\/wp-content\/uploads\/2017\/01\/Mannilas-g\u00e5rd-i-Palon-768x319.jpg 768w, https:\/\/www.lassebacklund.fi\/wp-content\/uploads\/2017\/01\/Mannilas-g\u00e5rd-i-Palon-1024x425.jpg 1024w\" sizes=\"auto, (max-width: 1496px) 100vw, 1496px\" \/><figcaption id=\"caption-attachment-2551\" class=\"wp-caption-text\">P\u00e5 fotot den g\u00e5rd som V\u00e4in\u00f6 och Elna Mannila \u00e5r 1936 k\u00f6pte av V\u00e4in\u00f6s mor Matilda och hennes\u00a0andra man Samppa Yliheikkil\u00e4. Det var ju &#8221;K\u00e5rk&#8221; Viktor Eklund som i tiderna p\u00e5b\u00f6rjade byggandet av denna g\u00e5rd men han s\u00e5lde g\u00e5rden och hela hemmanet \u00c5bro f\u00f6re huset blev f\u00e4rdigt.<\/figcaption><\/figure>\n<p>&nbsp;<\/p>\n<p><img loading=\"lazy\" decoding=\"async\" class=\"wp-image-1690 aligncenter\" src=\"http:\/\/www.lassebacklund.fi\/wp-content\/uploads\/2016\/11\/27.jpg\" alt=\"27\" width=\"781\" height=\"739\" srcset=\"https:\/\/www.lassebacklund.fi\/wp-content\/uploads\/2016\/11\/27.jpg 1436w, https:\/\/www.lassebacklund.fi\/wp-content\/uploads\/2016\/11\/27-300x284.jpg 300w, https:\/\/www.lassebacklund.fi\/wp-content\/uploads\/2016\/11\/27-768x726.jpg 768w, https:\/\/www.lassebacklund.fi\/wp-content\/uploads\/2016\/11\/27-1024x968.jpg 1024w\" sizes=\"auto, (max-width: 781px) 100vw, 781px\" \/><\/p>\n","protected":false},"excerpt":{"rendered":"<p>Sammanst\u00e4llt av Lasse Backlund 2017, med hj\u00e4lp av Sulo Lehtim\u00e4ki, Pauli Mannila och Kaj Hemberg. Det h\u00e4r huset p\u00e5 Peltola l\u00e4genhet i Palon byggdes h\u00f6gst troligt i slutet av 1920-talet av \u201dPala Ville\u201d allts\u00e5 Frans Vilhelm Ketola (f. 1901 i <a class=\"more-link\" href=\"https:\/\/www.lassebacklund.fi\/?page_id=2547\">Forts\u00e4tt l\u00e4sa <span class=\"screen-reader-text\">  Lehtim\u00e4kis stuga i Palon p\u00e5 Stor\u00e5v\u00e4gen, ca 175<\/span><span class=\"meta-nav\">&rarr;<\/span><\/a><\/p>\n","protected":false},"author":1,"featured_media":0,"parent":88,"menu_order":175,"comment_status":"closed","ping_status":"closed","template":"","meta":{"footnotes":""},"class_list":["post-2547","page","type-page","status-publish","hentry"],"_links":{"self":[{"href":"https:\/\/www.lassebacklund.fi\/index.php?rest_route=\/wp\/v2\/pages\/2547","targetHints":{"allow":["GET"]}}],"collection":[{"href":"https:\/\/www.lassebacklund.fi\/index.php?rest_route=\/wp\/v2\/pages"}],"about":[{"href":"https:\/\/www.lassebacklund.fi\/index.php?rest_route=\/wp\/v2\/types\/page"}],"author":[{"embeddable":true,"href":"https:\/\/www.lassebacklund.fi\/index.php?rest_route=\/wp\/v2\/users\/1"}],"replies":[{"embeddable":true,"href":"https:\/\/www.lassebacklund.fi\/index.php?rest_route=%2Fwp%2Fv2%2Fcomments&post=2547"}],"version-history":[{"count":14,"href":"https:\/\/www.lassebacklund.fi\/index.php?rest_route=\/wp\/v2\/pages\/2547\/revisions"}],"predecessor-version":[{"id":25516,"href":"https:\/\/www.lassebacklund.fi\/index.php?rest_route=\/wp\/v2\/pages\/2547\/revisions\/25516"}],"up":[{"embeddable":true,"href":"https:\/\/www.lassebacklund.fi\/index.php?rest_route=\/wp\/v2\/pages\/88"}],"wp:attachment":[{"href":"https:\/\/www.lassebacklund.fi\/index.php?rest_route=%2Fwp%2Fv2%2Fmedia&parent=2547"}],"curies":[{"name":"wp","href":"https:\/\/api.w.org\/{rel}","templated":true}]}}