{"id":25464,"date":"2026-01-15T17:46:25","date_gmt":"2026-01-15T15:46:25","guid":{"rendered":"https:\/\/www.lassebacklund.fi\/?page_id=25464"},"modified":"2026-02-10T22:38:54","modified_gmt":"2026-02-10T20:38:54","slug":"25464-2","status":"publish","type":"page","link":"https:\/\/www.lassebacklund.fi\/?page_id=25464","title":{"rendered":"Laibergas i Tr\u00e4sk\u00e4ndan"},"content":{"rendered":"<figure id=\"attachment_21839\" aria-describedby=\"caption-attachment-21839\" style=\"width: 1291px\" class=\"wp-caption alignnone\"><img loading=\"lazy\" decoding=\"async\" class=\"size-full wp-image-21839\" src=\"https:\/\/www.lassebacklund.fi\/wp-content\/uploads\/2022\/07\/Makela-Jassas-stuga-4.jpg\" alt=\"\" width=\"1291\" height=\"968\" srcset=\"https:\/\/www.lassebacklund.fi\/wp-content\/uploads\/2022\/07\/Makela-Jassas-stuga-4.jpg 1291w, https:\/\/www.lassebacklund.fi\/wp-content\/uploads\/2022\/07\/Makela-Jassas-stuga-4-300x225.jpg 300w, https:\/\/www.lassebacklund.fi\/wp-content\/uploads\/2022\/07\/Makela-Jassas-stuga-4-1024x768.jpg 1024w, https:\/\/www.lassebacklund.fi\/wp-content\/uploads\/2022\/07\/Makela-Jassas-stuga-4-768x576.jpg 768w\" sizes=\"auto, (max-width: 1291px) 100vw, 1291px\" \/><figcaption id=\"caption-attachment-21839\" class=\"wp-caption-text\">G\u00e5rden i Tr\u00e4sk\u00e4ndan, som kallas b\u00e5de &#8221;Laibergas och M\u00e4kel\u00e4 J\u00e5ssas&#8221; byggdes i b\u00f6rjan av 1900-talet av &#8221;N\u00f6jd J\u00e5ss&#8221; och hans m\u00e5g Mauritz Frig\u00e5rd, som kallades &#8221;N\u00f6jd Mauris&#8221;. Efter en tid s\u00e5lde &#8221;N\u00f6jd Mauris och hustrun Mauritsas Ida&#8221; g\u00e5rden \u00e5t Johannes M\u00e4kel\u00e4. Efter dennes d\u00f6d \u00f6vertogs den av sonen Frans M\u00e4kel\u00e4 och sedan av den nuvarande \u00e4garen fr\u00e5n K\u00e4rjenkoski. Fotot fr\u00e5n v\u00e5ren 2020 \u00e4r taget fr\u00e5n sydv\u00e4st.<\/figcaption><\/figure>\n<p><span style=\"color: #000080;\"><strong>Sammanst\u00e4llt av Lasse Backlund i januari 2026. Uppgifterna \u00e4r tagna ur gamla sl\u00e4ktutredningar och ur Wilhelm Janssons anteckningar. Eva Gr\u00f6nlund har bidragit med flera uppgifter.<\/strong><\/span><\/p>\n<h3><strong>G\u00e5rdens gamla historia<\/strong><\/h3>\n<p>Den f\u00f6rsta g\u00e5rden p\u00e5 detta st\u00e4lle i Tr\u00e4sk\u00e4ndan byggdes av Matts Mattsson Lillvik, senare L\u00e5ngfors, som var f\u00f6dd \u00e5r 1814 p\u00e5 Lillvik hemman i Tr\u00e4skvik. Han var son till torparen Matts Henriksson Lillvik (f.1779) och Brita Lena Storsj\u00f6 (1780) och hans farfar var Henrik Mattsson Nordstr\u00f6m (1735\u20131797) som gifte sig med Maria Mattsdotter Lillvik (f.1754), som var dotter till nybyggaren p\u00e5 Lillvik hemman i Tr\u00e4skvik.<\/p>\n<p>Matts, som av ok\u00e4nd anledning kallades \u201dLaibergas Matt\u201d vistades i ungdomen i Kristinestad men bodde sedan en tid p\u00e5 L\u00e5ngfors hemman i K\u00e4rjenkoski hos sin syster och han b\u00f6rjade d\u00e5 anv\u00e4nda sl\u00e4ktnamnet L\u00e5ngfors. Matts hade i mitten av 1830-talet gift sig med Maja Lena Eriksdotter \u00c5djers (f. i Lappfj\u00e4rd 1818).<\/p>\n<p>Matts och Maja Lena fick flera barn, bland annat:<\/p>\n<p><strong>1). Brita Lena<\/strong> L\u00e5ngfors (f.1837) som gifte sig med Niklas Hornborg (f.1827 i B\u00f6tom). Niklas var son till sockenskomakaren Thomas Henriksson Hornborg (f.1781 i Stor\u00e5) och Greta Gabrielsdotter (f.1798 i Siikais). Niklas hade tidigare varit gift med Serafia (1827 i B\u00f6tom-1853 i H\u00e4rkmeri). D\u00e5 Niklas gifte om sig med Brita Lena bodde de en tid i H\u00e4rkmeri men flyttade \u00e5r 1863 till Tr\u00e4sk\u00e4ndan d\u00e4r Brita Lenas far \u201dLaibergas Matt\u201d hade byggt en g\u00e5rd. De bosatte sig i en mindre stuga bredvid sv\u00e4rfaderns g\u00e5rd i den s\u00e5 kallade \u201dJuoksula j\u00e4\u00e4lon\u201d och det var h\u00f6gst troligt Niklas som byggde den.<\/p>\n<p>Brita Lena och Niklas fick tre barn, varva de tv\u00e5 \u00e4ldsta var f\u00f6dda i H\u00e4rkmeri och den yngsta sonen var f\u00f6dd i Tr\u00e4sk\u00e4ndan.<\/p>\n<p>Riktigt l\u00e4nge bodde inte Brita Lena och Niklas i Tr\u00e4sk\u00e4ndan f\u00f6re de flyttade till Heikkil\u00e4 by i Stor\u00e5. I deras stuga bodde sedan Esala Jakop p\u00e5 hyra med hustrun Kiikkel\u00e4 Amanda och sedan tog Laibergas Kalle, som ocks\u00e5 kallades \u201dTokot Kalle\u201d \u00f6ver. Kalle var son till \u201dLaibergas Matt\u201d och slutligen bodde Juoksu J\u00e5ss i stugan.<\/p>\n<p>Det var ju den h\u00e4r stugan som Frans Heinonen vid sekelskiftet flyttade till Norrviken och han bodde d\u00e4r med hustrun Tilda.<\/p>\n<p><strong>2). Klara Sofia<\/strong> L\u00e5ngfors (f.1839) som kallades \u201dLaibergas Mattas Klara\u201d och flyttade till Sideby d\u00e4r hon gifte sig med Abraham Teirfolk.<\/p>\n<p><strong>3). Karl Johan<\/strong> L\u00e5ngfors (f.1842) var en speciell person, som i kyrkb\u00f6ckerna betecknas \u201dsvagsint\u201d. Han kallades allt fr\u00e5n \u201dLaibergas Kalle och \u201dTokot Kalle\u201d till \u201dK\u00e5lder Kalle\u201d och \u201dH\u00f6per\u00f6 Kalle\u201d. Han var ogift och barnl\u00f6s och han bodde l\u00e5ngt upp i s\u00f6der \u201di ett oeldat heb\u00e4r\u201d eller h\u00e4bbre som stod p\u00e5 \u00f6stra sidan av v\u00e4gen som g\u00e5r genom tr\u00e4sket. N\u00e4r det blev riktigt kallt kunde han hysa in sig till natten i n\u00e5gon varmare bostad men annars klarade han sig. Han badade i \u00e5n varje dag \u00e5ret runt och han tv\u00e4ttade sig med bastukvastar i det kalla vattnet.<\/p>\n<p>P\u00e5 sensomrarna hj\u00e4lpte han b\u00f6nderna med att b\u00e4rga gr\u00e4set ur tr\u00e4sket. D\u00e5 han i den v\u00e4rsta v\u00e4rmen drog sl\u00e4pan med gr\u00e4s var han if\u00f6rd en tjock p\u00e4ls \u201df\u00f6r att h\u00e5lla v\u00e4rmen ute\u201d. Han var inte s\u00e5 noga med maten heller, utan han kunde blanda mj\u00f6l i \u201dvattp\u00e5ttan\u201d och s\u00e5 \u00e5t han d\u00e4rifr\u00e5n med tr\u00e4sked.<\/p>\n<p>Det var allm\u00e4nt k\u00e4nt att Kalle blev \u201dunderlig\u201d d\u00e5 han skulle ha f\u00e5tt starka supar av en flicka, som han hade avvisat.<\/p>\n<p>P\u00e5 \u00e4ldre dar bodde han tidvis i den stuga som hans syster Brita Lisa och hennes man Niklas Hornborg hade byggt i \u201dJuoksula j\u00e4\u00e4lon\u201d. En tid bodde han ocks\u00e5 i Stor\u00e5 men slutade sina dagar i K\u00e4rjenkoski hos sl\u00e4ktingar.<\/p>\n<p><strong>4). Josef Viktor<\/strong> L\u00e5ngfors (f.1844) som gifte sig med Anna Kajsa Greta Lisasdotter Korsb\u00e4ck (f. Ekblom 1844). Anna Kajsa var o\u00e4kta dotter till Greta Lisa Johan Henriksdotter Ekblom, som drunknade i tr\u00e4sket den 9 november 1848, d\u00e5 flickan var fyra \u00e5r gammal. Flickan togs om hand av morf\u00f6r\u00e4ldrarna \u201dGam\u00e4l Virkarinas\u201d eller \u201dGam\u00e4l Veckarinas\u201d. De bodde i en liten stuga nedanf\u00f6r M\u00e4kel\u00e4 Tures nuvarande g\u00e5rd i Tr\u00e4sk\u00e4ndan.<\/p>\n<p>Josef Viktor och Anna Kajsa flyttade sedan till K\u00e4rjenkoski d\u00e4r de blev b\u00f6nder. D\u00e4r f\u00f6rfinskades de snabbt och deras barn antog sl\u00e4ktnamnet Ylikoski. \u00c5tminstone sonen Johannes Ylikoski, som kallades \u201dLaibergas Johannes\u201d pratade bra svenska och det gjorde dottern Olga ocks\u00e5. Det var ju hon som gifte sig med Alexander M\u00e4kel\u00e4, som kallades \u201dM\u00e4kel\u00e4 Alexin\u201d.<\/p>\n<p><strong>5). Robert<\/strong> (1846\u20131857)<\/p>\n<p><strong>\u00c5r 1861<\/strong> flyttade Matts och Maja Lena L\u00e5ngfors fr\u00e5n K\u00e4rjenkoski till Tresk\u00e4ndan och blev torpare p\u00e5 det d\u00e5varande Lappfj\u00e4rds hemmanet Br\u00e4nn. Tillsammans med s\u00f6nerna och en m\u00e5g r\u00f6jde Matts upp g\u00e5rdens mark till \u00e5ker och \u00e4ng. Med tiden blev Matts br\u00e4cklig och \u00e5r 1873 flyttade han till Stor\u00e5 med sin hustru, d\u00e4r de sedan bodde s\u00e5 l\u00e4nge de levde.<\/p>\n<p><strong>\u00c5r 1873<\/strong> \u00f6vertog Karl Fredrik Jonasson Kankaanp\u00e4\u00e4, senare S\u00f6derholm (1848-1918) torpet i Tr\u00e4sk\u00e4ndan. Han var f\u00f6dd p\u00e5 Isohaaro i Villamo och \u00e5r 1869 hade han gift sig med Anna Kajsa Korsb\u00e4ck (1846-1929), som var f\u00f6dd i Korsb\u00e4ck. Hon var dotter till Anders Henrik Riarb\u00e4ck, senare Korsb\u00e4ck och Anna Kajsa Johansdotter Korsb\u00e4ck (f.1817). F\u00f6re Karl Fredrik och Anna Kajsa \u00f6vertog torpet hade de bott n\u00e5gra \u00e5r i K\u00e4rjenkoski.<\/p>\n<p>Anna Kajsa, som kallades \u201dAastu Ana Kajs\u201d och hennes man som kallades \u201dAastu Kalle\u201d for till Amerika redan \u00e5r 1880. De bosatte sig i Beaver Clark Wisconsin, skrivna som Anna K och Carl Fredrick Johnson och de fick inga barn. \u00c5r 1918 flyttade Carl Fredrick och Anna Kajsa till Anna Kajsas systerdotter Amanda Sofia och hennes man Walter Cain, som bodde i n\u00e4rheten. Carl Fredrick avled \u00e5r 1918 och Anna Kajsa \u00e5r 1929.<\/p>\n<p><strong>\u00c5r 1880<\/strong> \u00f6vertogs torpet av Anna Kajsas yngre syster Ester Wilhelmina (f.1859-1910 i Amerika) som kallades \u201dAastu Mina\u201d som ogift. Omkring \u00e5r 1880 gifte sig Mina med Henrik Hautaviita-Kankaanp\u00e4\u00e4 (f.1859-1930 i Amerika).<\/p>\n<p>Mina och Henrik gifte sig i g\u00e5rden i Tr\u00e4sk\u00e4ndan. Bruden kl\u00e4ddes i hennes hem p\u00e5 \u201dAastu\u201d d\u00e4rifr\u00e5n brudraden gick upp till Tr\u00e4sk\u00e4ndan. Enligt en liten flicka som var med och \u201dsk\u00e5da bruden\u201d fanns det i Tr\u00e4sk\u00e4ndan en stor, r\u00f6dm\u00e5lad bondg\u00e5rd och tv\u00e5 r\u00f6dm\u00e5lade h\u00e4bber.<\/p>\n<p>Maken Henrik var son till Johan Henrik och Maja Greta Hautaviita, senare Mitts och var f\u00f6dd p\u00e5 Mitts i Lappfj\u00e4rd och han kallades d\u00e5 \u201dMitts Hindrik\u201d. De flyttade tillf\u00e4lligt till Hautaviita hemman i B\u00f6tom men bosatte sig sedan i Norrviken. Henrik b\u00f6rjade d\u00e5 kallas \u201dKanganpe Hindrik\u201d.<\/p>\n<p>Hindrik byggde en mj\u00f6lkvarn i Mes\u00e5masf\u00e5ssin p\u00e5 1880-talet. En v\u00e5r n\u00e4r det var ovanligt h\u00e4ftig islossning f\u00f6rde isen med sig kvarnen och den s\u00e5gs segla i v\u00e4g p\u00e5 tr\u00e4skets b\u00f6ljor. <a href=\"https:\/\/www.lassebacklund.fi\/?page_id=25063\">\u201dG\u00e5sens Kalle<\/a>\u201d som r\u00e5kade ha flera mj\u00f6ls\u00e4ckar i kvarnen rodde ut med ekstocken och kunde d\u00e4rifr\u00e5n b\u00e4rga sitt mj\u00f6l, som d\u00e5 \u00e4nnu var torrt.<\/p>\n<p>Under en tid bodde ocks\u00e5 Henriks bror Jonas Johansson i g\u00e5rden och han gifte sig \u00e5r 1882 med Vilhelmina T\u00f6rm\u00e4 och de for till Amerika f\u00f6ljande \u00e5r.<\/p>\n<p>Hindrik och Mina fick p\u00e5 kort tid sju barn, som alla flyttade till Amerika \u00e5r 1902 med modern Mina och efter dem finns det \u00e4ttlingar i Amerika.<\/p>\n<p><strong>\u00c5r 1896<\/strong> flyttade Hindrik och Mina till Norrg\u00e5rd hemman i Sideby och f\u00f6ljande \u00e5r till Mattfolk i Lappfj\u00e4rd. \u00c5r 1901 reste Henrik till Amerika och f\u00f6ljande \u00e5r f\u00f6ljde hustrun Ester och de sju barnen efter. De bosatte sig i Unity Clark County Wisconsin och b\u00f6rjade kalla sig Henry och Ester Johnson.<\/p>\n<p>F\u00f6re flytten hade Hindrik och Mina s\u00e5lt sj\u00e4lva boningsbyggnaden \u00e5t handlanden Viktor Ulfves, som flyttade den<a href=\"https:\/\/www.lassebacklund.fi\/?page_id=592\"> till Sebasbackan i Dagsmark<\/a>. Sj\u00e4lva hemmanet s\u00e5lde Henrik och Mina \u00e5t Johan N\u00f6jd, som kallades \u201dN\u00f6jd J\u00e5ss\u201d, som uppf\u00f6rde en ny g\u00e5rd p\u00e5 samma plats d\u00e4r Laibergas hade st\u00e5tt. \u00a0G\u00e5rden st\u00e5r fortfarande kvar i Tresk\u00e4ndan, i f\u00f6rfallet tillst\u00e5nd.<\/p>\n<p><a href=\"https:\/\/www.lassebacklund.fi\/?page_id=21832\">N\u00f6jd J\u00e5ss<\/a> bodde inte sj\u00e4lv i den nya g\u00e5rden utan han gav den \u00e5t sin dotter \u201dMauritsas Ida\u201d (f.1876), som \u00e5r 1902 hade gift sig med Mauritz Frig\u00e5rd (1880\u20131931), som kallades \u201dN\u00f6jd Mauris\u201d. Mauritz var f\u00f6dd i Kankaanp\u00e4\u00e4. Under \u00e5ren 1904 och 1918 fick Ida och Mauritz 9 barn, bland annat Nikolai som gifte sig med <a href=\"https:\/\/www.lassebacklund.fi\/?page_id=688\">\u201dUlla Juuli\u201d Julia Rosenlund i Storfors<\/a>.<\/p>\n<figure id=\"attachment_25468\" aria-describedby=\"caption-attachment-25468\" style=\"width: 693px\" class=\"wp-caption alignnone\"><img loading=\"lazy\" decoding=\"async\" class=\"size-full wp-image-25468\" src=\"https:\/\/www.lassebacklund.fi\/wp-content\/uploads\/2026\/01\/Laibergas-gard-pa-kartan-1.jpg\" alt=\"\" width=\"693\" height=\"445\" srcset=\"https:\/\/www.lassebacklund.fi\/wp-content\/uploads\/2026\/01\/Laibergas-gard-pa-kartan-1.jpg 693w, https:\/\/www.lassebacklund.fi\/wp-content\/uploads\/2026\/01\/Laibergas-gard-pa-kartan-1-300x193.jpg 300w\" sizes=\"auto, (max-width: 693px) 100vw, 693px\" \/><figcaption id=\"caption-attachment-25468\" class=\"wp-caption-text\">P\u00e5 den forna tr\u00e4skstranden finns \u201dM\u00e4kel\u00e4 J\u00e5ssas\u201d g\u00e5rd fortfarande kvar. Avst\u00e5ndet till Storsj\u00f6-K\u00e4rjenkoskiv\u00e4gen \u00e4r omkring 150 meter.<\/figcaption><\/figure>\n<figure id=\"attachment_25469\" aria-describedby=\"caption-attachment-25469\" style=\"width: 1289px\" class=\"wp-caption alignnone\"><img loading=\"lazy\" decoding=\"async\" class=\"size-full wp-image-25469\" src=\"https:\/\/www.lassebacklund.fi\/wp-content\/uploads\/2026\/01\/Makela-Jassas-stuga-5-kopia.jpg\" alt=\"\" width=\"1289\" height=\"967\" srcset=\"https:\/\/www.lassebacklund.fi\/wp-content\/uploads\/2026\/01\/Makela-Jassas-stuga-5-kopia.jpg 1289w, https:\/\/www.lassebacklund.fi\/wp-content\/uploads\/2026\/01\/Makela-Jassas-stuga-5-kopia-300x225.jpg 300w, https:\/\/www.lassebacklund.fi\/wp-content\/uploads\/2026\/01\/Makela-Jassas-stuga-5-kopia-1024x768.jpg 1024w, https:\/\/www.lassebacklund.fi\/wp-content\/uploads\/2026\/01\/Makela-Jassas-stuga-5-kopia-768x576.jpg 768w\" sizes=\"auto, (max-width: 1289px) 100vw, 1289px\" \/><figcaption id=\"caption-attachment-25469\" class=\"wp-caption-text\">Inne bland buskar och tr\u00e4d st\u00e5r den g\u00e5rd som N\u00f6jd J\u00e5ss byggde \u00e5t sin dotter Ida. Den tiden d\u00e5 Laibergas Matt byggde den f\u00f6rsta g\u00e5rden p\u00e5 samma st\u00e4lle h\u00f6rde omr\u00e5det till Lappfj\u00e4rds hemmanet Br\u00e4nn men efter storskiftet h\u00f6r det till hemmanet \u00c5djers. Fotot taget fr\u00e5n norr \u00e5r 2020.<\/figcaption><\/figure>\n<p><strong>\u00c5r 1918<\/strong> flyttade Mauritz och Ida bort fr\u00e5n Tr\u00e4sk\u00e4ndan och bodde p\u00e5 olika st\u00e4llen. \u00c5r 1931 avled Mauritz och Ida flyttade <a href=\"https:\/\/www.lassebacklund.fi\/?page_id=14121\">till Nystad<\/a> d\u00e4r hon bodde i en liten stuga till \u00e5r 1950, d\u00e5 hon flyttade till R\u00e4fs\u00f6 utanf\u00f6r Bj\u00f6rneborg, d\u00e4r hennes dotter Aino bodde.\u00a0 Ida avled d\u00e4r \u00e5r 1965.<\/p>\n<p><strong>\u00c5r 1931<\/strong> avled Mauritz Frig\u00e5rd, och \u00e4nkan Ida s\u00e5lde d\u00e5 g\u00e5rden \u00e5t Johannes M\u00e4kel\u00e4 och troligtvis var han sl\u00e4kt med Mauritz eller s\u00e5 var de bara bra bekanta eftersom de hade kommit fr\u00e5n samma st\u00e4lle i Kankaanp\u00e4\u00e4. Johannes hade d\u00e5 \u00f6verl\u00e5tit sitt hemman i Norrviken \u00e5t hustrun Marias son Erland M\u00e4kel\u00e4.<\/p>\n<p>Johannes M\u00e4kel\u00e4 f\u00f6ddes i Vihtelj\u00e4rvi by i Kankaanp\u00e4\u00e4 \u00e5r 1881 och \u00e5r 1903 hade han gift sig med \u00e4nkan Maria Wilhelmina Johansdotter \u00c4ij\u00e4l\u00e4 (f. Nyholm 1867\u20131941). Maria, var f\u00f6dd i B\u00f6tom och kallades d\u00e4r \u201dMitts Mari\u201d gifte sig \u00e5r 1889 med Alexander \u00c4ij\u00e4l\u00e4 (f.1862 i Karstula).<\/p>\n<p>Johannes, som kallades \u201dM\u00e4kel\u00e4 J\u00e5ss\u201d bodde sedan h\u00e4r med sin Maria men p\u00e5 grund av J\u00e5ssas kvinnfolksaff\u00e4rer bodde de tidvis \u00e5tskilda p\u00e5 olika h\u00e5ll. Mari avled \u00e5r 1941 och efter det bodde J\u00e5ss ensam i g\u00e5rden, som kallades \u201dM\u00e4kel\u00e4 J\u00e5ssas\u201d.<\/p>\n<p><strong>P\u00e5 1950-talet<\/strong> flyttade J\u00e5ss till sin son Frans som bodde i Uttermossa,d\u00e4r han sedan avled \u00e5r 1952. Frans \u00f6vertog d\u00e5 g\u00e5rden i Tr\u00e4sk\u00e4ndan och han flyttade dit d\u00e4r han bodde ensam i n\u00e5gra \u00e5r.<\/p>\n<p><strong>I b\u00f6rjan av 1960-talet<\/strong> s\u00e5lde Frans M\u00e4kel\u00e4 g\u00e5rden och markerna runt omkring \u00e5t bonden Martti Pitk\u00e4koski fr\u00e5n K\u00e4rjenkoski. Efter dess har ingen bott i g\u00e5rden eller i dess n\u00e4rhet. Alla byggnader \u00e4r rivna f\u00f6rutom den g\u00e5rd som N\u00f6jd J\u00e5ss i tiderna byggde \u00e5t sin dotter Ida.<\/p>\n","protected":false},"excerpt":{"rendered":"<p>Sammanst\u00e4llt av Lasse Backlund i januari 2026. Uppgifterna \u00e4r tagna ur gamla sl\u00e4ktutredningar och ur Wilhelm Janssons anteckningar. Eva Gr\u00f6nlund har bidragit med flera uppgifter. G\u00e5rdens gamla historia Den f\u00f6rsta g\u00e5rden p\u00e5 detta st\u00e4lle i Tr\u00e4sk\u00e4ndan byggdes av Matts Mattsson <a class=\"more-link\" href=\"https:\/\/www.lassebacklund.fi\/?page_id=25464\">Forts\u00e4tt l\u00e4sa <span class=\"screen-reader-text\">  Laibergas i Tr\u00e4sk\u00e4ndan<\/span><span class=\"meta-nav\">&rarr;<\/span><\/a><\/p>\n","protected":false},"author":1,"featured_media":0,"parent":82,"menu_order":0,"comment_status":"closed","ping_status":"closed","template":"","meta":{"footnotes":""},"class_list":["post-25464","page","type-page","status-publish","hentry"],"_links":{"self":[{"href":"https:\/\/www.lassebacklund.fi\/index.php?rest_route=\/wp\/v2\/pages\/25464","targetHints":{"allow":["GET"]}}],"collection":[{"href":"https:\/\/www.lassebacklund.fi\/index.php?rest_route=\/wp\/v2\/pages"}],"about":[{"href":"https:\/\/www.lassebacklund.fi\/index.php?rest_route=\/wp\/v2\/types\/page"}],"author":[{"embeddable":true,"href":"https:\/\/www.lassebacklund.fi\/index.php?rest_route=\/wp\/v2\/users\/1"}],"replies":[{"embeddable":true,"href":"https:\/\/www.lassebacklund.fi\/index.php?rest_route=%2Fwp%2Fv2%2Fcomments&post=25464"}],"version-history":[{"count":9,"href":"https:\/\/www.lassebacklund.fi\/index.php?rest_route=\/wp\/v2\/pages\/25464\/revisions"}],"predecessor-version":[{"id":25545,"href":"https:\/\/www.lassebacklund.fi\/index.php?rest_route=\/wp\/v2\/pages\/25464\/revisions\/25545"}],"up":[{"embeddable":true,"href":"https:\/\/www.lassebacklund.fi\/index.php?rest_route=\/wp\/v2\/pages\/82"}],"wp:attachment":[{"href":"https:\/\/www.lassebacklund.fi\/index.php?rest_route=%2Fwp%2Fv2%2Fmedia&parent=25464"}],"curies":[{"name":"wp","href":"https:\/\/api.w.org\/{rel}","templated":true}]}}