{"id":25431,"date":"2026-01-11T17:21:53","date_gmt":"2026-01-11T15:21:53","guid":{"rendered":"https:\/\/www.lassebacklund.fi\/?page_id=25431"},"modified":"2026-01-20T18:32:08","modified_gmt":"2026-01-20T16:32:08","slug":"filinas-i-norrviken","status":"publish","type":"page","link":"https:\/\/www.lassebacklund.fi\/?page_id=25431","title":{"rendered":"Filinas i Norrviken"},"content":{"rendered":"<figure id=\"attachment_25428\" aria-describedby=\"caption-attachment-25428\" style=\"width: 1316px\" class=\"wp-caption alignnone\"><img loading=\"lazy\" decoding=\"async\" class=\"size-full wp-image-25428\" src=\"https:\/\/www.lassebacklund.fi\/wp-content\/uploads\/2026\/01\/IMG_7879.jpg\" alt=\"\" width=\"1316\" height=\"837\" srcset=\"https:\/\/www.lassebacklund.fi\/wp-content\/uploads\/2026\/01\/IMG_7879.jpg 1316w, https:\/\/www.lassebacklund.fi\/wp-content\/uploads\/2026\/01\/IMG_7879-300x191.jpg 300w, https:\/\/www.lassebacklund.fi\/wp-content\/uploads\/2026\/01\/IMG_7879-1024x651.jpg 1024w, https:\/\/www.lassebacklund.fi\/wp-content\/uploads\/2026\/01\/IMG_7879-768x488.jpg 768w\" sizes=\"auto, (max-width: 1316px) 100vw, 1316px\" \/><figcaption id=\"caption-attachment-25428\" class=\"wp-caption-text\">Den \u00e4ldsta delen av den h\u00e4r stugan stod i tiderna i n\u00e4rheten av Kuusi J\u00e5ssas och Timo vid Langmarksv\u00e4gen och den flyttades till sitt nuvarande st\u00e4lle i Norrviken omkring 1910\u20131915. Stugan har renoverats flera g\u00e5nger och blivit tillbyggd med flera rum. Stugan som \u00e4r i gott skick anv\u00e4nds i dag som fritidsbostad. Fotot fr\u00e5n januari 2026.<\/figcaption><\/figure>\n<p><span style=\"color: #000080;\"><strong>Sammanst\u00e4llt av Lasse Backlund i januari 2026. Uppgifterna \u00e4r tagna ur sl\u00e4ktutredningar, lagfartsregister och ur Wilhelm Janssons anteckningar.<\/strong><\/span><\/p>\n<h4><strong>F\u00f6rsta \u00e4garen Filippus och Fia \u00d6verkodes<\/strong><\/h4>\n<p>Filippus \u00d6verkodes (1849\u20131918) f\u00f6ddes i Kodesj\u00e4rvi i Stor\u00e5 och han gifte sig med Fia (1850\u20131922) som var f\u00f6dd i Risby i Sastmola. Filippus kallades \u201dGam\u00e4l Filin\u201d medan hustrun Fia kallades \u201dGam\u00e4l Filon\u201d efter att de bosatte sig i Norrviken.<\/p>\n<p>B\u00e5da var finskspr\u00e5kiga men talade svenska med stark brytning. Sin f\u00f6rsta boplats fick de i en stuga som i tiderna stod nedanf\u00f6r Egil R\u00f6nngrens numera obebodda g\u00e5rd i Kytt\u00e5kern p\u00e5 Norrviksv\u00e4gen 20.<\/p>\n<p>Ca 1910\u20131915 flyttade Filippus en stuga som stod n\u00e5gonstans mellan Kuusi J\u00e5ssas och Timo Roberts g\u00e5rdar p\u00e5 tr\u00e4skets \u00f6stra sida l\u00e4ngs Langmarksv\u00e4gen och den uppf\u00f6rdes p\u00e5 bonden Emil Knus hemman p\u00e5 nuvarande adressen Norrviksv\u00e4gen 89. De blev d\u00e5 torpare p\u00e5 Emil Knus hemman och denne stupade sedan i inb\u00f6rdeskriget \u00e5r 1918. Vad som h\u00e4nde med deras gamla stuga \u00e4r ok\u00e4nt. Det har dock p\u00e5st\u00e5tts att det var den stugan som \u201dRuffa\u201d Isak Hemberg bodde i och som han flyttade l\u00e4ngre bort och som sedan inhyste den finska folkskolan i Norrviken.<\/p>\n<figure id=\"attachment_25429\" aria-describedby=\"caption-attachment-25429\" style=\"width: 628px\" class=\"wp-caption alignnone\"><img loading=\"lazy\" decoding=\"async\" class=\"size-full wp-image-25429\" src=\"https:\/\/www.lassebacklund.fi\/wp-content\/uploads\/2026\/01\/Karta-Filippus-torp.jpg\" alt=\"\" width=\"628\" height=\"714\" srcset=\"https:\/\/www.lassebacklund.fi\/wp-content\/uploads\/2026\/01\/Karta-Filippus-torp.jpg 628w, https:\/\/www.lassebacklund.fi\/wp-content\/uploads\/2026\/01\/Karta-Filippus-torp-264x300.jpg 264w\" sizes=\"auto, (max-width: 628px) 100vw, 628px\" \/><figcaption id=\"caption-attachment-25429\" class=\"wp-caption-text\">\u201dGam\u00e4l Filin och Fia\u201dflyttade stugan fr\u00e5n Langmarksv\u00e4gen till detta st\u00e4lle d\u00e5 de blev torpare p\u00e5 Knus hemman. St\u00e4llet ligger, precis som st\u00f6rsta delen av l\u00e4genheterna i Norrviken i Lappfj\u00e4rds by. Torpet l\u00e5g vackert i skogsbrynet ca 250 meter fr\u00e5n Norrviksv\u00e4gen.<\/figcaption><\/figure>\n<p>Filippus avled pl\u00f6tsligt \u201df\u00f6 brotrappon\u201d \u00e5r 1918 och \u00e4nkan Fia \u00f6vertog d\u00e5 torpet.<\/p>\n<p>Filippus och Fia fick \u00e5tminstone 4 barn, varav tv\u00e5 d\u00f6ttrar flyttade till Sverige men i Finland stannade sonen Frans och han arbetade som f\u00f6rman \u00e5t R\u00e4fs\u00f6bolaget. Den h\u00e4r Frans \u00e4r den f\u00f6rsta av tre Frans, som alla kallades \u201dFili Frans\u201d.<\/p>\n<h3><strong>\u201dFili Tilda\u201d och Frans Heinonen<\/strong><\/h3>\n<p>Filippus och Fia fick ocks\u00e5 dottern Matilda, som kallades \u201dFili Tilda\u201d (1873\u20131959) som skulle vara f\u00f6dd i Norrviken. Tilda arbetade som ung flicka som piga hos \u201dKank Viktor\u201d, allts\u00e5 Viktor Brandt i Lappfj\u00e4rd. P\u00e5 samma g\u00e5rd arbetade ocks\u00e5 dr\u00e4ngen<span style=\"text-decoration: underline;\"> Frans<\/span> Oskar Heinonen (1874\u20131925) som var f\u00f6dd i Sastmola. Tycke uppstod och de gifte sig ca 1897 och snart flyttade de fr\u00e5n Lappfj\u00e4rd till Filinas torp i Norrviken, allts\u00e5 till Tildas f\u00f6r\u00e4ldrahem.<\/p>\n<p>Efter en tid kunde Tilda och Frans Heinonen uppta ett torp p\u00e5 Lauris hemman Br\u00e4nn i Norrviken. D\u00e4r fanns inga byggnader men de fick m\u00f6jlighet att ink\u00f6pa och flytta \u201dJuoksu J\u00e5ssas\u201d stuga fr\u00e5n Juoksula i Tr\u00e4sk\u00e4ndan. Stugan stod bredvid nuvarande M\u00e4kel\u00e4 J\u00e5ssas gamla f\u00f6rfallna g\u00e5rd. I den stugan hade Niklas Hornborg bott i tiderna. Trots namnet var han finskspr\u00e5kig och han var gift med Laibergas Mattas dotter Brita Lena (f.1837), men efter en tid flyttade de till Heikkil\u00e4 by i Stor\u00e5. Esala Jakop bodde sedan d\u00e4r p\u00e5 hyra med hustrun Kiikkel\u00e4 Amanda och sedan tog Laibergas Kalle, som kallades \u201dTokot Kalle\u201d \u00f6ver och slutligen denna Juoksu J\u00e5ss. Efter flytten av stugan har ingen bott p\u00e5 denna Juoksula \u00e5ker, d\u00e4r M\u00e4kel\u00e4 Frans hade en ria.<\/p>\n<figure id=\"attachment_25430\" aria-describedby=\"caption-attachment-25430\" style=\"width: 548px\" class=\"wp-caption alignnone\"><img loading=\"lazy\" decoding=\"async\" class=\"size-full wp-image-25430\" src=\"https:\/\/www.lassebacklund.fi\/wp-content\/uploads\/2026\/01\/Karta-Heinonens-torp.jpg\" alt=\"\" width=\"548\" height=\"457\" srcset=\"https:\/\/www.lassebacklund.fi\/wp-content\/uploads\/2026\/01\/Karta-Heinonens-torp.jpg 548w, https:\/\/www.lassebacklund.fi\/wp-content\/uploads\/2026\/01\/Karta-Heinonens-torp-300x250.jpg 300w\" sizes=\"auto, (max-width: 548px) 100vw, 548px\" \/><figcaption id=\"caption-attachment-25430\" class=\"wp-caption-text\">Frans och Tilda Heinonens torp var bel\u00e4get p\u00e5 v\u00e4stra sidan av Norrviksv\u00e4gen och hela omr\u00e5det var lite \u00f6ver 4 ha. V\u00e4gen dit heter Fallv\u00e4gen och den b\u00f6rjade i Motta backan och gick f\u00f6rbi Hammarberg J\u00e5ssas stuga och till hans stuga gick en v\u00e4g, som kallades \u201dMotta J\u00e5ssas stijin\u201d. I stugan l\u00e4ngst bort bodde Gunnar \u00c5lgars (1909\u20131984) med hustrun Edit Alvina (f.1910) och fyra barn.<\/figcaption><\/figure>\n<p>Enligt torparlagen fr\u00e5n 1918 kunde torparna inl\u00f6sa sina torpl\u00e4genheter och detta gjorde nog Frans och Tilda ocks\u00e5, och den nya l\u00e4genheten p\u00e5 lite \u00f6ver 4 ha fick namnet Solberg 28:41. Frans Heinonen \u00e4r den andra av totalt tre Frans, som kallades \u201dFili Frans\u201d.<\/p>\n<p><strong>\u00c5r 1925, den 10 mars<\/strong> avled \u201dFili Frans\u201d Heinonen under ett bes\u00f6k hos dottern Maria, som bodde i Lappfj\u00e4rd med sin man \u201dFinng\u00e4rds \u00c4\u00e4land\u201d. \u00c4nkan Tilda \u00f6vertog d\u00e5 torpet.<\/p>\n<p><strong>\u00c5r 1931<\/strong> s\u00e5lde \u00e4nkan Tilda Heinonen stugan och uthusen p\u00e5 l\u00e4genheten Solberg \u00e5t \u00e4nklingen \u201dRuffa\u201d Isak Hemberg, som d\u00e5 hade s\u00e5lt sitt gamla torp \u00e5t M\u00e4kel\u00e4 J\u00e5ss. Tilda flyttade d\u00e5 till dottern Maria i Lappfj\u00e4rd och p\u00e5 \u00e5lderns h\u00f6st flyttade hon till dottern Hulda Berg i Uttermossa. \u201dFili Tilda\u201d avled i Uttermossa den 24 maj 1959.<\/p>\n<p><strong>\u00c5r 1937<\/strong> s\u00e5lde Isak Henberg l\u00e4genheten Solberg 28:41 i Norrviken \u00e5t Lennart och Edit Lind. De uppf\u00f6rde d\u00e5 en ny boningsstuga i n\u00e4rheten och de anv\u00e4nde den gamla torpstugan till bagarstuga, \u00e4nda tills den blev f\u00f6rst\u00f6rd i en brand.<\/p>\n<p>De tidigare \u00e4garna Frans och Matilda Heinonen fick \u00e5tminstone 9 barn.<\/p>\n<h6>1). Teodor (1897\u20131958), som kallades \u201dFili Teodor\u201d, bosatt i Sundom.<\/h6>\n<h6>2). Selma Alina (1899\u20131984), se nedan en l\u00e4ngre utredning.<\/h6>\n<h6>3). Axel Anselm (1902\u20131977) som kallades \u201dFili Anselm\u201d, bosatt i Vasatrakten.<\/h6>\n<h6>4). Adelina (1904\u20131973) som kallades \u201dFili Adelin\u201d, gift med bonden Erik Georg \u00d6sterberg i Pjelax.<\/h6>\n<h6>5). Hulda Josefina (1907\u20131966) som kallades \u201dFili Hulda\u201d, gift med \u201dKl\u00e5v\u00e5s Selim\u201d, allts\u00e5 Selim Berg (1906\u20131993) och de hade sju barn.<\/h6>\n<h6>6). Maria, gift med Finng\u00e4rds Erland i Lappfj\u00e4rd.<\/h6>\n<h6>7). Selim Leander (1909\u20131965) som var gift med Adelina Bj\u00f6rses, far bland annat till ostm\u00e4staren och polisen Johan Heinonen.<\/h6>\n<h6>8). Hildi (1914\u20131936), gift i Lappfj\u00e4rd men dog ung.<\/h6>\n<h6>9). <u>Eskil<\/u> Elis (1916\u20131982) gift med \u201dKejsas Signe, allts\u00e5 Signe Rosenback (1915\u20131977).<\/h6>\n<h4><\/h4>\n<h4><strong>Selmas sl\u00e4kt<\/strong><\/h4>\n<p>Selma Heinonen (1899\u20131984) gifte sig \u00e5r 1921 med <u>Frans <\/u>Emil Lillsj\u00f6 (1899\u20131984) fr\u00e5n Lillsj\u00f6. Han var son till \u201dErkas Mina\u201d, allts\u00e5 Wilhelmina Lillsj\u00f6 (f.1857) och hade ingen k\u00e4nd far. Namnet \u201dErkas\u201d kommer av Minas far Erik Eriksson Storsj\u00f6 (1829\u20131902), som kallades \u201dLillsj\u00f6 Erk\u201d.<\/p>\n<p>Frans v\u00e4xte upp i en g\u00e5rd som stod ca 100 meter fr\u00e5n <a href=\"https:\/\/www.lassebacklund.fi\/?page_id=15107\">Selim R\u00f6nnlunds g\u00e5rd<\/a> mot Dagsmark. Lillsj\u00f6v\u00e4gen har en liten kurva d\u00e4r g\u00e5rden stod p\u00e5 samma sida som Selim R\u00f6nnlunds g\u00e5rd. Erkas Mina hade tv\u00e5 s\u00f6ner till, Karl Johan och Viktor som b\u00e5da ser ut att ha farit till Amerika.<\/p>\n<h4><strong>Frans och Selma Lillsj\u00f6 tar \u00f6ver<\/strong><\/h4>\n<p>Selma och \u201dErkas Frans\u201d tog \u00f6ver Filippus gamla torpstuga p\u00e5 Norrviksv\u00e4gen 89 och de bodde d\u00e4r livet ut.<\/p>\n<p><strong>\u00c5r 1921, den 28 maj<\/strong> k\u00f6pte backstugusittaren Frans Lillsj\u00f6 ett markomr\u00e5de bredvid hans torpstuga. S\u00e4ljare var b\u00f6nderna Justus och Selma Knus, Henrik och Greta Knus och Edvard och Alvina Knus fr\u00e5n Lappfj\u00e4rd. K\u00f6peskillingen utgjorde 275 mark och l\u00e4genheten fick namnet Lill\u00e5kern 29:24 och var p\u00e5 0,5 ha. Frans\u00b4mor Mina bodde ocks\u00e5 hos dem p\u00e5 \u00e4ldre dar. Frans, som b\u00f6rjade kallas \u201dFili Frans\u201d hade ett litet jordbruk bredvid stugan och s\u00e5 fanns det skog omkring 10 ha bakom stugan. Frans Lillsj\u00f6 \u00e4r den tredje och sista Frans som kallades \u201dFili Frans\u201d. Frans var k\u00e4nd som en sn\u00e4ll man och arbetade vintertid i folks skogar och sommartid p\u00e5 olika jordbruk. Frans och Selma fick flera barn och d\u00e4rf\u00f6r byggdes stugan till med n\u00e5gra rum. Filippus gamla torpstuga togs \u00f6ver av sonen B\u00f6rje, som var kyrkoherde i N\u00e4rpes och han och familjen anv\u00e4nde den som fritidsbostad och den \u00e4r fortfarande i sl\u00e4ktens \u00e4go.<\/p>\n<h4><strong>Frans och Selmas barn:<\/strong><\/h4>\n<h6>1). <strong>Ragnar<\/strong> Hilding (f. 1921) som kallades \u201dFili Ragnar\u201d var f\u00f6rsta g\u00e5ngen gift med <a href=\"https:\/\/www.lassebacklund.fi\/?page_id=980\">Vera L\u00f6fgren, som var dotter till Holmbergas Kalle<\/a>. De bodde i hennes g\u00e5rd n\u00e4ra<a href=\"https:\/\/www.lassebacklund.fi\/?page_id=1531\"> Lillbron i Dagsmark<\/a> och d\u00e4r fick de sonen Boris (1941\u20132022) som \u00e5r 1965 byggde en servicestation i Dagsmark centrum. D\u00e5 Ragnar och Vera skildes gifte Ragnar om sig med Eila Ahonen och de bodde i Jyv\u00e4skyl\u00e4, d\u00e4r Ragnars andra son Helge f\u00f6ddes.<\/h6>\n<h6>2). <strong>Eskil<\/strong> (f.1923) bosatt i Sverige.<\/h6>\n<h6>3). <strong>Olof<\/strong> (f.1925) bosatt i Sverige.<\/h6>\n<h6>4). <strong>Ragni<\/strong> (f.1928) gift med bonden och aff\u00e4rsmannen Rune Lassfolk och de bodde i N\u00e4rpes.<\/h6>\n<h6>5). <strong>Dagny<\/strong> (f.1931) gift med Chester Holmberg, bosatta i Sverige.<\/h6>\n<h6>6). <strong>B\u00f6rje<\/strong> (1938-2008) gift med Majgret Stjernberg, som \u00e4r dotter till kyrkoherden Anders-Gustaf Stjernberg. B\u00f6rje verkade som kyrkoherde i N\u00e4rpes f\u00f6rsamling och hade tre d\u00f6ttrar, varav en \u00e4r stadsdirekt\u00f6r i N\u00e4rpes stad.<\/h6>\n<h6>7). <strong>Birger<\/strong> (f.1938) gift och bosatt i Sverige.<\/h6>\n","protected":false},"excerpt":{"rendered":"<p>Sammanst\u00e4llt av Lasse Backlund i januari 2026. Uppgifterna \u00e4r tagna ur sl\u00e4ktutredningar, lagfartsregister och ur Wilhelm Janssons anteckningar. F\u00f6rsta \u00e4garen Filippus och Fia \u00d6verkodes Filippus \u00d6verkodes (1849\u20131918) f\u00f6ddes i Kodesj\u00e4rvi i Stor\u00e5 och han gifte sig med Fia (1850\u20131922) som <a class=\"more-link\" href=\"https:\/\/www.lassebacklund.fi\/?page_id=25431\">Forts\u00e4tt l\u00e4sa <span class=\"screen-reader-text\">  Filinas i Norrviken<\/span><span class=\"meta-nav\">&rarr;<\/span><\/a><\/p>\n","protected":false},"author":1,"featured_media":0,"parent":82,"menu_order":89,"comment_status":"closed","ping_status":"closed","template":"","meta":{"footnotes":""},"class_list":["post-25431","page","type-page","status-publish","hentry"],"_links":{"self":[{"href":"https:\/\/www.lassebacklund.fi\/index.php?rest_route=\/wp\/v2\/pages\/25431","targetHints":{"allow":["GET"]}}],"collection":[{"href":"https:\/\/www.lassebacklund.fi\/index.php?rest_route=\/wp\/v2\/pages"}],"about":[{"href":"https:\/\/www.lassebacklund.fi\/index.php?rest_route=\/wp\/v2\/types\/page"}],"author":[{"embeddable":true,"href":"https:\/\/www.lassebacklund.fi\/index.php?rest_route=\/wp\/v2\/users\/1"}],"replies":[{"embeddable":true,"href":"https:\/\/www.lassebacklund.fi\/index.php?rest_route=%2Fwp%2Fv2%2Fcomments&post=25431"}],"version-history":[{"count":12,"href":"https:\/\/www.lassebacklund.fi\/index.php?rest_route=\/wp\/v2\/pages\/25431\/revisions"}],"predecessor-version":[{"id":25499,"href":"https:\/\/www.lassebacklund.fi\/index.php?rest_route=\/wp\/v2\/pages\/25431\/revisions\/25499"}],"up":[{"embeddable":true,"href":"https:\/\/www.lassebacklund.fi\/index.php?rest_route=\/wp\/v2\/pages\/82"}],"wp:attachment":[{"href":"https:\/\/www.lassebacklund.fi\/index.php?rest_route=%2Fwp%2Fv2%2Fmedia&parent=25431"}],"curies":[{"name":"wp","href":"https:\/\/api.w.org\/{rel}","templated":true}]}}