{"id":2537,"date":"2017-01-17T16:54:09","date_gmt":"2017-01-17T15:54:09","guid":{"rendered":"http:\/\/www.lassebacklund.fi\/?page_id=2537"},"modified":"2017-01-17T16:54:09","modified_gmt":"2017-01-17T15:54:09","slug":"erik-anders-sundholm","status":"publish","type":"page","link":"https:\/\/www.lassebacklund.fi\/?page_id=2537","title":{"rendered":"Erik Anders Sundholm."},"content":{"rendered":"<p><span style=\"color: #000080;\">Den 13 februari 1918 publicerade tidningen Syd-\u00d6sterbotten f\u00f6ljande nekrolog:<\/span><\/p>\n<p>I kampen mot fienden och landsf\u00f6rr\u00e4darna stupade f.d. bonden Erik Anders Sundholm fr\u00e5n Dagsmark i striderna vid Ule\u00e5borg den 3 dennes.<\/p>\n<p>Med Erik Anders Sundholm har bortg\u00e5tt en k\u00e4rnkarl i ordets gamla \u00f6sterbottniska betydelse. Aldrig dagtingade med sin \u00e5sikt stod han st\u00e4dse redo att f\u00f6rsvara densamma. R\u00e4ttvis och best\u00e4md, som han var, var man alltid i kamratkretsen s\u00e4ker p\u00e5 att finna en karl bakom orden och d\u00e4rifr\u00e5n fanns ingen apell. Saknaden bland hans anh\u00f6riga och inom kamratkretsen \u00e4r stor. F\u00f6r f\u00e4dernelandets lycka och framtid offrade han det b\u00e4sta han kunde giva, n\u00e4mligen sitt liv. Hans offer har ej Varit f\u00f6rg\u00e4ves. Hans minne f\u00f6ljes av tacksamhet f\u00f6r vad han utr\u00e4ttat och i h\u00e4vderna skall hans namn st\u00e4dse str\u00e5la som ett manande f\u00f6red\u00f6me, d\u00e5 v\u00e5ld och olag skola bek\u00e4mpas med mannamod.<\/p>\n<p>Erik Anders Sundholm har visat att: \u201d\u00c4n lever f\u00e4drrens ande, \u00e4nnu har landet m\u00e4n\u201d, att k\u00e4mpa f\u00f6r r\u00e4tt och sanning. H\u00e4rlig \u00e4r d\u00f6den, n\u00e4r modigt i fr\u00e4msta ledet du dignar i kamp f\u00f6r ditt land.<\/p>\n<p>Den 20 februari 1918 publicerade tidningen Syd-\u00d6sterbotten en artikel fr\u00e5n begravningen av 3 stupade frihetskrigare, n\u00e4mligen Emil Knus fr\u00e5n Lappfj\u00e4rd, Edvard Ojala fr\u00e5n M\u00f6rtmark och Erik Ander Sundholm fr\u00e5n Dagsmark:<\/p>\n<p>Till gravens ro invegs senaste torsdag den 14 dennes de i fosterlandets frihetskamp i striden i Ule\u00e5borg fallna hj\u00e4ltarna fr\u00e5n Lappfj\u00e4rds skyddsk\u00e5r Emil Knus, Erik Sundholm och Edvard Ojala.<\/p>\n<p>Jordf\u00e4stningen som f\u00f6rr\u00e4ttades i Lappfj\u00e4rds kyrka av prosten Georg Laur\u00e9n, assisterad av pastor Vilhelm Ingman, \u00f6vervars av en till ett par tusen personer uppg\u00e5ende allm\u00e4nhet. I sitt h\u00f6gst\u00e4mda fosterl\u00e4ndska griftetal erinrade prosten Laur\u00e9n om brodersk\u00e4rleken och framf\u00f6rallt fosterlandsk\u00e4rlekens r\u00e4tta inneb\u00f6rd, som f\u00f6rsakar allt, t.o.m. f\u00f6r\u00e4ldrar, hustrur, barn och ett lyckligt hem.<\/p>\n<p>Magister Einar Wichmann sj\u00f6ng till orgelackompagnement flere s\u00e5ngnummer. Ett 30-tal kransar \u00e5tf\u00f6ljda av tal nedlades \u00e5 hj\u00e4ltarnas kistor, allt vittnande om, att de fallnas livsg\u00e4rning och framf\u00f6rallt deras hj\u00e4lted\u00e5d fullt uppskattats av tacksamma medborgare.<\/p>\n<p>Under kantor Nordlunds ledning sj\u00f6ng Lappfj\u00e4rds s\u00e5ngk\u00f6r b\u00e5de f\u00f6re och efter jordf\u00e4stningen. Under sorgmarsch utburos kistorna ur kyrkan och neds\u00e4nktes under s\u00e5ng i den invid kyrkan inredda graven. Sedan graven av skyddsk\u00e5rister igenmyllats, bildade gravkullen av de nedlagda kransarna en stor \u00e4tteh\u00f6g av blommor och band. S\u00e5 var den st\u00f6rsta sorgeakt, som det nuvarande sl\u00e4ktet i Lappfj\u00e4rd sk\u00e5dat, till \u00e4nda och helt visst skola alla, som nalkas Lappfj\u00e4rd stora v\u00f6rdnadsbjudande tempel g\u00e5 till hj\u00e4ltarnas grav och p\u00e5minna sig Runebergs ord: \u201dInga slavar trampar kullen, d\u00e4r den tappre bor i mullen\u201d.<\/p>\n<p>&nbsp;<\/p>\n","protected":false},"excerpt":{"rendered":"<p>Den 13 februari 1918 publicerade tidningen Syd-\u00d6sterbotten f\u00f6ljande nekrolog: I kampen mot fienden och landsf\u00f6rr\u00e4darna stupade f.d. bonden Erik Anders Sundholm fr\u00e5n Dagsmark i striderna vid Ule\u00e5borg den 3 dennes. Med Erik Anders Sundholm har bortg\u00e5tt en k\u00e4rnkarl i ordets <a class=\"more-link\" href=\"https:\/\/www.lassebacklund.fi\/?page_id=2537\">Forts\u00e4tt l\u00e4sa <span class=\"screen-reader-text\">  Erik Anders Sundholm.<\/span><span class=\"meta-nav\">&rarr;<\/span><\/a><\/p>\n","protected":false},"author":1,"featured_media":0,"parent":1205,"menu_order":0,"comment_status":"closed","ping_status":"closed","template":"","meta":{"footnotes":""},"class_list":["post-2537","page","type-page","status-publish","hentry"],"_links":{"self":[{"href":"https:\/\/www.lassebacklund.fi\/index.php?rest_route=\/wp\/v2\/pages\/2537","targetHints":{"allow":["GET"]}}],"collection":[{"href":"https:\/\/www.lassebacklund.fi\/index.php?rest_route=\/wp\/v2\/pages"}],"about":[{"href":"https:\/\/www.lassebacklund.fi\/index.php?rest_route=\/wp\/v2\/types\/page"}],"author":[{"embeddable":true,"href":"https:\/\/www.lassebacklund.fi\/index.php?rest_route=\/wp\/v2\/users\/1"}],"replies":[{"embeddable":true,"href":"https:\/\/www.lassebacklund.fi\/index.php?rest_route=%2Fwp%2Fv2%2Fcomments&post=2537"}],"version-history":[{"count":1,"href":"https:\/\/www.lassebacklund.fi\/index.php?rest_route=\/wp\/v2\/pages\/2537\/revisions"}],"predecessor-version":[{"id":2538,"href":"https:\/\/www.lassebacklund.fi\/index.php?rest_route=\/wp\/v2\/pages\/2537\/revisions\/2538"}],"up":[{"embeddable":true,"href":"https:\/\/www.lassebacklund.fi\/index.php?rest_route=\/wp\/v2\/pages\/1205"}],"wp:attachment":[{"href":"https:\/\/www.lassebacklund.fi\/index.php?rest_route=%2Fwp%2Fv2%2Fmedia&parent=2537"}],"curies":[{"name":"wp","href":"https:\/\/api.w.org\/{rel}","templated":true}]}}