{"id":2531,"date":"2017-01-17T16:33:54","date_gmt":"2017-01-17T15:33:54","guid":{"rendered":"http:\/\/www.lassebacklund.fi\/?page_id=2531"},"modified":"2017-01-17T16:33:54","modified_gmt":"2017-01-17T15:33:54","slug":"bertel-krooks-begravning","status":"publish","type":"page","link":"https:\/\/www.lassebacklund.fi\/?page_id=2531","title":{"rendered":"Bertel Krooks begravning."},"content":{"rendered":"<p><span style=\"color: #000080;\">Liten artikel i tidningen Syd-\u00d6sterbotten 6.1.1940:<\/span><\/p>\n<p>Bondsonen Bertel Krook fr\u00e5n Lappfj\u00e4rd, Dagsmark, f\u00f6dd den 23 februari 1914, stupade den 23 december. Han efterl\u00e4mnar hustru. Han var en ivrig skyddsk\u00e5rist och god skytt. \u2013Jordf\u00e4stningen f\u00f6rsigg\u00e5r tisdagen den 9 januari kl. 10 i Lappfj\u00e4rds kyrka.<\/p>\n<p><span style=\"color: #000080;\">Nekrolog i tidningen Syd-\u00d6sterbotten 11.1.1940.<\/span><\/p>\n<h3><strong>Hj\u00e4ltebegravning.<\/strong><\/h3>\n<p>Senast tisdag f\u00f6rdes stoftet av Bertel Krook fr\u00e5n Dagsmark, som den 23 december stupade i kampen f\u00f6r sitt f\u00e4derneland, till den sista vilan i hemf\u00f6rsamlingens vigda mull. Hedersvakt h\u00f6lls av skyddsk\u00e5rister och frontm\u00e4n med fanor \u00e4vensom lottorna i Lappfj\u00e4rd. N\u00e4r kistan bars fr\u00e5n grinden till kyrktrappan, bildade skyddsk\u00e5risterna och lottorna spalj\u00e9, varefter lottorna stodo hedersvakt kring kistan vid altaret. F\u00f6rsamlingens b\u00e4gge pr\u00e4ster officierade, och pastor Stjernberg f\u00f6rr\u00e4ttade jordf\u00e4stningen. Sedan de tre skovlarna mull fallit, sj\u00f6ngs en psalm och ungdomsf\u00f6reningens s\u00e5ngk\u00f6r sj\u00f6ng under l\u00e4rare Selim Knus\u00b4 ledning.<\/p>\n<p>Nu vidtog en riklig blomsterhyllning. Utom fr\u00e5n de anh\u00f6riga frambars en krans fr\u00e5n Lappfj\u00e4rds kommun av J. Lillkull och rektor Joh. Nyquist, varvid den senare talade varma ord till den fallnes minne. Fr\u00e5n frontm\u00e4nnen nedlades en krans, och l\u00e4r. S. Bj\u00f6rses, ing. N. Molander och fru Hj\u00f6rdis Landg\u00e4rds nedlade skyddsk\u00e5rens och Lotta Sv\u00e4rdf\u00f6reningens gemensamma krans, varvid den f\u00f6rstn\u00e4mnda talade. Kransar nedlades \u00e4nnu av Dagsmark skyddsk\u00e5rsavdelning, Dagsmark Ungdomsf\u00f6rening, Dagsmark Lantmannagille och fr\u00e5n hembyns idrottsklubb, \u00e5 vars v\u00e4gnar Frans Storkull yttrade hj\u00e4rtliga minnesord. Rektor Nyquist uppl\u00e4ste namnen p\u00e5 ett antal personer, som genom inbetalningar till olika fonder hedrat B. Krooks minne och hj\u00e4lteg\u00e4rning. \u00c4ven av enskilda nedlades kransar och blommor: handlanden Vester, mejeristen Andersson, rektor Sj\u00f6blad m.fl. Den sistn\u00e4mnda talade gripande h\u00e5gkomstord om sin forna elev, som i ungdomens v\u00e5r gett sitt liv f\u00f6r \u00e4lskat fosterland.<\/p>\n<p>Sedan en psalm f\u00f6rtonat, bars kistan av de anh\u00f6riga ur kyrkan under tonerna av en sorgmarsch. Kistan nedsattes i den nya hj\u00e4ltegraven i n\u00e4rheten av den gamla, varp\u00e5 den talrikt f\u00f6rsamlade allm\u00e4nheten sj\u00f6ng Uti din n\u00e5d, o fader blid, innan den br\u00f6t upp fr\u00e5n en allvarsm\u00e4ttad h\u00f6gtidsstund kring den blomsterkl\u00e4dda gravkullen.<\/p>\n<p>&nbsp;<\/p>\n","protected":false},"excerpt":{"rendered":"<p>Liten artikel i tidningen Syd-\u00d6sterbotten 6.1.1940: Bondsonen Bertel Krook fr\u00e5n Lappfj\u00e4rd, Dagsmark, f\u00f6dd den 23 februari 1914, stupade den 23 december. Han efterl\u00e4mnar hustru. Han var en ivrig skyddsk\u00e5rist och god skytt. \u2013Jordf\u00e4stningen f\u00f6rsigg\u00e5r tisdagen den 9 januari kl. 10 <a class=\"more-link\" href=\"https:\/\/www.lassebacklund.fi\/?page_id=2531\">Forts\u00e4tt l\u00e4sa <span class=\"screen-reader-text\">  Bertel Krooks begravning.<\/span><span class=\"meta-nav\">&rarr;<\/span><\/a><\/p>\n","protected":false},"author":1,"featured_media":0,"parent":1205,"menu_order":0,"comment_status":"closed","ping_status":"closed","template":"","meta":{"footnotes":""},"class_list":["post-2531","page","type-page","status-publish","hentry"],"_links":{"self":[{"href":"https:\/\/www.lassebacklund.fi\/index.php?rest_route=\/wp\/v2\/pages\/2531","targetHints":{"allow":["GET"]}}],"collection":[{"href":"https:\/\/www.lassebacklund.fi\/index.php?rest_route=\/wp\/v2\/pages"}],"about":[{"href":"https:\/\/www.lassebacklund.fi\/index.php?rest_route=\/wp\/v2\/types\/page"}],"author":[{"embeddable":true,"href":"https:\/\/www.lassebacklund.fi\/index.php?rest_route=\/wp\/v2\/users\/1"}],"replies":[{"embeddable":true,"href":"https:\/\/www.lassebacklund.fi\/index.php?rest_route=%2Fwp%2Fv2%2Fcomments&post=2531"}],"version-history":[{"count":1,"href":"https:\/\/www.lassebacklund.fi\/index.php?rest_route=\/wp\/v2\/pages\/2531\/revisions"}],"predecessor-version":[{"id":2532,"href":"https:\/\/www.lassebacklund.fi\/index.php?rest_route=\/wp\/v2\/pages\/2531\/revisions\/2532"}],"up":[{"embeddable":true,"href":"https:\/\/www.lassebacklund.fi\/index.php?rest_route=\/wp\/v2\/pages\/1205"}],"wp:attachment":[{"href":"https:\/\/www.lassebacklund.fi\/index.php?rest_route=%2Fwp%2Fv2%2Fmedia&parent=2531"}],"curies":[{"name":"wp","href":"https:\/\/api.w.org\/{rel}","templated":true}]}}