{"id":2529,"date":"2017-01-17T16:30:16","date_gmt":"2017-01-17T15:30:16","guid":{"rendered":"http:\/\/www.lassebacklund.fi\/?page_id=2529"},"modified":"2019-07-05T00:04:09","modified_gmt":"2019-07-04T21:04:09","slug":"bertel-lindroos-begravning","status":"publish","type":"page","link":"https:\/\/www.lassebacklund.fi\/?page_id=2529","title":{"rendered":"Bertel Lindroos begravning."},"content":{"rendered":"<p><span style=\"color: #000080; font-family: Calibri; font-size: medium;\">Nekrolog i tidningen Syd-\u00d6sterbotten 2.4.1940:<\/span><\/p>\n<h3><span style=\"color: #000000; font-family: Calibri; font-size: medium;\">Hj\u00e4ltebegravning i Lappfj\u00e4rd.<\/span><\/h3>\n<p><span style=\"color: #000000; font-family: Calibri; font-size: medium;\">Senaste s\u00f6ndag kl.13 vigdes till gravens ro i Lappfj\u00e4rds kyrka reservisterna Bertel Birger Lindroos och Axel Selim Korsb\u00e4ck, samt frivillige 17-\u00e5ringen Sven Erik Malm. Lotto, skyddsk\u00e5rister och frontm\u00e4n bildade spalj\u00e9 l\u00e4ngs v\u00e4gen till kyrkan. Under en sorgmarsch buros kistorna fram till koret, d\u00e4r skyddsk\u00e5rister och frontm\u00e4n med fanor bildade hedersvakt. Efter det den f\u00f6rsamlande menigheten sjungit ett par verser av psalmen 458 f\u00f6rr\u00e4ttade prosten A. G. Rancken jordf\u00e4stningen. Kantor Ericson sj\u00f6ng och d\u00e4rmed vidtog en riklig blomsterhyllning.<\/span><\/p>\n<p><span style=\"color: #000000; font-family: Calibri; font-size: medium;\">Efter de anh\u00f6riga nedlade Karl Knus och Johan Lillkull Lappfj\u00e4rd kommuns krans, varvid den f\u00f6rstn\u00e4mnde talade till de fallnas minne. Lotta Sv\u00e4rds och skyydk\u00e5rens krans nedlades av Hj\u00f6rdis Landg\u00e4rds, Nils Molander och Selim Bj\u00f6rses, som talade vackert till de stupades minne. Lokalchefen Selim Bj\u00f6rses nedlade \u00e4ven distriktchefens krans, medan frontm\u00e4nnens krans nedlades av Axel Klockars, som hyllade de h\u00e4dang\u00e5ngnas minne.<\/span><\/p>\n<p><span style=\"color: #000000; font-family: Calibri; font-size: medium;\">Frivillige Sven Malm hyllades av frontkamrater genom Helge Bj\u00f6rklund och Gunnar Gullmes, samt av ungdomsf\u00f6reningen och av dess idrottsklubb.<\/span><\/p>\n<p><span style=\"color: #000000; font-family: Calibri; font-size: medium;\">Bertel Lindroos minne hyllades av Dagsmark Lotta Sv\u00e4rd och skyddsk\u00e5rsavdelning genom fru Lind och avdelningschef Mattsson.<\/span><\/p>\n<p><span style=\"color: #000000; font-family: Calibri; font-size: medium;\">Den h\u00f6gtidliga akten i kyrkan avslutades med de tv\u00e5 sista verserna av psalmen 498, varefter kistorna buros under orgelns m\u00e4ktiga toner ut till hj\u00e4ltegraven och s\u00e4nktes ned i den vigda jorden.<\/span><\/p>\n<p><img loading=\"lazy\" decoding=\"async\" class=\"alignnone size-full wp-image-2558\" src=\"http:\/\/www.lassebacklund.fi\/wp-content\/uploads\/2017\/01\/Lindroos-Bertel.jpg\" alt=\"\" width=\"1837\" height=\"2594\" srcset=\"https:\/\/www.lassebacklund.fi\/wp-content\/uploads\/2017\/01\/Lindroos-Bertel.jpg 1837w, https:\/\/www.lassebacklund.fi\/wp-content\/uploads\/2017\/01\/Lindroos-Bertel-212x300.jpg 212w, https:\/\/www.lassebacklund.fi\/wp-content\/uploads\/2017\/01\/Lindroos-Bertel-768x1084.jpg 768w, https:\/\/www.lassebacklund.fi\/wp-content\/uploads\/2017\/01\/Lindroos-Bertel-725x1024.jpg 725w\" sizes=\"auto, (max-width: 1837px) 100vw, 1837px\" \/><\/p>\n<p>&nbsp;<\/p>\n","protected":false},"excerpt":{"rendered":"<p>Nekrolog i tidningen Syd-\u00d6sterbotten 2.4.1940: Hj\u00e4ltebegravning i Lappfj\u00e4rd. Senaste s\u00f6ndag kl.13 vigdes till gravens ro i Lappfj\u00e4rds kyrka reservisterna Bertel Birger Lindroos och Axel Selim Korsb\u00e4ck, samt frivillige 17-\u00e5ringen Sven Erik Malm. Lotto, skyddsk\u00e5rister och frontm\u00e4n bildade spalj\u00e9 l\u00e4ngs v\u00e4gen <a class=\"more-link\" href=\"https:\/\/www.lassebacklund.fi\/?page_id=2529\">Forts\u00e4tt l\u00e4sa <span class=\"screen-reader-text\">  Bertel Lindroos begravning.<\/span><span class=\"meta-nav\">&rarr;<\/span><\/a><\/p>\n","protected":false},"author":1,"featured_media":0,"parent":1205,"menu_order":0,"comment_status":"closed","ping_status":"closed","template":"","meta":{"footnotes":""},"class_list":["post-2529","page","type-page","status-publish","hentry"],"_links":{"self":[{"href":"https:\/\/www.lassebacklund.fi\/index.php?rest_route=\/wp\/v2\/pages\/2529","targetHints":{"allow":["GET"]}}],"collection":[{"href":"https:\/\/www.lassebacklund.fi\/index.php?rest_route=\/wp\/v2\/pages"}],"about":[{"href":"https:\/\/www.lassebacklund.fi\/index.php?rest_route=\/wp\/v2\/types\/page"}],"author":[{"embeddable":true,"href":"https:\/\/www.lassebacklund.fi\/index.php?rest_route=\/wp\/v2\/users\/1"}],"replies":[{"embeddable":true,"href":"https:\/\/www.lassebacklund.fi\/index.php?rest_route=%2Fwp%2Fv2%2Fcomments&post=2529"}],"version-history":[{"count":3,"href":"https:\/\/www.lassebacklund.fi\/index.php?rest_route=\/wp\/v2\/pages\/2529\/revisions"}],"predecessor-version":[{"id":12857,"href":"https:\/\/www.lassebacklund.fi\/index.php?rest_route=\/wp\/v2\/pages\/2529\/revisions\/12857"}],"up":[{"embeddable":true,"href":"https:\/\/www.lassebacklund.fi\/index.php?rest_route=\/wp\/v2\/pages\/1205"}],"wp:attachment":[{"href":"https:\/\/www.lassebacklund.fi\/index.php?rest_route=%2Fwp%2Fv2%2Fmedia&parent=2529"}],"curies":[{"name":"wp","href":"https:\/\/api.w.org\/{rel}","templated":true}]}}