{"id":2523,"date":"2017-01-17T16:18:23","date_gmt":"2017-01-17T15:18:23","guid":{"rendered":"http:\/\/www.lassebacklund.fi\/?page_id=2523"},"modified":"2017-01-17T16:25:16","modified_gmt":"2017-01-17T15:25:16","slug":"arvid-bjorklunds-begravning","status":"publish","type":"page","link":"https:\/\/www.lassebacklund.fi\/?page_id=2523","title":{"rendered":"Arvid Bj\u00f6rklunds begravning."},"content":{"rendered":"<p><span style=\"color: #000080; font-family: Calibri; font-size: medium;\">Nekrolog i tidningen Syd-\u00d6sterbotten 9.4.1940.<\/span><\/p>\n<h3><span style=\"color: #000000; font-family: Calibri; font-size: medium;\">Krigarbegravning i Lappfj\u00e4rd.<\/span><\/h3>\n<p><span style=\"color: #000000; font-family: Calibri; font-size: medium;\">Under talrikt deltagande f\u00f6rdes senaste s\u00f6ndag stoftet efter de stupade soldaterna Arvid Bj\u00f6rklund fr\u00e5n Dagsmark och Fjalar Sandg\u00e4rds fr\u00e5n H\u00e4rkmeri till vila i hemf\u00f6rsamlingens vigda jord. Som vanligt bildade lottor och skyddsk\u00e5rister spalj\u00e9 och hedersvakt. Den sorgm\u00e4ttade och st\u00e4mningsfulla akten b\u00f6rjade med ps. \u201dJag g\u00e5r mot d\u00f6den\u201d. Jordf\u00e4stningen f\u00f6rr\u00e4ttades av prosten A. G. Rancken, som h\u00f6ll ett innerligt tal i anslutning till Uppb. 2:10 \u201dVar trofast intill d\u00f6den, s\u00e5 skall jag giva dig livets krona\u201d samt l\u00e4t de tre skovlarna mull falla, innan v\u00e4lsignelsen l\u00e4stes. Lottak\u00f6ren sj\u00f6ng under fr\u00f6ken Hulda Blombergs ledning f\u00f6r tillf\u00e4llet l\u00e4mpade s\u00e5nger, och kantor E. Erickson sj\u00f6ng s\u00e5ngen \u201dGiv\u201d av Emil Anjou.<\/span><\/p>\n<p><span style=\"color: #000000; font-family: Calibri; font-size: medium;\">Sedan anh\u00f6riga och v\u00e4nner blomsterprytt kistorna, nedlades kommunens krans av J. Lillkull och Joh. Nyquist, varvid den senare talade. Tal h\u00f6llos ocks\u00e5 av fru Veranen fr\u00e5n H\u00e4rkmeri och av S. Bj\u00f6rses som j\u00e4mte N. Molander och Hj\u00f6rdis Landg\u00e4rds nedlade skyddsk\u00e5rens och lottornas gemensamma krans, varj\u00e4mte kransar hade s\u00e4nts av Vasa distriktsstab och av distriktchefen. Ett 50-tal inbetalningar hade gjorts till fonden f\u00f6r de stupade minne i Lappfj\u00e4rd. Efter det ps. 660 sjungits, buros kistorna under tonerna av en sorgmarsch ur kyrkan och s\u00e4nktes i hj\u00e4ltegraven.<\/span><\/p>\n<p><img loading=\"lazy\" decoding=\"async\" class=\"size-full wp-image-2525 aligncenter\" src=\"http:\/\/www.lassebacklund.fi\/wp-content\/uploads\/2017\/01\/Bj\u00f6rklund-ARVID-Wilhelm.jpg\" alt=\"Bj\u00f6rklund ARVID Wilhelm\" width=\"1658\" height=\"2113\" srcset=\"https:\/\/www.lassebacklund.fi\/wp-content\/uploads\/2017\/01\/Bj\u00f6rklund-ARVID-Wilhelm.jpg 1658w, https:\/\/www.lassebacklund.fi\/wp-content\/uploads\/2017\/01\/Bj\u00f6rklund-ARVID-Wilhelm-235x300.jpg 235w, https:\/\/www.lassebacklund.fi\/wp-content\/uploads\/2017\/01\/Bj\u00f6rklund-ARVID-Wilhelm-768x979.jpg 768w, https:\/\/www.lassebacklund.fi\/wp-content\/uploads\/2017\/01\/Bj\u00f6rklund-ARVID-Wilhelm-803x1024.jpg 803w\" sizes=\"auto, (max-width: 1658px) 100vw, 1658px\" \/><\/p>\n","protected":false},"excerpt":{"rendered":"<p>Nekrolog i tidningen Syd-\u00d6sterbotten 9.4.1940. Krigarbegravning i Lappfj\u00e4rd. Under talrikt deltagande f\u00f6rdes senaste s\u00f6ndag stoftet efter de stupade soldaterna Arvid Bj\u00f6rklund fr\u00e5n Dagsmark och Fjalar Sandg\u00e4rds fr\u00e5n H\u00e4rkmeri till vila i hemf\u00f6rsamlingens vigda jord. Som vanligt bildade lottor och skyddsk\u00e5rister <a class=\"more-link\" href=\"https:\/\/www.lassebacklund.fi\/?page_id=2523\">Forts\u00e4tt l\u00e4sa <span class=\"screen-reader-text\">  Arvid Bj\u00f6rklunds begravning.<\/span><span class=\"meta-nav\">&rarr;<\/span><\/a><\/p>\n","protected":false},"author":1,"featured_media":0,"parent":1205,"menu_order":0,"comment_status":"closed","ping_status":"closed","template":"","meta":{"footnotes":""},"class_list":["post-2523","page","type-page","status-publish","hentry"],"_links":{"self":[{"href":"https:\/\/www.lassebacklund.fi\/index.php?rest_route=\/wp\/v2\/pages\/2523","targetHints":{"allow":["GET"]}}],"collection":[{"href":"https:\/\/www.lassebacklund.fi\/index.php?rest_route=\/wp\/v2\/pages"}],"about":[{"href":"https:\/\/www.lassebacklund.fi\/index.php?rest_route=\/wp\/v2\/types\/page"}],"author":[{"embeddable":true,"href":"https:\/\/www.lassebacklund.fi\/index.php?rest_route=\/wp\/v2\/users\/1"}],"replies":[{"embeddable":true,"href":"https:\/\/www.lassebacklund.fi\/index.php?rest_route=%2Fwp%2Fv2%2Fcomments&post=2523"}],"version-history":[{"count":2,"href":"https:\/\/www.lassebacklund.fi\/index.php?rest_route=\/wp\/v2\/pages\/2523\/revisions"}],"predecessor-version":[{"id":2527,"href":"https:\/\/www.lassebacklund.fi\/index.php?rest_route=\/wp\/v2\/pages\/2523\/revisions\/2527"}],"up":[{"embeddable":true,"href":"https:\/\/www.lassebacklund.fi\/index.php?rest_route=\/wp\/v2\/pages\/1205"}],"wp:attachment":[{"href":"https:\/\/www.lassebacklund.fi\/index.php?rest_route=%2Fwp%2Fv2%2Fmedia&parent=2523"}],"curies":[{"name":"wp","href":"https:\/\/api.w.org\/{rel}","templated":true}]}}