{"id":25116,"date":"2025-12-08T17:17:25","date_gmt":"2025-12-08T15:17:25","guid":{"rendered":"https:\/\/www.lassebacklund.fi\/?page_id=25116"},"modified":"2026-01-19T23:24:23","modified_gmt":"2026-01-19T21:24:23","slug":"rosenstedts-gard-pa-dagsmarkvagen-6","status":"publish","type":"page","link":"https:\/\/www.lassebacklund.fi\/?page_id=25116","title":{"rendered":"Rosenstedts g\u00e5rd p\u00e5 Dagsmarkv\u00e4gen 6"},"content":{"rendered":"<figure id=\"attachment_25115\" aria-describedby=\"caption-attachment-25115\" style=\"width: 1893px\" class=\"wp-caption alignnone\"><img loading=\"lazy\" decoding=\"async\" class=\"size-full wp-image-25115\" src=\"https:\/\/www.lassebacklund.fi\/wp-content\/uploads\/2025\/12\/6-Rosenstedt-Nilsas-2025-3.jpg\" alt=\"\" width=\"1893\" height=\"1092\" srcset=\"https:\/\/www.lassebacklund.fi\/wp-content\/uploads\/2025\/12\/6-Rosenstedt-Nilsas-2025-3.jpg 1893w, https:\/\/www.lassebacklund.fi\/wp-content\/uploads\/2025\/12\/6-Rosenstedt-Nilsas-2025-3-300x173.jpg 300w, https:\/\/www.lassebacklund.fi\/wp-content\/uploads\/2025\/12\/6-Rosenstedt-Nilsas-2025-3-1024x591.jpg 1024w, https:\/\/www.lassebacklund.fi\/wp-content\/uploads\/2025\/12\/6-Rosenstedt-Nilsas-2025-3-768x443.jpg 768w, https:\/\/www.lassebacklund.fi\/wp-content\/uploads\/2025\/12\/6-Rosenstedt-Nilsas-2025-3-1536x886.jpg 1536w\" sizes=\"auto, (max-width: 1893px) 100vw, 1893px\" \/><figcaption id=\"caption-attachment-25115\" class=\"wp-caption-text\">Den h\u00e4r g\u00e5rden \u00e4r gammal och skall enligt trov\u00e4rdiga k\u00e4llor ha blivit flyttad fr\u00e5n hemmanet Ebb i Lappfj\u00e4rd. Den skulle ha st\u00e5tt n\u00e4ra korsningen Knust\u00e5et \u2013 Finng\u00e4rdst\u00e5 d\u00e4r hemmanet fanns i tiderna. G\u00e5rden skulle ha blivit flyttad omkring 1913 d\u00e5 bondsonen Emil Rosenstedt gifte sig med Hilma Ebb fr\u00e5n Lappfj\u00e4rd. Fotot fr\u00e5n sommaren 2025 \u00e4r taget fr\u00e5n landsv\u00e4gen.<\/figcaption><\/figure>\n<p><span style=\"color: #000080;\"><strong>Sammanst\u00e4llt av Lasse Backlund i december 2025.<\/strong><\/span><\/p>\n<h2><strong>G\u00e5rdens och hemmanets historia<\/strong><\/h2>\n<p>Bondsonen Emil Rosenstedt (1893\u20131952) v\u00e4xte upp i granng\u00e5rden p\u00e5 Dagsmarkv\u00e4gen 4 och han var son till bonden och kommunalmannen <span style=\"text-decoration: underline;\">Viktor<\/span> Karlsson Rosenstedt (1872\u20131954). Sl\u00e4kten hade \u00e5r 1814 kommit till Perus fr\u00e5n Norrmark i Satakunda, d\u00e5 <a href=\"https:\/\/www.lassebacklund.fi\/?page_id=22032\">mj\u00f6lnaren Erik Rosenstedt<\/a> \u00f6vertog<a href=\"https:\/\/www.lassebacklund.fi\/?page_id=1761\"> kvarnen i Storfors<\/a>. Emils mor Wilhelmina Johansdotter (f. Lillg\u00e4ls 1870\u20131922) var fr\u00e5n &#8221;Glas&#8221; och var f\u00f6dd p\u00e5 Finng\u00e4rdst\u00e5 i Lappfj\u00e4rd. Ibland anv\u00e4nde Viktor och Wilhelmina ocks\u00e5 sl\u00e4ktnamnet P\u00e4rus. Emil hade tv\u00e5 syskon, som b\u00e5da dog unga.<\/p>\n<p><strong>\u00c5r 1896<\/strong> hade Emils f\u00f6r\u00e4ldrar Viktor och Wilhelmina f\u00e5tt lagfart p\u00e5 Viktors \u00e4rvda hemmansdel av P\u00e4rus hemman nr 32, p\u00e5 totalt 5\/96 dels mtl. \u00c4gorna fanns runt hemg\u00e5rden eller i dess n\u00e4rhet.<\/p>\n<p><strong>\u00c5r 1908<\/strong> fick Emils f\u00f6r\u00e4ldrar Viktor och Wilhelmina lagfart p\u00e5 &#8221;Glas Minas&#8221; Wilhelminas \u00e4rvda hemmansdel p\u00e5 Lillg\u00e4ls skattehemman nr 26, totalt 7\/128 dels mtl. De flesta \u00e4gorna fanns uppe i Lillm\u00e5ssen. Wilhelminas syster &#8221;Glas Lina&#8221; Carolina (1860-1926) som var gift med Viktor Lindb\u00e4ck fick ju ocks\u00e5 sina \u00e4gor placerade i Lillm\u00e5ssen, dit de ocks\u00e5 flyttade. Wilhelminas andra syster Anna Kajsa (1864-1947), som kallades &#8221;Glas Kajs&#8221; flyttade till Sunnantillv\u00e4gen och sedan till <a href=\"https:\/\/www.lassebacklund.fi\/?page_id=10912\">Bygr\u00e4nden 9<\/a>, n\u00e4ra <a href=\"https:\/\/www.lassebacklund.fi\/?page_id=1501\">Storbron.<\/a><\/p>\n<figure id=\"attachment_25120\" aria-describedby=\"caption-attachment-25120\" style=\"width: 725px\" class=\"wp-caption alignnone\"><img loading=\"lazy\" decoding=\"async\" class=\"size-full wp-image-25120\" src=\"https:\/\/www.lassebacklund.fi\/wp-content\/uploads\/2025\/12\/Hilma-o-Emil-Rosenstedt.jpg\" alt=\"\" width=\"725\" height=\"1069\" srcset=\"https:\/\/www.lassebacklund.fi\/wp-content\/uploads\/2025\/12\/Hilma-o-Emil-Rosenstedt.jpg 725w, https:\/\/www.lassebacklund.fi\/wp-content\/uploads\/2025\/12\/Hilma-o-Emil-Rosenstedt-203x300.jpg 203w, https:\/\/www.lassebacklund.fi\/wp-content\/uploads\/2025\/12\/Hilma-o-Emil-Rosenstedt-694x1024.jpg 694w\" sizes=\"auto, (max-width: 725px) 100vw, 725px\" \/><figcaption id=\"caption-attachment-25120\" class=\"wp-caption-text\">Bondsonen Emil Rosenstedt som \u00e5r 1912 gifte sig med Hilma Ebb fr\u00e5n Lappfj\u00e4rd.<\/figcaption><\/figure>\n<p><strong>\u00c5r 1912, den 27 december<\/strong> gifte sig sonen Emil Rosenstedt med bonddottern Hilma Ebb (1891\u20131986) som v\u00e4xte upp p\u00e5 Stenbacksv\u00e4gen 37 i Lappfj\u00e4rd. Mellan \u00e5ren 1913 och 1926 fick de barnen:<\/p>\n<h6>1). Emil Lennart (1913\u20131918).<\/h6>\n<h6>2). Evald <u>Hilding<\/u> (1914\u20131990).<\/h6>\n<h6>3). Ines Ingeborg (1920\u20131922).<\/h6>\n<h6>4). <u>Tor-Erik<\/u> (1923\u20131952).<\/h6>\n<h6>5). <u>Per<\/u>-Olof (1923\u20131993).<\/h6>\n<h6>6). <u>Nils<\/u> Arvid (1926\u20132005).<\/h6>\n<h6>7). <a href=\"https:\/\/www.lassebacklund.fi\/?page_id=2422\"><u>Jenny<\/u> Elisabet<\/a> (1926\u20132012).<\/h6>\n<p>&nbsp;<\/p>\n<p><strong>\u00c5r 1914<\/strong>\u00a0utbildade sig Emil Rosenstedt till skogstekniker p\u00e5 S\u00f6derkulla skogsvaktareskola och sedan fick han arbete som skogsf\u00f6rman i Lappfj\u00e4rds f\u00f6rsamlings skogar. I april 1918 blev Emil skadad i det h\u00f6gra kn\u00e4t under striderna i inb\u00f6rdeskriget vid Tammerfors och efter det kunde han inte l\u00e4ngre b\u00f6ja benet. Man kunde tro att han skulle ha haft det sv\u00e5rt att r\u00f6ra sig i skogen med rakt ben men det s\u00e4gs att unga friska m\u00e4n hade sv\u00e5rt att h\u00e5lla hans fart. Om vintrarna i djup sn\u00f6 s\u00e5 syntes det bra var Emil hade g\u00e5tt, eftersom han sl\u00e4ngde det raka benet p\u00e5 ett speciellt s\u00e4tt, s\u00e5 att det blev ett tydligt sp\u00e5r i sn\u00f6n efter honom.<\/p>\n<figure id=\"attachment_25129\" aria-describedby=\"caption-attachment-25129\" style=\"width: 2560px\" class=\"wp-caption alignnone\"><img loading=\"lazy\" decoding=\"async\" class=\"size-full wp-image-25129\" src=\"https:\/\/www.lassebacklund.fi\/wp-content\/uploads\/2025\/12\/Emil-Rosenstedt-sittande-i-skogen-scaled.jpg\" alt=\"\" width=\"2560\" height=\"1655\" srcset=\"https:\/\/www.lassebacklund.fi\/wp-content\/uploads\/2025\/12\/Emil-Rosenstedt-sittande-i-skogen-scaled.jpg 2560w, https:\/\/www.lassebacklund.fi\/wp-content\/uploads\/2025\/12\/Emil-Rosenstedt-sittande-i-skogen-300x194.jpg 300w, https:\/\/www.lassebacklund.fi\/wp-content\/uploads\/2025\/12\/Emil-Rosenstedt-sittande-i-skogen-1024x662.jpg 1024w, https:\/\/www.lassebacklund.fi\/wp-content\/uploads\/2025\/12\/Emil-Rosenstedt-sittande-i-skogen-768x497.jpg 768w, https:\/\/www.lassebacklund.fi\/wp-content\/uploads\/2025\/12\/Emil-Rosenstedt-sittande-i-skogen-1536x993.jpg 1536w, https:\/\/www.lassebacklund.fi\/wp-content\/uploads\/2025\/12\/Emil-Rosenstedt-sittande-i-skogen-2048x1324.jpg 2048w\" sizes=\"auto, (max-width: 2560px) 100vw, 2560px\" \/><figcaption id=\"caption-attachment-25129\" class=\"wp-caption-text\">Efter studietiden i S\u00f6derkulla fick Emil arbete som skogsvakt i f\u00f6rsamlingens skogar, som den tiden var stora och utspridda i hela kommunen. Fotot \u00e4r fr\u00e5n 1938 och \u00e4r tagen i Storliden nedanf\u00f6r B\u00f6tombergen. Emil sittande till h\u00f6ger.<\/figcaption><\/figure>\n<p><strong>\u00c5r 1922, den 23 december<\/strong> avled Wilhelmina Rosenstedt och vid arvsskiftet i juli 1924 \u00e4rvde sonen Emil halva hemmanet Lillg\u00e4ls, allts\u00e5 7\/256 dels mtl och halva hemmanet P\u00e4rus, n\u00e4mligen 5\/182 dels mtl. \u00c4nklingen Viktor erh\u00f6ll de andra hemmanshalvorna i giftor\u00e4tt. Vid arvsskiftet best\u00e4mdes att fadern Viktor skall erh\u00e5lla den v\u00e4stra mang\u00e5rden och sonen Emil den \u00f6stra g\u00e5rden, plus riebyggnader.<\/p>\n<p>Vid denna tid byggde Viktor en ny g\u00e5rd \u00e5t sig och den st\u00e5r fortfarande kvar p\u00e5 Dagsmarkv\u00e4gen 4. Efter kriget byggde Viktor Rosenstedt och hans andra hustru &#8221;Kalbo Hilda&#8221; en sytningsstuga \u00e5t sig p\u00e5 Dagsmarkv\u00e4gen 41, d\u00e4r de b\u00e5da bodde s\u00e5 l\u00e4nge de levde.<\/p>\n<figure id=\"attachment_2502\" aria-describedby=\"caption-attachment-2502\" style=\"width: 653px\" class=\"wp-caption alignnone\"><img loading=\"lazy\" decoding=\"async\" class=\"wp-image-2502 size-full\" src=\"https:\/\/www.lassebacklund.fi\/wp-content\/uploads\/2017\/01\/V5.jpg\" alt=\"\" width=\"653\" height=\"520\" srcset=\"https:\/\/www.lassebacklund.fi\/wp-content\/uploads\/2017\/01\/V5.jpg 653w, https:\/\/www.lassebacklund.fi\/wp-content\/uploads\/2017\/01\/V5-300x239.jpg 300w\" sizes=\"auto, (max-width: 653px) 100vw, 653px\" \/><figcaption id=\"caption-attachment-2502\" class=\"wp-caption-text\">Den h\u00e4r sytningsstugan byggde Viktor och Hilda ungef\u00e4r vid samma tid som sonen Emil byggde sin stuga nere vid Lappfj\u00e4rds \u00e5. Viktor l\u00e4r ha sagt att han skulle d\u00e5 aldrig bygga sin stuga nere vid \u00e5n, d\u00e4r det sker \u00f6versv\u00e4mningar varje \u00e5r. Viktor hade helt r\u00e4tt, det var \u00f6versv\u00e4mningar med j\u00e4mna mellanrum nere vid \u00e5n. Den h\u00e4r stugan f\u00f6rst\u00f6rdes nyligen i en brand och en ny \u00e4r uppf\u00f6rd p\u00e5 samma st\u00e4lle.<\/figcaption><\/figure>\n<figure id=\"attachment_25125\" aria-describedby=\"caption-attachment-25125\" style=\"width: 884px\" class=\"wp-caption alignnone\"><img loading=\"lazy\" decoding=\"async\" class=\"size-full wp-image-25125\" src=\"https:\/\/www.lassebacklund.fi\/wp-content\/uploads\/2025\/12\/Rosenstedts-gardar-i-Perus-pa-1930-talet-foto-Nyblin.png\" alt=\"\" width=\"884\" height=\"555\" srcset=\"https:\/\/www.lassebacklund.fi\/wp-content\/uploads\/2025\/12\/Rosenstedts-gardar-i-Perus-pa-1930-talet-foto-Nyblin.png 884w, https:\/\/www.lassebacklund.fi\/wp-content\/uploads\/2025\/12\/Rosenstedts-gardar-i-Perus-pa-1930-talet-foto-Nyblin-300x188.png 300w, https:\/\/www.lassebacklund.fi\/wp-content\/uploads\/2025\/12\/Rosenstedts-gardar-i-Perus-pa-1930-talet-foto-Nyblin-768x482.png 768w\" sizes=\"auto, (max-width: 884px) 100vw, 884px\" \/><figcaption id=\"caption-attachment-25125\" class=\"wp-caption-text\">Till v\u00e4nster Rosenstedt Viktors g\u00e5rd, som uppf\u00f6rdes omkring 1922\u00a0 och mitt i bild sonen Emils g\u00e5rd, som flyttades fr\u00e5n Lappfj\u00e4rd \u00e5r 1916. Till h\u00f6ger Tr\u00e4skviks g\u00e5rd, som inte \u00e4nnu har f\u00e5tt br\u00e4dfodring. Nyblins foto l\u00e5nat fr\u00e5n Facbook.<\/figcaption><\/figure>\n<p><strong>\u00c5r 1938<\/strong> valdes Emil till skogsf\u00f6rman f\u00f6r Lappfj\u00e4rds skogsv\u00e5rdsf\u00f6rening.<\/p>\n<p><strong>\u00c5r 1947, den 16 november<\/strong> s\u00e5lde Viktor Rosenstedt, med hustrun Hildas medgivande deras \u00e4gande hemmanshalva, best\u00e5ende av Rosenstedt 26:12, Rosenstedt 21:4 och B\u00f6le 21:28 \u00e5t sin enda son Emil Rosenstedt f\u00f6r 100\u00a0000 mark. D\u00e4rtill skulle k\u00f6parna ge livstids sytning \u00e5t Viktor och Hilda enligt ett skilt kontrakt. Sonen Emil \u00e4gde d\u00e4refter hela hemmanet.<\/p>\n<figure id=\"attachment_25134\" aria-describedby=\"caption-attachment-25134\" style=\"width: 1399px\" class=\"wp-caption alignnone\"><img loading=\"lazy\" decoding=\"async\" class=\"size-full wp-image-25134\" src=\"https:\/\/www.lassebacklund.fi\/wp-content\/uploads\/2025\/12\/Hilma-Rosenstedts-stuga-bredvid-an-i-Perus.jpg\" alt=\"\" width=\"1399\" height=\"1064\" srcset=\"https:\/\/www.lassebacklund.fi\/wp-content\/uploads\/2025\/12\/Hilma-Rosenstedts-stuga-bredvid-an-i-Perus.jpg 1399w, https:\/\/www.lassebacklund.fi\/wp-content\/uploads\/2025\/12\/Hilma-Rosenstedts-stuga-bredvid-an-i-Perus-300x228.jpg 300w, https:\/\/www.lassebacklund.fi\/wp-content\/uploads\/2025\/12\/Hilma-Rosenstedts-stuga-bredvid-an-i-Perus-1024x779.jpg 1024w, https:\/\/www.lassebacklund.fi\/wp-content\/uploads\/2025\/12\/Hilma-Rosenstedts-stuga-bredvid-an-i-Perus-768x584.jpg 768w\" sizes=\"auto, (max-width: 1399px) 100vw, 1399px\" \/><figcaption id=\"caption-attachment-25134\" class=\"wp-caption-text\">\u00c5r 1947 byggde Emil och Hilma Rosenstedt en &#8221;sytningsstuga&#8221; \u00e5t sig i B\u00f6le, nere vid Lappfj\u00e4rds \u00e5. F\u00f6ljaktligen heter l\u00e4genheten &#8221;\u00c5backa&#8221; och finns p\u00e5 Dagsmarkv\u00e4gen 23.<\/figcaption><\/figure>\n<p><strong>\u00c5r 1950, den 13 april<\/strong> s\u00e5lde Emil och Hilma Rosenstedt halva hemmanet &#8211; utom B\u00f6le l\u00e4genheten &#8211; \u00e5t sin son Nils, som skulle betala 300\u00a0000 mark i utl\u00f6sen \u00e5t systern Jenny Backlund. D\u00e4rtill skulle Nils ge livstids sytning \u00e5t f\u00f6r\u00e4ldrarna, enligt ett nytt kontrakt. Samma dag s\u00e5lde Emil och Hilma den andra halvan av hemmanet &#8211; utom B\u00f6le l\u00e4genheten &#8211; \u00e5t sonen Per Olof, som skulle betala 300\u00a0000 mark \u00e5t sin bror Hilding. D\u00e4rtill skulle Per ge livstids sytning \u00e5t sin farfar Viktor Rosenstedt, enligt ett gammalt kontrakt.<\/p>\n<p>St\u00f6rsta delen av dessa hemmansdelar har sedan s\u00e5lts ut \u00e5t utomst\u00e5ende.<\/p>\n<p><strong>\u00c5r 1952, den 26 januari<\/strong> avled Emil Rosenstedt och p\u00e5 grund av ett inb\u00f6rdes testamente fr\u00e5n oktober 1951, s\u00e5 \u00e4rvde \u00e4nkan Hilma l\u00e4genheten B\u00f6le, allts\u00e5 omr\u00e5det mellan landsv\u00e4gen och Lappfj\u00e4rds \u00e5.<\/p>\n<p><strong>\u00c5r 1968, den 27 juli<\/strong> s\u00e5lde \u00e4nkan Hilma Rosenstedt ut l\u00e4genheten B\u00f6le \u00e5t sina barn. Nils k\u00f6pte st\u00f6rsta delen och det fick namnet B\u00f6le 21:114. Per k\u00f6pte en holme nedanf\u00f6r Ragnarsvik, som fick namnet Ragnarsholmen 21:113. L\u00e4genheten d\u00e4r g\u00e5rden stod s\u00e5ldes \u00e5t barnen, forsteknikern Hilding Rosenstedt, bonden Per Rosenstedt och bondehustrun Jenny Backlund i Dagsmark och den l\u00e4genheten fick namnet \u00c5backa 21:114.<\/p>\n<h2><strong>Foton.<\/strong><\/h2>\n<figure id=\"attachment_25119\" aria-describedby=\"caption-attachment-25119\" style=\"width: 1734px\" class=\"wp-caption alignnone\"><img loading=\"lazy\" decoding=\"async\" class=\"size-full wp-image-25119\" src=\"https:\/\/www.lassebacklund.fi\/wp-content\/uploads\/2025\/12\/Emil-och-Hilma-med-barnen.jpg\" alt=\"\" width=\"1734\" height=\"987\" srcset=\"https:\/\/www.lassebacklund.fi\/wp-content\/uploads\/2025\/12\/Emil-och-Hilma-med-barnen.jpg 1734w, https:\/\/www.lassebacklund.fi\/wp-content\/uploads\/2025\/12\/Emil-och-Hilma-med-barnen-300x171.jpg 300w, https:\/\/www.lassebacklund.fi\/wp-content\/uploads\/2025\/12\/Emil-och-Hilma-med-barnen-1024x583.jpg 1024w, https:\/\/www.lassebacklund.fi\/wp-content\/uploads\/2025\/12\/Emil-och-Hilma-med-barnen-768x437.jpg 768w, https:\/\/www.lassebacklund.fi\/wp-content\/uploads\/2025\/12\/Emil-och-Hilma-med-barnen-1536x874.jpg 1536w\" sizes=\"auto, (max-width: 1734px) 100vw, 1734px\" \/><figcaption id=\"caption-attachment-25119\" class=\"wp-caption-text\">Emil och Hilda med barnen Per, Nils, Jenny och Tor-Erik ute p\u00e5 g\u00e5rdsplanen p\u00e5 1930-talet.<\/figcaption><\/figure>\n<figure id=\"attachment_25118\" aria-describedby=\"caption-attachment-25118\" style=\"width: 1825px\" class=\"wp-caption alignnone\"><img loading=\"lazy\" decoding=\"async\" class=\"size-full wp-image-25118\" src=\"https:\/\/www.lassebacklund.fi\/wp-content\/uploads\/2025\/12\/Emil-o-Hilma-med-de-4-barnen-hemma-pa-garden.jpg\" alt=\"\" width=\"1825\" height=\"1049\" srcset=\"https:\/\/www.lassebacklund.fi\/wp-content\/uploads\/2025\/12\/Emil-o-Hilma-med-de-4-barnen-hemma-pa-garden.jpg 1825w, https:\/\/www.lassebacklund.fi\/wp-content\/uploads\/2025\/12\/Emil-o-Hilma-med-de-4-barnen-hemma-pa-garden-300x172.jpg 300w, https:\/\/www.lassebacklund.fi\/wp-content\/uploads\/2025\/12\/Emil-o-Hilma-med-de-4-barnen-hemma-pa-garden-1024x589.jpg 1024w, https:\/\/www.lassebacklund.fi\/wp-content\/uploads\/2025\/12\/Emil-o-Hilma-med-de-4-barnen-hemma-pa-garden-768x441.jpg 768w, https:\/\/www.lassebacklund.fi\/wp-content\/uploads\/2025\/12\/Emil-o-Hilma-med-de-4-barnen-hemma-pa-garden-1536x883.jpg 1536w\" sizes=\"auto, (max-width: 1825px) 100vw, 1825px\" \/><figcaption id=\"caption-attachment-25118\" class=\"wp-caption-text\">Barnen Nils, Per, Tor-Erik och Jenny med f\u00f6r\u00e4ldrarna Emil och Hilma p\u00e5 b\u00e4nken.<\/figcaption><\/figure>\n<figure id=\"attachment_25124\" aria-describedby=\"caption-attachment-25124\" style=\"width: 1440px\" class=\"wp-caption alignnone\"><img loading=\"lazy\" decoding=\"async\" class=\"size-full wp-image-25124\" src=\"https:\/\/www.lassebacklund.fi\/wp-content\/uploads\/2025\/12\/Rosenstedts-gard-i-vinterbelysning-februari-2019-Gun-Maj.jpg\" alt=\"\" width=\"1440\" height=\"1080\" srcset=\"https:\/\/www.lassebacklund.fi\/wp-content\/uploads\/2025\/12\/Rosenstedts-gard-i-vinterbelysning-februari-2019-Gun-Maj.jpg 1440w, https:\/\/www.lassebacklund.fi\/wp-content\/uploads\/2025\/12\/Rosenstedts-gard-i-vinterbelysning-februari-2019-Gun-Maj-300x225.jpg 300w, https:\/\/www.lassebacklund.fi\/wp-content\/uploads\/2025\/12\/Rosenstedts-gard-i-vinterbelysning-februari-2019-Gun-Maj-1024x768.jpg 1024w, https:\/\/www.lassebacklund.fi\/wp-content\/uploads\/2025\/12\/Rosenstedts-gard-i-vinterbelysning-februari-2019-Gun-Maj-768x576.jpg 768w\" sizes=\"auto, (max-width: 1440px) 100vw, 1440px\" \/><figcaption id=\"caption-attachment-25124\" class=\"wp-caption-text\">\u00c5r 2019 fanns det rikligt med sn\u00f6 och Gun-Maj passade p\u00e5 att ta ett vackert vinterfoto av Rosenstedts g\u00e5rd.<\/figcaption><\/figure>\n<figure id=\"attachment_25126\" aria-describedby=\"caption-attachment-25126\" style=\"width: 1830px\" class=\"wp-caption alignnone\"><img loading=\"lazy\" decoding=\"async\" class=\"size-full wp-image-25126\" src=\"https:\/\/www.lassebacklund.fi\/wp-content\/uploads\/2025\/12\/Per-Nils-Tor-och-Jenny.jpg\" alt=\"\" width=\"1830\" height=\"1042\" srcset=\"https:\/\/www.lassebacklund.fi\/wp-content\/uploads\/2025\/12\/Per-Nils-Tor-och-Jenny.jpg 1830w, https:\/\/www.lassebacklund.fi\/wp-content\/uploads\/2025\/12\/Per-Nils-Tor-och-Jenny-300x171.jpg 300w, https:\/\/www.lassebacklund.fi\/wp-content\/uploads\/2025\/12\/Per-Nils-Tor-och-Jenny-1024x583.jpg 1024w, https:\/\/www.lassebacklund.fi\/wp-content\/uploads\/2025\/12\/Per-Nils-Tor-och-Jenny-768x437.jpg 768w, https:\/\/www.lassebacklund.fi\/wp-content\/uploads\/2025\/12\/Per-Nils-Tor-och-Jenny-1536x875.jpg 1536w\" sizes=\"auto, (max-width: 1830px) 100vw, 1830px\" \/><figcaption id=\"caption-attachment-25126\" class=\"wp-caption-text\">Emil och Hilma Rosenstedts barn Per, Nils, Tor och Jenny i mitten av 1930-talet.<\/figcaption><\/figure>\n<figure id=\"attachment_25138\" aria-describedby=\"caption-attachment-25138\" style=\"width: 2560px\" class=\"wp-caption alignnone\"><img loading=\"lazy\" decoding=\"async\" class=\"size-full wp-image-25138\" src=\"https:\/\/www.lassebacklund.fi\/wp-content\/uploads\/2025\/12\/Gruppfoto-pa-herrar-scaled.jpg\" alt=\"\" width=\"2560\" height=\"1597\" srcset=\"https:\/\/www.lassebacklund.fi\/wp-content\/uploads\/2025\/12\/Gruppfoto-pa-herrar-scaled.jpg 2560w, https:\/\/www.lassebacklund.fi\/wp-content\/uploads\/2025\/12\/Gruppfoto-pa-herrar-300x187.jpg 300w, https:\/\/www.lassebacklund.fi\/wp-content\/uploads\/2025\/12\/Gruppfoto-pa-herrar-1024x639.jpg 1024w, https:\/\/www.lassebacklund.fi\/wp-content\/uploads\/2025\/12\/Gruppfoto-pa-herrar-768x479.jpg 768w, https:\/\/www.lassebacklund.fi\/wp-content\/uploads\/2025\/12\/Gruppfoto-pa-herrar-1536x958.jpg 1536w, https:\/\/www.lassebacklund.fi\/wp-content\/uploads\/2025\/12\/Gruppfoto-pa-herrar-2048x1277.jpg 2048w\" sizes=\"auto, (max-width: 2560px) 100vw, 2560px\" \/><figcaption id=\"caption-attachment-25138\" class=\"wp-caption-text\">Viktor Rosenstedt var under l\u00e5ng tid aktiv kommunalpolitiker och var fullm\u00e4ktiges ordf\u00f6rande i m\u00e5nga \u00e5r. P\u00e5 fotot sitter Viktor som andra man fr\u00e5n v\u00e4nster. Till v\u00e4nster om Viktor sitter Karl Knus, p\u00e5 andra sidan kyrkoherde Rancken, lantm\u00e4tare Molander och en ok\u00e4nd. I bakre redan st\u00e5r flera ok\u00e4nda, men ocks\u00e5 k\u00e4nda s\u00e5som Emil Backlund, Eskil Ingvesg\u00e5rd, Erland Holm, Valter St\u00e5lberg, Karl Alvar Bj\u00f6rklund, Runar Porander och Emil Stenholm.<\/figcaption><\/figure>\n<p><img loading=\"lazy\" decoding=\"async\" class=\"size-full wp-image-2504\" src=\"https:\/\/www.lassebacklund.fi\/wp-content\/uploads\/2017\/01\/V7.jpg\" alt=\"\" width=\"835\" height=\"637\" srcset=\"https:\/\/www.lassebacklund.fi\/wp-content\/uploads\/2017\/01\/V7.jpg 835w, https:\/\/www.lassebacklund.fi\/wp-content\/uploads\/2017\/01\/V7-300x229.jpg 300w, https:\/\/www.lassebacklund.fi\/wp-content\/uploads\/2017\/01\/V7-768x586.jpg 768w\" sizes=\"auto, (max-width: 835px) 100vw, 835px\" \/><\/p>\n<figure id=\"attachment_25139\" aria-describedby=\"caption-attachment-25139\" style=\"width: 1850px\" class=\"wp-caption alignnone\"><img loading=\"lazy\" decoding=\"async\" class=\"size-full wp-image-25139\" src=\"https:\/\/www.lassebacklund.fi\/wp-content\/uploads\/2025\/12\/Soderkulla-skogsskola-scaled.jpg\" alt=\"\" width=\"1850\" height=\"2560\" srcset=\"https:\/\/www.lassebacklund.fi\/wp-content\/uploads\/2025\/12\/Soderkulla-skogsskola-scaled.jpg 1850w, https:\/\/www.lassebacklund.fi\/wp-content\/uploads\/2025\/12\/Soderkulla-skogsskola-217x300.jpg 217w, https:\/\/www.lassebacklund.fi\/wp-content\/uploads\/2025\/12\/Soderkulla-skogsskola-740x1024.jpg 740w, https:\/\/www.lassebacklund.fi\/wp-content\/uploads\/2025\/12\/Soderkulla-skogsskola-768x1063.jpg 768w, https:\/\/www.lassebacklund.fi\/wp-content\/uploads\/2025\/12\/Soderkulla-skogsskola-1110x1536.jpg 1110w, https:\/\/www.lassebacklund.fi\/wp-content\/uploads\/2025\/12\/Soderkulla-skogsskola-1480x2048.jpg 1480w\" sizes=\"auto, (max-width: 1850px) 100vw, 1850px\" \/><figcaption id=\"caption-attachment-25139\" class=\"wp-caption-text\">Emil Rosenstedt fick sin utbildning p\u00e5 S\u00f6derkulla skogsskola och efter det fick han arbete som skogsvakt \u00e5t f\u00f6rsamlingen och \u00e5t skogsv\u00e5rdsf\u00f6reningen.<\/figcaption><\/figure>\n","protected":false},"excerpt":{"rendered":"<p>Sammanst\u00e4llt av Lasse Backlund i december 2025. G\u00e5rdens och hemmanets historia Bondsonen Emil Rosenstedt (1893\u20131952) v\u00e4xte upp i granng\u00e5rden p\u00e5 Dagsmarkv\u00e4gen 4 och han var son till bonden och kommunalmannen Viktor Karlsson Rosenstedt (1872\u20131954). Sl\u00e4kten hade \u00e5r 1814 kommit till <a class=\"more-link\" href=\"https:\/\/www.lassebacklund.fi\/?page_id=25116\">Forts\u00e4tt l\u00e4sa <span class=\"screen-reader-text\">  Rosenstedts g\u00e5rd p\u00e5 Dagsmarkv\u00e4gen 6<\/span><span class=\"meta-nav\">&rarr;<\/span><\/a><\/p>\n","protected":false},"author":1,"featured_media":0,"parent":61,"menu_order":4,"comment_status":"closed","ping_status":"closed","template":"","meta":{"footnotes":""},"class_list":["post-25116","page","type-page","status-publish","hentry"],"_links":{"self":[{"href":"https:\/\/www.lassebacklund.fi\/index.php?rest_route=\/wp\/v2\/pages\/25116","targetHints":{"allow":["GET"]}}],"collection":[{"href":"https:\/\/www.lassebacklund.fi\/index.php?rest_route=\/wp\/v2\/pages"}],"about":[{"href":"https:\/\/www.lassebacklund.fi\/index.php?rest_route=\/wp\/v2\/types\/page"}],"author":[{"embeddable":true,"href":"https:\/\/www.lassebacklund.fi\/index.php?rest_route=\/wp\/v2\/users\/1"}],"replies":[{"embeddable":true,"href":"https:\/\/www.lassebacklund.fi\/index.php?rest_route=%2Fwp%2Fv2%2Fcomments&post=25116"}],"version-history":[{"count":15,"href":"https:\/\/www.lassebacklund.fi\/index.php?rest_route=\/wp\/v2\/pages\/25116\/revisions"}],"predecessor-version":[{"id":25492,"href":"https:\/\/www.lassebacklund.fi\/index.php?rest_route=\/wp\/v2\/pages\/25116\/revisions\/25492"}],"up":[{"embeddable":true,"href":"https:\/\/www.lassebacklund.fi\/index.php?rest_route=\/wp\/v2\/pages\/61"}],"wp:attachment":[{"href":"https:\/\/www.lassebacklund.fi\/index.php?rest_route=%2Fwp%2Fv2%2Fmedia&parent=25116"}],"curies":[{"name":"wp","href":"https:\/\/api.w.org\/{rel}","templated":true}]}}