{"id":25087,"date":"2025-11-29T00:04:45","date_gmt":"2025-11-28T22:04:45","guid":{"rendered":"https:\/\/www.lassebacklund.fi\/?page_id=25087"},"modified":"2025-11-29T00:07:05","modified_gmt":"2025-11-28T22:07:05","slug":"slaktnamn-som-borjar-pa-o-2","status":"publish","type":"page","link":"https:\/\/www.lassebacklund.fi\/?page_id=25087","title":{"rendered":"Sl\u00e4ktnamn som b\u00f6rjar p\u00e5 O"},"content":{"rendered":"<p><img loading=\"lazy\" decoding=\"async\" class=\"alignnone size-full wp-image-25084\" src=\"https:\/\/www.lassebacklund.fi\/wp-content\/uploads\/2025\/11\/Ohlgren-Aune.jpg\" alt=\"\" width=\"2393\" height=\"1361\" srcset=\"https:\/\/www.lassebacklund.fi\/wp-content\/uploads\/2025\/11\/Ohlgren-Aune.jpg 2393w, https:\/\/www.lassebacklund.fi\/wp-content\/uploads\/2025\/11\/Ohlgren-Aune-300x171.jpg 300w, https:\/\/www.lassebacklund.fi\/wp-content\/uploads\/2025\/11\/Ohlgren-Aune-1024x582.jpg 1024w, https:\/\/www.lassebacklund.fi\/wp-content\/uploads\/2025\/11\/Ohlgren-Aune-768x437.jpg 768w, https:\/\/www.lassebacklund.fi\/wp-content\/uploads\/2025\/11\/Ohlgren-Aune-1536x874.jpg 1536w, https:\/\/www.lassebacklund.fi\/wp-content\/uploads\/2025\/11\/Ohlgren-Aune-2048x1165.jpg 2048w\" sizes=\"auto, (max-width: 2393px) 100vw, 2393px\" \/> <img loading=\"lazy\" decoding=\"async\" class=\"alignnone size-full wp-image-25085\" src=\"https:\/\/www.lassebacklund.fi\/wp-content\/uploads\/2025\/11\/Ohlgren-Esko-scaled.jpg\" alt=\"\" width=\"2560\" height=\"1352\" srcset=\"https:\/\/www.lassebacklund.fi\/wp-content\/uploads\/2025\/11\/Ohlgren-Esko-scaled.jpg 2560w, https:\/\/www.lassebacklund.fi\/wp-content\/uploads\/2025\/11\/Ohlgren-Esko-300x158.jpg 300w, https:\/\/www.lassebacklund.fi\/wp-content\/uploads\/2025\/11\/Ohlgren-Esko-1024x541.jpg 1024w, https:\/\/www.lassebacklund.fi\/wp-content\/uploads\/2025\/11\/Ohlgren-Esko-768x405.jpg 768w, https:\/\/www.lassebacklund.fi\/wp-content\/uploads\/2025\/11\/Ohlgren-Esko-1536x811.jpg 1536w, https:\/\/www.lassebacklund.fi\/wp-content\/uploads\/2025\/11\/Ohlgren-Esko-2048x1081.jpg 2048w\" sizes=\"auto, (max-width: 2560px) 100vw, 2560px\" \/> <img loading=\"lazy\" decoding=\"async\" class=\"alignnone size-full wp-image-25086\" src=\"https:\/\/www.lassebacklund.fi\/wp-content\/uploads\/2025\/11\/Ohlgren-Hilkka.jpg\" alt=\"\" width=\"1702\" height=\"852\" srcset=\"https:\/\/www.lassebacklund.fi\/wp-content\/uploads\/2025\/11\/Ohlgren-Hilkka.jpg 1702w, https:\/\/www.lassebacklund.fi\/wp-content\/uploads\/2025\/11\/Ohlgren-Hilkka-300x150.jpg 300w, https:\/\/www.lassebacklund.fi\/wp-content\/uploads\/2025\/11\/Ohlgren-Hilkka-1024x513.jpg 1024w, https:\/\/www.lassebacklund.fi\/wp-content\/uploads\/2025\/11\/Ohlgren-Hilkka-768x384.jpg 768w, https:\/\/www.lassebacklund.fi\/wp-content\/uploads\/2025\/11\/Ohlgren-Hilkka-1536x769.jpg 1536w\" sizes=\"auto, (max-width: 1702px) 100vw, 1702px\" \/><\/p>\n","protected":false},"excerpt":{"rendered":"","protected":false},"author":1,"featured_media":0,"parent":27,"menu_order":15,"comment_status":"closed","ping_status":"closed","template":"","meta":{"footnotes":""},"class_list":["post-25087","page","type-page","status-publish","hentry"],"_links":{"self":[{"href":"https:\/\/www.lassebacklund.fi\/index.php?rest_route=\/wp\/v2\/pages\/25087","targetHints":{"allow":["GET"]}}],"collection":[{"href":"https:\/\/www.lassebacklund.fi\/index.php?rest_route=\/wp\/v2\/pages"}],"about":[{"href":"https:\/\/www.lassebacklund.fi\/index.php?rest_route=\/wp\/v2\/types\/page"}],"author":[{"embeddable":true,"href":"https:\/\/www.lassebacklund.fi\/index.php?rest_route=\/wp\/v2\/users\/1"}],"replies":[{"embeddable":true,"href":"https:\/\/www.lassebacklund.fi\/index.php?rest_route=%2Fwp%2Fv2%2Fcomments&post=25087"}],"version-history":[{"count":4,"href":"https:\/\/www.lassebacklund.fi\/index.php?rest_route=\/wp\/v2\/pages\/25087\/revisions"}],"predecessor-version":[{"id":25091,"href":"https:\/\/www.lassebacklund.fi\/index.php?rest_route=\/wp\/v2\/pages\/25087\/revisions\/25091"}],"up":[{"embeddable":true,"href":"https:\/\/www.lassebacklund.fi\/index.php?rest_route=\/wp\/v2\/pages\/27"}],"wp:attachment":[{"href":"https:\/\/www.lassebacklund.fi\/index.php?rest_route=%2Fwp%2Fv2%2Fmedia&parent=25087"}],"curies":[{"name":"wp","href":"https:\/\/api.w.org\/{rel}","templated":true}]}}