{"id":25,"date":"2016-07-12T21:56:57","date_gmt":"2016-07-12T19:56:57","guid":{"rendered":"http:\/\/www.lassebacklund.fi\/wp\/?page_id=25"},"modified":"2018-11-07T18:31:28","modified_gmt":"2018-11-07T17:31:28","slug":"tidningsurklipp","status":"publish","type":"page","link":"https:\/\/www.lassebacklund.fi\/?page_id=25","title":{"rendered":"Tidningsurklipp"},"content":{"rendered":"<div id=\"txt_254\">\n<p class=\"Wp-Normal-P\"><span class=\"Normal-C\">H\u00e4r finns samlade \u00e4ldre och nyare tidningsurklipp i olika kategorier fr\u00e5n v\u00e5r region. Klicka p\u00e5 knapparna h\u00e4r under f\u00f6r att v\u00e4lja r\u00e4tt \u00e5rtionde!<\/span><\/p>\n<h6 class=\"Wp-Normal-P\"><a class=\"fasc-button fasc-size-medium fasc-type-glossy fasc-rounded-medium\" style=\"background-color: #33809e; color: #ffffff;\" href=\"http:\/\/www.lassebacklund.fi\/?page_id=6599\">1850-talet<\/a><\/h6>\n<h6 class=\"Wp-Normal-P\"><a class=\"fasc-button fasc-size-medium fasc-type-glossy fasc-rounded-medium\" style=\"background-color: #33809e; color: #ffffff;\" href=\"http:\/\/www.lassebacklund.fi\/?page_id=6610\">1860-talet<\/a><\/h6>\n<p><a class=\"fasc-button fasc-size-medium fasc-type-glossy fasc-rounded-medium\" style=\"background-color: #33809e; color: #ffffff;\" href=\"http:\/\/www.lassebacklund.fi\/?page_id=8333\">1880-talet<\/a><\/p>\n<p><a class=\"fasc-button fasc-size-medium fasc-type-glossy fasc-rounded-medium\" style=\"background-color: #33809e; color: #ffffff;\" href=\"http:\/\/www.lassebacklund.fi\/?page_id=8287\">1890-talet<\/a><\/p>\n<h6 class=\"Wp-Normal-P\"><a class=\"fasc-button fasc-size-medium fasc-type-glossy fasc-rounded-medium\" style=\"background-color: #33809e; color: #ffffff;\" href=\"http:\/\/www.lassebacklund.fi\/?page_id=3729\">Fr\u00e5n seklets b\u00f6rjan<\/a><\/h6>\n<h6 class=\"Wp-Normal-P\"><a class=\"fasc-button fasc-size-medium fasc-type-glossy fasc-rounded-medium\" style=\"background-color: #33809e; color: #ffffff;\" href=\"http:\/\/www.lassebacklund.fi\/?page_id=3732\">1910-talet<\/a><\/h6>\n<p><a class=\"fasc-button fasc-size-medium fasc-type-glossy fasc-rounded-medium\" style=\"background-color: #33809e; color: #ffffff;\" href=\"http:\/\/www.lassebacklund.fi\/?page_id=7430\">1920-talet<\/a><\/p>\n<p><a class=\"fasc-button fasc-size-medium fasc-type-glossy fasc-rounded-medium\" style=\"background-color: #33809e; color: #ffffff;\" href=\"http:\/\/www.lassebacklund.fi\/?page_id=8994\">1930-talet<\/a><\/p>\n<h6 class=\"Wp-Normal-P\">&nbsp;<\/h6>\n<p><a class=\"fasc-button fasc-size-medium fasc-type-glossy fasc-rounded-medium\" style=\"background-color: #33809e; color: #ffffff;\" href=\"http:\/\/www.lassebacklund.fi\/?page_id=7136\">1940-talet<\/a><\/p>\n<p><a class=\"fasc-button fasc-size-medium fasc-type-glossy fasc-rounded-medium\" style=\"background-color: #33809e; color: #ffffff;\" href=\"http:\/\/www.lassebacklund.fi\/?page_id=8838\">1950-talet<\/a><\/p>\n<\/div>\n","protected":false},"excerpt":{"rendered":"<p>H\u00e4r finns samlade \u00e4ldre och nyare tidningsurklipp i olika kategorier fr\u00e5n v\u00e5r region. Klicka p\u00e5 knapparna h\u00e4r under f\u00f6r att v\u00e4lja r\u00e4tt \u00e5rtionde! 1850-talet 1860-talet 1880-talet 1890-talet Fr\u00e5n seklets b\u00f6rjan 1910-talet 1920-talet 1930-talet &nbsp; 1940-talet 1950-talet<\/p>\n","protected":false},"author":1,"featured_media":0,"parent":13,"menu_order":0,"comment_status":"closed","ping_status":"closed","template":"","meta":{"footnotes":""},"class_list":["post-25","page","type-page","status-publish","hentry"],"_links":{"self":[{"href":"https:\/\/www.lassebacklund.fi\/index.php?rest_route=\/wp\/v2\/pages\/25","targetHints":{"allow":["GET"]}}],"collection":[{"href":"https:\/\/www.lassebacklund.fi\/index.php?rest_route=\/wp\/v2\/pages"}],"about":[{"href":"https:\/\/www.lassebacklund.fi\/index.php?rest_route=\/wp\/v2\/types\/page"}],"author":[{"embeddable":true,"href":"https:\/\/www.lassebacklund.fi\/index.php?rest_route=\/wp\/v2\/users\/1"}],"replies":[{"embeddable":true,"href":"https:\/\/www.lassebacklund.fi\/index.php?rest_route=%2Fwp%2Fv2%2Fcomments&post=25"}],"version-history":[{"count":20,"href":"https:\/\/www.lassebacklund.fi\/index.php?rest_route=\/wp\/v2\/pages\/25\/revisions"}],"predecessor-version":[{"id":10357,"href":"https:\/\/www.lassebacklund.fi\/index.php?rest_route=\/wp\/v2\/pages\/25\/revisions\/10357"}],"up":[{"embeddable":true,"href":"https:\/\/www.lassebacklund.fi\/index.php?rest_route=\/wp\/v2\/pages\/13"}],"wp:attachment":[{"href":"https:\/\/www.lassebacklund.fi\/index.php?rest_route=%2Fwp%2Fv2%2Fmedia&parent=25"}],"curies":[{"name":"wp","href":"https:\/\/api.w.org\/{rel}","templated":true}]}}