{"id":24953,"date":"2025-10-24T23:50:50","date_gmt":"2025-10-24T20:50:50","guid":{"rendered":"https:\/\/www.lassebacklund.fi\/?page_id=24953"},"modified":"2025-10-24T23:50:50","modified_gmt":"2025-10-24T20:50:50","slug":"josef-och-marias-kopebrev-fran-1904","status":"publish","type":"page","link":"https:\/\/www.lassebacklund.fi\/?page_id=24953","title":{"rendered":"Josef och Marias k\u00f6pebrev fr\u00e5n 1904"},"content":{"rendered":"<h4><span style=\"color: #000080;\"><em><strong>K\u00f6pebrev.<\/strong><\/em><\/span><\/h4>\n<p><strong><span style=\"color: #000080;\"><em>H\u00e4rmedelst f\u00f6rs\u00e4lja vi Anders Johansson L\u00e5ng och hustru Maria Mathilda Josefsdotter till inhysesmannen Josef Henrik Karlsson Lillkull och dennes hustru Maria Adelina Josefsdotter v\u00e5rt \u00e4gande ett trettiosj\u00e4ttedels (1\/36) mantal av L\u00e5ng skattehemman Nr 4 i Dagsmark by av Lappfj\u00e4rd socken emot en \u00f6verenskommen k\u00f6pesumma stor fyratusenetthundra (4\u00a0100) mark finskt guldmynt, vilken k\u00f6pesumma genom denna dag utf\u00e4rdad skuldsedel \u00e4r till fullo betald och kvitteras.<\/em><\/span><\/strong><\/p>\n<p><strong><span style=\"color: #000080;\"><em>Hemmanet f\u00e5r nu genast tilltr\u00e4das, s\u00e5dant det nu befinnes, till jord, hus, skog och h\u00e4gnader, hvarj\u00e4mte k\u00f6parena, som nu bekomma v\u00e5ra \u00e5tkomsthandlingar till l\u00e4genheten, ansvara f\u00f6r alla dess utskylder och besv\u00e4r fr\u00e5n denna dag.<\/em><\/span><\/strong><\/p>\n<p><strong><span style=\"color: #000080;\"><em>I \u00f6vrigt \u00e4r \u00f6verenskommet att folkskoll\u00e4raren J. J. Wadstr\u00f6m, som genom k\u00f6peavhandling fr\u00e5n ovanber\u00f6rda hemman tillhandlat sig ett Myran ben\u00e4mnt jordomr\u00e5de om ungef\u00e4r ett tunnlands och sju kapplands areal, \u00e4ger r\u00e4tt att i beh\u00f6rig ordning parcellera sagda jordomr\u00e5de.<\/em><\/span><\/strong><\/p>\n<p><strong><span style=\"color: #000080;\"><em>Dagsmark den 31 mars 1904.<\/em><\/span><\/strong><\/p>\n<p><strong><span style=\"color: #000080;\"><em>Anders Johansson L\u00e5ng (bom) \u00a0\u00a0\u00a0\u00a0\u00a0\u00a0\u00a0\u00a0\u00a0Maria Mathilda L\u00e5ng (bom<\/em><em>)<\/em><\/span><\/strong><\/p>\n","protected":false},"excerpt":{"rendered":"<p>K\u00f6pebrev. H\u00e4rmedelst f\u00f6rs\u00e4lja vi Anders Johansson L\u00e5ng och hustru Maria Mathilda Josefsdotter till inhysesmannen Josef Henrik Karlsson Lillkull och dennes hustru Maria Adelina Josefsdotter v\u00e5rt \u00e4gande ett trettiosj\u00e4ttedels (1\/36) mantal av L\u00e5ng skattehemman Nr 4 i Dagsmark by av Lappfj\u00e4rd <a class=\"more-link\" href=\"https:\/\/www.lassebacklund.fi\/?page_id=24953\">Forts\u00e4tt l\u00e4sa <span class=\"screen-reader-text\">  Josef och Marias k\u00f6pebrev fr\u00e5n 1904<\/span><span class=\"meta-nav\">&rarr;<\/span><\/a><\/p>\n","protected":false},"author":1,"featured_media":0,"parent":2422,"menu_order":110,"comment_status":"closed","ping_status":"closed","template":"","meta":{"footnotes":""},"class_list":["post-24953","page","type-page","status-publish","hentry"],"_links":{"self":[{"href":"https:\/\/www.lassebacklund.fi\/index.php?rest_route=\/wp\/v2\/pages\/24953","targetHints":{"allow":["GET"]}}],"collection":[{"href":"https:\/\/www.lassebacklund.fi\/index.php?rest_route=\/wp\/v2\/pages"}],"about":[{"href":"https:\/\/www.lassebacklund.fi\/index.php?rest_route=\/wp\/v2\/types\/page"}],"author":[{"embeddable":true,"href":"https:\/\/www.lassebacklund.fi\/index.php?rest_route=\/wp\/v2\/users\/1"}],"replies":[{"embeddable":true,"href":"https:\/\/www.lassebacklund.fi\/index.php?rest_route=%2Fwp%2Fv2%2Fcomments&post=24953"}],"version-history":[{"count":1,"href":"https:\/\/www.lassebacklund.fi\/index.php?rest_route=\/wp\/v2\/pages\/24953\/revisions"}],"predecessor-version":[{"id":24954,"href":"https:\/\/www.lassebacklund.fi\/index.php?rest_route=\/wp\/v2\/pages\/24953\/revisions\/24954"}],"up":[{"embeddable":true,"href":"https:\/\/www.lassebacklund.fi\/index.php?rest_route=\/wp\/v2\/pages\/2422"}],"wp:attachment":[{"href":"https:\/\/www.lassebacklund.fi\/index.php?rest_route=%2Fwp%2Fv2%2Fmedia&parent=24953"}],"curies":[{"name":"wp","href":"https:\/\/api.w.org\/{rel}","templated":true}]}}