{"id":24951,"date":"2025-10-24T23:44:01","date_gmt":"2025-10-24T20:44:01","guid":{"rendered":"https:\/\/www.lassebacklund.fi\/?page_id=24951"},"modified":"2025-10-24T23:44:01","modified_gmt":"2025-10-24T20:44:01","slug":"josef-och-marias-sytningskontrakt-med-emil-och-ida","status":"publish","type":"page","link":"https:\/\/www.lassebacklund.fi\/?page_id=24951","title":{"rendered":"Josef och Marias sytningskontrakt med Emil och Ida"},"content":{"rendered":"<p><strong>S\u00e5 h\u00e4r lyder sytningskontraktet fr\u00e5n 23 feb 1917:<\/strong><\/p>\n<p><strong><span style=\"color: #000080;\"><em>\u201dVi, Josef och Maria Backlund som genom k\u00f6pebrev av 3 februari 1917 enligt villkor som i \u00f6vrigt finnes d\u00e4ri upptagna \u00e5t v\u00e5r son Emil Backlund och hans hustru Ida Vilhelmina Henriksdotter f\u00f6rs\u00e5lt v\u00e5rt \u00e4gande Backlund 1\/36 mantals skattehemman N:o 4 i Dagsmark by av Lappfj\u00e4rd socken hava till livstidssytning fr\u00e5n hemmanet \u00e5t oss f\u00f6rbeh\u00e5llit nedann\u00e4mnda f\u00f6rm\u00e5ner och persedlar:<\/em><\/span><\/strong><\/p>\n<p><strong><span style=\"color: #000080;\"><em>Undantaga vi oss h\u00e4lften utav alla v\u00e5ra hus, s\u00e5 boningsbyggnader som uthus och tomt var denne befinner sig och ett potatisland omkring 4 kapland n\u00e4ra till boningsbyggnaden och ett tunnland i Axel S\u00f6derholms r\u00e5, var han nu bor och f\u00f6rbeh\u00e5ller oss r\u00e4tt att utan hemmans\u00e4garens vidare lov parcellera sagda jordomr\u00e5de i fall vi s\u00e5 \u00f6nskar.<\/em><\/span><\/strong><\/p>\n<p><strong><span style=\"color: #000080;\"><em>Jord\u00e4garen \u00e5ligger att varje \u00e5r senast den 15 oktober till oss l\u00e4mna av \u00e5rets gr\u00f6da 5 hektoliter r\u00e5g, 5 hektoliter korn och 2 hektoliter havre. 14 skrindar gott och v\u00e4lb\u00e4rgat lindh\u00f6, 250 kg i varje skrind. 2 band r\u00e5ghalm, 2 skrindar kornhalm, en halv hektoliter salt, 2 fj\u00e4rdingar f\u00e4rsk str\u00f6mming, ett par skor \u00e5t oss vardera, 8 famnar torr blandved och 25 kilogram n\u00f6tk\u00f6tt. J\u00e4mte kreaturbete tillsammans med bondens kreatur och h\u00e4st till alla n\u00f6diga behov.<\/em><\/span><\/strong><\/p>\n<p><strong><span style=\"color: #000080;\"><em>N\u00e4r endera av oss avlider minskas sytningen i s\u00e4d med 1 hektoliter r\u00e5g, 1 hektoliter korn och 4 skrindar h\u00f6. Det \u00f6vriga utg\u00e5r of\u00f6r\u00e4ndrat.<\/em><\/span><\/strong><\/p>\n<p><strong><span style=\"color: #000080;\"><em>Dagsmark den 23 februari 1917.<\/em><\/span><\/strong><\/p>\n<p><strong><span style=\"color: #000080;\"><em>Undertecknat av b\u00e5de Josef och Maria p\u00e5 ena sidan och Emil och Ida p\u00e5 den andra. Bevittnat av Johan Lillkull och Erik Johan Ekberg.\u201d<\/em><\/span><\/strong><\/p>\n","protected":false},"excerpt":{"rendered":"<p>S\u00e5 h\u00e4r lyder sytningskontraktet fr\u00e5n 23 feb 1917: \u201dVi, Josef och Maria Backlund som genom k\u00f6pebrev av 3 februari 1917 enligt villkor som i \u00f6vrigt finnes d\u00e4ri upptagna \u00e5t v\u00e5r son Emil Backlund och hans hustru Ida Vilhelmina Henriksdotter f\u00f6rs\u00e5lt <a class=\"more-link\" href=\"https:\/\/www.lassebacklund.fi\/?page_id=24951\">Forts\u00e4tt l\u00e4sa <span class=\"screen-reader-text\">  Josef och Marias sytningskontrakt med Emil och Ida<\/span><span class=\"meta-nav\">&rarr;<\/span><\/a><\/p>\n","protected":false},"author":1,"featured_media":0,"parent":2422,"menu_order":100,"comment_status":"closed","ping_status":"closed","template":"","meta":{"footnotes":""},"class_list":["post-24951","page","type-page","status-publish","hentry"],"_links":{"self":[{"href":"https:\/\/www.lassebacklund.fi\/index.php?rest_route=\/wp\/v2\/pages\/24951","targetHints":{"allow":["GET"]}}],"collection":[{"href":"https:\/\/www.lassebacklund.fi\/index.php?rest_route=\/wp\/v2\/pages"}],"about":[{"href":"https:\/\/www.lassebacklund.fi\/index.php?rest_route=\/wp\/v2\/types\/page"}],"author":[{"embeddable":true,"href":"https:\/\/www.lassebacklund.fi\/index.php?rest_route=\/wp\/v2\/users\/1"}],"replies":[{"embeddable":true,"href":"https:\/\/www.lassebacklund.fi\/index.php?rest_route=%2Fwp%2Fv2%2Fcomments&post=24951"}],"version-history":[{"count":1,"href":"https:\/\/www.lassebacklund.fi\/index.php?rest_route=\/wp\/v2\/pages\/24951\/revisions"}],"predecessor-version":[{"id":24952,"href":"https:\/\/www.lassebacklund.fi\/index.php?rest_route=\/wp\/v2\/pages\/24951\/revisions\/24952"}],"up":[{"embeddable":true,"href":"https:\/\/www.lassebacklund.fi\/index.php?rest_route=\/wp\/v2\/pages\/2422"}],"wp:attachment":[{"href":"https:\/\/www.lassebacklund.fi\/index.php?rest_route=%2Fwp%2Fv2%2Fmedia&parent=24951"}],"curies":[{"name":"wp","href":"https:\/\/api.w.org\/{rel}","templated":true}]}}