{"id":24894,"date":"2025-10-20T18:53:48","date_gmt":"2025-10-20T15:53:48","guid":{"rendered":"https:\/\/www.lassebacklund.fi\/?page_id=24894"},"modified":"2025-10-20T18:53:48","modified_gmt":"2025-10-20T15:53:48","slug":"historien-om-koll-erk","status":"publish","type":"page","link":"https:\/\/www.lassebacklund.fi\/?page_id=24894","title":{"rendered":"Historien om Koll Erk"},"content":{"rendered":"<p><span style=\"color: #000080;\"><strong>Denna ber\u00e4ttelse \u00e4r gjord av Wilhelm Jansson och texten \u00e4r lite moderniserad men ingenting v\u00e4sentligt har \u00e4ndrats:<\/strong><\/span><\/p>\n<p>Erik Mattsson Storkull var f\u00f6dd 8 mars 1773 och han var son till Matts Mattsson Storkull (1732\u20131807) och Anna Karin Larsdotter Klemets (1741\u20131800). Erik var gift med Caisa Henricsdotter Br\u00e4nn (1772\u20131833) och mera uppgifter om honom och hans sl\u00e4kt finns i Storkulls sl\u00e4ktutredning, tabell 1.<\/p>\n<p>Erik och Caisa fick fem barn:<\/p>\n<p>-Henric (f.1798)<\/p>\n<p>-Eric (f.1801)<\/p>\n<p>-Josef (f.1804)<\/p>\n<p>-Anna Caisa (f.1807)<\/p>\n<p>-Maja Greta (f.1810)<\/p>\n<p>\u201dG\u00e5nge Rolf\u201d, som p\u00e5 riktigt hette Emil Wichmann skrev en g\u00e5ng en artikel i Vasabladet under rubriken \u201dMinnen fr\u00e5n 1808 \u00e5rs krig\u201d s\u00e5 h\u00e4r om Koll Erk:<\/p>\n<p>Bonden Erik Storkull eller Koll Erk fr\u00e5n Dagsmark var liten till v\u00e4xten, l\u00e5ghalt men hurtig och arbetsam. Medan han letade efter sina \u201dkuddor\u201d i skogen, greps han i h\u00e5ret av en rysk kosack, som tvingade honom att l\u00f6pa bredvid hans h\u00e4st. Men Erk r\u00e5kade hitta en p\u00e5k p\u00e5 v\u00e4gen och med den slog han till kosacken s\u00e5 v\u00e4ldigt att \u201dhans strupe br\u00f6ts och huvudet h\u00e4ngde mot sadeln\u201d. Erk tog h\u00e4sten som byte.<\/p>\n<p>P\u00e5 gamla dar fick Erk samvetskval och gick till pastor Lagus f\u00f6r att s\u00f6ka tr\u00f6st. Pastorn yttrade d\u00e5, att Erks liv hade varit i kivsfara, varf\u00f6r han ej vidare beh\u00f6vde s\u00f6rja \u00f6ver vad han hade gjort i n\u00f6dv\u00e4rn. Erk blev d\u00e5 lugn till sinnes igen. \u201dJag slog honom\u201d brukade Erk s\u00e4ga \u201dmed en vedtrodo, s\u00e5 huvudet kl\u00f6vs p\u00e5 honom\u201d.<\/p>\n<p>Koll Erk ber\u00e4ttas ocks\u00e5 p\u00e5 F\u00e4jsacks order i Lappfj\u00e4rd tagit reda p\u00e5 ryssarnas kanoner mot villkor att hans hemman skulle bli skattefritt. Han fick F\u00e4jsacks intyg d\u00e4rp\u00e5 men efter freden v\u00e5gade han inte visa det, utan br\u00e4nde upp det.<\/p>\n<p>S\u00e5 l\u00e5ngt G\u00e5nge Rolf.<\/p>\n<p>F\u00e4jsack \u00e4r allts\u00e5 general von Vegesack, som ledde de svenska trupperna vid slaget i Lappfj\u00e4rd.<\/p>\n<p>Vidare kan s\u00e4gas att Koll Erk ocks\u00e5 anv\u00e4nde alkohol, eftersom han \u00e5r 1824 pliktade f\u00f6r fylleri och svordom. \u00c5r 1831 pliktade han f\u00f6r andra resans fylleri och svordom av elak ovana.<\/p>\n<p>Koll Erks son med samma namn var f\u00f6dd \u00e5r 1801 och gifte sig med Brita Lena Ericsdotter L\u00e5ng (f.1804). Mellan \u00e5ren 1825 och 1933 fick de fyra barn. Han var bonde p\u00e5 7\/96 dels mtl av Storkull men han pliktade flera g\u00e5nger f\u00f6r fylleri. Det s\u00e4gs att hustrun Brita Lena brukade binda hans h\u00e4nder bakp\u00e5 ryggen och skuffade honom under bordet, f\u00f6r att d\u00e4r sova ruset av sig.<\/p>\n<p>Det s\u00e4gs ocks\u00e5 att han \u201ds\u00f6p upp hemmanet\u201d, \u00e5tminstone tvingades han s\u00e4lja det \u00e5r 1840.<\/p>\n","protected":false},"excerpt":{"rendered":"<p>Denna ber\u00e4ttelse \u00e4r gjord av Wilhelm Jansson och texten \u00e4r lite moderniserad men ingenting v\u00e4sentligt har \u00e4ndrats: Erik Mattsson Storkull var f\u00f6dd 8 mars 1773 och han var son till Matts Mattsson Storkull (1732\u20131807) och Anna Karin Larsdotter Klemets (1741\u20131800). <a class=\"more-link\" href=\"https:\/\/www.lassebacklund.fi\/?page_id=24894\">Forts\u00e4tt l\u00e4sa <span class=\"screen-reader-text\">  Historien om Koll Erk<\/span><span class=\"meta-nav\">&rarr;<\/span><\/a><\/p>\n","protected":false},"author":1,"featured_media":0,"parent":1227,"menu_order":10,"comment_status":"closed","ping_status":"closed","template":"","meta":{"footnotes":""},"class_list":["post-24894","page","type-page","status-publish","hentry"],"_links":{"self":[{"href":"https:\/\/www.lassebacklund.fi\/index.php?rest_route=\/wp\/v2\/pages\/24894","targetHints":{"allow":["GET"]}}],"collection":[{"href":"https:\/\/www.lassebacklund.fi\/index.php?rest_route=\/wp\/v2\/pages"}],"about":[{"href":"https:\/\/www.lassebacklund.fi\/index.php?rest_route=\/wp\/v2\/types\/page"}],"author":[{"embeddable":true,"href":"https:\/\/www.lassebacklund.fi\/index.php?rest_route=\/wp\/v2\/users\/1"}],"replies":[{"embeddable":true,"href":"https:\/\/www.lassebacklund.fi\/index.php?rest_route=%2Fwp%2Fv2%2Fcomments&post=24894"}],"version-history":[{"count":1,"href":"https:\/\/www.lassebacklund.fi\/index.php?rest_route=\/wp\/v2\/pages\/24894\/revisions"}],"predecessor-version":[{"id":24895,"href":"https:\/\/www.lassebacklund.fi\/index.php?rest_route=\/wp\/v2\/pages\/24894\/revisions\/24895"}],"up":[{"embeddable":true,"href":"https:\/\/www.lassebacklund.fi\/index.php?rest_route=\/wp\/v2\/pages\/1227"}],"wp:attachment":[{"href":"https:\/\/www.lassebacklund.fi\/index.php?rest_route=%2Fwp%2Fv2%2Fmedia&parent=24894"}],"curies":[{"name":"wp","href":"https:\/\/api.w.org\/{rel}","templated":true}]}}