{"id":24837,"date":"2025-10-17T18:53:54","date_gmt":"2025-10-17T15:53:54","guid":{"rendered":"https:\/\/www.lassebacklund.fi\/?page_id=24837"},"modified":"2026-03-24T21:39:42","modified_gmt":"2026-03-24T19:39:42","slug":"sjoholms-gard-pa-korsbackvagen-306-i-lillsjo","status":"publish","type":"page","link":"https:\/\/www.lassebacklund.fi\/?page_id=24837","title":{"rendered":"Sj\u00f6holms g\u00e5rd p\u00e5 Korsb\u00e4ckv\u00e4gen 306 i Lillsj\u00f6"},"content":{"rendered":"<figure id=\"attachment_24834\" aria-describedby=\"caption-attachment-24834\" style=\"width: 1450px\" class=\"wp-caption alignnone\"><img loading=\"lazy\" decoding=\"async\" class=\"size-full wp-image-24834\" src=\"https:\/\/www.lassebacklund.fi\/wp-content\/uploads\/2025\/10\/IMG_2229-kopia.jpg\" alt=\"\" width=\"1450\" height=\"1088\" srcset=\"https:\/\/www.lassebacklund.fi\/wp-content\/uploads\/2025\/10\/IMG_2229-kopia.jpg 1450w, https:\/\/www.lassebacklund.fi\/wp-content\/uploads\/2025\/10\/IMG_2229-kopia-300x225.jpg 300w, https:\/\/www.lassebacklund.fi\/wp-content\/uploads\/2025\/10\/IMG_2229-kopia-1024x768.jpg 1024w, https:\/\/www.lassebacklund.fi\/wp-content\/uploads\/2025\/10\/IMG_2229-kopia-768x576.jpg 768w\" sizes=\"auto, (max-width: 1450px) 100vw, 1450px\" \/><figcaption id=\"caption-attachment-24834\" class=\"wp-caption-text\">Den h\u00e4r g\u00e5rden p\u00e5 Korsb\u00e4ckv\u00e4gen 306 byggdes \u00e5r 1961 av bonden Runar Sj\u00f6holm. Efter Runars d\u00f6d \u00e5r 2001 s\u00e5ldes den \u00e5t diamantborraren Haaranoja fr\u00e5n B\u00f6tom, som genomf\u00f6rde en total renovering av g\u00e5rden och den tillbyggdes p\u00e5 samma g\u00e5ng. Haaranoja s\u00e5lde \u00e5r 2008 g\u00e5rden \u00e5t Jenna och Toni Puputti, ocks\u00e5 de fr\u00e5n B\u00f6tom. Puputti i sin tur s\u00e5lde g\u00e5rden \u00e5t de nuvarande \u00e4garna \u00e5r 2021 och de anv\u00e4nder den som stadigvarande bostad. Tomten \u00e4r n\u00e4rmare 8 000 kvm stor. Fotot taget fr\u00e5n norr sommaren 2025.<\/figcaption><\/figure>\n<p><span style=\"color: #000080;\"><strong>Sammanst\u00e4llt av Lasse Backlund i oktober 2025. Uppgifterna \u00e4r tagna ur mantalsl\u00e4ngderna och ur lagfarterna. Philip och Fanny har bidragit med flera foton och viktig information. Eva Gr\u00f6nlund har hj\u00e4lpt till reda ut Johan Viktor Sj\u00f6holm och hans liv i Amerika.<\/strong><\/span><\/p>\n<h2><strong>G\u00e5rdens och hemmanets historia<\/strong><\/h2>\n<p>Torparen Karl Erik Lillsj\u00f6 (1853\u20131929) f\u00f6ddes i ett litet torp i Lillsj\u00f6 p\u00e5 Berg\u00e5ssidan. \u00c5r 1877 gifte han sig med Maja Lena Lillkull (1851\u20131923) och mellan \u00e5ren 1878 och 1892 fick de tre s\u00f6ner. De antog senare sl\u00e4ktnamnet Sj\u00f6holm.<\/p>\n<p>Deras torp l\u00e5g p\u00e5 historisk mark eftersom det i n\u00e4rheten, p\u00e5 den s\u00e5 kallade \u201dKaal Erikasbackan\u201d, bodde folk redan p\u00e5 sten\u00e5ldern f\u00f6r mer \u00e4n 4 000 \u00e5r sedan och m\u00e5nga fina fynd har gjorts d\u00e4r. Av n\u00e5gon anledning s\u00e5 kallar korsb\u00e4ckborna det h\u00e4r omr\u00e5det &#8221;Nystad&#8221; som inte skall f\u00f6rv\u00e4xlas med ett annat &#8221;Nystad&#8221; vid Ris\u00e5sv\u00e4gen.<\/p>\n<p><strong>\u00c5r 1901, den 9 april<\/strong> k\u00f6pte Karl Erik och Maja Lena Lillsj\u00f6 ett Lillkull hemman p\u00e5 1\/24 dels mtl p\u00e5 frivillig auktion nere i Dagsmark. K\u00f6peskillingen utgjorde 3 790 mark och f\u00f6r att finansiera k\u00f6pet l\u00e5nade de 2 790 mark av bonden Josef Andersson Korsb\u00e4ck. S\u00e4ljare var bondehustrun Maria Maja Gretasdotter Lillkull i Dagsmark och hennes man Josef Henrik Lillkull, som vistades i Amerika. Hemmanets marker var utspridda runt hela byn och boningshuset stod i Kiaskroken, nordost om Vikfors nuvarande g\u00e5rd. P\u00e5 hemmanet fanns tre torp, vars innehavare bibeh\u00f6ll sina gamla kontrakt. S\u00e4ljarna hade f\u00f6rv\u00e4rvat detta hemman \u00e5r 1898, s\u00e5 de s\u00e5lde det vidare ganska snabbt.<\/p>\n<figure id=\"attachment_24836\" aria-describedby=\"caption-attachment-24836\" style=\"width: 605px\" class=\"wp-caption alignnone\"><img loading=\"lazy\" decoding=\"async\" class=\"size-full wp-image-24836\" src=\"https:\/\/www.lassebacklund.fi\/wp-content\/uploads\/2025\/10\/Sjoholms-hemman.jpg\" alt=\"\" width=\"605\" height=\"517\" srcset=\"https:\/\/www.lassebacklund.fi\/wp-content\/uploads\/2025\/10\/Sjoholms-hemman.jpg 605w, https:\/\/www.lassebacklund.fi\/wp-content\/uploads\/2025\/10\/Sjoholms-hemman-300x256.jpg 300w\" sizes=\"auto, (max-width: 605px) 100vw, 605px\" \/><figcaption id=\"caption-attachment-24836\" class=\"wp-caption-text\">P\u00e5 storskifteskartan fr\u00e5n 1900\u20131912 syns det bra att Sj\u00f6holms nya hemman \u00e4r v\u00e4l samlat i ett skifte och att det ligger vackert p\u00e5 Lillsj\u00f6ns v\u00e4stra strand. Det gamla torpet ligger p\u00e5 den r\u00f6da figuren mitt p\u00e5 kartan. Det nya Lillkull hemmanet, som tidigare hette \u201dGammelg\u00e5rd\u201d var p\u00e5 totalt 52 ha, varav 30 ha var skog p\u00e5 Berg\u00e5sen.<\/figcaption><\/figure>\n<p><strong>Vid storskiftet 1900\u20131912<\/strong> fick de hemmanet utflyttat till Karl Eriks hemtrakter i Lillsj\u00f6 p\u00e5 Berg\u00e5ssidan. Omkring \u00e5r 1905-1910 flyttade de boningshuset fr\u00e5n Kiaskroken upp till Berg\u00e5sen. G\u00e5rden uppf\u00f6rdes s\u00f6der om det gamla torpet med utsikt \u00f6ver Lillsj\u00f6n, som l\u00e5g nedanf\u00f6r g\u00e5rden.<\/p>\n<figure id=\"attachment_24832\" aria-describedby=\"caption-attachment-24832\" style=\"width: 1890px\" class=\"wp-caption alignnone\"><img loading=\"lazy\" decoding=\"async\" class=\"size-full wp-image-24832\" src=\"https:\/\/www.lassebacklund.fi\/wp-content\/uploads\/2025\/10\/Gamla-garden-2021-foto-Philip-Norrvik.jpg\" alt=\"\" width=\"1890\" height=\"2404\" srcset=\"https:\/\/www.lassebacklund.fi\/wp-content\/uploads\/2025\/10\/Gamla-garden-2021-foto-Philip-Norrvik.jpg 1890w, https:\/\/www.lassebacklund.fi\/wp-content\/uploads\/2025\/10\/Gamla-garden-2021-foto-Philip-Norrvik-236x300.jpg 236w, https:\/\/www.lassebacklund.fi\/wp-content\/uploads\/2025\/10\/Gamla-garden-2021-foto-Philip-Norrvik-805x1024.jpg 805w, https:\/\/www.lassebacklund.fi\/wp-content\/uploads\/2025\/10\/Gamla-garden-2021-foto-Philip-Norrvik-768x977.jpg 768w, https:\/\/www.lassebacklund.fi\/wp-content\/uploads\/2025\/10\/Gamla-garden-2021-foto-Philip-Norrvik-1208x1536.jpg 1208w, https:\/\/www.lassebacklund.fi\/wp-content\/uploads\/2025\/10\/Gamla-garden-2021-foto-Philip-Norrvik-1610x2048.jpg 1610w\" sizes=\"auto, (max-width: 1890px) 100vw, 1890px\" \/><figcaption id=\"caption-attachment-24832\" class=\"wp-caption-text\">S\u00e5 h\u00e4r s\u00e5g den g\u00e5rd ut som Karl Erik och Maja Lena Sj\u00f6holm omkring 1905-1910 flyttade fr\u00e5n Dagsmark upp till Lillsj\u00f6 p\u00e5 Berg\u00e5ssidan. Fotot taget av Philip Norrvik \u00e5r 2021.<\/figcaption><\/figure>\n<p><strong>\u00c5r 1909, den 8 juli<\/strong> s\u00e5lde Karl Erik och Maja Lena en parcell p\u00e5 ca 2 ha \u00e5t torparen Anders Johansson B\u00e5sk och hans hustru Maria Sofia. Parcellen, som fick namnet Vesterholm ligger \u00f6ster om landsv\u00e4gen i r\u00e5n mot Nyg\u00e5rds hemman invid Kytt\u00e5kern. K\u00f6peskillingen utgjorde 400 mark och d\u00e4r ingick inga byggnader. De uppf\u00f6rde dock en liten stuga, som revs f\u00f6r \u00e5tskilliga \u00e5r sedan. Anders och Maria B\u00e5sk hade f\u00f6r \u00f6vrigt en dotter Amanda, som gifte sig med <a href=\"https:\/\/www.lassebacklund.fi\/?page_id=10865\">\u201dAntas Otto\u201d Bj\u00f6rklund p\u00e5 Sebasbackan.<\/a><\/p>\n<p>Anders och Maria Sofia hade ocks\u00e5 dottern Josefina (f.1888) som kallades &#8221;B\u00e5sk Fina&#8221;. Fina som bodde p\u00e5 parcellen Vesterholm var gift med Viktor H\u00e4gg (1891-1934), som var son till Oskar H\u00e4gg p\u00e5 H\u00e4ggas torp. &#8221;H\u00e4ggas Viktor&#8221; avled i lunginflammation d\u00e5 han var p\u00e5 arbetsf\u00f6rtj\u00e4nst p\u00e5 Kronvik s\u00e5g. <strong>\u00c5r 1936, den 27 maj<\/strong> s\u00e5lde \u00e4nkan Fina H\u00e4gg ett markomr\u00e5de p\u00e5 1,7 ha \u00e5t Anselm och Lilja Vidberg f\u00f6r 4 400 mark. I k\u00f6pet ingick inget boningshus men nog en riebyggnad och det h\u00e4r omr\u00e5det, som fick namnet \u00d6sterholm fick k\u00f6paren bryta ut p\u00e5 egen bekostnad. Fina blev kvar med boningshuset, som stod p\u00e5 en smal remsa och makarna Vidberg fick r\u00e4tt att k\u00f6ra genom hennes g\u00e5rdsplan f\u00f6r att komma till l\u00e4genheten som de k\u00f6pte. Efter n\u00e5gra \u00e5r som \u00e4nka reste Fina tillsammans med &#8221;Isakas Manda&#8221; p\u00e5 arbetsf\u00f6rtj\u00e4nst till Nyland och d\u00e4r gifte hon om sig \u00e5r 1939 med \u00e4nklingen Gustaf Alfred Sundstr\u00f6m (f.1888) fr\u00e5n Bromarv. De bodde sedan i Skogby i Tenala och hon avled d\u00e4r.<\/p>\n<p><strong>\u00c5r 1911, den 29 juni<\/strong> s\u00e5lde Karl Erik och Maja Lena deras gamla torp, som l\u00e5g endast 50 meter norr om deras bondg\u00e5rd. K\u00f6pare var Viktor Josefsson Vidberg (1883\u20131937), som var f\u00f6dd i Stor\u00e5. \u00a0\u00c5r 1904, just f\u00f6re julen hade han gift sig med <u>Maria<\/u> Vilhelmina Hietaoja (1877\u20131949), som var dotter till Josef Henrik Korsb\u00e4ck och Mari Sofi, som senare bytte sl\u00e4ktnamn till Hietaoja. Maria Vidberg var f\u00f6r \u00f6vrigt syster till \u201dLill Topinas\u201d Johannes Granlund p\u00e5 Lillsj\u00f6lidv\u00e4gen och till Otto Hietaoja, som byggde g\u00e5rd p\u00e5 Korsb\u00e4ckv\u00e4gen 89.<\/p>\n<p>Till Vidbergs ink\u00f6pta torp h\u00f6rde ett markomr\u00e5de p\u00e5 3,5 ha och den h\u00e4r parcellen fick sedan namnet \u201dLindholm\u201d. K\u00f6peskillingen utgjorde 775 mark och d\u00e4rtill skulle ett \u00e5rligt arrende p\u00e5 10 mark betalas \u00e5t Karl Erik Sj\u00f6holm.<\/p>\n<p><strong>\u00c5r 1923, den 11 februari<\/strong> s\u00e5lde Karl Erik och Maja Lena halva hemmanet Sj\u00f6holm \u00e5t sonen Erik Anders och den andra halvan \u00e5t den andra sonen Josef. Den h\u00e4r sonen Josef (f.1878) som var gift med Wilhelmina (f.1862) avled \u00e5r 1931, endast fem dagar f\u00f6re hustrun. De hade inga barn och deras hemmanshalva \u00f6vertogs d\u00e5 av Josefs bror Erik Anders.<\/p>\n<p><strong>\u00c5r 1931, den 19 november<\/strong> s\u00e5lde Erik Anders Sj\u00f6holm den torpl\u00e4genhet som Anna Kajsa H\u00e4llberg (1861-1936) hade arrenderat. Ogifta Anna Kajsa var dotter till torparen Erik Johansson Lillkull (1835-1907) och Maria och hon var kusin till gamla hemmans\u00e4garen Karl Erik Sj\u00f6holm. F\u00f6r\u00e4ldrarna Erik Johansson och Maria Lillkull var torpare p\u00e5 Lillkull hemman redan 1865. Anna Kajsa betalade k\u00f6peskillingen 500 mark och omr\u00e5det p\u00e5 2 200 kvm fick namnet H\u00e4llb\u00e4rg 5:47.<\/p>\n<figure id=\"attachment_25735\" aria-describedby=\"caption-attachment-25735\" style=\"width: 743px\" class=\"wp-caption alignnone\"><img loading=\"lazy\" decoding=\"async\" class=\"wp-image-25735 size-full\" src=\"https:\/\/www.lassebacklund.fi\/wp-content\/uploads\/2026\/03\/Anna-Kajsa-Hallbergs-torp.jpg\" alt=\"\" width=\"743\" height=\"515\" srcset=\"https:\/\/www.lassebacklund.fi\/wp-content\/uploads\/2026\/03\/Anna-Kajsa-Hallbergs-torp.jpg 743w, https:\/\/www.lassebacklund.fi\/wp-content\/uploads\/2026\/03\/Anna-Kajsa-Hallbergs-torp-300x208.jpg 300w\" sizes=\"auto, (max-width: 743px) 100vw, 743px\" \/><figcaption id=\"caption-attachment-25735\" class=\"wp-caption-text\">Anna Kajsas torp l\u00e5g i skogsbrynet l\u00e4ngs med v\u00e4gen till Sj\u00f6holmas och Vidbergas.<\/figcaption><\/figure>\n<figure id=\"attachment_24829\" aria-describedby=\"caption-attachment-24829\" style=\"width: 1836px\" class=\"wp-caption alignnone\"><img loading=\"lazy\" decoding=\"async\" class=\"size-full wp-image-24829\" src=\"https:\/\/www.lassebacklund.fi\/wp-content\/uploads\/2025\/10\/1996-hembygdsboken-Runars-gard.jpg\" alt=\"\" width=\"1836\" height=\"1118\" srcset=\"https:\/\/www.lassebacklund.fi\/wp-content\/uploads\/2025\/10\/1996-hembygdsboken-Runars-gard.jpg 1836w, https:\/\/www.lassebacklund.fi\/wp-content\/uploads\/2025\/10\/1996-hembygdsboken-Runars-gard-300x183.jpg 300w, https:\/\/www.lassebacklund.fi\/wp-content\/uploads\/2025\/10\/1996-hembygdsboken-Runars-gard-1024x624.jpg 1024w, https:\/\/www.lassebacklund.fi\/wp-content\/uploads\/2025\/10\/1996-hembygdsboken-Runars-gard-768x468.jpg 768w, https:\/\/www.lassebacklund.fi\/wp-content\/uploads\/2025\/10\/1996-hembygdsboken-Runars-gard-1536x935.jpg 1536w\" sizes=\"auto, (max-width: 1836px) 100vw, 1836px\" \/><figcaption id=\"caption-attachment-24829\" class=\"wp-caption-text\">Det h\u00e4r huset uppf\u00f6rde Runar Sj\u00f6holm \u00e5r 1961 och samma \u00e5r \u00f6vertog han hela hemmanet Sj\u00f6holm. Halva hemmanet fick han i arv efter fadern och den andra halvan av modern enligt \u00f6verenskommelse. Huset st\u00e5r kvar \u00e4nnu men har byggts till och renoverats s\u00e5 grundligt att Runar i dag inte skulle k\u00e4nna igen det. Fotot fr\u00e5n 1996 ur boken \u201dV\u00e5r hembygd\u201d.<\/figcaption><\/figure>\n<p><strong>\u00c5r 1961, den 14 juni <\/strong>avled bonden Erik Anders Sj\u00f6holm i sitt hem och vid arvsskiftet den 11 juli samma \u00e5r kom \u00e4nkan Fina och sonen Runar (1925-2001) \u00f6verens om att Runar \u00f6vertar hela hemmanet och allt lantbruksl\u00f6s\u00f6re. D\u00e4r ingick en 16 \u00e5rs gammal h\u00e4st, 3 kor och en kalv men inga motordrivna redskap. Modern Fina tog \u00e5t sig boets personliga l\u00f6segendom och s\u00e5 skulle Runar ge sytning \u00e5t henne enligt ett skilt avtal. Som bostad skulle Fina f\u00e5 beh\u00e5lla den gamla mang\u00e5rden, som skulle underh\u00e5llas av Runar. Samma \u00e5r uppf\u00f6rde Runar ett eget bostadshus p\u00e5 samma tomt.<\/p>\n<p><strong>\u00c5r 1973<\/strong> gifte sig Runar Sj\u00f6holm, vid 48-\u00e5rs \u00e5lder med Aili Anita \u00c5n\u00e4s (1922\u20131997) som bodde p\u00e5 Stenv\u00e4gen i Lappfj\u00e4rd. De fick inga barn.<\/p>\n<p>Efter Runars d\u00f6d \u00e5r 2001 s\u00e5ldes huset \u00e5t diamantborraren Haaranoja fr\u00e5n B\u00f6tom, som genomf\u00f6rde en total renovering av g\u00e5rden och den tillbyggdes p\u00e5 samma g\u00e5ng. Haaranoja s\u00e5lde \u00e5r 2008 g\u00e5rden \u00e5t Jenna och Toni Puputti, ocks\u00e5 de fr\u00e5n B\u00f6tom. Puputti i sin tur s\u00e5lde g\u00e5rden \u00e5t de nuvarande \u00e4garna \u00e5r 2021 och de anv\u00e4nder den som stadigvarande bostad.<\/p>\n<p>Efter Runars d\u00f6d s\u00e5ldes hemmanets marker i olika delar \u00e5t jordbrukare i n\u00e4rheten.<\/p>\n<p>&#8212;&#8212;&#8212;&#8212;&#8212;&#8212;&#8212;&#8212;&#8212;&#8212;&#8212;&#8212;&#8212;&#8212;&#8212;&#8212;&#8212;&#8212;&#8212;&#8212;&#8212;&#8212;&#8212;&#8212;&#8212;&#8212;&#8212;&#8212;&#8212;&#8212;&#8212;&#8212;-<\/p>\n<h3><strong>Karl Erik Sj\u00f6holms sl\u00e4kthistoria<\/strong><\/h3>\n<p>Karl Eriks far, torparen Johan Gustafsson Lillsj\u00f6 (1821\u20131888) gifte sig \u00e5r 1844 med Maja Lena Erik Henriksdotter Rosenback (1826\u20131890) och de fick \u00e5tminstone \u00e5tta barn. Av dessa dog fyra i unga \u00e5r medan de fyra \u00f6vriga levde till vuxen \u00e5lder, blev gifta och fick barn:<\/p>\n<p>A). Johan Henrik Lillsj\u00f6 (1847\u20131905), gift 1876 med Karolina Esaiasdotter Korsb\u00e4ck (1851\u20131934). Till en b\u00f6rjan var de torpare i Lillsj\u00f6, senare p\u00e5 L\u00e5ng hemman i Dagsmark. De fick flera barn, bland annat Edla som var gift med Emil Lund, <a href=\"https:\/\/www.lassebacklund.fi\/?page_id=2196\">\u201dHaga Hindrik\u201d allts\u00e5 Henrik Lindberg<\/a> och <a href=\"https:\/\/www.lassebacklund.fi\/?page_id=1037\">\u201dIsakas Manda\u201d<\/a>, allts\u00e5 Amanda som var gift med Josef Henrik Hosioja.<\/p>\n<p>B). Anna Greta Lillsj\u00f6 (1850\u20131927), gift 1884 med Johan Fr\u00f6berg (1850\u20131891).<\/p>\n<p>D). Maja Lena Lillsj\u00f6 (1856\u20131937), gift med Reinhold B\u00e5sk (f.1852)<\/p>\n<p>C). Karl Erik (1853\u20131929), torpare i Lillsj\u00f6 p\u00e5 Berg\u00e5ssidan under \u00e5ren 1895\u20131901. Karl Erik gifte sig \u00e5r 1877 med Maja Lena Lillkull (1851\u20131923). Maja Lena var dotter till Josef Johansson Lillkull (1825\u20131890) och Fredrika Korsb\u00e4ck (1823\u20131904). Karl Erik och Maja Lena Lillsj\u00f6 antog senare sl\u00e4ktnamnet Sj\u00f6holm.<\/p>\n<h4><strong>Karl Erik och Maja Lena Sj\u00f6holm fick tre s\u00f6ner:<\/strong><\/h4>\n<p>1). <u>Josef<\/u> Erik Sj\u00f6holm (1878\u20131931), gift 1906 med Wilhelmina Lill\u00e5hls (1862\u20131931), barnl\u00f6sa. Bonde p\u00e5 h\u00e4lften av faderns hemman till 1931.<\/p>\n<p>2). Johan <u>Viktor <\/u>Sj\u00f6holm (f.1886), flyttade till Michigan i Amerika \u00e5r 1907, d\u00e4r han arbetade som snickare. \u00c5r 1923 gifte han sig i Amerika med Maria Adelina Eriksdotter Karlsson (f. 1882) som var f\u00f6dd i Dagsmark. Hon var dotter till Erik Henrik Karlsson (1851-1920) fr\u00e5n Mattfolk hemman i Lappfj\u00e4rd och Maria Sofia Johan Henriksdotter Str\u00f6mberg (1853-1890) som bodde som inhysingar p\u00e5 L\u00e5ng hemman. D\u00e5 Maria Adelina var 8 \u00e5r gammal avled modern och fadern Erik Henrik for ensam till Amerika samma \u00e5r. I Amerika anv\u00e4nde Erik Henrik namnet Charley Carlson och d\u00e4r gifte han om sig och fick flera barn.<\/p>\n<p>Dottern Maria Adelina v\u00e4xte upp p\u00e5 L\u00e5ng i Dagsmark och hon for till Michigan i Amerika \u00e5r 1901, hon var d\u00e5 19 \u00e5r. I Amerika anv\u00e4nde hon namnet Mary Carlson och hon gifte sig f\u00f6rsta g\u00e5ngen med finl\u00e4ndaren John Josephson (1876-1909). Han arbetade som j\u00e4rnmalmbrytare i Chicago och d\u00e5 han dog blev han begraven i Iron Mountain. \u00c5r 1920 var Maria Adelina, allts\u00e5 Mary registrerad som fr\u00e5nskild och hon bodde d\u00e5 med en son Roy, som var f\u00f6dd \u00e5r 1913.<\/p>\n<p>Det var allts\u00e5 \u00e5r 1923 som Maria Adelina, eller Mary gifte om sig med Johan Viktor Sj\u00f6holm och \u00e5r 1925 fick de dottern Alva Victoria Carlson. De var d\u00e5 bosatta i Iron Mountain i Michigan. Maria Adelina avled av en stroke \u00e5r 1939, d\u00e5 hon var 56 \u00e5r gammal. N\u00e5gon g\u00e5ng p\u00e5 1950-talet avled Johan Viktor i Amerika och han hade bott hos dottern Alva Victoria, som sedan avled \u00e5r 2002. Alva Victoria hade varit gift i Amerika och hade tre barn.<\/p>\n<p>3). <u>Erik Anders<\/u> Sj\u00f6holm (1892\u20131961), gift 1923 med Emilia Josefina \u201dFina\u201d Bergman (1898\u20131994). Erik Anders var bonde p\u00e5 h\u00e4lften av faderns hemman och \u00f6vertog p\u00e5 1930-talet brodern Josefs hemmanshalva.<\/p>\n<p>Erik Anders och Fina fick tv\u00e5 s\u00f6ner men endast Runar Sj\u00f6holm (1925\u20132001) levde till vuxen \u00e5lder. Runar gifte sig \u00e5r 1973 med <u>Aili <\/u>Anita \u00c5n\u00e4s (1922\u20131997) fr\u00e5n Lappfj\u00e4rd. De fick inga barn, s\u00e5 denna sl\u00e4ktgren dog d\u00e4rmed ut.<\/p>\n<h3><strong>Foton<\/strong><\/h3>\n<figure id=\"attachment_24831\" aria-describedby=\"caption-attachment-24831\" style=\"width: 1582px\" class=\"wp-caption alignnone\"><img loading=\"lazy\" decoding=\"async\" class=\"size-full wp-image-24831\" src=\"https:\/\/www.lassebacklund.fi\/wp-content\/uploads\/2025\/10\/Flygfoto-Sjoholms-gardar.jpg\" alt=\"\" width=\"1582\" height=\"1188\" srcset=\"https:\/\/www.lassebacklund.fi\/wp-content\/uploads\/2025\/10\/Flygfoto-Sjoholms-gardar.jpg 1582w, https:\/\/www.lassebacklund.fi\/wp-content\/uploads\/2025\/10\/Flygfoto-Sjoholms-gardar-300x225.jpg 300w, https:\/\/www.lassebacklund.fi\/wp-content\/uploads\/2025\/10\/Flygfoto-Sjoholms-gardar-1024x769.jpg 1024w, https:\/\/www.lassebacklund.fi\/wp-content\/uploads\/2025\/10\/Flygfoto-Sjoholms-gardar-768x577.jpg 768w, https:\/\/www.lassebacklund.fi\/wp-content\/uploads\/2025\/10\/Flygfoto-Sjoholms-gardar-1536x1153.jpg 1536w\" sizes=\"auto, (max-width: 1582px) 100vw, 1582px\" \/><figcaption id=\"caption-attachment-24831\" class=\"wp-caption-text\">P\u00e5 flygfotot fr\u00e5n 1970-talet syns Karl Erik Sj\u00f6holms gamla r\u00f6da bondg\u00e5rd i nedre kanten och till h\u00f6ger om den st\u00e5r barnbarnet Runars g\u00e5rd fr\u00e5n 1961. Karl Eriks gamla g\u00e5rd revs \u00e5r 2024 men de flesta \u00f6vriga byggnader st\u00e5r kvar.<\/figcaption><\/figure>\n<figure id=\"attachment_24833\" aria-describedby=\"caption-attachment-24833\" style=\"width: 1772px\" class=\"wp-caption alignnone\"><img loading=\"lazy\" decoding=\"async\" class=\"size-full wp-image-24833\" src=\"https:\/\/www.lassebacklund.fi\/wp-content\/uploads\/2025\/10\/Gamla-garden-2021-framifran-foto-Philip-Norrvik.jpg\" alt=\"\" width=\"1772\" height=\"1636\" srcset=\"https:\/\/www.lassebacklund.fi\/wp-content\/uploads\/2025\/10\/Gamla-garden-2021-framifran-foto-Philip-Norrvik.jpg 1772w, https:\/\/www.lassebacklund.fi\/wp-content\/uploads\/2025\/10\/Gamla-garden-2021-framifran-foto-Philip-Norrvik-300x277.jpg 300w, https:\/\/www.lassebacklund.fi\/wp-content\/uploads\/2025\/10\/Gamla-garden-2021-framifran-foto-Philip-Norrvik-1024x945.jpg 1024w, https:\/\/www.lassebacklund.fi\/wp-content\/uploads\/2025\/10\/Gamla-garden-2021-framifran-foto-Philip-Norrvik-768x709.jpg 768w, https:\/\/www.lassebacklund.fi\/wp-content\/uploads\/2025\/10\/Gamla-garden-2021-framifran-foto-Philip-Norrvik-1536x1418.jpg 1536w\" sizes=\"auto, (max-width: 1772px) 100vw, 1772px\" \/><figcaption id=\"caption-attachment-24833\" class=\"wp-caption-text\">F\u00f6r att f\u00e5 den f\u00f6rfallna bondg\u00e5rden fotograferad framifr\u00e5n, s\u00e5 blev det att ta fram motors\u00e5gen och s\u00e5ga bort de skymmande tr\u00e4den. Fotot taget \u00e5r 2021 av Philip Norrvik, allts\u00e5 n\u00e5gra \u00e5r f\u00f6re den revs.<\/figcaption><\/figure>\n<figure id=\"attachment_24848\" aria-describedby=\"caption-attachment-24848\" style=\"width: 736px\" class=\"wp-caption alignnone\"><img loading=\"lazy\" decoding=\"async\" class=\"size-full wp-image-24848\" src=\"https:\/\/www.lassebacklund.fi\/wp-content\/uploads\/2025\/10\/Kaal-Erikas-Anders-Sjoholm.jpg\" alt=\"\" width=\"736\" height=\"2369\" srcset=\"https:\/\/www.lassebacklund.fi\/wp-content\/uploads\/2025\/10\/Kaal-Erikas-Anders-Sjoholm.jpg 736w, https:\/\/www.lassebacklund.fi\/wp-content\/uploads\/2025\/10\/Kaal-Erikas-Anders-Sjoholm-93x300.jpg 93w, https:\/\/www.lassebacklund.fi\/wp-content\/uploads\/2025\/10\/Kaal-Erikas-Anders-Sjoholm-318x1024.jpg 318w, https:\/\/www.lassebacklund.fi\/wp-content\/uploads\/2025\/10\/Kaal-Erikas-Anders-Sjoholm-477x1536.jpg 477w, https:\/\/www.lassebacklund.fi\/wp-content\/uploads\/2025\/10\/Kaal-Erikas-Anders-Sjoholm-636x2048.jpg 636w\" sizes=\"auto, (max-width: 736px) 100vw, 736px\" \/><figcaption id=\"caption-attachment-24848\" class=\"wp-caption-text\">Erik Anders Sj\u00f6holm hos fotografen och i folkmun kallades han &#8221;Kaal Erikas Anders&#8221;.<\/figcaption><\/figure>\n","protected":false},"excerpt":{"rendered":"<p>Sammanst\u00e4llt av Lasse Backlund i oktober 2025. Uppgifterna \u00e4r tagna ur mantalsl\u00e4ngderna och ur lagfarterna. Philip och Fanny har bidragit med flera foton och viktig information. Eva Gr\u00f6nlund har hj\u00e4lpt till reda ut Johan Viktor Sj\u00f6holm och hans liv i <a class=\"more-link\" href=\"https:\/\/www.lassebacklund.fi\/?page_id=24837\">Forts\u00e4tt l\u00e4sa <span class=\"screen-reader-text\">  Sj\u00f6holms g\u00e5rd p\u00e5 Korsb\u00e4ckv\u00e4gen 306 i Lillsj\u00f6<\/span><span class=\"meta-nav\">&rarr;<\/span><\/a><\/p>\n","protected":false},"author":1,"featured_media":0,"parent":75,"menu_order":306,"comment_status":"closed","ping_status":"closed","template":"","meta":{"footnotes":""},"class_list":["post-24837","page","type-page","status-publish","hentry"],"_links":{"self":[{"href":"https:\/\/www.lassebacklund.fi\/index.php?rest_route=\/wp\/v2\/pages\/24837","targetHints":{"allow":["GET"]}}],"collection":[{"href":"https:\/\/www.lassebacklund.fi\/index.php?rest_route=\/wp\/v2\/pages"}],"about":[{"href":"https:\/\/www.lassebacklund.fi\/index.php?rest_route=\/wp\/v2\/types\/page"}],"author":[{"embeddable":true,"href":"https:\/\/www.lassebacklund.fi\/index.php?rest_route=\/wp\/v2\/users\/1"}],"replies":[{"embeddable":true,"href":"https:\/\/www.lassebacklund.fi\/index.php?rest_route=%2Fwp%2Fv2%2Fcomments&post=24837"}],"version-history":[{"count":27,"href":"https:\/\/www.lassebacklund.fi\/index.php?rest_route=\/wp\/v2\/pages\/24837\/revisions"}],"predecessor-version":[{"id":25739,"href":"https:\/\/www.lassebacklund.fi\/index.php?rest_route=\/wp\/v2\/pages\/24837\/revisions\/25739"}],"up":[{"embeddable":true,"href":"https:\/\/www.lassebacklund.fi\/index.php?rest_route=\/wp\/v2\/pages\/75"}],"wp:attachment":[{"href":"https:\/\/www.lassebacklund.fi\/index.php?rest_route=%2Fwp%2Fv2%2Fmedia&parent=24837"}],"curies":[{"name":"wp","href":"https:\/\/api.w.org\/{rel}","templated":true}]}}