{"id":24771,"date":"2025-10-02T13:49:02","date_gmt":"2025-10-02T10:49:02","guid":{"rendered":"https:\/\/www.lassebacklund.fi\/?page_id=24771"},"modified":"2025-10-02T14:55:36","modified_gmt":"2025-10-02T11:55:36","slug":"johan-henrik-och-brita-maria-basks-barn","status":"publish","type":"page","link":"https:\/\/www.lassebacklund.fi\/?page_id=24771","title":{"rendered":"Johan Henrik och Brita Maria B\u00e5sks barn"},"content":{"rendered":"<h4><strong>Johan Henrik och Brita Maria B\u00e5sk fick elva barn, n\u00e4mligen:\u00a0<\/strong><\/h4>\n<p><strong>1). Anna Greta<\/strong> (1841-1841)<\/p>\n<p><strong>2). <\/strong><span style=\"text-decoration: underline;\"><strong>Maja Lena<\/strong> (<\/span>1842-1927), gift 1866 med Josef Henrik Klemets (1845-1893 i Amerika). Maja Lena s\u00e5lde sitt Klemets hemman \u00e5t sina s\u00f6ner Erik Anders Rosengren och Viktor Viklund och dessa i sin tur s\u00e5lde \u00e5r 1909 g\u00e5rden med fem rum \u00e5t Dagsmark Ungdomsf\u00f6rening. F\u00f6reningen renoverade och byggde till g\u00e5rden och den anv\u00e4ndes som samlingslokal fram till b\u00f6rjan p\u00e5 1950-talet. Huset fick sitt namn Majbo efter denna Maja Lena.<\/p>\n<p>Maja Lena och Josef Henrik barn:<\/p>\n<p>-dottern Matilda (1869-1938) som gifte sig med Viktor Nyroos (1875-1943). (Vill du l\u00e4sa mera om Nyroos, klicka <a href=\"http:\/\/www.lassebacklund.fi\/?page_id=1798\"><strong><u>h\u00e4r<\/u><\/strong>!)<\/a><\/p>\n<p>-sonen Viktor (1871-1914) som tog namnet Viklund, gift 2 g\u00e5nger, andra g\u00e5ngen med Vilhelmina Klemets (1870-1938) och fick med henne 6 barn varav 4 levde till vuxen \u00e5lder. L\u00e4s mera <a href=\"https:\/\/www.lassebacklund.fi\/?page_id=9891\"><span style=\"color: #000080;\"><strong>H\u00c4R!<\/strong><\/span><\/a><\/p>\n<p>-sonen Erik Anders (1873-1963) tog namnet Rosengren, gift med \u201dKaalas\u201d Vilhelmina L\u00e5ng (1869-1945), 4 barn som alla blev vuxna. L\u00e4s mera om Rosengren <a href=\"https:\/\/www.lassebacklund.fi\/?page_id=24649\"><span style=\"color: #000080;\"><strong>H\u00c4R!<\/strong><\/span><\/a><\/p>\n<p>-dottern Adelina (1875-1962) vistades i Amerika och gifte sig d\u00e4r med Alfred Nordberg fr\u00e5n Kvevlax. Bosatt i Palon, fick 7 barn varav 4 blev vuxna. L\u00e4s mera <a href=\"https:\/\/www.lassebacklund.fi\/?page_id=10074\"><span style=\"color: #000080;\"><strong>H\u00c4R!<\/strong><\/span><\/a><\/p>\n<p><span style=\"text-decoration: underline;\"><strong>3).<\/strong> <strong style=\"text-decoration-line: underline;\">Anna Greta<\/strong><u> \u201dKoll Anagret\u201d<\/u><\/span> (1844-1936), gift med bonden \u201dKoll Josip\u201dJosef Storkull fr\u00e5n Brobackan. Anna-Gretas barn:<\/p>\n<p>&#8211; sonen Viktor (1873-1936) f\u00f6retagaren som tog namnet Nylund, \u00a0gift med Ida Lillkull (1878-1958), storbonde, s\u00e5g\u00e4gare, byggare och grundare av kraftverket P\u00e4rus-Fors. Bosatt p\u00e5 Sunnantillv\u00e4gen. Vill du l\u00e4sa mera om s\u00e5g\u00e4garen Viktor Nylund, s\u00e5 klicka <a href=\"http:\/\/www.lassebacklund.fi\/?page_id=1696\"><span style=\"text-decoration: underline;\"><span style=\"color: #000080;\"><strong>h\u00e4r!<\/strong><\/span><\/span><\/a><\/p>\n<p>&#8211; sonen Josef Henrik Storkull (1875-1931), \u00a0handlare, gift med \u201dKaalas\u201d Maria (1875-1945) byggde aff\u00e4rshus n\u00e4ra Storbron. (Vill du l\u00e4sa mera om J. H. Storkull, klicka <a href=\"http:\/\/www.lassebacklund.fi\/?page_id=1181\"><strong><u>h\u00e4r<\/u><\/strong>!<\/a> Vill du l\u00e4sa mera om hans aff\u00e4r, klicka <a href=\"http:\/\/www.lassebacklund.fi\/?page_id=298\"><strong><u>h\u00e4r<\/u><\/strong>!)<\/a><\/p>\n<p>&#8211; sonen Erland (1877-1965) handlare, tog namnet Nor\u00e9n, gift med Josefina Teir fr\u00e5n H\u00e4rkmeri. Bedrev en kort tid handel men flyttade p\u00e5 1920-talet tillsammans med flera barn till Canada. Vill du l\u00e4sa mera om Erland Nor\u00e9n, s\u00e5 klicka <a href=\"http:\/\/www.lassebacklund.fi\/?page_id=592\"><span style=\"text-decoration: underline;\"><span style=\"color: #000080;\"><strong>h\u00e4r!<\/strong><\/span><\/span><\/a><\/p>\n<p>&#8211; sonen Erik Anders (1880-1948) bonde som tog namnet Englund, \u00f6vertog hemg\u00e5rden och flyttade den \u00e5r 1909 till Palon. Gift med Amanda Sofia Korsb\u00e4ck (1888-1974). Vill du l\u00e4sa mera om Erik Anders Englund, s\u00e5 klicka <a href=\"http:\/\/www.lassebacklund.fi\/?page_id=3179\"><span style=\"text-decoration: underline;\"><span style=\"color: #000080;\"><strong>h\u00e4r!<\/strong><\/span><\/span><\/a><\/p>\n<p>&#8211; sonen Emil Storkull \u00a0(1887-1912) byggm\u00e4stare, ogift och barnl\u00f6s.<\/p>\n<p><strong>4). Carolina<\/strong> (1847-1847).<\/p>\n<p><strong>5). Johan Henrik<\/strong> (1848-1949).<\/p>\n<p><strong>6).<\/strong> <span style=\"text-decoration: underline;\"><strong>Karolina<\/strong><\/span> (1850-1929), gift med Anders Henrik Klemets (1841-1890).<\/p>\n<p>Karolinas barn:<\/p>\n<p>-sonen Erik Anders Sundblom (1871-1913) som var gift med Ida Klemets (1878-1954) och fick en dotter Jenny. Vill du l\u00e4sa mera om Erik Anders Sundblom, s\u00e5 skall du klicka<a href=\"http:\/\/www.lassebacklund.fi\/?page_id=2370\"><span style=\"text-decoration: underline;\"><span style=\"color: #000080;\"><strong> h\u00e4r!<\/strong><\/span><\/span><\/a><\/p>\n<p>&#8211; sonen Adelina (1876-1908) som var Erland Gr\u00f6nroos f\u00f6rsta hustru. Fick med Erland dottern Ellen som gifte sig med Pullola fr\u00e5n Stor\u00e5. L\u00e4s mera <a href=\"https:\/\/www.lassebacklund.fi\/?page_id=9700\"><span style=\"color: #000080;\"><strong>H\u00c4R!<\/strong><\/span><\/a><\/p>\n<p><strong>7). Edla Sofia<\/strong> (1853-1856)<\/p>\n<p><strong>8). Johan Henrik<\/strong> (1855-1855)<\/p>\n<p><strong>9). Wilhelmina<\/strong> (f.1857) gift 1882 med Carl Johan \u00c4bb (1861-1934). De fick tre barn och flyttade till Amerika \u00e5r 1906.<\/p>\n<p><strong>10). <span style=\"text-decoration: underline;\">Josef<\/span> Henrik<\/strong> (1859-1950), kallad &#8221;Gr\u00f6ndahlas Josip&#8221;, gift 1883 med Anna Kajsa Klemets (1864-1916).<\/p>\n<p>Josefs och Anna Kajsas barn:<\/p>\n<p>-Henrik Emil B\u00e5sk (1884-1976), kallad &#8221;B\u00e5sk Emel&#8221;, gift 1909 med Ida Klemets eller Ragnars (1885-1980).<\/p>\n<p>-Erik Anders B\u00e5sk (1886-1954), gift 1916 med Selma Eklund (1897-1978) fr\u00e5n Brobackan.<\/p>\n<p><strong>11). Johan <span style=\"text-decoration: underline;\">Viktor<\/span> B\u00e5sk, senare Gr\u00f6ndahl <\/strong>(1861-1936). N\u00e4mndeman som \u00e5r 1910 utn\u00e4mndes till h\u00e4radsdomare efter att i 18 \u00e5rs tid varit n\u00e4mndeman. Viktor var gift med Amanda Uddfolk.<\/p>\n<p>Viktors och Amandas barn:<\/p>\n<p>-dottern Amanda (1885-1944) vistades i Amerika och gift d\u00e4r med sj\u00f6kapten Nils Nelson. \u00c5terv\u00e4nde och byggde g\u00e5rd p\u00e5 \u00c5backan. (Vill du l\u00e4sa mera om Manda och kapten, klicka <a href=\"http:\/\/www.lassebacklund.fi\/?page_id=2786\"><strong><u>h\u00e4r<\/u><\/strong>!)<\/a><\/p>\n<p>-dottern &#8221;Skol Selma&#8221; Gr\u00f6ndahl (1891-1972), vistades i Amerika men \u00e5terv\u00e4nde, blev skolk\u00f6ksa och bodde n\u00e4ra folkskolan i Dagsmark.<\/p>\n<p>-sonen Johannes Gr\u00f6ndahl (1891-1972), vistades i Amerika men \u00e5terv\u00e4nde, for sedan till Canada, blev bonde n\u00e4r han \u00e5terv\u00e4nde som \u00f6vertog h\u00e4lften av B\u00e5sk Emils hemman, gift 3 g\u00e5nger, en son Rainer med f\u00f6rsta hustrun Elna Maria Nyholm (1907-1936).<\/p>\n<p>-sonen Evert Gr\u00f6ndahl (1898-1961) bonde p\u00e5 Gr\u00f6ndahl hemman, gift med Amanda Kankaanp\u00e4\u00e4 (1897-1985) 3 barn.<\/p>\n<p>-sonen Arthur Gr\u00f6ndahl (1902-1982), vistades i Amerika men \u00e5terv\u00e4nde, bonde p\u00e5 Gr\u00f6ndahl hemman, gift med Ingeborg \u00c5strand (1910-1990), 4 barn.<\/p>\n<p>-sonen Gunnar Gr\u00f6ndahl (1907-1989) lantm\u00e4tare, naturv\u00e5rdare, skrev bok om storskiftet i Dagsmark, gift med Sylvia Nyman (1907-2003) fr\u00e5n Vasa. Barnl\u00f6sa, adoptivson Ole. Vill du l\u00e4sa mera om Gunnar Gr\u00f6ndahl, s\u00e5 klicka <a href=\"http:\/\/www.lassebacklund.fi\/?page_id=3055\"><span style=\"text-decoration: underline;\"><span style=\"color: #000080;\"><strong>h\u00e4r!<\/strong><\/span><\/span><\/a><\/p>\n","protected":false},"excerpt":{"rendered":"<p>Johan Henrik och Brita Maria B\u00e5sk fick elva barn, n\u00e4mligen:\u00a0 1). Anna Greta (1841-1841) 2). Maja Lena (1842-1927), gift 1866 med Josef Henrik Klemets (1845-1893 i Amerika). Maja Lena s\u00e5lde sitt Klemets hemman \u00e5t sina s\u00f6ner Erik Anders Rosengren och <a class=\"more-link\" href=\"https:\/\/www.lassebacklund.fi\/?page_id=24771\">Forts\u00e4tt l\u00e4sa <span class=\"screen-reader-text\">  Johan Henrik och Brita Maria B\u00e5sks barn<\/span><span class=\"meta-nav\">&rarr;<\/span><\/a><\/p>\n","protected":false},"author":1,"featured_media":0,"parent":5810,"menu_order":100,"comment_status":"closed","ping_status":"closed","template":"","meta":{"footnotes":""},"class_list":["post-24771","page","type-page","status-publish","hentry"],"_links":{"self":[{"href":"https:\/\/www.lassebacklund.fi\/index.php?rest_route=\/wp\/v2\/pages\/24771","targetHints":{"allow":["GET"]}}],"collection":[{"href":"https:\/\/www.lassebacklund.fi\/index.php?rest_route=\/wp\/v2\/pages"}],"about":[{"href":"https:\/\/www.lassebacklund.fi\/index.php?rest_route=\/wp\/v2\/types\/page"}],"author":[{"embeddable":true,"href":"https:\/\/www.lassebacklund.fi\/index.php?rest_route=\/wp\/v2\/users\/1"}],"replies":[{"embeddable":true,"href":"https:\/\/www.lassebacklund.fi\/index.php?rest_route=%2Fwp%2Fv2%2Fcomments&post=24771"}],"version-history":[{"count":6,"href":"https:\/\/www.lassebacklund.fi\/index.php?rest_route=\/wp\/v2\/pages\/24771\/revisions"}],"predecessor-version":[{"id":24780,"href":"https:\/\/www.lassebacklund.fi\/index.php?rest_route=\/wp\/v2\/pages\/24771\/revisions\/24780"}],"up":[{"embeddable":true,"href":"https:\/\/www.lassebacklund.fi\/index.php?rest_route=\/wp\/v2\/pages\/5810"}],"wp:attachment":[{"href":"https:\/\/www.lassebacklund.fi\/index.php?rest_route=%2Fwp%2Fv2%2Fmedia&parent=24771"}],"curies":[{"name":"wp","href":"https:\/\/api.w.org\/{rel}","templated":true}]}}