{"id":24442,"date":"2025-07-31T23:23:35","date_gmt":"2025-07-31T20:23:35","guid":{"rendered":"https:\/\/www.lassebacklund.fi\/?page_id=24442"},"modified":"2025-07-31T23:24:21","modified_gmt":"2025-07-31T20:24:21","slug":"kopekontrakt","status":"publish","type":"page","link":"https:\/\/www.lassebacklund.fi\/?page_id=24442","title":{"rendered":"K\u00f6pekontrakt"},"content":{"rendered":"<p>H\u00e4rmed uppl\u00e5ter och f\u00f6rs\u00e4ljer jag undertecknad till Dagsmark handelsandelslag mina i Dagsmark by bel\u00e4gna hus, med vid h\u00e4radsr\u00e4tten intecknad tomt enligt kontrakt av den 27 mars 1889, lydande under Rosenback hemman nr 3 i n\u00e4mnda by. Ovann\u00e4mnda hus best\u00e5r av karakt\u00e4rsbyggnad med k\u00f6k, handelslokal samt fyra rum, en mindre stugbyggnad med fyra rum enligt kontrakt av den 20 januari 1890, magasinbyggnad med vidbyggt stall, samt f\u00e4hus med foderlada. Vidare \u00f6verl\u00e4mnar jag till andelslaget en decimalv\u00e5g och en diskv\u00e5g med vikter, samt annat diverse s\u00e5som telefon med mera, f\u00f6r en oss emellan \u00f6verenskommen k\u00f6pesumma stor tretusenfemhundra (3\u00a0500) mark finskt guldmynt, vilken summa \u00e4r denna dag genom skuldsedel till fullo betalt och kvitteras. Och f\u00e5r andelslaget tilltr\u00e4da ovann\u00e4mnda hus den 23 april innevarande \u00e5r samt \u00f6verl\u00e4mnar jag alla hith\u00f6rande k\u00f6pehandlingar till andelslaget.<\/p>\n<p>Och vidare avst\u00e5r jag fr\u00e5n sagda 23 april fr\u00e5n allt vidare handelsr\u00f6relse i denna dag.<\/p>\n<p>Dagsmark den 5 april 1908.<\/p>\n<p>Mina Ulfves<\/p>\n<p>H\u00e4rmed n\u00f6jd, ort och st\u00e4lle som ovan.<\/p>\n<p>Erland B\u00e5sk, andelslagets ordf\u00f6rande<\/p>\n","protected":false},"excerpt":{"rendered":"<p>H\u00e4rmed uppl\u00e5ter och f\u00f6rs\u00e4ljer jag undertecknad till Dagsmark handelsandelslag mina i Dagsmark by bel\u00e4gna hus, med vid h\u00e4radsr\u00e4tten intecknad tomt enligt kontrakt av den 27 mars 1889, lydande under Rosenback hemman nr 3 i n\u00e4mnda by. Ovann\u00e4mnda hus best\u00e5r av <a class=\"more-link\" href=\"https:\/\/www.lassebacklund.fi\/?page_id=24442\">Forts\u00e4tt l\u00e4sa <span class=\"screen-reader-text\">  K\u00f6pekontrakt<\/span><span class=\"meta-nav\">&rarr;<\/span><\/a><\/p>\n","protected":false},"author":1,"featured_media":0,"parent":7102,"menu_order":50,"comment_status":"closed","ping_status":"closed","template":"","meta":{"footnotes":""},"class_list":["post-24442","page","type-page","status-publish","hentry"],"_links":{"self":[{"href":"https:\/\/www.lassebacklund.fi\/index.php?rest_route=\/wp\/v2\/pages\/24442","targetHints":{"allow":["GET"]}}],"collection":[{"href":"https:\/\/www.lassebacklund.fi\/index.php?rest_route=\/wp\/v2\/pages"}],"about":[{"href":"https:\/\/www.lassebacklund.fi\/index.php?rest_route=\/wp\/v2\/types\/page"}],"author":[{"embeddable":true,"href":"https:\/\/www.lassebacklund.fi\/index.php?rest_route=\/wp\/v2\/users\/1"}],"replies":[{"embeddable":true,"href":"https:\/\/www.lassebacklund.fi\/index.php?rest_route=%2Fwp%2Fv2%2Fcomments&post=24442"}],"version-history":[{"count":2,"href":"https:\/\/www.lassebacklund.fi\/index.php?rest_route=\/wp\/v2\/pages\/24442\/revisions"}],"predecessor-version":[{"id":24444,"href":"https:\/\/www.lassebacklund.fi\/index.php?rest_route=\/wp\/v2\/pages\/24442\/revisions\/24444"}],"up":[{"embeddable":true,"href":"https:\/\/www.lassebacklund.fi\/index.php?rest_route=\/wp\/v2\/pages\/7102"}],"wp:attachment":[{"href":"https:\/\/www.lassebacklund.fi\/index.php?rest_route=%2Fwp%2Fv2%2Fmedia&parent=24442"}],"curies":[{"name":"wp","href":"https:\/\/api.w.org\/{rel}","templated":true}]}}