{"id":24388,"date":"2025-07-26T23:15:41","date_gmt":"2025-07-26T20:15:41","guid":{"rendered":"https:\/\/www.lassebacklund.fi\/?page_id=24388"},"modified":"2026-04-25T08:19:05","modified_gmt":"2026-04-25T05:19:05","slug":"ohlgrens-gard-pa-storavagen-60","status":"publish","type":"page","link":"https:\/\/www.lassebacklund.fi\/?page_id=24388","title":{"rendered":"Ohlgrens g\u00e5rd p\u00e5 Stor\u00e5v\u00e4gen 60"},"content":{"rendered":"<figure id=\"attachment_24385\" aria-describedby=\"caption-attachment-24385\" style=\"width: 1953px\" class=\"wp-caption alignnone\"><img loading=\"lazy\" decoding=\"async\" class=\"size-full wp-image-24385\" src=\"https:\/\/www.lassebacklund.fi\/wp-content\/uploads\/2025\/07\/2025-garden.jpg\" alt=\"\" width=\"1953\" height=\"1258\" srcset=\"https:\/\/www.lassebacklund.fi\/wp-content\/uploads\/2025\/07\/2025-garden.jpg 1953w, https:\/\/www.lassebacklund.fi\/wp-content\/uploads\/2025\/07\/2025-garden-300x193.jpg 300w, https:\/\/www.lassebacklund.fi\/wp-content\/uploads\/2025\/07\/2025-garden-1024x660.jpg 1024w, https:\/\/www.lassebacklund.fi\/wp-content\/uploads\/2025\/07\/2025-garden-768x495.jpg 768w, https:\/\/www.lassebacklund.fi\/wp-content\/uploads\/2025\/07\/2025-garden-1536x989.jpg 1536w\" sizes=\"auto, (max-width: 1953px) 100vw, 1953px\" \/><figcaption id=\"caption-attachment-24385\" class=\"wp-caption-text\">Den h\u00e4r g\u00e5rden p\u00e5 Stor\u00e5v\u00e4gen 60 byggdes omkring 1945 av Albert Nelson som sytningsstuga \u00e5t sina f\u00f6r\u00e4ldrar. Denne hade \u00e5ret innan k\u00f6pt hemmanet och den gamla g\u00e5rden av sin far, aff\u00e4rsmannen Axel Nelson (1890\u20131959) och hans hustru Ida (f. Klockars 1890\u20131959). I b\u00f6rjan av 1950-talet s\u00e5lde Albert Nelson g\u00e5rden \u00e5t en Tuomisto och \u00e5r 1954 k\u00f6pte Antti och Aune Ohlgren fr\u00e5n Laihela den och den \u00e4r fortfarande i sl\u00e4ktens \u00e4go. Fotot taget fr\u00e5n s\u00f6der sommaren 2025.<\/figcaption><\/figure>\n<p><span style=\"color: #000080;\"><strong>Sammanst\u00e4llt av Lasse Backlund 2025, med hj\u00e4lp av Olli Ohlgren och Kai Ohlgren.<\/strong><\/span><\/p>\n<h3><strong>G\u00e5rdens historia<\/strong><\/h3>\n<p><strong>\u00c5r 1934 <\/strong>fick Frans och Tyyne Luoma lagfart p\u00e5 l\u00e4genheten 6:35 av Johansson, ca 13 ha.<\/p>\n<p><strong>\u00c5r 1936<\/strong> fick Martti och Tyyne Luoma lagfart p\u00e5 6:36 av Johansson, som fick namnet Lehtonen, ca 11 ha.<\/p>\n<p><strong>\u00c5r 1938<\/strong> fick Martti och Tyyne Luoma lagfart p\u00e5 6:46 av Kotivainio, ca 1 ha.<\/p>\n<p><strong>\u00c5r 1938, den 19 juni<\/strong> s\u00e5lde Martti och Tyyne Luoma l\u00e4genheterna Lehtonen 6:36, Johansson 6:35 och Kotivainio 6:46 \u00e5t Leander Ylikoski (f.1914) och hustrun Aili Svantentyt\u00e4r (f.1918) f\u00f6r 40\u00a0000 mark. Leander och Aili var b\u00e5da f\u00f6dda i Stor\u00e5. En gammal bondg\u00e5rd ingick i k\u00f6pet.<\/p>\n<p><strong>\u00c5r 1942, den 6 juni<\/strong> s\u00e5lde Leander och Aili Ylikoski hemmanet best\u00e5ende av de tre l\u00e4genheterna av Storkulls hemman \u00e5t handlanden Axel Nelson. K\u00f6peskillingen utgjorde 135\u00a0000 mark och i k\u00f6pet ingick alla byggnader, bland annat en gammal bondg\u00e5rd och flera uthus.<\/p>\n<p>Efter kriget nyodlade Axel stora omr\u00e5den i Palon. Axel \u00e4gde ocks\u00e5 flera butiker runtom i Lappfj\u00e4rd och i Kristinestad, bland annat idkade han handel i Nor\u00e9ns g\u00e5rd i Dagsmark en tid, tills brorsonen Nils Nelson tog \u00f6ver den efter kriget.<\/p>\n<p><strong>\u00c5r 1944, den 21 december<\/strong> s\u00e5lde Axel och Ida hemmanet och g\u00e5rden \u00e5t sin son Albert. Axel och Ida tog \u00e5t sig livstids sytning och enligt sytningsavtalet s\u00e5 skulle Albert uppf\u00f6ra en g\u00e5rd med tv\u00e5 rum och k\u00f6k \u00e5t f\u00f6r\u00e4ldrarna.<\/p>\n<p>I b\u00f6rjan av 50-talet s\u00e5lde Albert Nelson g\u00e5rden och hemmanet \u00e5t en Tuomisto. Denna Tuomisto flyttade sedan till Sein\u00e4joki och hemmanet \u00f6vertogs \u00e5r 1953 av Risto Huunanmaa (f.1927 i Stor\u00e5) och hans hustru Rauni Eira Kyllikki (f.Uusitalo \u00e5r 1931 i Stor\u00e5) men dessa blev inte heller n\u00e5gra l\u00e5ngvariga \u00e4gare till g\u00e5rden och hemmanet.<\/p>\n<p><strong>\u00c5r 1954, den 20 augusti<\/strong> s\u00e5lde Huunanmaa g\u00e5rden och hemmanet i Palon best\u00e5ende av de tre l\u00e4genheterna \u00e5t Antti och Aune Ohlgren fr\u00e5n Laihela. K\u00f6peskillingen utgjorde 1 550 000 mark och i k\u00f6pet ingick den nya g\u00e5rden, alla uthus, en h\u00e4st, en telefon och dess ledning och d\u00e4rtill fyra andelar i Dagsmark Elandelslag.<\/p>\n<figure id=\"attachment_24386\" aria-describedby=\"caption-attachment-24386\" style=\"width: 525px\" class=\"wp-caption alignnone\"><img loading=\"lazy\" decoding=\"async\" class=\" wp-image-24386\" src=\"https:\/\/www.lassebacklund.fi\/wp-content\/uploads\/2025\/07\/Ohlgren-Antti-i-Amerika.jpg\" alt=\"\" width=\"525\" height=\"532\" srcset=\"https:\/\/www.lassebacklund.fi\/wp-content\/uploads\/2025\/07\/Ohlgren-Antti-i-Amerika.jpg 1813w, https:\/\/www.lassebacklund.fi\/wp-content\/uploads\/2025\/07\/Ohlgren-Antti-i-Amerika-296x300.jpg 296w, https:\/\/www.lassebacklund.fi\/wp-content\/uploads\/2025\/07\/Ohlgren-Antti-i-Amerika-1011x1024.jpg 1011w, https:\/\/www.lassebacklund.fi\/wp-content\/uploads\/2025\/07\/Ohlgren-Antti-i-Amerika-768x778.jpg 768w, https:\/\/www.lassebacklund.fi\/wp-content\/uploads\/2025\/07\/Ohlgren-Antti-i-Amerika-1517x1536.jpg 1517w\" sizes=\"auto, (max-width: 525px) 100vw, 525px\" \/><figcaption id=\"caption-attachment-24386\" class=\"wp-caption-text\">Antti Ohlgren hade i unga \u00e5r vistats och arbetat i Amerika.<\/figcaption><\/figure>\n<p>Huunanmaa fick r\u00e4tt att bo i g\u00e5rden till september 1954 och d\u00e5 flyttade Ohlgrens fr\u00e5n Laihela dit.<\/p>\n<p>Familjen hade varit sm\u00e5brukare i Laihela och den bestod av fadern Antti Antinpoika Ohlgren (1895\u20131970) och hans hustru Aune (f. Hattula1910\u20132006) och de hade 5 barn:<\/p>\n<h6>-Sirkka Liisa (1937\u20132012) gift med Taisto Rajam\u00e4ki p\u00e5 Flak\u00e5sv\u00e4gen i Perus.<\/h6>\n<h6>-Esko (1939\u20132015) jordbrukare p\u00e5 hemmanet, avled i Kauhajoki<\/h6>\n<h6>-Marja Leena (f.1944) gift med <a href=\"https:\/\/www.lassebacklund.fi\/?page_id=327\">Erkki M\u00e4kitalo p\u00e5 Dagsmarkv\u00e4gen 79.<\/a><\/h6>\n<h6>-Pirjo Anneli (f.1946).<\/h6>\n<h6>-Olli (f. 1950) jordbrukare p\u00e5 hemmanet.<\/h6>\n<h6>-Sirpa (f. 1954) som bara var 2 m\u00e5nader gammal d\u00e5 flyttlasset gick till Dagsmark.<\/h6>\n<figure id=\"attachment_24387\" aria-describedby=\"caption-attachment-24387\" style=\"width: 1422px\" class=\"wp-caption alignnone\"><img loading=\"lazy\" decoding=\"async\" class=\"size-full wp-image-24387\" src=\"https:\/\/www.lassebacklund.fi\/wp-content\/uploads\/2025\/07\/Ohlgren-Antti-och-Aune.jpg\" alt=\"\" width=\"1422\" height=\"1428\" srcset=\"https:\/\/www.lassebacklund.fi\/wp-content\/uploads\/2025\/07\/Ohlgren-Antti-och-Aune.jpg 1422w, https:\/\/www.lassebacklund.fi\/wp-content\/uploads\/2025\/07\/Ohlgren-Antti-och-Aune-300x300.jpg 300w, https:\/\/www.lassebacklund.fi\/wp-content\/uploads\/2025\/07\/Ohlgren-Antti-och-Aune-1020x1024.jpg 1020w, https:\/\/www.lassebacklund.fi\/wp-content\/uploads\/2025\/07\/Ohlgren-Antti-och-Aune-150x150.jpg 150w, https:\/\/www.lassebacklund.fi\/wp-content\/uploads\/2025\/07\/Ohlgren-Antti-och-Aune-768x771.jpg 768w\" sizes=\"auto, (max-width: 1422px) 100vw, 1422px\" \/><figcaption id=\"caption-attachment-24387\" class=\"wp-caption-text\">Aune och Antti Ohlgren p\u00e5 trappan till sitt hem i Palon.<\/figcaption><\/figure>\n<p>Efter Anttis d\u00f6d \u00f6vertogs hemmanet och g\u00e5rden av s\u00f6nerna Esko och Olli. Hemmanet och g\u00e5rden \u00e4r fortfarande i sl\u00e4kten Ohlgrens \u00e4go.<\/p>\n<h3><strong>Foton<\/strong><\/h3>\n<figure id=\"attachment_24384\" aria-describedby=\"caption-attachment-24384\" style=\"width: 1522px\" class=\"wp-caption alignnone\"><img loading=\"lazy\" decoding=\"async\" class=\"size-full wp-image-24384\" src=\"https:\/\/www.lassebacklund.fi\/wp-content\/uploads\/2025\/07\/2003-Ohlgren-Olli.jpg\" alt=\"\" width=\"1522\" height=\"1142\" srcset=\"https:\/\/www.lassebacklund.fi\/wp-content\/uploads\/2025\/07\/2003-Ohlgren-Olli.jpg 1522w, https:\/\/www.lassebacklund.fi\/wp-content\/uploads\/2025\/07\/2003-Ohlgren-Olli-300x225.jpg 300w, https:\/\/www.lassebacklund.fi\/wp-content\/uploads\/2025\/07\/2003-Ohlgren-Olli-1024x768.jpg 1024w, https:\/\/www.lassebacklund.fi\/wp-content\/uploads\/2025\/07\/2003-Ohlgren-Olli-768x576.jpg 768w\" sizes=\"auto, (max-width: 1522px) 100vw, 1522px\" \/><figcaption id=\"caption-attachment-24384\" class=\"wp-caption-text\">Ohlgrens g\u00e5rd fotograferad sommaren 2003.<\/figcaption><\/figure>\n<figure id=\"attachment_24392\" aria-describedby=\"caption-attachment-24392\" style=\"width: 1694px\" class=\"wp-caption alignnone\"><img loading=\"lazy\" decoding=\"async\" class=\"size-full wp-image-24392\" src=\"https:\/\/www.lassebacklund.fi\/wp-content\/uploads\/2025\/07\/Ohlgren-Sirkka-och-Taisto-Rajamaki.jpg\" alt=\"\" width=\"1694\" height=\"1111\" srcset=\"https:\/\/www.lassebacklund.fi\/wp-content\/uploads\/2025\/07\/Ohlgren-Sirkka-och-Taisto-Rajamaki.jpg 1694w, https:\/\/www.lassebacklund.fi\/wp-content\/uploads\/2025\/07\/Ohlgren-Sirkka-och-Taisto-Rajamaki-300x197.jpg 300w, https:\/\/www.lassebacklund.fi\/wp-content\/uploads\/2025\/07\/Ohlgren-Sirkka-och-Taisto-Rajamaki-1024x672.jpg 1024w, https:\/\/www.lassebacklund.fi\/wp-content\/uploads\/2025\/07\/Ohlgren-Sirkka-och-Taisto-Rajamaki-768x504.jpg 768w, https:\/\/www.lassebacklund.fi\/wp-content\/uploads\/2025\/07\/Ohlgren-Sirkka-och-Taisto-Rajamaki-1536x1007.jpg 1536w\" sizes=\"auto, (max-width: 1694px) 100vw, 1694px\" \/><figcaption id=\"caption-attachment-24392\" class=\"wp-caption-text\">Sirkka Ohlgren gifte sig med Taisto Rajam\u00e4ki fr\u00e5n Flak\u00e5sen i Perus.<\/figcaption><\/figure>\n","protected":false},"excerpt":{"rendered":"<p>Sammanst\u00e4llt av Lasse Backlund 2025, med hj\u00e4lp av Olli Ohlgren och Kai Ohlgren. G\u00e5rdens historia \u00c5r 1934 fick Frans och Tyyne Luoma lagfart p\u00e5 l\u00e4genheten 6:35 av Johansson, ca 13 ha. \u00c5r 1936 fick Martti och Tyyne Luoma lagfart p\u00e5 <a class=\"more-link\" href=\"https:\/\/www.lassebacklund.fi\/?page_id=24388\">Forts\u00e4tt l\u00e4sa <span class=\"screen-reader-text\">  Ohlgrens g\u00e5rd p\u00e5 Stor\u00e5v\u00e4gen 60<\/span><span class=\"meta-nav\">&rarr;<\/span><\/a><\/p>\n","protected":false},"author":1,"featured_media":0,"parent":88,"menu_order":60,"comment_status":"closed","ping_status":"closed","template":"","meta":{"footnotes":""},"class_list":["post-24388","page","type-page","status-publish","hentry"],"_links":{"self":[{"href":"https:\/\/www.lassebacklund.fi\/index.php?rest_route=\/wp\/v2\/pages\/24388","targetHints":{"allow":["GET"]}}],"collection":[{"href":"https:\/\/www.lassebacklund.fi\/index.php?rest_route=\/wp\/v2\/pages"}],"about":[{"href":"https:\/\/www.lassebacklund.fi\/index.php?rest_route=\/wp\/v2\/types\/page"}],"author":[{"embeddable":true,"href":"https:\/\/www.lassebacklund.fi\/index.php?rest_route=\/wp\/v2\/users\/1"}],"replies":[{"embeddable":true,"href":"https:\/\/www.lassebacklund.fi\/index.php?rest_route=%2Fwp%2Fv2%2Fcomments&post=24388"}],"version-history":[{"count":7,"href":"https:\/\/www.lassebacklund.fi\/index.php?rest_route=\/wp\/v2\/pages\/24388\/revisions"}],"predecessor-version":[{"id":25846,"href":"https:\/\/www.lassebacklund.fi\/index.php?rest_route=\/wp\/v2\/pages\/24388\/revisions\/25846"}],"up":[{"embeddable":true,"href":"https:\/\/www.lassebacklund.fi\/index.php?rest_route=\/wp\/v2\/pages\/88"}],"wp:attachment":[{"href":"https:\/\/www.lassebacklund.fi\/index.php?rest_route=%2Fwp%2Fv2%2Fmedia&parent=24388"}],"curies":[{"name":"wp","href":"https:\/\/api.w.org\/{rel}","templated":true}]}}