{"id":24336,"date":"2025-07-15T20:17:18","date_gmt":"2025-07-15T17:17:18","guid":{"rendered":"https:\/\/www.lassebacklund.fi\/?page_id=24336"},"modified":"2025-07-16T16:02:25","modified_gmt":"2025-07-16T13:02:25","slug":"andelsbankens-affarshus-pa-abackvagen-18","status":"publish","type":"page","link":"https:\/\/www.lassebacklund.fi\/?page_id=24336","title":{"rendered":"Andelsbankens aff\u00e4rshus p\u00e5 \u00c5backv\u00e4gen 18"},"content":{"rendered":"<figure id=\"attachment_24351\" aria-describedby=\"caption-attachment-24351\" style=\"width: 2304px\" class=\"wp-caption alignnone\"><img loading=\"lazy\" decoding=\"async\" class=\"wp-image-24351 size-full\" src=\"https:\/\/www.lassebacklund.fi\/wp-content\/uploads\/2025\/07\/PICT5523.jpg\" alt=\"\" width=\"2304\" height=\"1173\" srcset=\"https:\/\/www.lassebacklund.fi\/wp-content\/uploads\/2025\/07\/PICT5523.jpg 2304w, https:\/\/www.lassebacklund.fi\/wp-content\/uploads\/2025\/07\/PICT5523-300x153.jpg 300w, https:\/\/www.lassebacklund.fi\/wp-content\/uploads\/2025\/07\/PICT5523-1024x521.jpg 1024w, https:\/\/www.lassebacklund.fi\/wp-content\/uploads\/2025\/07\/PICT5523-768x391.jpg 768w, https:\/\/www.lassebacklund.fi\/wp-content\/uploads\/2025\/07\/PICT5523-1536x782.jpg 1536w, https:\/\/www.lassebacklund.fi\/wp-content\/uploads\/2025\/07\/PICT5523-2048x1043.jpg 2048w\" sizes=\"auto, (max-width: 2304px) 100vw, 2304px\" \/><figcaption id=\"caption-attachment-24351\" class=\"wp-caption-text\">Det h\u00e4r aff\u00e4rshuset p\u00e5 \u00c5backv\u00e4gen 18 uppf\u00f6rdes av Lappfj\u00e4rdsnejdens Andelskassa \u00e5r 1965. Byggm\u00e4stare Thure Nygren stod f\u00f6r sj\u00e4lva byggandet. Fotot fr\u00e5n s\u00f6der \u00e4r taget sommaren 2025.<\/figcaption><\/figure>\n<figure id=\"attachment_24335\" aria-describedby=\"caption-attachment-24335\" style=\"width: 2051px\" class=\"wp-caption alignnone\"><img loading=\"lazy\" decoding=\"async\" class=\"size-full wp-image-24335\" src=\"https:\/\/www.lassebacklund.fi\/wp-content\/uploads\/2025\/07\/IMG_0667.jpg\" alt=\"\" width=\"2051\" height=\"1317\" srcset=\"https:\/\/www.lassebacklund.fi\/wp-content\/uploads\/2025\/07\/IMG_0667.jpg 2051w, https:\/\/www.lassebacklund.fi\/wp-content\/uploads\/2025\/07\/IMG_0667-300x193.jpg 300w, https:\/\/www.lassebacklund.fi\/wp-content\/uploads\/2025\/07\/IMG_0667-1024x658.jpg 1024w, https:\/\/www.lassebacklund.fi\/wp-content\/uploads\/2025\/07\/IMG_0667-768x493.jpg 768w, https:\/\/www.lassebacklund.fi\/wp-content\/uploads\/2025\/07\/IMG_0667-1536x986.jpg 1536w, https:\/\/www.lassebacklund.fi\/wp-content\/uploads\/2025\/07\/IMG_0667-2048x1315.jpg 2048w\" sizes=\"auto, (max-width: 2051px) 100vw, 2051px\" \/><figcaption id=\"caption-attachment-24335\" class=\"wp-caption-text\">Bankhuset fotograferat fr\u00e5n \u00f6ster 2025. Till h\u00f6ger syns &#8221;Lillk\u00e5rk lillstugon&#8221;, allts\u00e5 familjen L\u00e5ngqvists lillstuga vid Lisa-Morav\u00e4gen.<\/figcaption><\/figure>\n<p>Om du vill l\u00e4sa mera om andelsbankens verksamhet i Dagsmark, Lappfj\u00e4rd och Kristinestad, s\u00e5 skall du klicka<a href=\"https:\/\/www.lassebacklund.fi\/?page_id=16724\"><span style=\"color: #000080;\"><strong> H\u00c4R!<\/strong><\/span><\/a><\/p>\n","protected":false},"excerpt":{"rendered":"<p>Om du vill l\u00e4sa mera om andelsbankens verksamhet i Dagsmark, Lappfj\u00e4rd och Kristinestad, s\u00e5 skall du klicka H\u00c4R!<\/p>\n","protected":false},"author":1,"featured_media":0,"parent":92,"menu_order":18,"comment_status":"closed","ping_status":"closed","template":"","meta":{"footnotes":""},"class_list":["post-24336","page","type-page","status-publish","hentry"],"_links":{"self":[{"href":"https:\/\/www.lassebacklund.fi\/index.php?rest_route=\/wp\/v2\/pages\/24336","targetHints":{"allow":["GET"]}}],"collection":[{"href":"https:\/\/www.lassebacklund.fi\/index.php?rest_route=\/wp\/v2\/pages"}],"about":[{"href":"https:\/\/www.lassebacklund.fi\/index.php?rest_route=\/wp\/v2\/types\/page"}],"author":[{"embeddable":true,"href":"https:\/\/www.lassebacklund.fi\/index.php?rest_route=\/wp\/v2\/users\/1"}],"replies":[{"embeddable":true,"href":"https:\/\/www.lassebacklund.fi\/index.php?rest_route=%2Fwp%2Fv2%2Fcomments&post=24336"}],"version-history":[{"count":4,"href":"https:\/\/www.lassebacklund.fi\/index.php?rest_route=\/wp\/v2\/pages\/24336\/revisions"}],"predecessor-version":[{"id":24352,"href":"https:\/\/www.lassebacklund.fi\/index.php?rest_route=\/wp\/v2\/pages\/24336\/revisions\/24352"}],"up":[{"embeddable":true,"href":"https:\/\/www.lassebacklund.fi\/index.php?rest_route=\/wp\/v2\/pages\/92"}],"wp:attachment":[{"href":"https:\/\/www.lassebacklund.fi\/index.php?rest_route=%2Fwp%2Fv2%2Fmedia&parent=24336"}],"curies":[{"name":"wp","href":"https:\/\/api.w.org\/{rel}","templated":true}]}}