{"id":2433,"date":"2017-01-16T07:53:08","date_gmt":"2017-01-16T06:53:08","guid":{"rendered":"http:\/\/www.lassebacklund.fi\/?page_id=2433"},"modified":"2019-03-20T17:24:59","modified_gmt":"2019-03-20T15:24:59","slug":"bouppteckning-ar-1867","status":"publish","type":"page","link":"https:\/\/www.lassebacklund.fi\/?page_id=2433","title":{"rendered":"Bouppteckning \u00e5r 1867."},"content":{"rendered":"<p><span style=\"color: #000080;\">Den h\u00e4r gamla bouppteckningen \u00e4r renskriven av Ragnar Backlund p\u00e5 en gammal Olivetti. Publicerad i januari 2017.<\/span><\/p>\n<p>Precis som i dag s\u00e5 gjordes det en bouppteckning efter att en person avlidit ocks\u00e5 p\u00e5 1800-talet. Bouppteckningen h\u00e4r nedan \u00e4r gjord efter Albertina (f. Sjuls i H\u00e4rkmeri 1823-1867). Hon var gift med Josef Blomkvist (f. Hannus i H\u00e4rkmeri 1825-1891) och de bodde i 17-18 \u00e5r p\u00e5 A-Sidon d\u00e4r Backlundas\/Lindbergs finns i dag.<\/p>\n<p>(Vill du l\u00e4sa mera om Blomkvists g\u00e5rd p\u00e5 A-sidon som sedan blev Backlundas g\u00e5rd, s\u00e5 klicka <a href=\"http:\/\/www.lassebacklund.fi\/?page_id=2422\"><strong><u>h\u00e4r<\/u><\/strong>)<\/a><\/p>\n<p>N\u00e4r Albertina dog s\u00e5 gifte \u00e4nklingen Josef om sig med Kajsa Eriksdotter Rosenback, f\u00f6dd B\u00e5sk \u00e5r 1820 och han flyttade d\u00e5 till Rosenback hemman. Josef kallades f\u00f6r \u201dSmedin\u201dp\u00e5 grund av att han var smed och smedjan stod n\u00e4ra nuvarande Holger Hammarbergs g\u00e5rd.<\/p>\n<p>Albertina och Josef fick flera barn, bland annat Karl Blomkvist som blev m\u00e5g p\u00e5 Lillkull hemman d\u00e5 han gifte sig med Anna Greta, Johan Henriksdotter Lillkull. Anna Gretas far Johan Henrik var fr\u00e5n B\u00e5sk och hennes mor som ocks\u00e5 hette Anna Greta var dotter till Erik Henriksson Lillkull, som kallades f\u00f6r \u201dPelas-Erk\u201d och som har f\u00e5tt ge namn \u00e5t storstenen i \u00e5n nedanf\u00f6r Nystr\u00f6mas.<\/p>\n<p>Efter Anna Gretas d\u00f6d s\u00e5 gifte Karl Blomkvist om sig med Vilhelmina \u201dBlomkvistas-Mina\u201d Lillkull och de fick sonen Selim Blomkvist. Selim gifte sig sedan med Agnes fr\u00e5n Pjelax och blev far till trillingarna Blomkvist.<\/p>\n<p>(Vill du l\u00e4sa mera om familjen Blomkvist och deras g\u00e5rd, s\u00e5 klicka <a href=\"http:\/\/www.lassebacklund.fi\/?page_id=518\"><strong><u>h\u00e4r<\/u><\/strong>)<\/a><\/p>\n<p>I bouppteckningen finns upptaget allt vad makarna \u00e4gde, bland annat de verktyg som anv\u00e4ndes i smedjan. Men ocks\u00e5 allt annat, fr\u00e5n sj\u00e4lva hemmanet till allt l\u00f6s\u00f6re. Hur v\u00e4rderingen av de olika f\u00f6rem\u00e5len gick till skulle vara intressant att veta. Hur kan man v\u00e4rdera till exempel \u201den svart tjol &amp; tr\u00f6ja\u201d eller \u201den psalmbok med grovstil\u201d?<\/p>\n<p><img loading=\"lazy\" decoding=\"async\" class=\"size-full wp-image-2427 aligncenter\" src=\"http:\/\/www.lassebacklund.fi\/wp-content\/uploads\/2017\/01\/1-2.jpg\" alt=\"1\" width=\"1042\" height=\"1488\" srcset=\"https:\/\/www.lassebacklund.fi\/wp-content\/uploads\/2017\/01\/1-2.jpg 1042w, https:\/\/www.lassebacklund.fi\/wp-content\/uploads\/2017\/01\/1-2-210x300.jpg 210w, https:\/\/www.lassebacklund.fi\/wp-content\/uploads\/2017\/01\/1-2-768x1097.jpg 768w, https:\/\/www.lassebacklund.fi\/wp-content\/uploads\/2017\/01\/1-2-717x1024.jpg 717w\" sizes=\"auto, (max-width: 1042px) 100vw, 1042px\" \/><\/p>\n<p><img loading=\"lazy\" decoding=\"async\" class=\"size-full wp-image-2428 aligncenter\" src=\"http:\/\/www.lassebacklund.fi\/wp-content\/uploads\/2017\/01\/2-2.jpg\" alt=\"2\" width=\"1101\" height=\"1497\" srcset=\"https:\/\/www.lassebacklund.fi\/wp-content\/uploads\/2017\/01\/2-2.jpg 1101w, https:\/\/www.lassebacklund.fi\/wp-content\/uploads\/2017\/01\/2-2-221x300.jpg 221w, https:\/\/www.lassebacklund.fi\/wp-content\/uploads\/2017\/01\/2-2-768x1044.jpg 768w, https:\/\/www.lassebacklund.fi\/wp-content\/uploads\/2017\/01\/2-2-753x1024.jpg 753w\" sizes=\"auto, (max-width: 1101px) 100vw, 1101px\" \/><\/p>\n<p><img loading=\"lazy\" decoding=\"async\" class=\"size-full wp-image-2429 aligncenter\" src=\"http:\/\/www.lassebacklund.fi\/wp-content\/uploads\/2017\/01\/3-2.jpg\" alt=\"3\" width=\"1063\" height=\"1492\" srcset=\"https:\/\/www.lassebacklund.fi\/wp-content\/uploads\/2017\/01\/3-2.jpg 1063w, https:\/\/www.lassebacklund.fi\/wp-content\/uploads\/2017\/01\/3-2-214x300.jpg 214w, https:\/\/www.lassebacklund.fi\/wp-content\/uploads\/2017\/01\/3-2-768x1078.jpg 768w, https:\/\/www.lassebacklund.fi\/wp-content\/uploads\/2017\/01\/3-2-730x1024.jpg 730w\" sizes=\"auto, (max-width: 1063px) 100vw, 1063px\" \/><\/p>\n<p><img loading=\"lazy\" decoding=\"async\" class=\"size-full wp-image-2430 aligncenter\" src=\"http:\/\/www.lassebacklund.fi\/wp-content\/uploads\/2017\/01\/4-2.jpg\" alt=\"4\" width=\"992\" height=\"1491\" srcset=\"https:\/\/www.lassebacklund.fi\/wp-content\/uploads\/2017\/01\/4-2.jpg 992w, https:\/\/www.lassebacklund.fi\/wp-content\/uploads\/2017\/01\/4-2-200x300.jpg 200w, https:\/\/www.lassebacklund.fi\/wp-content\/uploads\/2017\/01\/4-2-768x1154.jpg 768w, https:\/\/www.lassebacklund.fi\/wp-content\/uploads\/2017\/01\/4-2-681x1024.jpg 681w\" sizes=\"auto, (max-width: 992px) 100vw, 992px\" \/><\/p>\n<p><img loading=\"lazy\" decoding=\"async\" class=\"size-full wp-image-2431 aligncenter\" src=\"http:\/\/www.lassebacklund.fi\/wp-content\/uploads\/2017\/01\/5-2.jpg\" alt=\"5\" width=\"1027\" height=\"1490\" srcset=\"https:\/\/www.lassebacklund.fi\/wp-content\/uploads\/2017\/01\/5-2.jpg 1027w, https:\/\/www.lassebacklund.fi\/wp-content\/uploads\/2017\/01\/5-2-207x300.jpg 207w, https:\/\/www.lassebacklund.fi\/wp-content\/uploads\/2017\/01\/5-2-768x1114.jpg 768w, https:\/\/www.lassebacklund.fi\/wp-content\/uploads\/2017\/01\/5-2-706x1024.jpg 706w\" sizes=\"auto, (max-width: 1027px) 100vw, 1027px\" \/><\/p>\n<p><img loading=\"lazy\" decoding=\"async\" class=\"size-full wp-image-2432 aligncenter\" src=\"http:\/\/www.lassebacklund.fi\/wp-content\/uploads\/2017\/01\/6-2.jpg\" alt=\"6\" width=\"1387\" height=\"1056\" srcset=\"https:\/\/www.lassebacklund.fi\/wp-content\/uploads\/2017\/01\/6-2.jpg 1387w, https:\/\/www.lassebacklund.fi\/wp-content\/uploads\/2017\/01\/6-2-300x228.jpg 300w, https:\/\/www.lassebacklund.fi\/wp-content\/uploads\/2017\/01\/6-2-768x585.jpg 768w, https:\/\/www.lassebacklund.fi\/wp-content\/uploads\/2017\/01\/6-2-1024x780.jpg 1024w\" sizes=\"auto, (max-width: 1387px) 100vw, 1387px\" \/><\/p>\n<p>&nbsp;<\/p>\n","protected":false},"excerpt":{"rendered":"<p>Den h\u00e4r gamla bouppteckningen \u00e4r renskriven av Ragnar Backlund p\u00e5 en gammal Olivetti. Publicerad i januari 2017. Precis som i dag s\u00e5 gjordes det en bouppteckning efter att en person avlidit ocks\u00e5 p\u00e5 1800-talet. Bouppteckningen h\u00e4r nedan \u00e4r gjord efter <a class=\"more-link\" href=\"https:\/\/www.lassebacklund.fi\/?page_id=2433\">Forts\u00e4tt l\u00e4sa <span class=\"screen-reader-text\">  Bouppteckning \u00e5r 1867.<\/span><span class=\"meta-nav\">&rarr;<\/span><\/a><\/p>\n","protected":false},"author":1,"featured_media":0,"parent":17,"menu_order":22,"comment_status":"closed","ping_status":"closed","template":"","meta":{"footnotes":""},"class_list":["post-2433","page","type-page","status-publish","hentry"],"_links":{"self":[{"href":"https:\/\/www.lassebacklund.fi\/index.php?rest_route=\/wp\/v2\/pages\/2433","targetHints":{"allow":["GET"]}}],"collection":[{"href":"https:\/\/www.lassebacklund.fi\/index.php?rest_route=\/wp\/v2\/pages"}],"about":[{"href":"https:\/\/www.lassebacklund.fi\/index.php?rest_route=\/wp\/v2\/types\/page"}],"author":[{"embeddable":true,"href":"https:\/\/www.lassebacklund.fi\/index.php?rest_route=\/wp\/v2\/users\/1"}],"replies":[{"embeddable":true,"href":"https:\/\/www.lassebacklund.fi\/index.php?rest_route=%2Fwp%2Fv2%2Fcomments&post=2433"}],"version-history":[{"count":1,"href":"https:\/\/www.lassebacklund.fi\/index.php?rest_route=\/wp\/v2\/pages\/2433\/revisions"}],"predecessor-version":[{"id":2434,"href":"https:\/\/www.lassebacklund.fi\/index.php?rest_route=\/wp\/v2\/pages\/2433\/revisions\/2434"}],"up":[{"embeddable":true,"href":"https:\/\/www.lassebacklund.fi\/index.php?rest_route=\/wp\/v2\/pages\/17"}],"wp:attachment":[{"href":"https:\/\/www.lassebacklund.fi\/index.php?rest_route=%2Fwp%2Fv2%2Fmedia&parent=2433"}],"curies":[{"name":"wp","href":"https:\/\/api.w.org\/{rel}","templated":true}]}}