{"id":24317,"date":"2025-07-11T21:23:07","date_gmt":"2025-07-11T18:23:07","guid":{"rendered":"https:\/\/www.lassebacklund.fi\/?page_id=24317"},"modified":"2025-07-17T22:51:45","modified_gmt":"2025-07-17T19:51:45","slug":"episoder-fran-posten-i-skaftung","status":"publish","type":"page","link":"https:\/\/www.lassebacklund.fi\/?page_id=24317","title":{"rendered":"Episoder fr\u00e5n posten i Skaftung"},"content":{"rendered":"<p><span style=\"color: #000080;\"><strong>Sammanst\u00e4llt av Lasse Backlund i juli 2025. Uppgifterna \u00e4r tagna ur Syd-\u00d6sterbotten 31 maj 1960.<\/strong><\/span><\/p>\n<p>Det f\u00f6rsta postkontoret i Skaftung sk\u00f6ttes av Axel Teir men \u00e5r 1913 flyttade kontoret till Hilma Henrikssons g\u00e5rd. I b\u00f6rjan av 1920-talet fick Hilma hj\u00e4lp av Saimi Salminen med att sk\u00f6ta postsysslan. D\u00e5 Hilma slutade s\u00e5 togs sysslan \u00f6ver av Saimi ensam men dessa tv\u00e5 sk\u00f6tte allts\u00e5 postarbetet i n\u00e4rmare 50 \u00e5rs tid.<\/p>\n<p>\u00c5r 1960, den 18 maj flyttade posten i Skaftung in i Lenni Rantalas g\u00e5rd. Saimi avtackades d\u00e5 och hyllades av postcheferna och av ortsborna, som ville tacka henne f\u00f6r det v\u00e4nliga bem\u00f6tandet och den goda servicen.<\/p>\n<p>Alla kunde se att det var stor skillnad p\u00e5 det nya kontoret i Rantalas g\u00e5rd och det gamla kontoret som Saimi sk\u00f6tte. Inredningen var modern och inte alls likadan som den gamla, som var varm och hemtrevlig i den gamla idyllen i \u201dpostarnas\u201d expedition, som b\u00e5de gamla och unga kommer att sakna. Helt s\u00e4kert kommer man med saknad att minnas ocks\u00e5 den v\u00e4rme och det tillm\u00f6tesg\u00e5ende man alltid m\u00f6ttes av i det gamla postkontoret av de synnerligen sympatiska tanterna. Det skulle finnas m\u00e5nga trevliga episoder att ber\u00e4tta om fr\u00e5n \u201dpostarnas\u201d tid men h\u00e4r endast ett av dem:<\/p>\n<p>En natt blev de tv\u00e5 postfr\u00f6knarna st\u00f6rda i sin s\u00f6mn av att n\u00e5gon tassade runt huset en l\u00e5ng stund. De kunde till och med h\u00f6ra d\u00e5 fridst\u00f6raren klev upp p\u00e5 stegen utanf\u00f6r ett av f\u00f6nstren, tydligen i hopp att f\u00e5 se in.<\/p>\n<p>F\u00f6ljande morgon kom en \u00e4ldre finsktalande bysbo till poststationen ganska f\u00f6rargad och sade att han hade varit utanf\u00f6r posten f\u00f6reg\u00e5ende natt men kunde inte komma in. D\u00e5 han blivit upplyst om att \u00f6ppeth\u00e5llningstiden stod tryckt p\u00e5 ett anslag p\u00e5 d\u00f6rren, svarade han:<\/p>\n<p>\u201dPostiaika on silloin kun posti tulee, vaikka se tulisi keskell\u00e4 y\u00f6t\u00e4!\u201d<\/p>\n<p>Detta s\u00e4tt att se p\u00e5 saken har kanske sin f\u00f6rklaring d\u00e5 man bet\u00e4nker att det endast \u00e4r 25\u201330 \u00e5r (ca \u00e5ren 1925\u20131930, Lasses kommentar) sedan som posten k\u00f6rdes med h\u00e4st. Postf\u00f6raren startade d\u00e5 med sin h\u00e4st fr\u00e5n \u00d6mossa via kyrkbyn, Skaftung och H\u00e4rkmeri till Lappfj\u00e4rd. F\u00f6rst f\u00f6rdes den tv\u00e5 g\u00e5nger i veckan, som sedan \u00f6kades till tre. Vintertid, speciellt efter ymnigt sn\u00f6fall gick det tr\u00f6gt med sn\u00f6plogningen och d\u00e5 kunde det h\u00e4nda att posten var framme i Skaftung f\u00f6rst vid midnatt.<\/p>\n<p>D\u00e5 g\u00e4llde det f\u00f6r ortsborna att h\u00e5lla sig underr\u00e4ttade om postens ankomst och n\u00e4r det m\u00f6jligen kunde bli en extra utdelning av post.<\/p>\n<p>F\u00f6rst den 18 juni 1934 kom den f\u00f6rsta postbussen. D\u00e5 blev det ordnade f\u00f6rh\u00e5llanden och posten kunde f\u00e5s alla dagar, till och med p\u00e5 s\u00f6ndagen. Med postbussen kunde man \u00e5ka in till staden mycket bekv\u00e4mare \u00e4n f\u00f6rut, d\u00e5 man var tvungen att \u00e5ka med cykel eller med h\u00e4stskjuts. Sommartid hade man ju visserligen m\u00f6jlighet att den tiden \u00e5ka med motorskutan \u201dB\u00f6lja\u201d fr\u00e5n Sideby sj\u00f6ledes till Kristinestad.<\/p>\n<p>Men det fanns \u00e4nnu l\u00e4nge kvar en annan ol\u00e4genhet. Ingen elektrisk belysning hade man i byn utan vid skenet av en osande oljelampa m\u00e5ste allt postarbete g\u00f6ras. F\u00f6rst kom karbidlampan till anv\u00e4ndning och s\u00e5 sent som 1951 fick man elektriciteten, som en stor gl\u00e4djande nyhet.<\/p>\n<h4><strong>F\u00f6rbittring i Skaftung<\/strong><\/h4>\n<p>\u00c5r 1960.den 18 augusti skrev en f\u00f6rbittrad Skaftungbo en ins\u00e4ndare, som publicerades i Syd-\u00d6sterbotten. Han skrev att en stor del av skaftungborna hade velat ha postkontoret i Handelslagets aff\u00e4rshus men att till och med spr\u00e5kpolitik spelade in d\u00e5 Rantalas butik fick kontoret.<\/p>\n","protected":false},"excerpt":{"rendered":"<p>Sammanst\u00e4llt av Lasse Backlund i juli 2025. Uppgifterna \u00e4r tagna ur Syd-\u00d6sterbotten 31 maj 1960. Det f\u00f6rsta postkontoret i Skaftung sk\u00f6ttes av Axel Teir men \u00e5r 1913 flyttade kontoret till Hilma Henrikssons g\u00e5rd. I b\u00f6rjan av 1920-talet fick Hilma hj\u00e4lp <a class=\"more-link\" href=\"https:\/\/www.lassebacklund.fi\/?page_id=24317\">Forts\u00e4tt l\u00e4sa <span class=\"screen-reader-text\">  Episoder fr\u00e5n posten i Skaftung<\/span><span class=\"meta-nav\">&rarr;<\/span><\/a><\/p>\n","protected":false},"author":1,"featured_media":0,"parent":14880,"menu_order":20,"comment_status":"closed","ping_status":"closed","template":"","meta":{"footnotes":""},"class_list":["post-24317","page","type-page","status-publish","hentry"],"_links":{"self":[{"href":"https:\/\/www.lassebacklund.fi\/index.php?rest_route=\/wp\/v2\/pages\/24317","targetHints":{"allow":["GET"]}}],"collection":[{"href":"https:\/\/www.lassebacklund.fi\/index.php?rest_route=\/wp\/v2\/pages"}],"about":[{"href":"https:\/\/www.lassebacklund.fi\/index.php?rest_route=\/wp\/v2\/types\/page"}],"author":[{"embeddable":true,"href":"https:\/\/www.lassebacklund.fi\/index.php?rest_route=\/wp\/v2\/users\/1"}],"replies":[{"embeddable":true,"href":"https:\/\/www.lassebacklund.fi\/index.php?rest_route=%2Fwp%2Fv2%2Fcomments&post=24317"}],"version-history":[{"count":4,"href":"https:\/\/www.lassebacklund.fi\/index.php?rest_route=\/wp\/v2\/pages\/24317\/revisions"}],"predecessor-version":[{"id":24366,"href":"https:\/\/www.lassebacklund.fi\/index.php?rest_route=\/wp\/v2\/pages\/24317\/revisions\/24366"}],"up":[{"embeddable":true,"href":"https:\/\/www.lassebacklund.fi\/index.php?rest_route=\/wp\/v2\/pages\/14880"}],"wp:attachment":[{"href":"https:\/\/www.lassebacklund.fi\/index.php?rest_route=%2Fwp%2Fv2%2Fmedia&parent=24317"}],"curies":[{"name":"wp","href":"https:\/\/api.w.org\/{rel}","templated":true}]}}