{"id":24247,"date":"2025-06-28T23:36:34","date_gmt":"2025-06-28T20:36:34","guid":{"rendered":"https:\/\/www.lassebacklund.fi\/?page_id=24247"},"modified":"2025-06-29T00:22:12","modified_gmt":"2025-06-28T21:22:12","slug":"24247-2","status":"publish","type":"page","link":"https:\/\/www.lassebacklund.fi\/?page_id=24247","title":{"rendered":"Bj\u00f6rklunds sl\u00e4ktutredning"},"content":{"rendered":"<p><strong>Bj\u00f6rklunds sl\u00e4kt med b\u00f6rjan fr\u00e5n lotsen Johan Svan fr\u00e5n Yttermark:<\/strong><\/p>\n<p><strong><u>Generation 1<\/u><\/strong><\/p>\n<p>Lotsen Johan Svan (f.1731 i Yttermark) gift med Anna Mattsdotter (f.1740).<\/p>\n<p>-sonen Johan Henrik, se generation 2.<\/p>\n<p><strong><u>Generation 2<\/u><\/strong><\/p>\n<p>Johan Henrik, Johansson Bj\u00f6rklund (f.1773 i Yttermark, d.1834 i B\u00f6tom) gift med Kajsa, Andersdotter Isuls (f.1773)<\/p>\n<p>-sonen Erik, se generation 3!<\/p>\n<p><strong><u>Generation 3<\/u><\/strong><\/p>\n<p>Erik, Johan Henriksson Bj\u00f6rklund (f. 1811 i B\u00f6tom, d. 1867 p\u00e5 Bj\u00f6rmans I Lappfj\u00e4rd) gift med Agatha Stina, Gabrielsdotter \u00d6str\u00f6m (f.1805 i Sideby, d. i Lappfj\u00e4rd 1871).<\/p>\n<p>-sonen Erik Henrik, se tabell 1!<\/p>\n<p><strong><u>Tabell<\/u><\/strong>\u00a0<strong><u>1<\/u><\/strong><\/p>\n<p>Fr\u00e5n generation 3.<\/p>\n<p><strong>Erik Henrik, Eriksson Bj\u00f6rklund<\/strong><strong>\u00a0<\/strong>(1832-1907) gift med Maja Lena, Johansdotter P\u00e4rus (1830-1907). Maja Lena var dotter till Johan Nyholm (f. 1798) och Anna, Andersotter P\u00e4rus (f. 1803).<\/p>\n<p><strong>-Henrik\u00a0<\/strong>(1851-1924) se tabell 2<\/p>\n<p>-Josef (1859-1862)<\/p>\n<p>-Karl Johan (1861-1862)<\/p>\n<p>\u2013<strong>Karl Johan<\/strong>\u00a0(1865-1931) se tabell 4<\/p>\n<p>\u2013<strong>Josef<\/strong>\u00a0(1867-1925) se tabell 10<\/p>\n<p>-Viktor (1872- )<\/p>\n<p><strong><u>Tabell<\/u><\/strong>\u00a0<strong><u>2<\/u><\/strong><\/p>\n<p>Fr\u00e5n tabell 1.<\/p>\n<p><strong>Henrik, Erik Henriksson Bj\u00f6rklund, kallad \u201cLid Hindrik\u201d<\/strong><strong>\u00a0<\/strong>(1851-1924) gift f\u00f6rsta g\u00e5ngen med Karolina Vilhelmina Rosenback el. Finne (1847-1900). Karolina var dotter till Erik Henrik, Gretasson Rosenback, el Finne (1809-1854). Erik Henriks far ok\u00e4nd, troligtvis soldat i 1808-1809 \u00e5rs krig.<\/p>\n<p>-Henrik (1882-1882)<\/p>\n<p>-Anna Kajsa (1882-1882)<\/p>\n<p>-Karl Henrik (1883-1917) gift med Amanda Alvina Rosenback<\/p>\n<p>\u2013<strong>Josef\u00a0<u>Viktor<\/u><\/strong>\u00a0(1887-1947) se tabell 3<\/p>\n<p>-Maria Vilhelmina (1892-1892)<\/p>\n<p>-Erland (1893-1894)<\/p>\n<p>Henrik gift andra g\u00e5ngen med <span style=\"text-decoration: underline;\">Edla<\/span> Maria, Andersdotter Rosenback el Finne (1856-1925). Edla var dotter till <a href=\"https:\/\/www.lassebacklund.fi\/?page_id=4910\">Anders \u201cAnt\u201d Rosenback, el Finne (f. 1825)<\/a> och dennes hustru Lena Johansdotter.<\/p>\n<p><a href=\"http:\/\/www.lassebacklund.fi\/?page_id=569\">-Otto Sigfrid (1902-1985)<\/a>\u00a0gift med Selma Amanda, Andersdotter B\u00e5sk (1894-1973) fr\u00e5n Korsb\u00e4ck och hade 2 d\u00f6ttrar.<\/p>\n<p><strong><u>Tabell<\/u><\/strong>\u00a0<strong><u>3<\/u><\/strong><\/p>\n<p>Fr\u00e5n tabell 2.<\/p>\n<p><strong>Josef\u00a0<u>Viktor<\/u> Bj\u00f6rklund, kallad Lid Viktor <\/strong>(1887-1947) gift med Hilma Josefina Nyberg fr\u00e5n A-sidon (1896-1945). Hilma var dotter till <a href=\"https:\/\/www.lassebacklund.fi\/?page_id=2034\">\u201cEerkas\u201d Viktor Nyberg<\/a> (1864-1952) och Vilhelmina Bj\u00f6rses (1858-1922).<\/p>\n<p>-Arvid Vilhelm (1916- stupade i vinterkriget 1940) ogift och barnl\u00f6s. Hade varit f\u00f6rlovad med <a href=\"https:\/\/www.lassebacklund.fi\/?page_id=13410\">Ellen S\u00f6derqvist.<\/a><\/p>\n<p>-Algot Olof (1919-1989) gift med Agda Kronkvist, 2 d\u00f6ttrar<\/p>\n<p>-Astrid Alice (1920-1994) f\u00f6rsta g\u00e5ngen gift med Alvar Lindman (1915-1941)fr\u00e5n Tj\u00f6ck och har med honom en dotter, Astrid andra g\u00e5ngen gift med <a href=\"https:\/\/www.lassebacklund.fi\/?page_id=20981\">Lars Gran\u00e9r (1922-1997) fr\u00e5n H\u00e4rkmeri.<\/a><\/p>\n<p>-Alvar Ingvald (1923-2001) gift med Elin (1928-) Nygren fr\u00e5n Lappfj\u00e4rd, 6 barn<\/p>\n<p>-Anita Helena (1926-1978) gift med Alf Arne Torsten Backlund, 2 barn<\/p>\n<p><strong><u>Tabell<\/u><\/strong>\u00a0<strong><u>4<\/u><\/strong><\/p>\n<p>Fr\u00e5n tabell 2.<\/p>\n<p><strong>Karl Johan Bj\u00f6rklund\u00a0<\/strong>(1865-1931) m\u00e5g p\u00e5 Holm hemmanet, gift med Anna Kajsa Holm (1864-1914).<\/p>\n<p>-Vilhelmina (1888-1931) gift med Leander Grannas, dog i barns\u00e4ng 1931<\/p>\n<p>-Maria Alvina (f. 1889) gift med Viktor Lill fr\u00e5n Tj\u00f6ck<\/p>\n<p>\u2013<strong>Amanda\u00a0<u>Mathilda<\/u><\/strong>\u00a0(1892) se tabell 5<\/p>\n<p>\u2013<strong>Karl Henrik<\/strong>\u00a0(1894-1918) se tabell 6<\/p>\n<p>-Ida Adelina (1895-1972)<\/p>\n<p>\u2013<strong>Hilma Emilia<\/strong>\u00a0(1897-1926) se tabell 7<\/p>\n<p>\u2013<strong>Alma Sofia<\/strong>\u00a0(1899-1990) se tabell 8<\/p>\n<p>-Selma Irene (f. 1903) gift med Johan Viktor Eskelin, 2 d\u00f6ttrar<\/p>\n<p>\u2013<strong>Hulda Olivia<\/strong>\u00a0(1904-1979) se tabell 9<\/p>\n<p><strong><u>Tabell<\/u><\/strong>\u00a0<strong><u>5<\/u><\/strong><\/p>\n<p>Fr\u00e5n tabell 4.<\/p>\n<p><strong>Amanda Mathilda Bj\u00f6rklund, kallades Tilda\u00a0<\/strong>(1892-) gift med skr\u00e4ddaren\u00a0<a href=\"http:\/\/www.lassebacklund.fi\/?page_id=6571\">Johannes Klemets (1889-1944)<\/a>\u00a0fr\u00e5n Dagsmark i dennes andra \u00e4ktenskap.<\/p>\n<p>-Bruno (1919-1941) stupade i forts\u00e4ttningskriget, ogift och barnl\u00f6s<\/p>\n<p>-Agda Mathilda (f.1921) gift med Paul R\u00f6nnlund. Bosatta i Sverige, en dotter.<\/p>\n<p>-Erik (1922-1946) ogift och barnl\u00f6s<\/p>\n<p>-\u00c5ke (1924-1926)<\/p>\n<p><a href=\"http:\/\/www.lassebacklund.fi\/?page_id=3334\">-Nils (1926-2004)<\/a>\u00a0gift med Helvi Santam\u00e4ki (f. 1928), bosatt p\u00e5 \u00c5backv\u00e4gen i Dagsmark, 2 d\u00f6ttrar.<\/p>\n<p>-Frida Viola (f.1927) gift med Reino Rajala (f. 1928) fr\u00e5n B\u00f6tom. Bosatta i Sverige, 4 barn.<\/p>\n<p>-Stig Thure (f. 1931) gift f\u00f6rsta g\u00e5ngen med Lilli Hammarberg och hade med henne sonen Sten (1953-1982) som bodde hos sin farmor Tilda p\u00e5 \u00c5backv\u00e4gen. Andra g\u00e5ngen gift med Ellisif fr\u00e5n Norge, bosatta i Sverige.<\/p>\n<p>-Per Olof (1933) gift med Berit S\u00f6derg\u00e5rd (f. 1937) fr\u00e5n Lappfj\u00e4rd. Bosatta i Sverige, 2 d\u00f6ttrar.<\/p>\n<p><strong><u>Tabell<\/u><\/strong>\u00a0<strong><u>6<\/u><\/strong><\/p>\n<p>Fr\u00e5n tabell 4.<\/p>\n<p><strong>Karl Henrik Bj\u00f6rklund\u00a0<\/strong>(1894-1918) gift med Ida Adelina H\u00f6gstr\u00f6m (1892-1937), bosatta i Lappfj\u00e4rd.<\/p>\n<p>-Ingegerd\u00a0<strong><u>Fageli\u00a0<\/u><\/strong>(1918-2003) gift med Ragnar Andtfolk (1913-2001)<\/p>\n<p><strong><u>Tabell<\/u><\/strong>\u00a0<strong><u>7<\/u><\/strong><\/p>\n<p>Fr\u00e5n tabell 4.<\/p>\n<p><strong>\u00a0<\/strong><strong>Hilma Emilia Bj\u00f6rklund\u00a0<\/strong>(1897-1926) gift med Erland Skoglund (1896-1984) fr\u00e5n P\u00e5skmark. Dotter Hj\u00f6rdis Emilia, gift och bosatt p\u00e5 \u00c5land. Efter Hilmas d\u00f6d gifte Erland om sig med Maria \u00d6sterback och fick bland annat sonen Albert Skoglund som var gift med Gunni Nybond.<\/p>\n<p><strong><u>Tabell<\/u><\/strong>\u00a0<strong><u>8<\/u><\/strong><\/p>\n<p>Fr\u00e5n tabell 4.<\/p>\n<p><strong>Alma Sofia Bj\u00f6rklund\u00a0<\/strong>(1899-1990) gift med\u00a0<a href=\"http:\/\/www.lassebacklund.fi\/?page_id=6069\">Josef Dahlroos (1893-1979) fr\u00e5n Lillsj\u00f6.<\/a><\/p>\n<p>-Selim Sigfrid (1923-1941) stupade i forts\u00e4ttningskriget. Ogift och barnl\u00f6s.<\/p>\n<p>\u2013<a href=\"http:\/\/www.lassebacklund.fi\/?page_id=6087\">Otto Sigfrid (1923-1992)<\/a>\u00a0bonde och bysmed i Lillsj\u00f6, gift med Sylvia Hultqvist (1926-2004) och de fick 10 barn.<\/p>\n<p>-Svea Sofia (1926-1932)<\/p>\n<p><a href=\"http:\/\/www.lassebacklund.fi\/?page_id=569\">-Arvid Valdemar (1930-2011)<\/a>\u00a0bonde, gift med Alice Bj\u00f6rklund (f. 1927) bosatt i Dagsmark, 2 s\u00f6ner.<\/p>\n<p>-Elisabeth (1933) gift och bosatt i Sverige, 4 barn.<\/p>\n<p>-Alice Adele (1936-2003) bosatt p\u00e5 hemg\u00e5rden, ogift och barnl\u00f6s.<\/p>\n<p><strong><u>Tabell<\/u><\/strong>\u00a0<strong><u>9<\/u><\/strong><\/p>\n<p>Fr\u00e5n tabell 4.<\/p>\n<p><strong>Hulda Olivia Bj\u00f6rklund\u00a0<\/strong>(1904-1979) gift med Evert Liljedahl (f.1904) fr\u00e5n Korsb\u00e4ck.<\/p>\n<p>-Runar Evert (1924-1997) gift med Helga Korsb\u00e4ck (f. 1927)<\/p>\n<p>-Rut Olivia (f.1926) gift med Holger Sandstr\u00f6m, bosatta i Sverige, 5 d\u00f6ttrar.<\/p>\n<p>-Rakel Ragnborg (f.1929) gift med Eskil H\u00e4llfors fr\u00e5n Lillsj\u00f6, 2 barn.<\/p>\n<p>-Ragni Anita (f.1932) gift och bosatt i Sverige, 2 barn.<\/p>\n<p>-Ragnborg Alice (f.1934) gift och bosatt i Sverige, 2 s\u00f6ner.<\/p>\n<p>-Rolf Bernhard (f.1938) gift och bosatt i Orimattila, 2 barn.<\/p>\n<p>-Rune Alfons (f.1940, omkom i trafikolycka p\u00e5 Berg\u00e5sen) gift med Anna-Liisa fr\u00e5n B\u00f6tom, 2 barn.<\/p>\n<p>-Rudi Viking (f. 1945) gift och bosatt i Korsb\u00e4ck, 2 barn.<\/p>\n<p><strong><u>Tabell<\/u><\/strong>\u00a0<strong><u>10<\/u><\/strong><\/p>\n<p>Fr\u00e5n tabell 1.<\/p>\n<p><strong>Josef Bj\u00f6rklund\u00a0<\/strong>(1867-1925) gift med Maja Greta Holm (1860-1931) fr\u00e5n Lappfj\u00e4rd.<\/p>\n<p>\u2013<strong>Karl Henrik<\/strong>\u00a0(1887-) se tabell 11<\/p>\n<p>\u2013<strong>Maria\u00a0<u>Adelina<\/u><\/strong>\u00a0(1900-1985) se tabell 12<\/p>\n<p>\u2013<strong>Frans\u00a0<u>Erland<\/u><\/strong>\u00a0(1903) se tabell 13<\/p>\n<p><strong><u>Tabell<\/u><\/strong>\u00a0<strong><u>11<\/u><\/strong><\/p>\n<p>Fr\u00e5n tabell 10.<\/p>\n<p><strong>Karl Henrik Bj\u00f6rklund\u00a0<\/strong>(f. 1887) gift \u00e5r 1917 med Hilda Josefina H\u00f6gstr\u00f6m (1894-1965) fr\u00e5n Lappfj\u00e4rd. Hilda hade fr\u00e5n tidigare sonen Birger som var gift med Anna Englund och bodde p\u00e5 Bygr\u00e4nden i Dagsmark.<\/p>\n<p>-Ellen Alvina (f.1918) gift och bosatt i s\u00f6dra Finland, flera barn.<\/p>\n<p>-Otto Alfred (1920-1974) gift med Ellen Sillanp\u00e4\u00e4, bosatt i Lappfj\u00e4rd, 3 barn.<\/p>\n<p>-Karl Ragnar (1924-2002) gift med Gerda Gullmes, 2 d\u00f6ttrar.<\/p>\n<p>-Karl Ture Ingvar (f. 1929).<\/p>\n<p><strong><u>Tabell<\/u><\/strong>\u00a0<strong><u>12<\/u><\/strong><\/p>\n<p>Fr\u00e5n tabell 10.<\/p>\n<p><strong>Maria\u00a0Adelina\u00a0Bj\u00f6rklund\u00a0<\/strong>(1900-1985) gift f\u00f6rsta g\u00e5ngen med Kalle Hjalmari Ranta (1891-1938) fr\u00e5n B\u00f6tom och fick med honom 6 barn. Andra g\u00e5ngen gift med Thure Vidberg och fick med honom 4 barn.<a href=\"https:\/\/www.lassebacklund.fi\/?page_id=14121\"> Bodde uppe i Nystad.<\/a><\/p>\n<p><strong><u>Tabell<\/u><\/strong>\u00a0<strong><u>13<\/u><\/strong><\/p>\n<p>Fr\u00e5n tabell 10.<\/p>\n<p><strong>\u00a0<\/strong><strong>Frans\u00a0<u>Erland<\/u>\u00a0Bj\u00f6rklund, kallad f\u00f6r Hentela-Erland\u00a0<\/strong>(f. 1903) gift f\u00f6rsta g\u00e5ngen med Lempi J\u00e4rvenp\u00e4\u00e4 och fick sonen Einar (f. 1924), andra g\u00e5ngen gift med\u00a0<a href=\"http:\/\/www.lassebacklund.fi\/?page_id=10040\">Hentela-Hulda Nyholm (<\/a>1902-1979) som bodde p\u00e5 Lisamorav\u00e4gen i Dagsmark och fick med henne en dotter.<\/p>\n","protected":false},"excerpt":{"rendered":"<p>Bj\u00f6rklunds sl\u00e4kt med b\u00f6rjan fr\u00e5n lotsen Johan Svan fr\u00e5n Yttermark: Generation 1 Lotsen Johan Svan (f.1731 i Yttermark) gift med Anna Mattsdotter (f.1740). -sonen Johan Henrik, se generation 2. Generation 2 Johan Henrik, Johansson Bj\u00f6rklund (f.1773 i Yttermark, d.1834 i <a class=\"more-link\" href=\"https:\/\/www.lassebacklund.fi\/?page_id=24247\">Forts\u00e4tt l\u00e4sa <span class=\"screen-reader-text\">  Bj\u00f6rklunds sl\u00e4ktutredning<\/span><span class=\"meta-nav\">&rarr;<\/span><\/a><\/p>\n","protected":false},"author":1,"featured_media":0,"parent":21,"menu_order":20,"comment_status":"closed","ping_status":"closed","template":"","meta":{"footnotes":""},"class_list":["post-24247","page","type-page","status-publish","hentry"],"_links":{"self":[{"href":"https:\/\/www.lassebacklund.fi\/index.php?rest_route=\/wp\/v2\/pages\/24247","targetHints":{"allow":["GET"]}}],"collection":[{"href":"https:\/\/www.lassebacklund.fi\/index.php?rest_route=\/wp\/v2\/pages"}],"about":[{"href":"https:\/\/www.lassebacklund.fi\/index.php?rest_route=\/wp\/v2\/types\/page"}],"author":[{"embeddable":true,"href":"https:\/\/www.lassebacklund.fi\/index.php?rest_route=\/wp\/v2\/users\/1"}],"replies":[{"embeddable":true,"href":"https:\/\/www.lassebacklund.fi\/index.php?rest_route=%2Fwp%2Fv2%2Fcomments&post=24247"}],"version-history":[{"count":4,"href":"https:\/\/www.lassebacklund.fi\/index.php?rest_route=\/wp\/v2\/pages\/24247\/revisions"}],"predecessor-version":[{"id":24255,"href":"https:\/\/www.lassebacklund.fi\/index.php?rest_route=\/wp\/v2\/pages\/24247\/revisions\/24255"}],"up":[{"embeddable":true,"href":"https:\/\/www.lassebacklund.fi\/index.php?rest_route=\/wp\/v2\/pages\/21"}],"wp:attachment":[{"href":"https:\/\/www.lassebacklund.fi\/index.php?rest_route=%2Fwp%2Fv2%2Fmedia&parent=24247"}],"curies":[{"name":"wp","href":"https:\/\/api.w.org\/{rel}","templated":true}]}}