{"id":24205,"date":"2025-06-21T20:18:06","date_gmt":"2025-06-21T17:18:06","guid":{"rendered":"https:\/\/www.lassebacklund.fi\/?page_id=24205"},"modified":"2025-06-21T20:22:55","modified_gmt":"2025-06-21T17:22:55","slug":"mathilda-rosenbacks-sytningskontrakt-1885","status":"publish","type":"page","link":"https:\/\/www.lassebacklund.fi\/?page_id=24205","title":{"rendered":"Mathilda Rosenbacks sytningskontrakt 1885"},"content":{"rendered":"<p>D\u00e5 Sebbins \u00e4nka s\u00e5lde sitt Rosenback hemman p\u00e5 Sebasbackan den 7 april 1885 s\u00e5 tog hon \u00e5t sig f\u00f6ljande sytning, som hon sedan p\u00e5 tinget i Lappfj\u00e4rd l\u00e4t inteckna i hemmanet:<\/p>\n<p>1). 4 tunnor s\u00e4d, d\u00e4rav 3 tunnor r\u00e5g och 1 tunna korn.<\/p>\n<p>2). 2 lispund n\u00f6tk\u00f6tt och 2 lispund f\u00e5rk\u00f6tt<\/p>\n<p>3). 5 lispund saltad str\u00f6mming.<\/p>\n<p>4). \u00bd tunna salt.<\/p>\n<p>5). Ett par k\u00e4ngor och ett par pj\u00e4xor.<\/p>\n<p>6). 6 skrindar h\u00f6 med 20 lispund i skrindan.<\/p>\n<p>7). 3 band r\u00e5ghalm och 1 skrinda kornhalm.<\/p>\n<p>8). 8 famnar torr ved.<\/p>\n<p>9). Lilla byggnaden p\u00e5 g\u00e5rden till boningsstuga.<\/p>\n<p>10). Mellersta magasinet p\u00e5 andra sidan v\u00e4gen.<\/p>\n<p>11). F\u00e4hus och foderlada med svale emellan.<\/p>\n<p>12). I Kilg\u00e4rden en \u00e5kerteg str\u00e4ckande sig l\u00e4ngs Storkulls r\u00e5 fr\u00e5n grinden till \u00e5n. (Kilg\u00e4rden fanns ungef\u00e4r d\u00e4r <a href=\"https:\/\/www.lassebacklund.fi\/?page_id=1332\">Dagsmark Andelsmejeri<\/a> uppf\u00f6rde sitt mejeri).<\/p>\n<p>13). H\u00e4st till n\u00f6diga behov.<\/p>\n<p>14). Avlidne torparen Karl Mattson Rosenbacks torp. D\u00e4rifr\u00e5n avg\u00e5r det s\u00e5 kallade Stormyran\u00e4nget, men i st\u00e4llet undantages fr\u00e5n hemmanet en n\u00e5gra gamla lindor i r\u00e5 med ovann\u00e4mnda torp till norra sidan p\u00e5 femtio (50) \u00e5rs tid fr\u00e5n denna dag. Dock med villkor att efter tio (10) \u00e5rs f\u00f6rlopp skall torpets innehavare underh\u00e5lla 1\/3 av hemmanets andel uti allm\u00e4nna landsv\u00e4gen.<\/p>\n<p>Ovanst\u00e5ende kontrakt \u00e4r p\u00e5 ena sidan erk\u00e4nt, som intygas.<\/p>\n<p>Dagsmark den 13 april 1885.<\/p>\n<p>Mathilda Abrahamsdotter Rosenback, sytnings\u00e4nka<\/p>\n<p>H\u00e4rmed n\u00f6jd:<\/p>\n<p>Viktor Valentin Johansson F\u00f6rn\u00e4s, bonde<\/p>\n","protected":false},"excerpt":{"rendered":"<p>D\u00e5 Sebbins \u00e4nka s\u00e5lde sitt Rosenback hemman p\u00e5 Sebasbackan den 7 april 1885 s\u00e5 tog hon \u00e5t sig f\u00f6ljande sytning, som hon sedan p\u00e5 tinget i Lappfj\u00e4rd l\u00e4t inteckna i hemmanet: 1). 4 tunnor s\u00e4d, d\u00e4rav 3 tunnor r\u00e5g och <a class=\"more-link\" href=\"https:\/\/www.lassebacklund.fi\/?page_id=24205\">Forts\u00e4tt l\u00e4sa <span class=\"screen-reader-text\">  Mathilda Rosenbacks sytningskontrakt 1885<\/span><span class=\"meta-nav\">&rarr;<\/span><\/a><\/p>\n","protected":false},"author":1,"featured_media":0,"parent":7170,"menu_order":10,"comment_status":"closed","ping_status":"closed","template":"","meta":{"footnotes":""},"class_list":["post-24205","page","type-page","status-publish","hentry"],"_links":{"self":[{"href":"https:\/\/www.lassebacklund.fi\/index.php?rest_route=\/wp\/v2\/pages\/24205","targetHints":{"allow":["GET"]}}],"collection":[{"href":"https:\/\/www.lassebacklund.fi\/index.php?rest_route=\/wp\/v2\/pages"}],"about":[{"href":"https:\/\/www.lassebacklund.fi\/index.php?rest_route=\/wp\/v2\/types\/page"}],"author":[{"embeddable":true,"href":"https:\/\/www.lassebacklund.fi\/index.php?rest_route=\/wp\/v2\/users\/1"}],"replies":[{"embeddable":true,"href":"https:\/\/www.lassebacklund.fi\/index.php?rest_route=%2Fwp%2Fv2%2Fcomments&post=24205"}],"version-history":[{"count":3,"href":"https:\/\/www.lassebacklund.fi\/index.php?rest_route=\/wp\/v2\/pages\/24205\/revisions"}],"predecessor-version":[{"id":24209,"href":"https:\/\/www.lassebacklund.fi\/index.php?rest_route=\/wp\/v2\/pages\/24205\/revisions\/24209"}],"up":[{"embeddable":true,"href":"https:\/\/www.lassebacklund.fi\/index.php?rest_route=\/wp\/v2\/pages\/7170"}],"wp:attachment":[{"href":"https:\/\/www.lassebacklund.fi\/index.php?rest_route=%2Fwp%2Fv2%2Fmedia&parent=24205"}],"curies":[{"name":"wp","href":"https:\/\/api.w.org\/{rel}","templated":true}]}}